{"id":1566,"date":"2021-09-19T11:31:28","date_gmt":"2021-09-19T11:31:28","guid":{"rendered":"https:\/\/newskyvn.com\/?post_type=product&#038;p=1566"},"modified":"2021-09-19T11:31:28","modified_gmt":"2021-09-19T11:31:28","slug":"mpu-lcd","status":"publish","type":"product","link":"https:\/\/newskyvn.com\/en\/product\/mpu-lcd\/","title":{"rendered":"MPU-LCD"},"content":{"rendered":"","protected":false},"excerpt":{"rendered":"<p><strong>Transmitter with display<\/strong><\/p>\n<h2 class=\"h2cat\"><strong style=\"font-size: 16px;\">Transmitter with integrated illuminated LCD display, for temperature sensor head 50 or 55 mm, analog 4\u202620 mA<\/strong><\/h2>\n<div class=\"bullets\">\n<ul>\n<li>4 digit display with green background illumination<\/li>\n<li>Temperature display in \u00b0C and \u00b0F<\/li>\n<li>Easy range selection by one button<\/li>\n<li>Connection directly to the PLC<\/li>\n<li>Lower costs for wiring because of 2-wire technology<\/li>\n<\/ul>\n<\/div>\n","protected":false},"featured_media":1568,"comment_status":"open","ping_status":"closed","template":"","meta":[],"product_cat":[],"product_tag":[],"yoast_head":"<!-- This site is optimized with the Yoast SEO plugin v16.6.1 - https:\/\/yoast.com\/wordpress\/plugins\/seo\/ -->\n<title>MPU-LCD - NEW SKY CO.,LTD<\/title>\n<meta name=\"robots\" content=\"index, follow, max-snippet:-1, max-image-preview:large, max-video-preview:-1\" \/>\n<link rel=\"canonical\" href=\"https:\/\/newskyvn.com\/product\/mpu-lcd\/\" \/>\n<meta property=\"og:locale\" content=\"en_US\" \/>\n<meta property=\"og:type\" content=\"article\" \/>\n<meta property=\"og:title\" content=\"MPU-LCD - NEW SKY CO.,LTD\" \/>\n<meta property=\"og:description\" content=\"[:vi]B\u1ed9 chuy\u1ec3n \u0111\u1ed5i t\u00edn hi\u1ec7u c\u00f3 m\u00e0n h\u00ecnh hi\u1ec3n th\u1ecb  B\u1ed9 chuy\u1ec3n \u0111\u1ed5i t\u00edn hi\u1ec7u t\u00edch h\u1ee3p m\u00e0n h\u00ecnh LCD chi\u1ebfu s\u00e1ng, cho \u0111\u1ea7u c\u1ea3m bi\u1ebfn nhi\u1ec7t \u0111\u1ed9 50 ho\u1eb7c 55 mm, analog 4\u2026 20 mA  M\u00e0n h\u00ecnh 4 ch\u1eef s\u1ed1 v\u1edbi \u00e1nh s\u00e1ng n\u1ec1n m\u00e0u xanh l\u00e1 c\u00e2y Hi\u1ec3n th\u1ecb nhi\u1ec7t \u0111\u1ed9 theo \u00b0 C v\u00e0 \u00b0 F L\u1ef1a ch\u1ecdn ph\u1ea1m vi d\u1ec5 d\u00e0ng b\u1eb1ng m\u1ed9t n\u00fat K\u1ebft n\u1ed1i tr\u1ef1c ti\u1ebfp v\u1edbi PLC Gi\u1ea3m chi ph\u00ed \u0111i d\u00e2y v\u00ec c\u00f4ng ngh\u1ec7 2 d\u00e2y[:en]Transmitter with display Transmitter with integrated illuminated LCD display, for temperature sensor head 50 or 55 mm, analog 4\u202620 mA    4 digit display with green background illumination  Temperature display in \u00b0C and \u00b0F  Easy range selection by one button  Connection directly to the PLC  Lower costs for wiring because of 2-wire technology  [:]\" \/>\n<meta property=\"og:url\" content=\"https:\/\/newskyvn.com\/product\/mpu-lcd\/\" \/>\n<meta property=\"og:site_name\" content=\"NEW SKY CO.,LTD\" \/>\n<meta property=\"og:image\" content=\"https:\/\/newskyvn.com\/wp-content\/uploads\/2021\/09\/MPU-LCD_F-Trans469x600.png\" \/>\n\t<meta property=\"og:image:width\" content=\"500\" \/>\n\t<meta property=\"og:image:height\" content=\"500\" \/>\n<meta name=\"twitter:card\" content=\"summary_large_image\" \/>\n<script type=\"application\/ld+json\" class=\"yoast-schema-graph\">{\"@context\":\"https:\/\/schema.org\",\"@graph\":[{\"@type\":\"WebSite\",\"@id\":\"https:\/\/newskyvn.com\/#website\",\"url\":\"https:\/\/newskyvn.com\/\",\"name\":\"NEW SKY CO.,LTD\",\"description\":\"C\\u00f4ng Ty TNHH S\\u1ea3n Xu\\u1ea5t Th\\u01b0\\u01a1ng M\\u1ea1i D\\u1ecbch V\\u1ee5 T\\u00e2n Thi\\u00ean\",\"potentialAction\":[{\"@type\":\"SearchAction\",\"target\":{\"@type\":\"EntryPoint\",\"urlTemplate\":\"https:\/\/newskyvn.com\/?s={search_term_string}\"},\"query-input\":\"required name=search_term_string\"}],\"inLanguage\":\"en-US\"},{\"@type\":\"ImageObject\",\"@id\":\"https:\/\/newskyvn.com\/product\/mpu-lcd\/#primaryimage\",\"inLanguage\":\"en-US\",\"url\":\"https:\/\/newskyvn.com\/wp-content\/uploads\/2021\/09\/MPU-LCD_F-Trans469x600.png\",\"contentUrl\":\"https:\/\/newskyvn.com\/wp-content\/uploads\/2021\/09\/MPU-LCD_F-Trans469x600.png\",\"width\":500,\"height\":500},{\"@type\":\"WebPage\",\"@id\":\"https:\/\/newskyvn.com\/product\/mpu-lcd\/#webpage\",\"url\":\"https:\/\/newskyvn.com\/product\/mpu-lcd\/\",\"name\":\"MPU-LCD - NEW SKY CO.,LTD\",\"isPartOf\":{\"@id\":\"https:\/\/newskyvn.com\/#website\"},\"primaryImageOfPage\":{\"@id\":\"https:\/\/newskyvn.com\/product\/mpu-lcd\/#primaryimage\"},\"datePublished\":\"2021-09-19T11:31:28+00:00\",\"dateModified\":\"2021-09-19T11:31:28+00:00\",\"breadcrumb\":{\"@id\":\"https:\/\/newskyvn.com\/product\/mpu-lcd\/#breadcrumb\"},\"inLanguage\":\"en-US\",\"potentialAction\":[{\"@type\":\"ReadAction\",\"target\":[\"https:\/\/newskyvn.com\/product\/mpu-lcd\/\"]}]},{\"@type\":\"BreadcrumbList\",\"@id\":\"https:\/\/newskyvn.com\/product\/mpu-lcd\/#breadcrumb\",\"itemListElement\":[{\"@type\":\"ListItem\",\"position\":1,\"name\":\"Product\",\"item\":\"https:\/\/newskyvn.com\/en\/san-pham\/\"},{\"@type\":\"ListItem\",\"position\":2,\"name\":\"MPU-LCD\"}]}]}<\/script>\n<!-- \/ Yoast SEO plugin. -->","_links":{"self":[{"href":"https:\/\/newskyvn.com\/en\/wp-json\/wp\/v2\/product\/1566"}],"collection":[{"href":"https:\/\/newskyvn.com\/en\/wp-json\/wp\/v2\/product"}],"about":[{"href":"https:\/\/newskyvn.com\/en\/wp-json\/wp\/v2\/types\/product"}],"replies":[{"embeddable":true,"href":"https:\/\/newskyvn.com\/en\/wp-json\/wp\/v2\/comments?post=1566"}],"wp:featuredmedia":[{"embeddable":true,"href":"https:\/\/newskyvn.com\/en\/wp-json\/wp\/v2\/media\/1568"}],"wp:attachment":[{"href":"https:\/\/newskyvn.com\/en\/wp-json\/wp\/v2\/media?parent=1566"}],"wp:term":[{"taxonomy":"product_cat","embeddable":true,"href":"https:\/\/newskyvn.com\/en\/wp-json\/wp\/v2\/product_cat?post=1566"},{"taxonomy":"product_tag","embeddable":true,"href":"https:\/\/newskyvn.com\/en\/wp-json\/wp\/v2\/product_tag?post=1566"}],"curies":[{"name":"wp","href":"https:\/\/api.w.org\/{rel}","templated":true}]}}