{"id":1560,"date":"2021-09-19T11:24:16","date_gmt":"2021-09-19T11:24:16","guid":{"rendered":"https:\/\/newskyvn.com\/?post_type=product&#038;p=1560"},"modified":"2021-09-19T11:24:16","modified_gmt":"2021-09-19T11:24:16","slug":"vtr-2","status":"publish","type":"product","link":"https:\/\/newskyvn.com\/en\/product\/vtr-2\/","title":{"rendered":"VTR-2"},"content":{"rendered":"","protected":false},"excerpt":{"rendered":"<p><strong>Temperature controller for installation in control panels, for regulation or monitoring in conjunction with a temperature sensor PT100 or Pt1000<\/strong><\/p>\n<ul>\n<li>Menu control by LC Display<\/li>\n<li>Zero, gain and hysteresis adjustable without external controls<\/li>\n<li>Zero, gain and hysteresis adjustable without external controls<\/li>\n<li>Pt100 or Pt1000 connectable, 3- or 4 wire technology,<\/li>\n<li>Analog output 0\u202610 V or 0\/4\u202620 mA (optional),<\/li>\n<li>Sensor monitoring<\/li>\n<li>Display of the actual value in either \u00b0C or \u00b0F, as selected<\/li>\n<\/ul>\n","protected":false},"featured_media":1562,"comment_status":"open","ping_status":"closed","template":"","meta":[],"product_cat":[120],"product_tag":[],"yoast_head":"<!-- This site is optimized with the Yoast SEO plugin v16.6.1 - https:\/\/yoast.com\/wordpress\/plugins\/seo\/ -->\n<title>VTR-2 - NEW SKY CO.,LTD<\/title>\n<meta name=\"robots\" content=\"index, follow, max-snippet:-1, max-image-preview:large, max-video-preview:-1\" \/>\n<link rel=\"canonical\" href=\"https:\/\/newskyvn.com\/product\/vtr-2\/\" \/>\n<meta property=\"og:locale\" content=\"en_US\" \/>\n<meta property=\"og:type\" content=\"article\" \/>\n<meta property=\"og:title\" content=\"VTR-2 - NEW SKY CO.,LTD\" \/>\n<meta property=\"og:description\" content=\"[:vi]B\u1ed9 \u0111i\u1ec1u khi\u1ec3n nhi\u1ec7t \u0111\u1ed9 \u0111\u1ec3 l\u1eafp \u0111\u1eb7t trong b\u1ea3ng \u0111i\u1ec1u khi\u1ec3n, \u0111\u1ec3 \u0111i\u1ec1u ch\u1ec9nh ho\u1eb7c gi\u00e1m s\u00e1t k\u1ebft h\u1ee3p v\u1edbi c\u1ea3m bi\u1ebfn nhi\u1ec7t \u0111\u1ed9 PT100 ho\u1eb7c Pt1000  \u0110i\u1ec1u khi\u1ec3n menu b\u1eb1ng M\u00e0n h\u00ecnh LC Kh\u00f4ng, \u0111\u1ed9 l\u1ee3i v\u00e0 \u0111\u1ed9 tr\u1ec5 c\u00f3 th\u1ec3 \u0111i\u1ec1u ch\u1ec9nh m\u00e0 kh\u00f4ng c\u1ea7n \u0111i\u1ec1u khi\u1ec3n b\u00ean ngo\u00e0i Kh\u00f4ng, \u0111\u1ed9 l\u1ee3i v\u00e0 \u0111\u1ed9 tr\u1ec5 c\u00f3 th\u1ec3 \u0111i\u1ec1u ch\u1ec9nh m\u00e0 kh\u00f4ng c\u1ea7n \u0111i\u1ec1u khi\u1ec3n b\u00ean ngo\u00e0i C\u00f3 th\u1ec3 k\u1ebft n\u1ed1i Pt100 ho\u1eb7c Pt1000, c\u00f4ng ngh\u1ec7 3 ho\u1eb7c 4 d\u00e2y, \u0110\u1ea7u ra t\u01b0\u01a1ng t\u1ef1 0\u2026 10 V ho\u1eb7c 0\/4\u2026 20 mA (t\u00f9y ch\u1ecdn), Gi\u00e1m s\u00e1t c\u1ea3m bi\u1ebfn Hi\u1ec3n th\u1ecb gi\u00e1 tr\u1ecb th\u1ef1c t\u1ebf \u1edf \u00b0 C ho\u1eb7c \u00b0 F, nh\u01b0 \u0111\u00e3 ch\u1ecdn[:en]Temperature controller for installation in control panels, for regulation or monitoring in conjunction with a temperature sensor PT100 or Pt1000   Menu control by LC Display  Zero, gain and hysteresis adjustable without external controls  Zero, gain and hysteresis adjustable without external controls  Pt100 or Pt1000 connectable, 3- or 4 wire technology,  Analog output 0\u202610 V or 0\/4\u202620 mA (optional),  Sensor monitoring  Display of the actual value in either \u00b0C or \u00b0F, as selected [:]\" \/>\n<meta property=\"og:url\" content=\"https:\/\/newskyvn.com\/product\/vtr-2\/\" \/>\n<meta property=\"og:site_name\" content=\"NEW SKY CO.,LTD\" \/>\n<meta property=\"og:image\" content=\"https:\/\/newskyvn.com\/wp-content\/uploads\/2021\/09\/VTR-2_F-Trans213x600.png\" \/>\n\t<meta property=\"og:image:width\" content=\"500\" \/>\n\t<meta property=\"og:image:height\" content=\"500\" \/>\n<meta name=\"twitter:card\" content=\"summary_large_image\" \/>\n<script type=\"application\/ld+json\" class=\"yoast-schema-graph\">{\"@context\":\"https:\/\/schema.org\",\"@graph\":[{\"@type\":\"WebSite\",\"@id\":\"https:\/\/newskyvn.com\/#website\",\"url\":\"https:\/\/newskyvn.com\/\",\"name\":\"NEW SKY CO.,LTD\",\"description\":\"C\\u00f4ng Ty TNHH S\\u1ea3n Xu\\u1ea5t Th\\u01b0\\u01a1ng M\\u1ea1i D\\u1ecbch V\\u1ee5 T\\u00e2n Thi\\u00ean\",\"potentialAction\":[{\"@type\":\"SearchAction\",\"target\":{\"@type\":\"EntryPoint\",\"urlTemplate\":\"https:\/\/newskyvn.com\/?s={search_term_string}\"},\"query-input\":\"required name=search_term_string\"}],\"inLanguage\":\"en-US\"},{\"@type\":\"ImageObject\",\"@id\":\"https:\/\/newskyvn.com\/product\/vtr-2\/#primaryimage\",\"inLanguage\":\"en-US\",\"url\":\"https:\/\/newskyvn.com\/wp-content\/uploads\/2021\/09\/VTR-2_F-Trans213x600.png\",\"contentUrl\":\"https:\/\/newskyvn.com\/wp-content\/uploads\/2021\/09\/VTR-2_F-Trans213x600.png\",\"width\":500,\"height\":500},{\"@type\":\"WebPage\",\"@id\":\"https:\/\/newskyvn.com\/product\/vtr-2\/#webpage\",\"url\":\"https:\/\/newskyvn.com\/product\/vtr-2\/\",\"name\":\"VTR-2 - NEW SKY CO.,LTD\",\"isPartOf\":{\"@id\":\"https:\/\/newskyvn.com\/#website\"},\"primaryImageOfPage\":{\"@id\":\"https:\/\/newskyvn.com\/product\/vtr-2\/#primaryimage\"},\"datePublished\":\"2021-09-19T11:24:16+00:00\",\"dateModified\":\"2021-09-19T11:24:16+00:00\",\"breadcrumb\":{\"@id\":\"https:\/\/newskyvn.com\/product\/vtr-2\/#breadcrumb\"},\"inLanguage\":\"en-US\",\"potentialAction\":[{\"@type\":\"ReadAction\",\"target\":[\"https:\/\/newskyvn.com\/product\/vtr-2\/\"]}]},{\"@type\":\"BreadcrumbList\",\"@id\":\"https:\/\/newskyvn.com\/product\/vtr-2\/#breadcrumb\",\"itemListElement\":[{\"@type\":\"ListItem\",\"position\":1,\"name\":\"Product\",\"item\":\"https:\/\/newskyvn.com\/en\/san-pham\/\"},{\"@type\":\"ListItem\",\"position\":2,\"name\":\"VTR-2\"}]}]}<\/script>\n<!-- \/ Yoast SEO plugin. -->","_links":{"self":[{"href":"https:\/\/newskyvn.com\/en\/wp-json\/wp\/v2\/product\/1560"}],"collection":[{"href":"https:\/\/newskyvn.com\/en\/wp-json\/wp\/v2\/product"}],"about":[{"href":"https:\/\/newskyvn.com\/en\/wp-json\/wp\/v2\/types\/product"}],"replies":[{"embeddable":true,"href":"https:\/\/newskyvn.com\/en\/wp-json\/wp\/v2\/comments?post=1560"}],"wp:featuredmedia":[{"embeddable":true,"href":"https:\/\/newskyvn.com\/en\/wp-json\/wp\/v2\/media\/1562"}],"wp:attachment":[{"href":"https:\/\/newskyvn.com\/en\/wp-json\/wp\/v2\/media?parent=1560"}],"wp:term":[{"taxonomy":"product_cat","embeddable":true,"href":"https:\/\/newskyvn.com\/en\/wp-json\/wp\/v2\/product_cat?post=1560"},{"taxonomy":"product_tag","embeddable":true,"href":"https:\/\/newskyvn.com\/en\/wp-json\/wp\/v2\/product_tag?post=1560"}],"curies":[{"name":"wp","href":"https:\/\/api.w.org\/{rel}","templated":true}]}}