{"id":1555,"date":"2021-09-19T11:20:16","date_gmt":"2021-09-19T11:20:16","guid":{"rendered":"https:\/\/newskyvn.com\/?post_type=product&#038;p=1555"},"modified":"2021-09-19T11:20:17","modified_gmt":"2021-09-19T11:20:17","slug":"tfp","status":"publish","type":"product","link":"https:\/\/newskyvn.com\/en\/product\/tfp\/","title":{"rendered":"TFP"},"content":{"rendered":"<p><\/p>\n<h3><\/h3>\n<p><strong><span style=\"color: #0000ff;\">TECHNICAL DATA OF\u00a0TFP<\/span><\/strong><\/p>\n<table class=\"tableGrid\" width=\"100%\" cellspacing=\"0\" cellpadding=\"0\">\n<tbody>\n<tr>\n<td>Process Connection<\/td>\n<td>Tri-Clamp<\/td>\n<\/tr>\n<tr>\n<td>Insertion length<\/td>\n<td>20\u2026500 mm<\/td>\n<\/tr>\n<tr>\n<td>Wetted material<\/td>\n<td>Stainless steel 1.4435 (316L), Ra\u22640.8 \u03bcm with 3.1 certificate<\/td>\n<\/tr>\n<tr>\n<td>Measuring range<\/td>\n<td>-50\u2026+250\u00b0C<\/td>\n<\/tr>\n<tr>\n<td>Accuracy<\/td>\n<td>A | 1\/3B | 1\/10B<\/td>\n<\/tr>\n<tr>\n<td>Available versions<\/td>\n<td>Head \u00f818 mm | \u00f850 mm | LCD display<\/td>\n<\/tr>\n<tr>\n<td>Operating pressure<\/td>\n<td>max. 10 bar<\/td>\n<\/tr>\n<tr>\n<td>Communication<\/td>\n<td>Pt100, 4..20 mA<\/td>\n<\/tr>\n<tr>\n<td><\/td>\n<td><\/td>\n<\/tr>\n<tr>\n<td colspan=\"2\">The values shown are the performance limits within the product line. The product-specific data for each individual configuration can be obtained from the product information<\/td>\n<\/tr>\n<\/tbody>\n<\/table>\n<p><\/p>","protected":false},"excerpt":{"rendered":"<p>&nbsp;<\/p>\n<p class=\"h2cat\"><strong>TEMPERATURE SENSORS<\/strong><\/p>\n<div class=\"bullets\">\n<p><strong>Types: TFP-47P \/ TFP-167P<br \/>\nTemperature measurement for tubes from DN6 on and vessels, withTri-Clamp<\/strong><\/p>\n<ul>\n<li>For the monitoring of production and CIP-\/SIP processes and UHT plants<\/li>\n<li>Extremely robust and long lasting, completely made of stainless steel<\/li>\n<li>Sensor tips with \u00f8 6, 4 oder 3 mm for shortest response times<\/li>\n<li>Many options and variations for individual adaptation<\/li>\n<\/ul>\n<\/div>\n","protected":false},"featured_media":1557,"comment_status":"open","ping_status":"closed","template":"","meta":[],"product_cat":[],"product_tag":[],"yoast_head":"<!-- This site is optimized with the Yoast SEO plugin v16.6.1 - https:\/\/yoast.com\/wordpress\/plugins\/seo\/ -->\n<title>TFP - NEW SKY CO.,LTD<\/title>\n<meta name=\"robots\" content=\"index, follow, max-snippet:-1, max-image-preview:large, max-video-preview:-1\" \/>\n<link rel=\"canonical\" href=\"https:\/\/newskyvn.com\/product\/tfp\/\" \/>\n<meta property=\"og:locale\" content=\"en_US\" \/>\n<meta property=\"og:type\" content=\"article\" \/>\n<meta property=\"og:title\" content=\"TFP - NEW SKY CO.,LTD\" \/>\n<meta property=\"og:description\" content=\"[:vi]C\u1ea2M BI\u1ebeN NHI\u1ec6T \u0110\u1ed8  C\u00e1c lo\u1ea1i: TFP-47P \/ TFP-167P \u0110o nhi\u1ec7t \u0111\u1ed9 cho c\u00e1c \u1ed1ng t\u1eeb DN6 tr\u1edf l\u00ean v\u00e0 c\u00e1c b\u00ecnh, v\u1edbi K\u1eb9p Tri  \u0110\u1ec3 gi\u00e1m s\u00e1t qu\u00e1 tr\u00ecnh s\u1ea3n xu\u1ea5t v\u00e0 CIP- \/ SIP v\u00e0 c\u00e1c nh\u00e0 m\u00e1y UHT C\u1ef1c k\u1ef3 m\u1ea1nh m\u1ebd v\u00e0 b\u1ec1n l\u00e2u, ho\u00e0n to\u00e0n l\u00e0m b\u1eb1ng th\u00e9p kh\u00f4ng g\u1ec9 C\u00e1c \u0111\u1ea7u c\u1ea3m bi\u1ebfn v\u1edbi \u00f8 6, 4 oder 3 mm cho th\u1eddi gian ph\u1ea3n h\u1ed3i ng\u1eafn nh\u1ea5t Nhi\u1ec1u l\u1ef1a ch\u1ecdn v\u00e0 bi\u1ebfn th\u1ec3 \u0111\u1ec3 th\u00edch \u1ee9ng v\u1edbi t\u1eebng c\u00e1 nh\u00e2n[:en]&nbsp; TEMPERATURE SENSORS    Types: TFP-47P \/ TFP-167P Temperature measurement for tubes from DN6 on and vessels, withTri-Clamp   For the monitoring of production and CIP-\/SIP processes and UHT plants  Extremely robust and long lasting, completely made of stainless steel  Sensor tips with \u00f8 6, 4 oder 3 mm for shortest response times  Many options and variations for individual adaptation  [:]\" \/>\n<meta property=\"og:url\" content=\"https:\/\/newskyvn.com\/product\/tfp\/\" \/>\n<meta property=\"og:site_name\" content=\"NEW SKY CO.,LTD\" \/>\n<meta property=\"article:modified_time\" content=\"2021-09-19T11:20:17+00:00\" \/>\n<meta property=\"og:image\" content=\"https:\/\/newskyvn.com\/wp-content\/uploads\/2021\/09\/TFP-47P_F-Trans322x600.png\" \/>\n\t<meta property=\"og:image:width\" content=\"500\" \/>\n\t<meta property=\"og:image:height\" content=\"500\" \/>\n<meta name=\"twitter:card\" content=\"summary_large_image\" \/>\n<meta name=\"twitter:label1\" content=\"Est. reading time\" \/>\n\t<meta name=\"twitter:data1\" content=\"1 minute\" \/>\n<script type=\"application\/ld+json\" class=\"yoast-schema-graph\">{\"@context\":\"https:\/\/schema.org\",\"@graph\":[{\"@type\":\"WebSite\",\"@id\":\"https:\/\/newskyvn.com\/#website\",\"url\":\"https:\/\/newskyvn.com\/\",\"name\":\"NEW SKY CO.,LTD\",\"description\":\"C\\u00f4ng Ty TNHH S\\u1ea3n Xu\\u1ea5t Th\\u01b0\\u01a1ng M\\u1ea1i D\\u1ecbch V\\u1ee5 T\\u00e2n Thi\\u00ean\",\"potentialAction\":[{\"@type\":\"SearchAction\",\"target\":{\"@type\":\"EntryPoint\",\"urlTemplate\":\"https:\/\/newskyvn.com\/?s={search_term_string}\"},\"query-input\":\"required name=search_term_string\"}],\"inLanguage\":\"en-US\"},{\"@type\":\"ImageObject\",\"@id\":\"https:\/\/newskyvn.com\/product\/tfp\/#primaryimage\",\"inLanguage\":\"en-US\",\"url\":\"https:\/\/newskyvn.com\/wp-content\/uploads\/2021\/09\/TFP-47P_F-Trans322x600.png\",\"contentUrl\":\"https:\/\/newskyvn.com\/wp-content\/uploads\/2021\/09\/TFP-47P_F-Trans322x600.png\",\"width\":500,\"height\":500},{\"@type\":\"WebPage\",\"@id\":\"https:\/\/newskyvn.com\/product\/tfp\/#webpage\",\"url\":\"https:\/\/newskyvn.com\/product\/tfp\/\",\"name\":\"TFP - NEW SKY CO.,LTD\",\"isPartOf\":{\"@id\":\"https:\/\/newskyvn.com\/#website\"},\"primaryImageOfPage\":{\"@id\":\"https:\/\/newskyvn.com\/product\/tfp\/#primaryimage\"},\"datePublished\":\"2021-09-19T11:20:16+00:00\",\"dateModified\":\"2021-09-19T11:20:17+00:00\",\"breadcrumb\":{\"@id\":\"https:\/\/newskyvn.com\/product\/tfp\/#breadcrumb\"},\"inLanguage\":\"en-US\",\"potentialAction\":[{\"@type\":\"ReadAction\",\"target\":[\"https:\/\/newskyvn.com\/product\/tfp\/\"]}]},{\"@type\":\"BreadcrumbList\",\"@id\":\"https:\/\/newskyvn.com\/product\/tfp\/#breadcrumb\",\"itemListElement\":[{\"@type\":\"ListItem\",\"position\":1,\"name\":\"Product\",\"item\":\"https:\/\/newskyvn.com\/en\/san-pham\/\"},{\"@type\":\"ListItem\",\"position\":2,\"name\":\"TFP\"}]}]}<\/script>\n<!-- \/ Yoast SEO plugin. -->","_links":{"self":[{"href":"https:\/\/newskyvn.com\/en\/wp-json\/wp\/v2\/product\/1555"}],"collection":[{"href":"https:\/\/newskyvn.com\/en\/wp-json\/wp\/v2\/product"}],"about":[{"href":"https:\/\/newskyvn.com\/en\/wp-json\/wp\/v2\/types\/product"}],"replies":[{"embeddable":true,"href":"https:\/\/newskyvn.com\/en\/wp-json\/wp\/v2\/comments?post=1555"}],"wp:featuredmedia":[{"embeddable":true,"href":"https:\/\/newskyvn.com\/en\/wp-json\/wp\/v2\/media\/1557"}],"wp:attachment":[{"href":"https:\/\/newskyvn.com\/en\/wp-json\/wp\/v2\/media?parent=1555"}],"wp:term":[{"taxonomy":"product_cat","embeddable":true,"href":"https:\/\/newskyvn.com\/en\/wp-json\/wp\/v2\/product_cat?post=1555"},{"taxonomy":"product_tag","embeddable":true,"href":"https:\/\/newskyvn.com\/en\/wp-json\/wp\/v2\/product_tag?post=1555"}],"curies":[{"name":"wp","href":"https:\/\/api.w.org\/{rel}","templated":true}]}}