{"id":1549,"date":"2021-09-19T11:14:12","date_gmt":"2021-09-19T11:14:12","guid":{"rendered":"https:\/\/newskyvn.com\/?post_type=product&#038;p=1549"},"modified":"2021-09-19T11:14:12","modified_gmt":"2021-09-19T11:14:12","slug":"tfp-ra-tfp-rk","status":"publish","type":"product","link":"https:\/\/newskyvn.com\/en\/product\/tfp-ra-tfp-rk\/","title":{"rendered":"TFP-RA, TFP-RK"},"content":{"rendered":"","protected":false},"excerpt":{"rendered":"<p class=\"h2cat\"><strong>TEMPERATURE SENSORS<\/strong><\/p>\n<div class=\"bullets\">\n<p><strong>Temperature measurement on the exterior of pipes from DN10 to DN250<\/strong><\/p>\n<ul>\n<li>Contact sensor for the temperature measurement on the surface of tubes from DN10 to DFN250<\/li>\n<li>No product contact<\/li>\n<\/ul>\n<\/div>\n","protected":false},"featured_media":1552,"comment_status":"open","ping_status":"closed","template":"","meta":[],"product_cat":[],"product_tag":[],"yoast_head":"<!-- This site is optimized with the Yoast SEO plugin v16.6.1 - https:\/\/yoast.com\/wordpress\/plugins\/seo\/ -->\n<title>TFP-RA, TFP-RK - NEW SKY CO.,LTD<\/title>\n<meta name=\"robots\" content=\"index, follow, max-snippet:-1, max-image-preview:large, max-video-preview:-1\" \/>\n<link rel=\"canonical\" href=\"https:\/\/newskyvn.com\/product\/tfp-ra-tfp-rk\/\" \/>\n<meta property=\"og:locale\" content=\"en_US\" \/>\n<meta property=\"og:type\" content=\"article\" \/>\n<meta property=\"og:title\" content=\"TFP-RA, TFP-RK - NEW SKY CO.,LTD\" \/>\n<meta property=\"og:description\" content=\"[:vi]C\u1ea2M BI\u1ebeN NHI\u1ec6T \u0110\u1ed8  \u0110o nhi\u1ec7t \u0111\u1ed9 b\u00ean ngo\u00e0i \u1ed1ng t\u1eeb DN10 \u0111\u1ebfn DN250  C\u1ea3m bi\u1ebfn ti\u1ebfp x\u00fac \u0111\u1ec3 \u0111o nhi\u1ec7t \u0111\u1ed9 tr\u00ean b\u1ec1 m\u1eb7t c\u1ee7a \u1ed1ng t\u1eeb DN10 \u0111\u1ebfn DFN250 Kh\u00f4ng c\u00f3 li\u00ean h\u1ec7 s\u1ea3n ph\u1ea9m[:en]TEMPERATURE SENSORS    Temperature measurement on the exterior of pipes from DN10 to DN250   Contact sensor for the temperature measurement on the surface of tubes from DN10 to DFN250  No product contact  [:]\" \/>\n<meta property=\"og:url\" content=\"https:\/\/newskyvn.com\/product\/tfp-ra-tfp-rk\/\" \/>\n<meta property=\"og:site_name\" content=\"NEW SKY CO.,LTD\" \/>\n<meta property=\"og:image\" content=\"https:\/\/newskyvn.com\/wp-content\/uploads\/2021\/09\/TFP-RA_EHG-G1_F-Trans320x600.png\" \/>\n\t<meta property=\"og:image:width\" content=\"500\" \/>\n\t<meta property=\"og:image:height\" content=\"500\" \/>\n<meta name=\"twitter:card\" content=\"summary_large_image\" \/>\n<script type=\"application\/ld+json\" class=\"yoast-schema-graph\">{\"@context\":\"https:\/\/schema.org\",\"@graph\":[{\"@type\":\"WebSite\",\"@id\":\"https:\/\/newskyvn.com\/#website\",\"url\":\"https:\/\/newskyvn.com\/\",\"name\":\"NEW SKY CO.,LTD\",\"description\":\"C\\u00f4ng Ty TNHH S\\u1ea3n Xu\\u1ea5t Th\\u01b0\\u01a1ng M\\u1ea1i D\\u1ecbch V\\u1ee5 T\\u00e2n Thi\\u00ean\",\"potentialAction\":[{\"@type\":\"SearchAction\",\"target\":{\"@type\":\"EntryPoint\",\"urlTemplate\":\"https:\/\/newskyvn.com\/?s={search_term_string}\"},\"query-input\":\"required name=search_term_string\"}],\"inLanguage\":\"en-US\"},{\"@type\":\"ImageObject\",\"@id\":\"https:\/\/newskyvn.com\/product\/tfp-ra-tfp-rk\/#primaryimage\",\"inLanguage\":\"en-US\",\"url\":\"https:\/\/newskyvn.com\/wp-content\/uploads\/2021\/09\/TFP-RA_EHG-G1_F-Trans320x600.png\",\"contentUrl\":\"https:\/\/newskyvn.com\/wp-content\/uploads\/2021\/09\/TFP-RA_EHG-G1_F-Trans320x600.png\",\"width\":500,\"height\":500},{\"@type\":\"WebPage\",\"@id\":\"https:\/\/newskyvn.com\/product\/tfp-ra-tfp-rk\/#webpage\",\"url\":\"https:\/\/newskyvn.com\/product\/tfp-ra-tfp-rk\/\",\"name\":\"TFP-RA, TFP-RK - NEW SKY CO.,LTD\",\"isPartOf\":{\"@id\":\"https:\/\/newskyvn.com\/#website\"},\"primaryImageOfPage\":{\"@id\":\"https:\/\/newskyvn.com\/product\/tfp-ra-tfp-rk\/#primaryimage\"},\"datePublished\":\"2021-09-19T11:14:12+00:00\",\"dateModified\":\"2021-09-19T11:14:12+00:00\",\"breadcrumb\":{\"@id\":\"https:\/\/newskyvn.com\/product\/tfp-ra-tfp-rk\/#breadcrumb\"},\"inLanguage\":\"en-US\",\"potentialAction\":[{\"@type\":\"ReadAction\",\"target\":[\"https:\/\/newskyvn.com\/product\/tfp-ra-tfp-rk\/\"]}]},{\"@type\":\"BreadcrumbList\",\"@id\":\"https:\/\/newskyvn.com\/product\/tfp-ra-tfp-rk\/#breadcrumb\",\"itemListElement\":[{\"@type\":\"ListItem\",\"position\":1,\"name\":\"Product\",\"item\":\"https:\/\/newskyvn.com\/en\/san-pham\/\"},{\"@type\":\"ListItem\",\"position\":2,\"name\":\"TFP-RA, TFP-RK\"}]}]}<\/script>\n<!-- \/ Yoast SEO plugin. -->","_links":{"self":[{"href":"https:\/\/newskyvn.com\/en\/wp-json\/wp\/v2\/product\/1549"}],"collection":[{"href":"https:\/\/newskyvn.com\/en\/wp-json\/wp\/v2\/product"}],"about":[{"href":"https:\/\/newskyvn.com\/en\/wp-json\/wp\/v2\/types\/product"}],"replies":[{"embeddable":true,"href":"https:\/\/newskyvn.com\/en\/wp-json\/wp\/v2\/comments?post=1549"}],"wp:featuredmedia":[{"embeddable":true,"href":"https:\/\/newskyvn.com\/en\/wp-json\/wp\/v2\/media\/1552"}],"wp:attachment":[{"href":"https:\/\/newskyvn.com\/en\/wp-json\/wp\/v2\/media?parent=1549"}],"wp:term":[{"taxonomy":"product_cat","embeddable":true,"href":"https:\/\/newskyvn.com\/en\/wp-json\/wp\/v2\/product_cat?post=1549"},{"taxonomy":"product_tag","embeddable":true,"href":"https:\/\/newskyvn.com\/en\/wp-json\/wp\/v2\/product_tag?post=1549"}],"curies":[{"name":"wp","href":"https:\/\/api.w.org\/{rel}","templated":true}]}}