{"id":1545,"date":"2021-09-19T11:09:34","date_gmt":"2021-09-19T11:09:34","guid":{"rendered":"https:\/\/newskyvn.com\/?post_type=product&#038;p=1545"},"modified":"2021-09-19T11:09:35","modified_gmt":"2021-09-19T11:09:35","slug":"tfp-17-tfp-18","status":"publish","type":"product","link":"https:\/\/newskyvn.com\/en\/product\/tfp-17-tfp-18\/","title":{"rendered":"TFP-17, TFP-18"},"content":{"rendered":"","protected":false},"excerpt":{"rendered":"<p class=\"h2cat\"><strong>TEMPERATURE SENSORS<\/strong><\/p>\n<div class=\"bullets\">\n<p><strong>Temperature measurement for rooms and vessels<\/strong><\/p>\n<ul>\n<li>Device box made of polyamide<\/li>\n<li>High resistance to chemical agents<\/li>\n<li>for food and drug applications<\/li>\n<li>Version for gas media \/ ambient air<\/li>\n<li>Sensor tips with \u00f8 6, 4 oder 3 mm for shortest response times<\/li>\n<\/ul>\n<\/div>\n","protected":false},"featured_media":1547,"comment_status":"open","ping_status":"closed","template":"","meta":[],"product_cat":[120],"product_tag":[],"yoast_head":"<!-- This site is optimized with the Yoast SEO plugin v16.6.1 - https:\/\/yoast.com\/wordpress\/plugins\/seo\/ -->\n<title>TFP-17, TFP-18 - NEW SKY CO.,LTD<\/title>\n<meta name=\"robots\" content=\"index, follow, max-snippet:-1, max-image-preview:large, max-video-preview:-1\" \/>\n<link rel=\"canonical\" href=\"https:\/\/newskyvn.com\/product\/tfp-17-tfp-18\/\" \/>\n<meta property=\"og:locale\" content=\"en_US\" \/>\n<meta property=\"og:type\" content=\"article\" \/>\n<meta property=\"og:title\" content=\"TFP-17, TFP-18 - NEW SKY CO.,LTD\" \/>\n<meta property=\"og:description\" content=\"[:vi]C\u1ea2M BI\u1ebeN NHI\u1ec6T \u0110\u1ed8  \u0110o nhi\u1ec7t \u0111\u1ed9 cho ph\u00f2ng v\u00e0 t\u00e0u  H\u1ed9p thi\u1ebft b\u1ecb l\u00e0m b\u1eb1ng polyamide Kh\u1ea3 n\u0103ng ch\u1ed1ng l\u1ea1i c\u00e1c t\u00e1c nh\u00e2n h\u00f3a h\u1ecdc cao cho c\u00e1c \u1ee9ng d\u1ee5ng th\u1ef1c ph\u1ea9m v\u00e0 thu\u1ed1c Phi\u00ean b\u1ea3n cho m\u00f4i tr\u01b0\u1eddng kh\u00ed \/ kh\u00f4ng kh\u00ed xung quanh C\u00e1c \u0111\u1ea7u c\u1ea3m bi\u1ebfn v\u1edbi \u00f8 6, 4 oder 3 mm cho th\u1eddi gian ph\u1ea3n h\u1ed3i ng\u1eafn nh\u1ea5t[:en]TEMPERATURE SENSORS    Temperature measurement for rooms and vessels   Device box made of polyamide  High resistance to chemical agents  for food and drug applications  Version for gas media \/ ambient air  Sensor tips with \u00f8 6, 4 oder 3 mm for shortest response times  [:]\" \/>\n<meta property=\"og:url\" content=\"https:\/\/newskyvn.com\/product\/tfp-17-tfp-18\/\" \/>\n<meta property=\"og:site_name\" content=\"NEW SKY CO.,LTD\" \/>\n<meta property=\"article:modified_time\" content=\"2021-09-19T11:09:35+00:00\" \/>\n<meta property=\"og:image\" content=\"https:\/\/newskyvn.com\/wp-content\/uploads\/2021\/09\/TFP-17_F-Trans281x600.png\" \/>\n\t<meta property=\"og:image:width\" content=\"500\" \/>\n\t<meta property=\"og:image:height\" content=\"500\" \/>\n<meta name=\"twitter:card\" content=\"summary_large_image\" \/>\n<script type=\"application\/ld+json\" class=\"yoast-schema-graph\">{\"@context\":\"https:\/\/schema.org\",\"@graph\":[{\"@type\":\"WebSite\",\"@id\":\"https:\/\/newskyvn.com\/#website\",\"url\":\"https:\/\/newskyvn.com\/\",\"name\":\"NEW SKY CO.,LTD\",\"description\":\"C\\u00f4ng Ty TNHH S\\u1ea3n Xu\\u1ea5t Th\\u01b0\\u01a1ng M\\u1ea1i D\\u1ecbch V\\u1ee5 T\\u00e2n Thi\\u00ean\",\"potentialAction\":[{\"@type\":\"SearchAction\",\"target\":{\"@type\":\"EntryPoint\",\"urlTemplate\":\"https:\/\/newskyvn.com\/?s={search_term_string}\"},\"query-input\":\"required name=search_term_string\"}],\"inLanguage\":\"en-US\"},{\"@type\":\"ImageObject\",\"@id\":\"https:\/\/newskyvn.com\/product\/tfp-17-tfp-18\/#primaryimage\",\"inLanguage\":\"en-US\",\"url\":\"https:\/\/newskyvn.com\/wp-content\/uploads\/2021\/09\/TFP-17_F-Trans281x600.png\",\"contentUrl\":\"https:\/\/newskyvn.com\/wp-content\/uploads\/2021\/09\/TFP-17_F-Trans281x600.png\",\"width\":500,\"height\":500},{\"@type\":\"WebPage\",\"@id\":\"https:\/\/newskyvn.com\/product\/tfp-17-tfp-18\/#webpage\",\"url\":\"https:\/\/newskyvn.com\/product\/tfp-17-tfp-18\/\",\"name\":\"TFP-17, TFP-18 - NEW SKY CO.,LTD\",\"isPartOf\":{\"@id\":\"https:\/\/newskyvn.com\/#website\"},\"primaryImageOfPage\":{\"@id\":\"https:\/\/newskyvn.com\/product\/tfp-17-tfp-18\/#primaryimage\"},\"datePublished\":\"2021-09-19T11:09:34+00:00\",\"dateModified\":\"2021-09-19T11:09:35+00:00\",\"breadcrumb\":{\"@id\":\"https:\/\/newskyvn.com\/product\/tfp-17-tfp-18\/#breadcrumb\"},\"inLanguage\":\"en-US\",\"potentialAction\":[{\"@type\":\"ReadAction\",\"target\":[\"https:\/\/newskyvn.com\/product\/tfp-17-tfp-18\/\"]}]},{\"@type\":\"BreadcrumbList\",\"@id\":\"https:\/\/newskyvn.com\/product\/tfp-17-tfp-18\/#breadcrumb\",\"itemListElement\":[{\"@type\":\"ListItem\",\"position\":1,\"name\":\"Product\",\"item\":\"https:\/\/newskyvn.com\/en\/san-pham\/\"},{\"@type\":\"ListItem\",\"position\":2,\"name\":\"TFP-17, TFP-18\"}]}]}<\/script>\n<!-- \/ Yoast SEO plugin. -->","_links":{"self":[{"href":"https:\/\/newskyvn.com\/en\/wp-json\/wp\/v2\/product\/1545"}],"collection":[{"href":"https:\/\/newskyvn.com\/en\/wp-json\/wp\/v2\/product"}],"about":[{"href":"https:\/\/newskyvn.com\/en\/wp-json\/wp\/v2\/types\/product"}],"replies":[{"embeddable":true,"href":"https:\/\/newskyvn.com\/en\/wp-json\/wp\/v2\/comments?post=1545"}],"wp:featuredmedia":[{"embeddable":true,"href":"https:\/\/newskyvn.com\/en\/wp-json\/wp\/v2\/media\/1547"}],"wp:attachment":[{"href":"https:\/\/newskyvn.com\/en\/wp-json\/wp\/v2\/media?parent=1545"}],"wp:term":[{"taxonomy":"product_cat","embeddable":true,"href":"https:\/\/newskyvn.com\/en\/wp-json\/wp\/v2\/product_cat?post=1545"},{"taxonomy":"product_tag","embeddable":true,"href":"https:\/\/newskyvn.com\/en\/wp-json\/wp\/v2\/product_tag?post=1545"}],"curies":[{"name":"wp","href":"https:\/\/api.w.org\/{rel}","templated":true}]}}