{"id":1542,"date":"2021-09-19T11:03:42","date_gmt":"2021-09-19T11:03:42","guid":{"rendered":"https:\/\/newskyvn.com\/?post_type=product&#038;p=1542"},"modified":"2021-09-19T11:03:43","modified_gmt":"2021-09-19T11:03:43","slug":"tfp-mv","status":"publish","type":"product","link":"https:\/\/newskyvn.com\/en\/product\/tfp-mv\/","title":{"rendered":"TFP-MV"},"content":{"rendered":"<p>&nbsp;<\/p>\n<p><span style=\"color: #0000ff;\"><strong>TECHNICAL DATA OF TFP-MV<\/strong><\/span><\/p>\n<table class=\"tableGrid\" width=\"100%\" cellspacing=\"0\" cellpadding=\"0\">\n<tbody>\n<tr>\n<td>Process Connection<\/td>\n<td>CLEANadapt M12 | CLEANadapt G1\/2&#8243; | PHARMadapt G3\/8&#8243;<\/td>\n<\/tr>\n<tr>\n<td>Insertion length<\/td>\n<td>25, 40, 55 mm \/ 37, 83 mm<\/td>\n<\/tr>\n<tr>\n<td>Wetted material<\/td>\n<td>Stainless steel 1.4404 (316L), Ra\u22640.8 \u03bcm<\/td>\n<\/tr>\n<tr>\n<td>Measuring range<\/td>\n<td>-50\u2026+250\u00b0C<\/td>\n<\/tr>\n<tr>\n<td>Operating pressure<\/td>\n<td>max. 10 bar<\/td>\n<\/tr>\n<tr>\n<td>Communication<\/td>\n<td>Pt100, 4..20 mA<\/td>\n<\/tr>\n<tr>\n<td><\/td>\n<td><\/td>\n<\/tr>\n<tr>\n<td colspan=\"2\">The values shown are the performance limits within the product line. The product-specific data for each individual configuration can be obtained from the product information<\/td>\n<\/tr>\n<\/tbody>\n<\/table>\n<p><\/p>","protected":false},"excerpt":{"rendered":"<p class=\"h2cat\"><strong>TEMPERATURE SENSORS<\/strong><\/p>\n<div class=\"bullets\">\n<p><strong>Redundant temperature measurement in a UHT-plant, type tested for milk heating facilities<\/strong><\/p>\n<ul>\n<li>Synchronous measurement for a local display and for a recorder<\/li>\n<li>Two galvanically isolated analog outputse<\/li>\n<li>Many options and variations for individual adaptation<\/li>\n<\/ul>\n<\/div>\n","protected":false},"featured_media":1544,"comment_status":"open","ping_status":"closed","template":"","meta":[],"product_cat":[120],"product_tag":[],"yoast_head":"<!-- This site is optimized with the Yoast SEO plugin v16.6.1 - https:\/\/yoast.com\/wordpress\/plugins\/seo\/ -->\n<title>TFP-MV - NEW SKY CO.,LTD<\/title>\n<meta name=\"robots\" content=\"index, follow, max-snippet:-1, max-image-preview:large, max-video-preview:-1\" \/>\n<link rel=\"canonical\" href=\"https:\/\/newskyvn.com\/product\/tfp-mv\/\" \/>\n<meta property=\"og:locale\" content=\"en_US\" \/>\n<meta property=\"og:type\" content=\"article\" \/>\n<meta property=\"og:title\" content=\"TFP-MV - NEW SKY CO.,LTD\" \/>\n<meta property=\"og:description\" content=\"[:vi]C\u1ea2M BI\u1ebeN NHI\u1ec6T \u0110\u1ed8  \u0110o nhi\u1ec7t \u0111\u1ed9 d\u1ef1 ph\u00f2ng trong nh\u00e0 m\u00e1y UHT, lo\u1ea1i \u0111\u01b0\u1ee3c th\u1eed nghi\u1ec7m cho c\u00e1c thi\u1ebft b\u1ecb h\u00e2m n\u00f3ng s\u1eefa  \u0110o \u0111\u1ed3ng b\u1ed9 cho m\u00e0n h\u00ecnh c\u1ee5c b\u1ed9 v\u00e0 cho m\u00e1y ghi Hai \u0111\u1ea7u ra t\u01b0\u01a1ng t\u1ef1 c\u00e1ch ly \u0111i\u1ec7n Nhi\u1ec1u l\u1ef1a ch\u1ecdn v\u00e0 bi\u1ebfn th\u1ec3 \u0111\u1ec3 th\u00edch \u1ee9ng v\u1edbi t\u1eebng c\u00e1 nh\u00e2n[:en]TEMPERATURE SENSORS    Redundant temperature measurement in a UHT-plant, type tested for milk heating facilities   Synchronous measurement for a local display and for a recorder  Two galvanically isolated analog outputse  Many options and variations for individual adaptation  [:]\" \/>\n<meta property=\"og:url\" content=\"https:\/\/newskyvn.com\/product\/tfp-mv\/\" \/>\n<meta property=\"og:site_name\" content=\"NEW SKY CO.,LTD\" \/>\n<meta property=\"article:modified_time\" content=\"2021-09-19T11:03:43+00:00\" \/>\n<meta property=\"og:image\" content=\"https:\/\/newskyvn.com\/wp-content\/uploads\/2021\/09\/TFP-68P-MV_schnitt.jpg\" \/>\n\t<meta property=\"og:image:width\" content=\"500\" \/>\n\t<meta property=\"og:image:height\" content=\"500\" \/>\n<meta name=\"twitter:card\" content=\"summary_large_image\" \/>\n<meta name=\"twitter:label1\" content=\"Est. reading time\" \/>\n\t<meta name=\"twitter:data1\" content=\"1 minute\" \/>\n<script type=\"application\/ld+json\" class=\"yoast-schema-graph\">{\"@context\":\"https:\/\/schema.org\",\"@graph\":[{\"@type\":\"WebSite\",\"@id\":\"https:\/\/newskyvn.com\/#website\",\"url\":\"https:\/\/newskyvn.com\/\",\"name\":\"NEW SKY CO.,LTD\",\"description\":\"C\\u00f4ng Ty TNHH S\\u1ea3n Xu\\u1ea5t Th\\u01b0\\u01a1ng M\\u1ea1i D\\u1ecbch V\\u1ee5 T\\u00e2n Thi\\u00ean\",\"potentialAction\":[{\"@type\":\"SearchAction\",\"target\":{\"@type\":\"EntryPoint\",\"urlTemplate\":\"https:\/\/newskyvn.com\/?s={search_term_string}\"},\"query-input\":\"required name=search_term_string\"}],\"inLanguage\":\"en-US\"},{\"@type\":\"ImageObject\",\"@id\":\"https:\/\/newskyvn.com\/product\/tfp-mv\/#primaryimage\",\"inLanguage\":\"en-US\",\"url\":\"https:\/\/newskyvn.com\/wp-content\/uploads\/2021\/09\/TFP-68P-MV_schnitt.jpg\",\"contentUrl\":\"https:\/\/newskyvn.com\/wp-content\/uploads\/2021\/09\/TFP-68P-MV_schnitt.jpg\",\"width\":500,\"height\":500},{\"@type\":\"WebPage\",\"@id\":\"https:\/\/newskyvn.com\/product\/tfp-mv\/#webpage\",\"url\":\"https:\/\/newskyvn.com\/product\/tfp-mv\/\",\"name\":\"TFP-MV - NEW SKY CO.,LTD\",\"isPartOf\":{\"@id\":\"https:\/\/newskyvn.com\/#website\"},\"primaryImageOfPage\":{\"@id\":\"https:\/\/newskyvn.com\/product\/tfp-mv\/#primaryimage\"},\"datePublished\":\"2021-09-19T11:03:42+00:00\",\"dateModified\":\"2021-09-19T11:03:43+00:00\",\"breadcrumb\":{\"@id\":\"https:\/\/newskyvn.com\/product\/tfp-mv\/#breadcrumb\"},\"inLanguage\":\"en-US\",\"potentialAction\":[{\"@type\":\"ReadAction\",\"target\":[\"https:\/\/newskyvn.com\/product\/tfp-mv\/\"]}]},{\"@type\":\"BreadcrumbList\",\"@id\":\"https:\/\/newskyvn.com\/product\/tfp-mv\/#breadcrumb\",\"itemListElement\":[{\"@type\":\"ListItem\",\"position\":1,\"name\":\"Product\",\"item\":\"https:\/\/newskyvn.com\/en\/san-pham\/\"},{\"@type\":\"ListItem\",\"position\":2,\"name\":\"TFP-MV\"}]}]}<\/script>\n<!-- \/ Yoast SEO plugin. -->","_links":{"self":[{"href":"https:\/\/newskyvn.com\/en\/wp-json\/wp\/v2\/product\/1542"}],"collection":[{"href":"https:\/\/newskyvn.com\/en\/wp-json\/wp\/v2\/product"}],"about":[{"href":"https:\/\/newskyvn.com\/en\/wp-json\/wp\/v2\/types\/product"}],"replies":[{"embeddable":true,"href":"https:\/\/newskyvn.com\/en\/wp-json\/wp\/v2\/comments?post=1542"}],"wp:featuredmedia":[{"embeddable":true,"href":"https:\/\/newskyvn.com\/en\/wp-json\/wp\/v2\/media\/1544"}],"wp:attachment":[{"href":"https:\/\/newskyvn.com\/en\/wp-json\/wp\/v2\/media?parent=1542"}],"wp:term":[{"taxonomy":"product_cat","embeddable":true,"href":"https:\/\/newskyvn.com\/en\/wp-json\/wp\/v2\/product_cat?post=1542"},{"taxonomy":"product_tag","embeddable":true,"href":"https:\/\/newskyvn.com\/en\/wp-json\/wp\/v2\/product_tag?post=1542"}],"curies":[{"name":"wp","href":"https:\/\/api.w.org\/{rel}","templated":true}]}}