{"id":1535,"date":"2021-09-19T10:55:22","date_gmt":"2021-09-19T10:55:22","guid":{"rendered":"https:\/\/newskyvn.com\/?post_type=product&#038;p=1535"},"modified":"2021-09-19T10:55:23","modified_gmt":"2021-09-19T10:55:23","slug":"tsmp","status":"publish","type":"product","link":"https:\/\/newskyvn.com\/en\/product\/tsmp\/","title":{"rendered":"TSMP"},"content":{"rendered":"<p><\/p>\n<h3><\/h3>\n<p><span style=\"color: #0000ff;\"><strong>TECHNICAL DATA OF TSMP\u00a0<\/strong><\/span><\/p>\n<table class=\"tableGrid\" width=\"100%\" cellspacing=\"0\" cellpadding=\"0\">\n<tbody>\n<tr>\n<td>Process Connection<\/td>\n<td>CLEANadapt \u2502 Tri-Clamp \u2502 PHARMadapt EPA \u2502 PHARMadapt ESP \u2502 Ingold \u2502 Thread | Without thread<\/td>\n<\/tr>\n<tr>\n<td>Insertion length<\/td>\n<td>0\u20262000 mm (flush version available)<\/td>\n<\/tr>\n<tr>\n<td>Wetted material<\/td>\n<td>Stainless steel 1.4435 (AISI 316L)<\/td>\n<\/tr>\n<tr>\n<td>Measuring range<\/td>\n<td>-50 \u00b0C \u2026+250 \u00b0C<\/td>\n<\/tr>\n<tr>\n<td>Accuracy<\/td>\n<td>&lt; \u00b10.1 \u00b0C<\/td>\n<\/tr>\n<tr>\n<td>Available versions<\/td>\n<td>Head \u00d818 mm \u2502 Spacer \u2502 Transmitter<\/td>\n<\/tr>\n<tr>\n<td>Operating pressure<\/td>\n<td>max. 50 bar<\/td>\n<\/tr>\n<tr>\n<td>Communication<\/td>\n<td>4\u202620 mA, IO-Link<\/td>\n<\/tr>\n<tr>\n<td><\/td>\n<td><\/td>\n<\/tr>\n<tr>\n<td colspan=\"2\">The values shown are the performance limits within the product line. The product-specific data for each individual configuration can be obtained from the product information<\/td>\n<\/tr>\n<\/tbody>\n<\/table>\n<p><\/p>","protected":false},"excerpt":{"rendered":"<p class=\"h2cat\">IO-LINK, TEMPERATURE SENSORS<\/p>\n<div class=\"bullets\">\n<p><b>Mini life science sensor series of the new TS generation: extremely flexible, modular, user-configurable \u2502 with IO-Link<br \/>\nTS is the fully compatible successor of the existing TFP pharma sensor series<\/b><\/p>\n<ul>\n<li>Flex hybrid technology with a digital and analog interface (IO-Link + 4\u202620 mA)<\/li>\n<li>Superior performance level in temperature range, measuring accuracy and temperature resistance<\/li>\n<li>One-piece design entirely in stainless steel for maximum cleanibility, long-term stability and application reliability<\/li>\n<li>Consistent modular design for easy individual configuration<\/li>\n<li>Flex-Hybrid technology offers maximum flexibility and future compatibility in new installations<\/li>\n<\/ul>\n<\/div>\n","protected":false},"featured_media":1538,"comment_status":"open","ping_status":"closed","template":"","meta":[],"product_cat":[120],"product_tag":[],"yoast_head":"<!-- This site is optimized with the Yoast SEO plugin v16.6.1 - https:\/\/yoast.com\/wordpress\/plugins\/seo\/ -->\n<title>TSMP - NEW SKY CO.,LTD<\/title>\n<meta name=\"robots\" content=\"index, follow, max-snippet:-1, max-image-preview:large, max-video-preview:-1\" \/>\n<link rel=\"canonical\" href=\"https:\/\/newskyvn.com\/product\/tsmp\/\" \/>\n<meta property=\"og:locale\" content=\"en_US\" \/>\n<meta property=\"og:type\" content=\"article\" \/>\n<meta property=\"og:title\" content=\"TSMP - NEW SKY CO.,LTD\" \/>\n<meta property=\"og:description\" content=\"[:vi]IO-LINK, C\u1ea2M BI\u1ebeN NHI\u1ec6T \u0110\u1ed8  Lo\u1ea1t c\u1ea3m bi\u1ebfn khoa h\u1ecdc cu\u1ed9c s\u1ed1ng mini th\u1ebf h\u1ec7 TS m\u1edbi: c\u1ef1c k\u1ef3 linh ho\u1ea1t, m\u00f4-\u0111un, ng\u01b0\u1eddi d\u00f9ng c\u00f3 th\u1ec3 \u0111\u1ecbnh c\u1ea5u h\u00ecnh \u2502 v\u1edbi IO-Link TS l\u00e0 s\u1ef1 k\u1ebf th\u1eeba ho\u00e0n to\u00e0n t\u01b0\u01a1ng th\u00edch c\u1ee7a d\u00f2ng c\u1ea3m bi\u1ebfn d\u01b0\u1ee3c ph\u1ea9m TFP hi\u1ec7n c\u00f3  C\u00f4ng ngh\u1ec7 hybrid linh ho\u1ea1t v\u1edbi giao di\u1ec7n k\u1ef9 thu\u1eadt s\u1ed1 v\u00e0 t\u01b0\u01a1ng t\u1ef1 (IO-Link + 4\u2026 20 mA) M\u1ee9c hi\u1ec7u su\u1ea5t v\u01b0\u1ee3t tr\u1ed9i trong ph\u1ea1m vi nhi\u1ec7t \u0111\u1ed9, \u0111\u1ed9 ch\u00ednh x\u00e1c c\u1ee7a ph\u00e9p \u0111o v\u00e0 kh\u1ea3 n\u0103ng ch\u1ecbu nhi\u1ec7t \u0111\u1ed9 Thi\u1ebft k\u1ebf m\u1ed9t m\u1ea3nh ho\u00e0n to\u00e0n b\u1eb1ng th\u00e9p kh\u00f4ng g\u1ec9 cho kh\u1ea3 n\u0103ng l\u00e0m s\u1ea1ch t\u1ed1i \u0111a, \u0111\u1ed9 \u1ed5n \u0111\u1ecbnh l\u00e2u d\u00e0i v\u00e0 \u0111\u1ed9 tin c\u1eady c\u1ee7a \u1ee9ng d\u1ee5ng Thi\u1ebft k\u1ebf m\u00f4-\u0111un nh\u1ea5t qu\u00e1n \u0111\u1ec3 d\u1ec5 d\u00e0ng c\u1ea5u h\u00ecnh c\u00e1 nh\u00e2n C\u00f4ng ngh\u1ec7 Flex-Hybrid cung c\u1ea5p t\u00ednh linh ho\u1ea1t t\u1ed1i \u0111a v\u00e0 kh\u1ea3 n\u0103ng t\u01b0\u01a1ng th\u00edch trong t\u01b0\u01a1ng lai trong c\u00e1c c\u00e0i \u0111\u1eb7t m\u1edbi[:en]IO-LINK, TEMPERATURE SENSORS    Mini life science sensor series of the new TS generation: extremely flexible, modular, user-configurable \u2502 with IO-Link TS is the fully compatible successor of the existing TFP pharma sensor series   Flex hybrid technology with a digital and analog interface (IO-Link + 4\u202620 mA)  Superior performance level in temperature range, measuring accuracy and temperature resistance  One-piece design entirely in stainless steel for maximum cleanibility, long-term stability and application reliability  Consistent modular design for easy individual configuration  Flex-Hybrid technology offers maximum flexibility and future compatibility in new installations  [:]\" \/>\n<meta property=\"og:url\" content=\"https:\/\/newskyvn.com\/product\/tsmp\/\" \/>\n<meta property=\"og:site_name\" content=\"NEW SKY CO.,LTD\" \/>\n<meta property=\"article:modified_time\" content=\"2021-09-19T10:55:23+00:00\" \/>\n<meta property=\"og:image\" content=\"https:\/\/newskyvn.com\/wp-content\/uploads\/2021\/09\/TSM_1_270.jpg\" \/>\n\t<meta property=\"og:image:width\" content=\"500\" \/>\n\t<meta property=\"og:image:height\" content=\"410\" \/>\n<meta name=\"twitter:card\" content=\"summary_large_image\" \/>\n<meta name=\"twitter:label1\" content=\"Est. reading time\" \/>\n\t<meta name=\"twitter:data1\" content=\"1 minute\" \/>\n<script type=\"application\/ld+json\" class=\"yoast-schema-graph\">{\"@context\":\"https:\/\/schema.org\",\"@graph\":[{\"@type\":\"WebSite\",\"@id\":\"https:\/\/newskyvn.com\/#website\",\"url\":\"https:\/\/newskyvn.com\/\",\"name\":\"NEW SKY CO.,LTD\",\"description\":\"C\\u00f4ng Ty TNHH S\\u1ea3n Xu\\u1ea5t Th\\u01b0\\u01a1ng M\\u1ea1i D\\u1ecbch V\\u1ee5 T\\u00e2n Thi\\u00ean\",\"potentialAction\":[{\"@type\":\"SearchAction\",\"target\":{\"@type\":\"EntryPoint\",\"urlTemplate\":\"https:\/\/newskyvn.com\/?s={search_term_string}\"},\"query-input\":\"required name=search_term_string\"}],\"inLanguage\":\"en-US\"},{\"@type\":\"ImageObject\",\"@id\":\"https:\/\/newskyvn.com\/product\/tsmp\/#primaryimage\",\"inLanguage\":\"en-US\",\"url\":\"https:\/\/newskyvn.com\/wp-content\/uploads\/2021\/09\/TSM_1_270.jpg\",\"contentUrl\":\"https:\/\/newskyvn.com\/wp-content\/uploads\/2021\/09\/TSM_1_270.jpg\",\"width\":500,\"height\":410},{\"@type\":\"WebPage\",\"@id\":\"https:\/\/newskyvn.com\/product\/tsmp\/#webpage\",\"url\":\"https:\/\/newskyvn.com\/product\/tsmp\/\",\"name\":\"TSMP - NEW SKY CO.,LTD\",\"isPartOf\":{\"@id\":\"https:\/\/newskyvn.com\/#website\"},\"primaryImageOfPage\":{\"@id\":\"https:\/\/newskyvn.com\/product\/tsmp\/#primaryimage\"},\"datePublished\":\"2021-09-19T10:55:22+00:00\",\"dateModified\":\"2021-09-19T10:55:23+00:00\",\"breadcrumb\":{\"@id\":\"https:\/\/newskyvn.com\/product\/tsmp\/#breadcrumb\"},\"inLanguage\":\"en-US\",\"potentialAction\":[{\"@type\":\"ReadAction\",\"target\":[\"https:\/\/newskyvn.com\/product\/tsmp\/\"]}]},{\"@type\":\"BreadcrumbList\",\"@id\":\"https:\/\/newskyvn.com\/product\/tsmp\/#breadcrumb\",\"itemListElement\":[{\"@type\":\"ListItem\",\"position\":1,\"name\":\"Product\",\"item\":\"https:\/\/newskyvn.com\/en\/san-pham\/\"},{\"@type\":\"ListItem\",\"position\":2,\"name\":\"TSMP\"}]}]}<\/script>\n<!-- \/ Yoast SEO plugin. -->","_links":{"self":[{"href":"https:\/\/newskyvn.com\/en\/wp-json\/wp\/v2\/product\/1535"}],"collection":[{"href":"https:\/\/newskyvn.com\/en\/wp-json\/wp\/v2\/product"}],"about":[{"href":"https:\/\/newskyvn.com\/en\/wp-json\/wp\/v2\/types\/product"}],"replies":[{"embeddable":true,"href":"https:\/\/newskyvn.com\/en\/wp-json\/wp\/v2\/comments?post=1535"}],"wp:featuredmedia":[{"embeddable":true,"href":"https:\/\/newskyvn.com\/en\/wp-json\/wp\/v2\/media\/1538"}],"wp:attachment":[{"href":"https:\/\/newskyvn.com\/en\/wp-json\/wp\/v2\/media?parent=1535"}],"wp:term":[{"taxonomy":"product_cat","embeddable":true,"href":"https:\/\/newskyvn.com\/en\/wp-json\/wp\/v2\/product_cat?post=1535"},{"taxonomy":"product_tag","embeddable":true,"href":"https:\/\/newskyvn.com\/en\/wp-json\/wp\/v2\/product_tag?post=1535"}],"curies":[{"name":"wp","href":"https:\/\/api.w.org\/{rel}","templated":true}]}}