{"id":1529,"date":"2021-09-19T10:47:06","date_gmt":"2021-09-19T10:47:06","guid":{"rendered":"https:\/\/newskyvn.com\/?post_type=product&#038;p=1529"},"modified":"2021-09-19T10:47:07","modified_gmt":"2021-09-19T10:47:07","slug":"tsbf","status":"publish","type":"product","link":"https:\/\/newskyvn.com\/en\/product\/tsbf\/","title":{"rendered":"TSBF"},"content":{"rendered":"<p>&nbsp;<\/p>\n<p><span style=\"color: #0000ff;\"><strong>TECHNICAL DATA OF TSBF\u00a0<\/strong><\/span><\/p>\n<table class=\"tableGrid\" width=\"100%\" cellspacing=\"0\" cellpadding=\"0\">\n<tbody>\n<tr>\n<td>Process Connection<\/td>\n<td>CLEANadapt \u2502 Tri-Clamp \u2502 Varivent \u2502 FLEXadapt ESF \u2502 Thread | Without thread<\/td>\n<\/tr>\n<tr>\n<td>Insertion length<\/td>\n<td>0\u20262000 mm (flush version available)<\/td>\n<\/tr>\n<tr>\n<td>Wetted material<\/td>\n<td>Stainless steel 1.4404 (AISI 316L) \u2502 PEEK (Dependent on type )<\/td>\n<\/tr>\n<tr>\n<td>Measuring range<\/td>\n<td>-200 \u00b0C \u2026+400 \u00b0C<\/td>\n<\/tr>\n<tr>\n<td>Accuracy<\/td>\n<td>&lt; \u00b10.1 K<\/td>\n<\/tr>\n<tr>\n<td>Available versions<\/td>\n<td>Head \u00d857 or 63 mm \u2502 Display \u2502 Spacer \u2502 0, 1, 2 Transmitter \u2502 1, 2 RTDs \u2502 Pt100, Pt1000 \u2502 Precision class A, AA, AAA<\/td>\n<\/tr>\n<tr>\n<td>Operating pressure<\/td>\n<td>max. 50 bar | 10 bar (Dependent on type )<\/td>\n<\/tr>\n<tr>\n<td>Communication<\/td>\n<td>4\u202620 mA, IO-Link<\/td>\n<\/tr>\n<tr>\n<td><\/td>\n<td><\/td>\n<\/tr>\n<tr>\n<td colspan=\"2\">The values shown are the performance limits within the product line. The product-specific data for each individual configuration can be obtained from the product information<\/td>\n<\/tr>\n<\/tbody>\n<\/table>\n<p><\/p>","protected":false},"excerpt":{"rendered":"<p class=\"h2cat\">IO-LINK, TEMPERATURE SENSORS<\/p>\n<div class=\"bullets\">\n<p><b>Compact sensor series of the new TS generation: extremely flexible, modular, user-configurable \u2502 with IO-Link<br \/>\nTS is the fully compatible successor of the existing TFP series<\/b><\/p>\n<ul>\n<li>Flex hybrid technology with a digital and analog interface (IO-Link + 4\u202620 mA)<\/li>\n<li>Superior quality level in temperature range, measuring accuracy and temperature resistance<\/li>\n<li>Dual Pt100: The dual RTD sensor enables dual, parallel measurement and thus self-monitoring of sensor performance<\/li>\n<li>Many combinations of single and dual RTD, type Pt100 or Pt1000, and accuracy class A, AA or AAA<\/li>\n<li>One-piece design entirely in stainless steel for maximum long-term stability and application reliability<\/li>\n<li>Consistent modular design for easy individual configuration<\/li>\n<li>Flex-Hybrid technology offers maximum flexibility and future compatibility in new installations<\/li>\n<li>For retrofitting in existing installations, any sensor of the TFP series can be replaced \u2013 with all the additional advantages<\/li>\n<li>A suitable model is always available for replacement of third-party devices<\/li>\n<\/ul>\n<div class=\"priceBox\"><\/div>\n<\/div>\n","protected":false},"featured_media":1531,"comment_status":"open","ping_status":"closed","template":"","meta":[],"product_cat":[120],"product_tag":[],"yoast_head":"<!-- This site is optimized with the Yoast SEO plugin v16.6.1 - https:\/\/yoast.com\/wordpress\/plugins\/seo\/ -->\n<title>TSBF - NEW SKY CO.,LTD<\/title>\n<meta name=\"robots\" content=\"index, follow, max-snippet:-1, max-image-preview:large, max-video-preview:-1\" \/>\n<link rel=\"canonical\" href=\"https:\/\/newskyvn.com\/product\/tsbf\/\" \/>\n<meta property=\"og:locale\" content=\"en_US\" \/>\n<meta property=\"og:type\" content=\"article\" \/>\n<meta property=\"og:title\" content=\"TSBF - NEW SKY CO.,LTD\" \/>\n<meta property=\"og:description\" content=\"[:vi]IO-LINK, C\u1ea2M BI\u1ebeN NHI\u1ec6T \u0110\u1ed8   Lo\u1ea1t c\u1ea3m bi\u1ebfn nh\u1ecf g\u1ecdn c\u1ee7a th\u1ebf h\u1ec7 TS m\u1edbi: c\u1ef1c k\u1ef3 linh ho\u1ea1t, m\u00f4-\u0111un, ng\u01b0\u1eddi d\u00f9ng c\u00f3 th\u1ec3 \u0111\u1ecbnh c\u1ea5u h\u00ecnh \u2502 v\u1edbi IO-Link TS l\u00e0 s\u1ef1 k\u1ebf th\u1eeba ho\u00e0n to\u00e0n t\u01b0\u01a1ng th\u00edch c\u1ee7a chu\u1ed7i TFP hi\u1ec7n c\u00f3  C\u00f4ng ngh\u1ec7 hybrid linh ho\u1ea1t v\u1edbi giao di\u1ec7n k\u1ef9 thu\u1eadt s\u1ed1 v\u00e0 t\u01b0\u01a1ng t\u1ef1 (IO-Link + 4\u2026 20 mA)  M\u1ee9c ch\u1ea5t l\u01b0\u1ee3ng v\u01b0\u1ee3t tr\u1ed9i trong ph\u1ea1m vi nhi\u1ec7t \u0111\u1ed9, \u0111\u1ed9 ch\u00ednh x\u00e1c c\u1ee7a ph\u00e9p \u0111o v\u00e0 kh\u1ea3 n\u0103ng ch\u1ecbu nhi\u1ec7t \u0111\u1ed9  Dual Pt100: C\u1ea3m bi\u1ebfn RTD k\u00e9p cho ph\u00e9p \u0111o song song, k\u00e9p v\u00e0 do \u0111\u00f3 t\u1ef1 gi\u00e1m s\u00e1t hi\u1ec7u su\u1ea5t c\u1ee7a c\u1ea3m bi\u1ebfn  Nhi\u1ec1u s\u1ef1 k\u1ebft h\u1ee3p c\u1ee7a RTD \u0111\u01a1n v\u00e0 k\u00e9p, lo\u1ea1i Pt100 ho\u1eb7c Pt1000, v\u00e0 c\u1ea5p ch\u00ednh x\u00e1c A, AA ho\u1eb7c AAA  Thi\u1ebft k\u1ebf m\u1ed9t m\u1ea3nh ho\u00e0n to\u00e0n b\u1eb1ng th\u00e9p kh\u00f4ng g\u1ec9 cho \u0111\u1ed9 \u1ed5n \u0111\u1ecbnh l\u00e2u d\u00e0i t\u1ed1i \u0111a v\u00e0 \u0111\u1ed9 tin c\u1eady c\u1ee7a \u1ee9ng d\u1ee5ng  Thi\u1ebft k\u1ebf m\u00f4-\u0111un nh\u1ea5t qu\u00e1n \u0111\u1ec3 d\u1ec5 d\u00e0ng c\u1ea5u h\u00ecnh c\u00e1 nh\u00e2n  C\u00f4ng ngh\u1ec7 Flex-Hybrid cung c\u1ea5p t\u00ednh linh ho\u1ea1t t\u1ed1i \u0111a v\u00e0 kh\u1ea3 n\u0103ng t\u01b0\u01a1ng th\u00edch trong t\u01b0\u01a1ng lai trong c\u00e1c c\u00e0i \u0111\u1eb7t m\u1edbi  \u0110\u1ec3 trang b\u1ecb th\u00eam trong c\u00e1c c\u00e0i \u0111\u1eb7t hi\u1ec7n c\u00f3, b\u1ea5t k\u1ef3 c\u1ea3m bi\u1ebfn n\u00e0o c\u1ee7a d\u00f2ng TFP \u0111\u1ec1u c\u00f3 th\u1ec3 \u0111\u01b0\u1ee3c thay th\u1ebf - v\u1edbi t\u1ea5t c\u1ea3 c\u00e1c \u01b0u \u0111i\u1ec3m b\u1ed5 sung  M\u00f4 h\u00ecnh ph\u00f9 h\u1ee3p lu\u00f4n c\u00f3 s\u1eb5n \u0111\u1ec3 thay th\u1ebf c\u00e1c thi\u1ebft b\u1ecb c\u1ee7a b\u00ean th\u1ee9 ba [:en]IO-LINK, TEMPERATURE SENSORS    Compact sensor series of the new TS generation: extremely flexible, modular, user-configurable \u2502 with IO-Link TS is the fully compatible successor of the existing TFP series   Flex hybrid technology with a digital and analog interface (IO-Link + 4\u202620 mA)  Superior quality level in temperature range, measuring accuracy and temperature resistance  Dual Pt100: The dual RTD sensor enables dual, parallel measurement and thus self-monitoring of sensor performance  Many combinations of single and dual RTD, type Pt100 or Pt1000, and accuracy class A, AA or AAA  One-piece design entirely in stainless steel for maximum long-term stability and application reliability  Consistent modular design for easy individual configuration  Flex-Hybrid technology offers maximum flexibility and future compatibility in new installations  For retrofitting in existing installations, any sensor of the TFP series can be replaced \u2013 with all the additional advantages  A suitable model is always available for replacement of third-party devices   [:]\" \/>\n<meta property=\"og:url\" content=\"https:\/\/newskyvn.com\/product\/tsbf\/\" \/>\n<meta property=\"og:site_name\" content=\"NEW SKY CO.,LTD\" \/>\n<meta property=\"article:modified_time\" content=\"2021-09-19T10:47:07+00:00\" \/>\n<meta property=\"og:image\" content=\"https:\/\/newskyvn.com\/wp-content\/uploads\/2021\/09\/TSBS-01.jpg\" \/>\n\t<meta property=\"og:image:width\" content=\"500\" \/>\n\t<meta property=\"og:image:height\" content=\"500\" \/>\n<meta name=\"twitter:card\" content=\"summary_large_image\" \/>\n<meta name=\"twitter:label1\" content=\"Est. reading time\" \/>\n\t<meta name=\"twitter:data1\" content=\"1 minute\" \/>\n<script type=\"application\/ld+json\" class=\"yoast-schema-graph\">{\"@context\":\"https:\/\/schema.org\",\"@graph\":[{\"@type\":\"WebSite\",\"@id\":\"https:\/\/newskyvn.com\/#website\",\"url\":\"https:\/\/newskyvn.com\/\",\"name\":\"NEW SKY CO.,LTD\",\"description\":\"C\\u00f4ng Ty TNHH S\\u1ea3n Xu\\u1ea5t Th\\u01b0\\u01a1ng M\\u1ea1i D\\u1ecbch V\\u1ee5 T\\u00e2n Thi\\u00ean\",\"potentialAction\":[{\"@type\":\"SearchAction\",\"target\":{\"@type\":\"EntryPoint\",\"urlTemplate\":\"https:\/\/newskyvn.com\/?s={search_term_string}\"},\"query-input\":\"required name=search_term_string\"}],\"inLanguage\":\"en-US\"},{\"@type\":\"ImageObject\",\"@id\":\"https:\/\/newskyvn.com\/product\/tsbf\/#primaryimage\",\"inLanguage\":\"en-US\",\"url\":\"https:\/\/newskyvn.com\/wp-content\/uploads\/2021\/09\/TSBS-01.jpg\",\"contentUrl\":\"https:\/\/newskyvn.com\/wp-content\/uploads\/2021\/09\/TSBS-01.jpg\",\"width\":500,\"height\":500},{\"@type\":\"WebPage\",\"@id\":\"https:\/\/newskyvn.com\/product\/tsbf\/#webpage\",\"url\":\"https:\/\/newskyvn.com\/product\/tsbf\/\",\"name\":\"TSBF - NEW SKY CO.,LTD\",\"isPartOf\":{\"@id\":\"https:\/\/newskyvn.com\/#website\"},\"primaryImageOfPage\":{\"@id\":\"https:\/\/newskyvn.com\/product\/tsbf\/#primaryimage\"},\"datePublished\":\"2021-09-19T10:47:06+00:00\",\"dateModified\":\"2021-09-19T10:47:07+00:00\",\"breadcrumb\":{\"@id\":\"https:\/\/newskyvn.com\/product\/tsbf\/#breadcrumb\"},\"inLanguage\":\"en-US\",\"potentialAction\":[{\"@type\":\"ReadAction\",\"target\":[\"https:\/\/newskyvn.com\/product\/tsbf\/\"]}]},{\"@type\":\"BreadcrumbList\",\"@id\":\"https:\/\/newskyvn.com\/product\/tsbf\/#breadcrumb\",\"itemListElement\":[{\"@type\":\"ListItem\",\"position\":1,\"name\":\"Product\",\"item\":\"https:\/\/newskyvn.com\/en\/san-pham\/\"},{\"@type\":\"ListItem\",\"position\":2,\"name\":\"TSBF\"}]}]}<\/script>\n<!-- \/ Yoast SEO plugin. -->","_links":{"self":[{"href":"https:\/\/newskyvn.com\/en\/wp-json\/wp\/v2\/product\/1529"}],"collection":[{"href":"https:\/\/newskyvn.com\/en\/wp-json\/wp\/v2\/product"}],"about":[{"href":"https:\/\/newskyvn.com\/en\/wp-json\/wp\/v2\/types\/product"}],"replies":[{"embeddable":true,"href":"https:\/\/newskyvn.com\/en\/wp-json\/wp\/v2\/comments?post=1529"}],"wp:featuredmedia":[{"embeddable":true,"href":"https:\/\/newskyvn.com\/en\/wp-json\/wp\/v2\/media\/1531"}],"wp:attachment":[{"href":"https:\/\/newskyvn.com\/en\/wp-json\/wp\/v2\/media?parent=1529"}],"wp:term":[{"taxonomy":"product_cat","embeddable":true,"href":"https:\/\/newskyvn.com\/en\/wp-json\/wp\/v2\/product_cat?post=1529"},{"taxonomy":"product_tag","embeddable":true,"href":"https:\/\/newskyvn.com\/en\/wp-json\/wp\/v2\/product_tag?post=1529"}],"curies":[{"name":"wp","href":"https:\/\/api.w.org\/{rel}","templated":true}]}}