{"id":1523,"date":"2021-09-19T09:57:00","date_gmt":"2021-09-19T09:57:00","guid":{"rendered":"https:\/\/newskyvn.com\/?post_type=product&#038;p=1523"},"modified":"2021-09-19T09:57:01","modified_gmt":"2021-09-19T09:57:01","slug":"ha","status":"publish","type":"product","link":"https:\/\/newskyvn.com\/en\/product\/ha\/","title":{"rendered":"HA"},"content":{"rendered":"<p>&nbsp;<\/p>\n<p><span style=\"color: #0000ff;\"><strong>TECHNICAL DATA OF HA\u00a0<\/strong><\/span><\/p>\n<table class=\"tableGrid\" width=\"100%\" cellspacing=\"0\" cellpadding=\"0\">\n<tbody>\n<tr>\n<td>Process Connection<\/td>\n<td>CPM | Mini CPM<\/td>\n<\/tr>\n<tr>\n<td>Wetted material<\/td>\n<td>Stainless steel 1.4404 (316L) Ra\u22640,8 \u03bcm | Diaphragm 1.4435 (316L)Ra\u22640,8 \u03bcm<\/td>\n<\/tr>\n<tr>\n<td>Measuring range<\/td>\n<td>0\/2&#8230;0\/10 | -1\/0\/1&#8230;-1\/0\/7 BAR<\/td>\n<\/tr>\n<tr>\n<td>Accuracy<\/td>\n<td>\u00b10.5% of end value<\/td>\n<\/tr>\n<tr>\n<td>Available versions<\/td>\n<td>Compact<\/td>\n<\/tr>\n<tr>\n<td>Temperature range process<\/td>\n<td>0\u2026150 \u00b0C<\/td>\n<\/tr>\n<tr>\n<td>Temperature range CIP\/SIP<\/td>\n<td>150 \u00b0C continuous<\/td>\n<\/tr>\n<tr>\n<td>Communication<\/td>\n<td>4\u202620 mA<\/td>\n<\/tr>\n<tr>\n<td><\/td>\n<td><\/td>\n<\/tr>\n<tr>\n<td colspan=\"2\">The values shown are the performance limits within the product line. The product-specific data for each individual configuration can be obtained from the product information<\/td>\n<\/tr>\n<\/tbody>\n<\/table>\n<p><\/p>","protected":false},"excerpt":{"rendered":"<p>Compact Pressure sensor for pressure measurement in small pipes from 1\/4\u2033 on and vessels with process temperatures up to 150 \u00b0C (302\u00b0F))<\/p>\n<ul>\n<li>Dead-leg free, front-flush pressure measurement with aseptic CPM process connection<\/li>\n<li>Robust and durable \u2013 even at process temperatures up to 150 \u00b0C<\/li>\n<li>Intrinsically safe (UL class 1)<\/li>\n<li>Easy adjustment of zero and span<\/li>\n<li>High accuracy due to short response time &lt; 200 \u03bcs<\/li>\n<li>In combination with CPM system suitable for small pipe diameters from 1\/4\u2033on<\/li>\n<li>Product contact surfaces electropolished, Ra &lt; = 0,2 \u03bcm<\/li>\n<\/ul>\n<p>Know more about different types of hygienic\u00a0<a href=\"https:\/\/www.anderson-negele.com\/in\/pressure-sensors\/\">Pressure Sensors<\/a>\u00a0by Anderson-Negele.<\/p>\n","protected":false},"featured_media":1525,"comment_status":"open","ping_status":"closed","template":"","meta":[],"product_cat":[120],"product_tag":[],"yoast_head":"<!-- This site is optimized with the Yoast SEO plugin v16.6.1 - https:\/\/yoast.com\/wordpress\/plugins\/seo\/ -->\n<title>HA - NEW SKY CO.,LTD<\/title>\n<meta name=\"robots\" content=\"index, follow, max-snippet:-1, max-image-preview:large, max-video-preview:-1\" \/>\n<link rel=\"canonical\" href=\"https:\/\/newskyvn.com\/product\/ha\/\" \/>\n<meta property=\"og:locale\" content=\"en_US\" \/>\n<meta property=\"og:type\" content=\"article\" \/>\n<meta property=\"og:title\" content=\"HA - NEW SKY CO.,LTD\" \/>\n<meta property=\"og:description\" content=\"[:vi]C\u1ea3m bi\u1ebfn \u00e1p su\u1ea5t nh\u1ecf g\u1ecdn \u0111\u1ec3 \u0111o \u00e1p su\u1ea5t trong c\u00e1c \u0111\u01b0\u1eddng \u1ed1ng nh\u1ecf t\u1eeb 1\/4 inch tr\u1edf l\u00ean v\u00e0 c\u00e1c b\u00ecnh c\u00f3 nhi\u1ec7t \u0111\u1ed9 x\u1eed l\u00fd l\u00ean \u0111\u1ebfn 150 \u00b0 C (302 \u00b0 F))  \u0110o \u00e1p su\u1ea5t m\u1eb7t tr\u01b0\u1edbc, kh\u00f4ng c\u00f3 ch\u00e2n ch\u1ebft v\u1edbi k\u1ebft n\u1ed1i quy tr\u00ecnh CPM v\u00f4 tr\u00f9ng M\u1ea1nh m\u1ebd v\u00e0 b\u1ec1n - ngay c\u1ea3 \u1edf nhi\u1ec7t \u0111\u1ed9 qu\u00e1 tr\u00ecnh l\u00ean \u0111\u1ebfn 150 \u00b0 C An to\u00e0n n\u1ed9i t\u1ea1i (UL l\u1edbp 1) D\u1ec5 d\u00e0ng \u0111i\u1ec1u ch\u1ec9nh s\u1ed1 kh\u00f4ng v\u00e0 kho\u1ea3ng c\u00e1ch \u0110\u1ed9 ch\u00ednh x\u00e1c cao do th\u1eddi gian \u0111\u00e1p \u1ee9ng ng\u1eafn &lt;200 \u03bcs K\u1ebft h\u1ee3p v\u1edbi h\u1ec7 th\u1ed1ng CPM ph\u00f9 h\u1ee3p v\u1edbi \u0111\u01b0\u1eddng k\u00ednh \u1ed1ng nh\u1ecf t\u1eeb 1\/4 \u2033 tr\u1edf l\u00ean B\u1ec1 m\u1eb7t ti\u1ebfp x\u00fac v\u1edbi s\u1ea3n ph\u1ea9m \u0111\u01b0\u1ee3c m\u1ea1 \u0111i\u1ec7n, Ra &lt;= 0,2 \u03bcm T\u00ecm hi\u1ec3u th\u00eam v\u1ec1 c\u00e1c lo\u1ea1i C\u1ea3m bi\u1ebfn \u00e1p su\u1ea5t h\u1ee3p v\u1ec7 sinh c\u1ee7a Anderson-Negele.[:en]Compact Pressure sensor for pressure measurement in small pipes from 1\/4\u2033 on and vessels with process temperatures up to 150 \u00b0C (302\u00b0F))   Dead-leg free, front-flush pressure measurement with aseptic CPM process connection  Robust and durable \u2013 even at process temperatures up to 150 \u00b0C  Intrinsically safe (UL class 1)  Easy adjustment of zero and span  High accuracy due to short response time &lt; 200 \u03bcs  In combination with CPM system suitable for small pipe diameters from 1\/4\u2033on  Product contact surfaces electropolished, Ra &lt; = 0,2 \u03bcm  Know more about different types of hygienic\u00a0Pressure Sensors\u00a0by Anderson-Negele.[:]\" \/>\n<meta property=\"og:url\" content=\"https:\/\/newskyvn.com\/product\/ha\/\" \/>\n<meta property=\"og:site_name\" content=\"NEW SKY CO.,LTD\" \/>\n<meta property=\"article:modified_time\" content=\"2021-09-19T09:57:01+00:00\" \/>\n<meta property=\"og:image\" content=\"https:\/\/newskyvn.com\/wp-content\/uploads\/2021\/09\/ha-mini-cpm.jpg\" \/>\n\t<meta property=\"og:image:width\" content=\"500\" \/>\n\t<meta property=\"og:image:height\" content=\"500\" \/>\n<meta name=\"twitter:card\" content=\"summary_large_image\" \/>\n<meta name=\"twitter:label1\" content=\"Est. reading time\" \/>\n\t<meta name=\"twitter:data1\" content=\"1 minute\" \/>\n<script type=\"application\/ld+json\" class=\"yoast-schema-graph\">{\"@context\":\"https:\/\/schema.org\",\"@graph\":[{\"@type\":\"WebSite\",\"@id\":\"https:\/\/newskyvn.com\/#website\",\"url\":\"https:\/\/newskyvn.com\/\",\"name\":\"NEW SKY CO.,LTD\",\"description\":\"C\\u00f4ng Ty TNHH S\\u1ea3n Xu\\u1ea5t Th\\u01b0\\u01a1ng M\\u1ea1i D\\u1ecbch V\\u1ee5 T\\u00e2n Thi\\u00ean\",\"potentialAction\":[{\"@type\":\"SearchAction\",\"target\":{\"@type\":\"EntryPoint\",\"urlTemplate\":\"https:\/\/newskyvn.com\/?s={search_term_string}\"},\"query-input\":\"required name=search_term_string\"}],\"inLanguage\":\"en-US\"},{\"@type\":\"ImageObject\",\"@id\":\"https:\/\/newskyvn.com\/product\/ha\/#primaryimage\",\"inLanguage\":\"en-US\",\"url\":\"https:\/\/newskyvn.com\/wp-content\/uploads\/2021\/09\/ha-mini-cpm.jpg\",\"contentUrl\":\"https:\/\/newskyvn.com\/wp-content\/uploads\/2021\/09\/ha-mini-cpm.jpg\",\"width\":500,\"height\":500},{\"@type\":\"WebPage\",\"@id\":\"https:\/\/newskyvn.com\/product\/ha\/#webpage\",\"url\":\"https:\/\/newskyvn.com\/product\/ha\/\",\"name\":\"HA - NEW SKY CO.,LTD\",\"isPartOf\":{\"@id\":\"https:\/\/newskyvn.com\/#website\"},\"primaryImageOfPage\":{\"@id\":\"https:\/\/newskyvn.com\/product\/ha\/#primaryimage\"},\"datePublished\":\"2021-09-19T09:57:00+00:00\",\"dateModified\":\"2021-09-19T09:57:01+00:00\",\"breadcrumb\":{\"@id\":\"https:\/\/newskyvn.com\/product\/ha\/#breadcrumb\"},\"inLanguage\":\"en-US\",\"potentialAction\":[{\"@type\":\"ReadAction\",\"target\":[\"https:\/\/newskyvn.com\/product\/ha\/\"]}]},{\"@type\":\"BreadcrumbList\",\"@id\":\"https:\/\/newskyvn.com\/product\/ha\/#breadcrumb\",\"itemListElement\":[{\"@type\":\"ListItem\",\"position\":1,\"name\":\"Product\",\"item\":\"https:\/\/newskyvn.com\/en\/san-pham\/\"},{\"@type\":\"ListItem\",\"position\":2,\"name\":\"HA\"}]}]}<\/script>\n<!-- \/ Yoast SEO plugin. -->","_links":{"self":[{"href":"https:\/\/newskyvn.com\/en\/wp-json\/wp\/v2\/product\/1523"}],"collection":[{"href":"https:\/\/newskyvn.com\/en\/wp-json\/wp\/v2\/product"}],"about":[{"href":"https:\/\/newskyvn.com\/en\/wp-json\/wp\/v2\/types\/product"}],"replies":[{"embeddable":true,"href":"https:\/\/newskyvn.com\/en\/wp-json\/wp\/v2\/comments?post=1523"}],"wp:featuredmedia":[{"embeddable":true,"href":"https:\/\/newskyvn.com\/en\/wp-json\/wp\/v2\/media\/1525"}],"wp:attachment":[{"href":"https:\/\/newskyvn.com\/en\/wp-json\/wp\/v2\/media?parent=1523"}],"wp:term":[{"taxonomy":"product_cat","embeddable":true,"href":"https:\/\/newskyvn.com\/en\/wp-json\/wp\/v2\/product_cat?post=1523"},{"taxonomy":"product_tag","embeddable":true,"href":"https:\/\/newskyvn.com\/en\/wp-json\/wp\/v2\/product_tag?post=1523"}],"curies":[{"name":"wp","href":"https:\/\/api.w.org\/{rel}","templated":true}]}}