{"id":1517,"date":"2021-09-19T09:51:39","date_gmt":"2021-09-19T09:51:39","guid":{"rendered":"https:\/\/newskyvn.com\/?post_type=product&#038;p=1517"},"modified":"2021-09-19T09:51:39","modified_gmt":"2021-09-19T09:51:39","slug":"dan-hh","status":"publish","type":"product","link":"https:\/\/newskyvn.com\/en\/product\/dan-hh\/","title":{"rendered":"DAN-HH"},"content":{"rendered":"<p>&nbsp;<\/p>\n<p><span style=\"color: #0000ff;\"><strong>TECHNICAL DATA OF DAN-HH\u00a0<\/strong><\/span><\/p>\n<table class=\"tableGrid\" width=\"100%\" cellspacing=\"0\" cellpadding=\"0\">\n<tbody>\n<tr>\n<td>Process Connection<\/td>\n<td>Tri-Clamp | CLEANadapt G1&#8243;<\/td>\n<\/tr>\n<tr>\n<td>Wetted material<\/td>\n<td>Stainless steel 1.4404 (316L) Ra\u22640,6 \u03bcm<\/td>\n<\/tr>\n<tr>\n<td>Measuring range<\/td>\n<td>-1\u202613 Relative | 0\u202634 Relative | 0\u202620 Absolute<\/td>\n<\/tr>\n<tr>\n<td>Accuracy<\/td>\n<td>\u00b10.5% of end value<\/td>\n<\/tr>\n<tr>\n<td>Available versions<\/td>\n<td>Compact<\/td>\n<\/tr>\n<tr>\n<td>Temperature range process<\/td>\n<td>0\u2026150 \u00b0C<\/td>\n<\/tr>\n<tr>\n<td>Temperature range CIP\/SIP<\/td>\n<td>150 \u00b0C continuous<\/td>\n<\/tr>\n<tr>\n<td>Communication<\/td>\n<td>4\u202620 mA<\/td>\n<\/tr>\n<tr>\n<td><\/td>\n<td><\/td>\n<\/tr>\n<tr>\n<td colspan=\"2\">The values shown are the performance limits within the product line. The product-specific data for each individual configuration can be obtained from the product information<\/td>\n<\/tr>\n<\/tbody>\n<\/table>\n<p><\/p>","protected":false},"excerpt":{"rendered":"<p>Compact sensor for process pressure measurement in pipes and vessels<\/p>\n<ul>\n<li>Robust and durable \u2013 even at process temperatures up to 150 \u00b0C<\/li>\n<li>Housing completely resistant to cleaning chemicals<\/li>\n<li>Short response time: 200 \u03bcs<\/li>\n<li>Available as absolute or relative pressure transmitter<\/li>\n<li>Easy adjustment of zero and span<\/li>\n<li>Compact design, stainless steel diaphragm 316L,<\/li>\n<li>Without display<\/li>\n<li>Process connections hygienic thread G1\u2033\u201d (CLEANadapt), Tri-Clamp 1,5\u2033\u201d or 2\u2033\u201d<\/li>\n<\/ul>\n","protected":false},"featured_media":1519,"comment_status":"open","ping_status":"closed","template":"","meta":[],"product_cat":[120],"product_tag":[],"yoast_head":"<!-- This site is optimized with the Yoast SEO plugin v16.6.1 - https:\/\/yoast.com\/wordpress\/plugins\/seo\/ -->\n<title>DAN-HH - NEW SKY CO.,LTD<\/title>\n<meta name=\"robots\" content=\"index, follow, max-snippet:-1, max-image-preview:large, max-video-preview:-1\" \/>\n<link rel=\"canonical\" href=\"https:\/\/newskyvn.com\/product\/dan-hh\/\" \/>\n<meta property=\"og:locale\" content=\"en_US\" \/>\n<meta property=\"og:type\" content=\"article\" \/>\n<meta property=\"og:title\" content=\"DAN-HH - NEW SKY CO.,LTD\" \/>\n<meta property=\"og:description\" content=\"[:vi]C\u1ea3m bi\u1ebfn nh\u1ecf g\u1ecdn \u0111\u1ec3 \u0111o \u00e1p su\u1ea5t qu\u00e1 tr\u00ecnh trong \u0111\u01b0\u1eddng \u1ed1ng v\u00e0 b\u00ecnh  M\u1ea1nh m\u1ebd v\u00e0 b\u1ec1n - ngay c\u1ea3 \u1edf nhi\u1ec7t \u0111\u1ed9 qu\u00e1 tr\u00ecnh l\u00ean \u0111\u1ebfn 150 \u00b0 C V\u1ecf ho\u00e0n to\u00e0n ch\u1ed1ng h\u00f3a ch\u1ea5t t\u1ea9y r\u1eeda Th\u1eddi gian ph\u1ea3n h\u1ed3i ng\u1eafn: 200 \u03bcs C\u00f3 s\u1eb5n d\u01b0\u1edbi d\u1ea1ng m\u00e1y ph\u00e1t \u00e1p su\u1ea5t tuy\u1ec7t \u0111\u1ed1i ho\u1eb7c t\u01b0\u01a1ng \u0111\u1ed1i D\u1ec5 d\u00e0ng \u0111i\u1ec1u ch\u1ec9nh s\u1ed1 kh\u00f4ng v\u00e0 kho\u1ea3ng c\u00e1ch Thi\u1ebft k\u1ebf nh\u1ecf g\u1ecdn, m\u00e0ng ch\u1eafn b\u1eb1ng th\u00e9p kh\u00f4ng g\u1ec9 316L, Kh\u00f4ng c\u00f3 m\u00e0n h\u00ecnh X\u1eed l\u00fd k\u1ebft n\u1ed1i ren v\u1ec7 sinh G1 \u2033 \u201d(CLEANadapt), Tri-Clamp 1,5 \u2033\u201d ho\u1eb7c 2 \u2033 \u201d[:en]Compact sensor for process pressure measurement in pipes and vessels   Robust and durable \u2013 even at process temperatures up to 150 \u00b0C  Housing completely resistant to cleaning chemicals  Short response time: 200 \u03bcs  Available as absolute or relative pressure transmitter  Easy adjustment of zero and span  Compact design, stainless steel diaphragm 316L,  Without display  Process connections hygienic thread G1\u2033\u201d (CLEANadapt), Tri-Clamp 1,5\u2033\u201d or 2\u2033\u201d [:]\" \/>\n<meta property=\"og:url\" content=\"https:\/\/newskyvn.com\/product\/dan-hh\/\" \/>\n<meta property=\"og:site_name\" content=\"NEW SKY CO.,LTD\" \/>\n<meta property=\"og:image\" content=\"https:\/\/newskyvn.com\/wp-content\/uploads\/2021\/09\/DAN-HH_EMZ_F-Trans292x600.png\" \/>\n\t<meta property=\"og:image:width\" content=\"500\" \/>\n\t<meta property=\"og:image:height\" content=\"500\" \/>\n<meta name=\"twitter:card\" content=\"summary_large_image\" \/>\n<meta name=\"twitter:label1\" content=\"Est. reading time\" \/>\n\t<meta name=\"twitter:data1\" content=\"1 minute\" \/>\n<script type=\"application\/ld+json\" class=\"yoast-schema-graph\">{\"@context\":\"https:\/\/schema.org\",\"@graph\":[{\"@type\":\"WebSite\",\"@id\":\"https:\/\/newskyvn.com\/#website\",\"url\":\"https:\/\/newskyvn.com\/\",\"name\":\"NEW SKY CO.,LTD\",\"description\":\"C\\u00f4ng Ty TNHH S\\u1ea3n Xu\\u1ea5t Th\\u01b0\\u01a1ng M\\u1ea1i D\\u1ecbch V\\u1ee5 T\\u00e2n Thi\\u00ean\",\"potentialAction\":[{\"@type\":\"SearchAction\",\"target\":{\"@type\":\"EntryPoint\",\"urlTemplate\":\"https:\/\/newskyvn.com\/?s={search_term_string}\"},\"query-input\":\"required name=search_term_string\"}],\"inLanguage\":\"en-US\"},{\"@type\":\"ImageObject\",\"@id\":\"https:\/\/newskyvn.com\/product\/dan-hh\/#primaryimage\",\"inLanguage\":\"en-US\",\"url\":\"https:\/\/newskyvn.com\/wp-content\/uploads\/2021\/09\/DAN-HH_EMZ_F-Trans292x600.png\",\"contentUrl\":\"https:\/\/newskyvn.com\/wp-content\/uploads\/2021\/09\/DAN-HH_EMZ_F-Trans292x600.png\",\"width\":500,\"height\":500},{\"@type\":\"WebPage\",\"@id\":\"https:\/\/newskyvn.com\/product\/dan-hh\/#webpage\",\"url\":\"https:\/\/newskyvn.com\/product\/dan-hh\/\",\"name\":\"DAN-HH - NEW SKY CO.,LTD\",\"isPartOf\":{\"@id\":\"https:\/\/newskyvn.com\/#website\"},\"primaryImageOfPage\":{\"@id\":\"https:\/\/newskyvn.com\/product\/dan-hh\/#primaryimage\"},\"datePublished\":\"2021-09-19T09:51:39+00:00\",\"dateModified\":\"2021-09-19T09:51:39+00:00\",\"breadcrumb\":{\"@id\":\"https:\/\/newskyvn.com\/product\/dan-hh\/#breadcrumb\"},\"inLanguage\":\"en-US\",\"potentialAction\":[{\"@type\":\"ReadAction\",\"target\":[\"https:\/\/newskyvn.com\/product\/dan-hh\/\"]}]},{\"@type\":\"BreadcrumbList\",\"@id\":\"https:\/\/newskyvn.com\/product\/dan-hh\/#breadcrumb\",\"itemListElement\":[{\"@type\":\"ListItem\",\"position\":1,\"name\":\"Product\",\"item\":\"https:\/\/newskyvn.com\/en\/san-pham\/\"},{\"@type\":\"ListItem\",\"position\":2,\"name\":\"DAN-HH\"}]}]}<\/script>\n<!-- \/ Yoast SEO plugin. -->","_links":{"self":[{"href":"https:\/\/newskyvn.com\/en\/wp-json\/wp\/v2\/product\/1517"}],"collection":[{"href":"https:\/\/newskyvn.com\/en\/wp-json\/wp\/v2\/product"}],"about":[{"href":"https:\/\/newskyvn.com\/en\/wp-json\/wp\/v2\/types\/product"}],"replies":[{"embeddable":true,"href":"https:\/\/newskyvn.com\/en\/wp-json\/wp\/v2\/comments?post=1517"}],"wp:featuredmedia":[{"embeddable":true,"href":"https:\/\/newskyvn.com\/en\/wp-json\/wp\/v2\/media\/1519"}],"wp:attachment":[{"href":"https:\/\/newskyvn.com\/en\/wp-json\/wp\/v2\/media?parent=1517"}],"wp:term":[{"taxonomy":"product_cat","embeddable":true,"href":"https:\/\/newskyvn.com\/en\/wp-json\/wp\/v2\/product_cat?post=1517"},{"taxonomy":"product_tag","embeddable":true,"href":"https:\/\/newskyvn.com\/en\/wp-json\/wp\/v2\/product_tag?post=1517"}],"curies":[{"name":"wp","href":"https:\/\/api.w.org\/{rel}","templated":true}]}}