{"id":1513,"date":"2021-09-19T09:40:15","date_gmt":"2021-09-19T09:40:15","guid":{"rendered":"https:\/\/newskyvn.com\/?post_type=product&#038;p=1513"},"modified":"2021-09-19T09:40:15","modified_gmt":"2021-09-19T09:40:15","slug":"d3","status":"publish","type":"product","link":"https:\/\/newskyvn.com\/en\/product\/d3\/","title":{"rendered":"D3"},"content":{"rendered":"<p>&nbsp;<\/p>\n<p><span style=\"color: #0000ff;\"><strong>TECHNICAL DATA D3<\/strong><\/span><\/p>\n<table class=\"tableGrid\" width=\"100%\" cellspacing=\"0\" cellpadding=\"0\">\n<tbody>\n<tr>\n<td>Process Connection<\/td>\n<td>CLEANadapt | Dairy flange | DRD | SMS Liner | Tri-Clamp | CPM | Endress &amp; Hauser Universal<\/td>\n<\/tr>\n<tr>\n<td>Wetted material<\/td>\n<td>Stainless steel 1.4404 (316L) Ra\u22640,8 \u03bcm | Diaphragm Stainless steel 1.4404 (316L), Ra\u22640,64 \u03bcm<\/td>\n<\/tr>\n<tr>\n<td>Measuring range<\/td>\n<td>0\u20260.4 | -1\u20262 | -1\u20267 | -1\u202635 bar<\/td>\n<\/tr>\n<tr>\n<td>Accuracy<\/td>\n<td>\u00b1 0.15% of the calibrated range<\/td>\n<\/tr>\n<tr>\n<td>Available versions<\/td>\n<td>Compact | Remote<\/td>\n<\/tr>\n<tr>\n<td>Temperature range process<\/td>\n<td>-18\u2026110 \u00b0C<\/td>\n<\/tr>\n<tr>\n<td>Temperature range CIP\/SIP<\/td>\n<td>135 \u00b0C \/ max. 60 min.<\/td>\n<\/tr>\n<tr>\n<td>Communication<\/td>\n<td>4\u202620 mA | HART 7.0<\/td>\n<\/tr>\n<tr>\n<td><\/td>\n<td><\/td>\n<\/tr>\n<tr>\n<td colspan=\"2\">The values shown are the performance limits within the product line. The product-specific data for each individual configuration can be obtained from the product information<\/td>\n<\/tr>\n<\/tbody>\n<\/table>\n<p><\/p>","protected":false},"excerpt":{"rendered":"<p><b><strong>Differential pressure<\/strong>\u00a0measurement in\u00a0<strong>pressurized tanks, differential pressure<\/strong>\u00a0measurement for\u00a0<strong>filter monitoring<\/strong>.<\/b><\/p>\n<ul>\n<li>Parallel display of differential pressure and head or system pressure in the display and two mA output interfaces<\/li>\n<li>Electronic detection and digital transmission without capillaries<\/li>\n<li>Detection and evaluation of temperature and pressure directly in the sensor stem: Extremely short response time, data output in real time, superior resistance to temperature shocks<\/li>\n<li>Pressure sensor and electronics using digital signaling to avoid negative impact of temperature changes<\/li>\n<li>Simple and reliable remote wire cable avoid frequent recalibration<\/li>\n<li>Improved temperature compensation reduces errors in process temperature changes<\/li>\n<li>Graphical user interface with intuitive settings<\/li>\n<li>Integrated tank linearization and density compensation in the sensor<\/li>\n<li>Integrated pressure compensation: Pressure values for 10 food types are already integrated, others can easily be added<\/li>\n<li>Easy start of operation: \u201cPlug and play\u201d due to intuitive operation and simple selection of pre-defined parameters<\/li>\n<li>Superior efficiency by reduced maintenance, avoidance of downtimes and higher degree of product utilization<\/li>\n<li>Due to the modular design, components of the sensor can be replaced on site<\/li>\n<li>Optionally one or two remote pressure sensors<\/li>\n<li>Predefined and customized tank geometries and product properties adjustable<\/li>\n<li>2x standard 4 \u2026 20mA interfaces incl. HART 7.0 communication<\/li>\n<li>Measuring range from -1 \u2026 35 bar<\/li>\n<li>Total length between two pressure sensors up to 30m<\/li>\n<\/ul>\n<p>&nbsp;<\/p>\n<p><b>Application examples:<\/b><\/p>\n<ul>\n<li>Level measurement in pressurized vessels and tanks<\/li>\n<li>Measurement in breweries lauter tun vessels<\/li>\n<li>Measurement in sterile tanks in dairy<\/li>\n<\/ul>\n","protected":false},"featured_media":1515,"comment_status":"open","ping_status":"closed","template":"","meta":[],"product_cat":[120],"product_tag":[],"yoast_head":"<!-- This site is optimized with the Yoast SEO plugin v16.6.1 - https:\/\/yoast.com\/wordpress\/plugins\/seo\/ -->\n<title>D3 - NEW SKY CO.,LTD<\/title>\n<meta name=\"robots\" content=\"index, follow, max-snippet:-1, max-image-preview:large, max-video-preview:-1\" \/>\n<link rel=\"canonical\" href=\"https:\/\/newskyvn.com\/product\/d3\/\" \/>\n<meta property=\"og:locale\" content=\"en_US\" \/>\n<meta property=\"og:type\" content=\"article\" \/>\n<meta property=\"og:title\" content=\"D3 - NEW SKY CO.,LTD\" \/>\n<meta property=\"og:description\" content=\"[:vi]\u0110o ch\u00eanh \u00e1p trong b\u00ecnh t\u00edch \u00e1p, \u0111o ch\u00eanh \u00e1p \u0111\u1ec3 gi\u00e1m s\u00e1t b\u1ed9 l\u1ecdc.  Hi\u1ec3n th\u1ecb song song \u00e1p su\u1ea5t ch\u00eanh l\u1ec7ch v\u00e0 \u00e1p su\u1ea5t \u0111\u1ea7u ho\u1eb7c \u00e1p su\u1ea5t h\u1ec7 th\u1ed1ng trong m\u00e0n h\u00ecnh v\u00e0 hai giao di\u1ec7n \u0111\u1ea7u ra mA Ph\u00e1t hi\u1ec7n \u0111i\u1ec7n t\u1eed v\u00e0 truy\u1ec1n k\u1ef9 thu\u1eadt s\u1ed1 kh\u00f4ng c\u00f3 mao m\u1ea1ch Ph\u00e1t hi\u1ec7n v\u00e0 \u0111\u00e1nh gi\u00e1 nhi\u1ec7t \u0111\u1ed9 v\u00e0 \u00e1p su\u1ea5t tr\u1ef1c ti\u1ebfp trong th\u00e2n c\u1ea3m bi\u1ebfn: Th\u1eddi gian ph\u1ea3n h\u1ed3i c\u1ef1c ng\u1eafn, xu\u1ea5t d\u1eef li\u1ec7u trong th\u1eddi gian th\u1ef1c, kh\u1ea3 n\u0103ng ch\u1ed1ng s\u1ed1c nhi\u1ec7t \u0111\u1ed9 v\u01b0\u1ee3t tr\u1ed9i C\u1ea3m bi\u1ebfn \u00e1p su\u1ea5t v\u00e0 thi\u1ebft b\u1ecb \u0111i\u1ec7n t\u1eed s\u1eed d\u1ee5ng t\u00edn hi\u1ec7u k\u1ef9 thu\u1eadt s\u1ed1 \u0111\u1ec3 tr\u00e1nh t\u00e1c \u0111\u1ed9ng ti\u00eau c\u1ef1c c\u1ee7a s\u1ef1 thay \u0111\u1ed5i nhi\u1ec7t \u0111\u1ed9 C\u00e1p d\u00e2y t\u1eeb xa \u0111\u01a1n gi\u1ea3n v\u00e0 \u0111\u00e1ng tin c\u1eady tr\u00e1nh hi\u1ec7u chu\u1ea9n l\u1ea1i th\u01b0\u1eddng xuy\u00ean C\u1ea3i thi\u1ec7n b\u00f9 nhi\u1ec7t \u0111\u1ed9 gi\u00fap gi\u1ea3m l\u1ed7i trong qu\u00e1 tr\u00ecnh thay \u0111\u1ed5i nhi\u1ec7t \u0111\u1ed9 Giao di\u1ec7n ng\u01b0\u1eddi d\u00f9ng \u0111\u1ed3 h\u1ecda v\u1edbi c\u00e1c c\u00e0i \u0111\u1eb7t tr\u1ef1c quan T\u00edch h\u1ee3p tuy\u1ebfn t\u00ednh h\u00f3a b\u1ec3 ch\u1ee9a v\u00e0 b\u00f9 m\u1eadt \u0111\u1ed9 trong c\u1ea3m bi\u1ebfn T\u00edch h\u1ee3p b\u00f9 \u00e1p su\u1ea5t: Gi\u00e1 tr\u1ecb \u00e1p su\u1ea5t cho 10 lo\u1ea1i th\u1ef1c ph\u1ea9m \u0111\u00e3 \u0111\u01b0\u1ee3c t\u00edch h\u1ee3p s\u1eb5n, nh\u1eefng gi\u00e1 tr\u1ecb kh\u00e1c c\u00f3 th\u1ec3 d\u1ec5 d\u00e0ng \u0111\u01b0\u1ee3c th\u00eam v\u00e0o B\u1eaft \u0111\u1ea7u ho\u1ea1t \u0111\u1ed9ng d\u1ec5 d\u00e0ng: \u201cC\u1eafm v\u00e0 ch\u1ea1y\u201d do ho\u1ea1t \u0111\u1ed9ng tr\u1ef1c quan v\u00e0 l\u1ef1a ch\u1ecdn \u0111\u01a1n gi\u1ea3n c\u00e1c th\u00f4ng s\u1ed1 \u0111\u01b0\u1ee3c x\u00e1c \u0111\u1ecbnh tr\u01b0\u1edbc Hi\u1ec7u qu\u1ea3 v\u01b0\u1ee3t tr\u1ed9i b\u1eb1ng c\u00e1ch gi\u1ea3m thi\u1ec3u b\u1ea3o tr\u00ec, tr\u00e1nh th\u1eddi gian ng\u1eebng ho\u1ea1t \u0111\u1ed9ng v\u00e0 m\u1ee9c \u0111\u1ed9 s\u1eed d\u1ee5ng s\u1ea3n ph\u1ea9m cao h\u01a1n Do thi\u1ebft k\u1ebf m\u00f4-\u0111un, c\u00e1c th\u00e0nh ph\u1ea7n c\u1ee7a c\u1ea3m bi\u1ebfn c\u00f3 th\u1ec3 \u0111\u01b0\u1ee3c thay th\u1ebf t\u1ea1i ch\u1ed7 T\u00f9y ch\u1ecdn m\u1ed9t ho\u1eb7c hai c\u1ea3m bi\u1ebfn \u00e1p su\u1ea5t t\u1eeb \u200b\u200bxa H\u00ecnh d\u1ea1ng b\u1ec3 ch\u1ee9a \u0111\u01b0\u1ee3c x\u00e1c \u0111\u1ecbnh tr\u01b0\u1edbc v\u00e0 t\u00f9y ch\u1ec9nh c\u0169ng nh\u01b0 thu\u1ed9c t\u00ednh s\u1ea3n ph\u1ea9m c\u00f3 th\u1ec3 \u0111i\u1ec1u ch\u1ec9nh 2x ti\u00eau chu\u1ea9n 4\u2026 20mA giao di\u1ec7n bao g\u1ed3m. Giao ti\u1ebfp HART 7.0 Ph\u1ea1m vi \u0111o t\u1eeb -1\u2026 35 bar T\u1ed5ng chi\u1ec1u d\u00e0i gi\u1eefa hai c\u1ea3m bi\u1ebfn \u00e1p su\u1ea5t l\u00ean \u0111\u1ebfn 30m V\u00ed d\u1ee5 \u1ee9ng d\u1ee5ng:  \u0110o m\u1ee9c trong b\u00ecnh v\u00e0 b\u1ec3 ch\u1ee9a \u0111i\u1ec1u \u00e1p \u0110o l\u01b0\u1eddng trong nh\u00e0 m\u00e1y bia lauter tun t\u00e0u Ph\u00e9p \u0111o trong b\u1ec3 v\u00f4 tr\u00f9ng trong s\u1eefa[:en]Differential pressure\u00a0measurement in\u00a0pressurized tanks, differential pressure\u00a0measurement for\u00a0filter monitoring.   Parallel display of differential pressure and head or system pressure in the display and two mA output interfaces  Electronic detection and digital transmission without capillaries  Detection and evaluation of temperature and pressure directly in the sensor stem: Extremely short response time, data output in real time, superior resistance to temperature shocks  Pressure sensor and electronics using digital signaling to avoid negative impact of temperature changes  Simple and reliable remote wire cable avoid frequent recalibration  Improved temperature compensation reduces errors in process temperature changes  Graphical user interface with intuitive settings  Integrated tank linearization and density compensation in the sensor  Integrated pressure compensation: Pressure values for 10 food types are already integrated, others can easily be added  Easy start of operation: \u201cPlug and play\u201d due to intuitive operation and simple selection of pre-defined parameters  Superior efficiency by reduced maintenance, avoidance of downtimes and higher degree of product utilization  Due to the modular design, components of the sensor can be replaced on site  Optionally one or two remote pressure sensors  Predefined and customized tank geometries and product properties adjustable  2x standard 4 \u2026 20mA interfaces incl. HART 7.0 communication  Measuring range from -1 \u2026 35 bar  Total length between two pressure sensors up to 30m  &nbsp;  Application examples:   Level measurement in pressurized vessels and tanks  Measurement in breweries lauter tun vessels  Measurement in sterile tanks in dairy [:]\" \/>\n<meta property=\"og:url\" content=\"https:\/\/newskyvn.com\/product\/d3\/\" \/>\n<meta property=\"og:site_name\" content=\"NEW SKY CO.,LTD\" \/>\n<meta property=\"og:image\" content=\"https:\/\/newskyvn.com\/wp-content\/uploads\/2021\/09\/D3-01.jpg\" \/>\n\t<meta property=\"og:image:width\" content=\"500\" \/>\n\t<meta property=\"og:image:height\" content=\"500\" \/>\n<meta name=\"twitter:card\" content=\"summary_large_image\" \/>\n<meta name=\"twitter:label1\" content=\"Est. reading time\" \/>\n\t<meta name=\"twitter:data1\" content=\"1 minute\" \/>\n<script type=\"application\/ld+json\" class=\"yoast-schema-graph\">{\"@context\":\"https:\/\/schema.org\",\"@graph\":[{\"@type\":\"WebSite\",\"@id\":\"https:\/\/newskyvn.com\/#website\",\"url\":\"https:\/\/newskyvn.com\/\",\"name\":\"NEW SKY CO.,LTD\",\"description\":\"C\\u00f4ng Ty TNHH S\\u1ea3n Xu\\u1ea5t Th\\u01b0\\u01a1ng M\\u1ea1i D\\u1ecbch V\\u1ee5 T\\u00e2n Thi\\u00ean\",\"potentialAction\":[{\"@type\":\"SearchAction\",\"target\":{\"@type\":\"EntryPoint\",\"urlTemplate\":\"https:\/\/newskyvn.com\/?s={search_term_string}\"},\"query-input\":\"required name=search_term_string\"}],\"inLanguage\":\"en-US\"},{\"@type\":\"ImageObject\",\"@id\":\"https:\/\/newskyvn.com\/product\/d3\/#primaryimage\",\"inLanguage\":\"en-US\",\"url\":\"https:\/\/newskyvn.com\/wp-content\/uploads\/2021\/09\/D3-01.jpg\",\"contentUrl\":\"https:\/\/newskyvn.com\/wp-content\/uploads\/2021\/09\/D3-01.jpg\",\"width\":500,\"height\":500},{\"@type\":\"WebPage\",\"@id\":\"https:\/\/newskyvn.com\/product\/d3\/#webpage\",\"url\":\"https:\/\/newskyvn.com\/product\/d3\/\",\"name\":\"D3 - NEW SKY CO.,LTD\",\"isPartOf\":{\"@id\":\"https:\/\/newskyvn.com\/#website\"},\"primaryImageOfPage\":{\"@id\":\"https:\/\/newskyvn.com\/product\/d3\/#primaryimage\"},\"datePublished\":\"2021-09-19T09:40:15+00:00\",\"dateModified\":\"2021-09-19T09:40:15+00:00\",\"breadcrumb\":{\"@id\":\"https:\/\/newskyvn.com\/product\/d3\/#breadcrumb\"},\"inLanguage\":\"en-US\",\"potentialAction\":[{\"@type\":\"ReadAction\",\"target\":[\"https:\/\/newskyvn.com\/product\/d3\/\"]}]},{\"@type\":\"BreadcrumbList\",\"@id\":\"https:\/\/newskyvn.com\/product\/d3\/#breadcrumb\",\"itemListElement\":[{\"@type\":\"ListItem\",\"position\":1,\"name\":\"Product\",\"item\":\"https:\/\/newskyvn.com\/en\/san-pham\/\"},{\"@type\":\"ListItem\",\"position\":2,\"name\":\"D3\"}]}]}<\/script>\n<!-- \/ Yoast SEO plugin. -->","_links":{"self":[{"href":"https:\/\/newskyvn.com\/en\/wp-json\/wp\/v2\/product\/1513"}],"collection":[{"href":"https:\/\/newskyvn.com\/en\/wp-json\/wp\/v2\/product"}],"about":[{"href":"https:\/\/newskyvn.com\/en\/wp-json\/wp\/v2\/types\/product"}],"replies":[{"embeddable":true,"href":"https:\/\/newskyvn.com\/en\/wp-json\/wp\/v2\/comments?post=1513"}],"wp:featuredmedia":[{"embeddable":true,"href":"https:\/\/newskyvn.com\/en\/wp-json\/wp\/v2\/media\/1515"}],"wp:attachment":[{"href":"https:\/\/newskyvn.com\/en\/wp-json\/wp\/v2\/media?parent=1513"}],"wp:term":[{"taxonomy":"product_cat","embeddable":true,"href":"https:\/\/newskyvn.com\/en\/wp-json\/wp\/v2\/product_cat?post=1513"},{"taxonomy":"product_tag","embeddable":true,"href":"https:\/\/newskyvn.com\/en\/wp-json\/wp\/v2\/product_tag?post=1513"}],"curies":[{"name":"wp","href":"https:\/\/api.w.org\/{rel}","templated":true}]}}