{"id":1510,"date":"2021-09-19T09:28:23","date_gmt":"2021-09-19T09:28:23","guid":{"rendered":"https:\/\/newskyvn.com\/?post_type=product&#038;p=1510"},"modified":"2021-09-19T09:44:15","modified_gmt":"2021-09-19T09:44:15","slug":"p42","status":"publish","type":"product","link":"https:\/\/newskyvn.com\/en\/product\/p42\/","title":{"rendered":"P42"},"content":{"rendered":"<p>&nbsp;<\/p>\n<p><span style=\"color: #0000ff;\"><strong>TECHNICAL DATA OF P42<\/strong><\/span><\/p>\n<table class=\"tableGrid\" width=\"100%\" cellspacing=\"0\" cellpadding=\"0\">\n<tbody>\n<tr>\n<td>Process Connection<\/td>\n<td>CLEANadapt | Tri-Clamp | Varivent | Thread<\/td>\n<\/tr>\n<tr>\n<td>Wetted material<\/td>\n<td>Stainless steel 1.4404 (316L) Ra\u22640,8 \u03bcm | Diaphragm 1.4435 (316L)<\/td>\n<\/tr>\n<tr>\n<td>Measuring range<\/td>\n<td>0.2\u202640 bar<\/td>\n<\/tr>\n<tr>\n<td>Accuracy<\/td>\n<td>\u00b10.25% of end value<\/td>\n<\/tr>\n<tr>\n<td>Available versions<\/td>\n<td>Compact<\/td>\n<\/tr>\n<tr>\n<td>Temperature range process<\/td>\n<td>-20\u2026300 \u00b0C<\/td>\n<\/tr>\n<tr>\n<td>Temperature range CIP\/SIP<\/td>\n<td>150 \u00b0C \/ max. 60 min<\/td>\n<\/tr>\n<tr>\n<td>Communication<\/td>\n<td>IO-Link<\/td>\n<\/tr>\n<\/tbody>\n<\/table>\n<p><\/p>","protected":false},"excerpt":{"rendered":"<p><strong>Pressure sensor and transmitter for temperature compensated process control in pipes and level control in vessels | With IO-Link<\/strong><\/p>\n<ul>\n<li style=\"list-style-type: none;\">\n<ul>The P42 enables a fast, precise, and economic pressure measurement for standard requirements in process and level control. Thanks to the digital interface IO-Link commissioning and adjustment are very easy, and the data is transmitted in high accuracy and speed.<\/ul>\n<\/li>\n<\/ul>\n<p>&nbsp;<\/p>\n<ul>\n<li>Compact design, completely in stainless steel<\/li>\n<li>High accuracy with pressures up to 40 bar, overpressure resistance up to 105 bar<\/li>\n<li>Very compact but expremely robust and durable<\/li>\n<li>Absolute, relative or compound pressure range(relative with vaccum)<\/li>\n<li>Individual customization of the measuring accuracy for any application<\/li>\n<li>Process temperature range up to 125 \u00b0C, with optional cooling section up to 300 \u00b0C<\/li>\n<li>Vacuum resistant<\/li>\n<\/ul>\n","protected":false},"featured_media":1512,"comment_status":"open","ping_status":"closed","template":"","meta":[],"product_cat":[120],"product_tag":[],"yoast_head":"<!-- This site is optimized with the Yoast SEO plugin v16.6.1 - https:\/\/yoast.com\/wordpress\/plugins\/seo\/ -->\n<title>P42 - NEW SKY CO.,LTD<\/title>\n<meta name=\"robots\" content=\"index, follow, max-snippet:-1, max-image-preview:large, max-video-preview:-1\" \/>\n<link rel=\"canonical\" href=\"https:\/\/newskyvn.com\/product\/p42\/\" \/>\n<meta property=\"og:locale\" content=\"en_US\" \/>\n<meta property=\"og:type\" content=\"article\" \/>\n<meta property=\"og:title\" content=\"P42 - NEW SKY CO.,LTD\" \/>\n<meta property=\"og:description\" content=\"[:vi]C\u1ea3m bi\u1ebfn \u00e1p su\u1ea5t v\u00e0 b\u1ed9 truy\u1ec1n t\u00edn hi\u1ec7u d\u00f9ng \u0111\u1ec3 \u0111i\u1ec1u khi\u1ec3n qu\u00e1 tr\u00ecnh b\u00f9 nhi\u1ec7t \u0111\u1ed9 trong \u0111\u01b0\u1eddng \u1ed1ng v\u00e0 \u0111i\u1ec1u khi\u1ec3n m\u1ee9c trong b\u00ecnh | V\u1edbi IO-Link  P42 cho ph\u00e9p \u0111o \u00e1p su\u1ea5t nhanh, ch\u00ednh x\u00e1c v\u00e0 kinh t\u1ebf cho c\u00e1c y\u00eau c\u1ea7u ti\u00eau chu\u1ea9n trong qu\u00e1 tr\u00ecnh v\u00e0 ki\u1ec3m so\u00e1t m\u1ee9c. Nh\u1edd giao di\u1ec7n k\u1ef9 thu\u1eadt s\u1ed1 IO-Link, vi\u1ec7c v\u1eadn h\u00e0nh v\u00e0 \u0111i\u1ec1u ch\u1ec9nh r\u1ea5t d\u1ec5 d\u00e0ng, \u0111\u1ed3ng th\u1eddi d\u1eef li\u1ec7u \u0111\u01b0\u1ee3c truy\u1ec1n v\u1edbi \u0111\u1ed9 ch\u00ednh x\u00e1c v\u00e0 t\u1ed1c \u0111\u1ed9 cao. Thi\u1ebft k\u1ebf nh\u1ecf g\u1ecdn, ho\u00e0n to\u00e0n b\u1eb1ng th\u00e9p kh\u00f4ng g\u1ec9 \u0110\u1ed9 ch\u00ednh x\u00e1c cao v\u1edbi \u00e1p su\u1ea5t l\u00ean \u0111\u1ebfn 40 bar, kh\u1ea3 n\u0103ng ch\u1ed1ng qu\u00e1 \u00e1p l\u00ean \u0111\u1ebfn 105 bar R\u1ea5t nh\u1ecf g\u1ecdn nh\u01b0ng c\u1ef1c k\u1ef3 m\u1ea1nh m\u1ebd v\u00e0 b\u1ec1n Ph\u1ea1m vi \u00e1p su\u1ea5t tuy\u1ec7t \u0111\u1ed1i, t\u01b0\u01a1ng \u0111\u1ed1i ho\u1eb7c h\u1ed7n h\u1ee3p (t\u01b0\u01a1ng \u0111\u1ed1i v\u1edbi ch\u00e2n kh\u00f4ng) T\u00f9y ch\u1ec9nh ri\u00eang v\u1ec1 \u0111\u1ed9 ch\u00ednh x\u00e1c c\u1ee7a ph\u00e9p \u0111o cho b\u1ea5t k\u1ef3 \u1ee9ng d\u1ee5ng n\u00e0o Ph\u1ea1m vi nhi\u1ec7t \u0111\u1ed9 quy tr\u00ecnh l\u00ean \u0111\u1ebfn 125 \u00b0 C, v\u1edbi ph\u1ea7n l\u00e0m m\u00e1t t\u00f9y ch\u1ecdn l\u00ean \u0111\u1ebfn 300 \u00b0 C Ch\u1ed1ng ch\u00e2n kh\u00f4ng[:en]Pressure sensor and transmitter for temperature compensated process control in pipes and level control in vessels | With IO-Link    The P42 enables a fast, precise, and economic pressure measurement for standard requirements in process and level control. Thanks to the digital interface IO-Link commissioning and adjustment are very easy, and the data is transmitted in high accuracy and speed.   &nbsp;   Compact design, completely in stainless steel  High accuracy with pressures up to 40 bar, overpressure resistance up to 105 bar  Very compact but expremely robust and durable  Absolute, relative or compound pressure range(relative with vaccum)  Individual customization of the measuring accuracy for any application  Process temperature range up to 125 \u00b0C, with optional cooling section up to 300 \u00b0C  Vacuum resistant [:]\" \/>\n<meta property=\"og:url\" content=\"https:\/\/newskyvn.com\/product\/p42\/\" \/>\n<meta property=\"og:site_name\" content=\"NEW SKY CO.,LTD\" \/>\n<meta property=\"article:modified_time\" content=\"2021-09-19T09:44:15+00:00\" \/>\n<meta property=\"og:image\" content=\"https:\/\/newskyvn.com\/wp-content\/uploads\/2021\/09\/P42.jpg\" \/>\n\t<meta property=\"og:image:width\" content=\"500\" \/>\n\t<meta property=\"og:image:height\" content=\"500\" \/>\n<meta name=\"twitter:card\" content=\"summary_large_image\" \/>\n<meta name=\"twitter:label1\" content=\"Est. reading time\" \/>\n\t<meta name=\"twitter:data1\" content=\"1 minute\" \/>\n<script type=\"application\/ld+json\" class=\"yoast-schema-graph\">{\"@context\":\"https:\/\/schema.org\",\"@graph\":[{\"@type\":\"WebSite\",\"@id\":\"https:\/\/newskyvn.com\/#website\",\"url\":\"https:\/\/newskyvn.com\/\",\"name\":\"NEW SKY CO.,LTD\",\"description\":\"C\\u00f4ng Ty TNHH S\\u1ea3n Xu\\u1ea5t Th\\u01b0\\u01a1ng M\\u1ea1i D\\u1ecbch V\\u1ee5 T\\u00e2n Thi\\u00ean\",\"potentialAction\":[{\"@type\":\"SearchAction\",\"target\":{\"@type\":\"EntryPoint\",\"urlTemplate\":\"https:\/\/newskyvn.com\/?s={search_term_string}\"},\"query-input\":\"required name=search_term_string\"}],\"inLanguage\":\"en-US\"},{\"@type\":\"ImageObject\",\"@id\":\"https:\/\/newskyvn.com\/product\/p42\/#primaryimage\",\"inLanguage\":\"en-US\",\"url\":\"https:\/\/newskyvn.com\/wp-content\/uploads\/2021\/09\/P42.jpg\",\"contentUrl\":\"https:\/\/newskyvn.com\/wp-content\/uploads\/2021\/09\/P42.jpg\",\"width\":500,\"height\":500},{\"@type\":\"WebPage\",\"@id\":\"https:\/\/newskyvn.com\/product\/p42\/#webpage\",\"url\":\"https:\/\/newskyvn.com\/product\/p42\/\",\"name\":\"P42 - NEW SKY CO.,LTD\",\"isPartOf\":{\"@id\":\"https:\/\/newskyvn.com\/#website\"},\"primaryImageOfPage\":{\"@id\":\"https:\/\/newskyvn.com\/product\/p42\/#primaryimage\"},\"datePublished\":\"2021-09-19T09:28:23+00:00\",\"dateModified\":\"2021-09-19T09:44:15+00:00\",\"breadcrumb\":{\"@id\":\"https:\/\/newskyvn.com\/product\/p42\/#breadcrumb\"},\"inLanguage\":\"en-US\",\"potentialAction\":[{\"@type\":\"ReadAction\",\"target\":[\"https:\/\/newskyvn.com\/product\/p42\/\"]}]},{\"@type\":\"BreadcrumbList\",\"@id\":\"https:\/\/newskyvn.com\/product\/p42\/#breadcrumb\",\"itemListElement\":[{\"@type\":\"ListItem\",\"position\":1,\"name\":\"Product\",\"item\":\"https:\/\/newskyvn.com\/en\/san-pham\/\"},{\"@type\":\"ListItem\",\"position\":2,\"name\":\"P42\"}]}]}<\/script>\n<!-- \/ Yoast SEO plugin. -->","_links":{"self":[{"href":"https:\/\/newskyvn.com\/en\/wp-json\/wp\/v2\/product\/1510"}],"collection":[{"href":"https:\/\/newskyvn.com\/en\/wp-json\/wp\/v2\/product"}],"about":[{"href":"https:\/\/newskyvn.com\/en\/wp-json\/wp\/v2\/types\/product"}],"replies":[{"embeddable":true,"href":"https:\/\/newskyvn.com\/en\/wp-json\/wp\/v2\/comments?post=1510"}],"wp:featuredmedia":[{"embeddable":true,"href":"https:\/\/newskyvn.com\/en\/wp-json\/wp\/v2\/media\/1512"}],"wp:attachment":[{"href":"https:\/\/newskyvn.com\/en\/wp-json\/wp\/v2\/media?parent=1510"}],"wp:term":[{"taxonomy":"product_cat","embeddable":true,"href":"https:\/\/newskyvn.com\/en\/wp-json\/wp\/v2\/product_cat?post=1510"},{"taxonomy":"product_tag","embeddable":true,"href":"https:\/\/newskyvn.com\/en\/wp-json\/wp\/v2\/product_tag?post=1510"}],"curies":[{"name":"wp","href":"https:\/\/api.w.org\/{rel}","templated":true}]}}