{"id":1507,"date":"2021-09-19T08:31:23","date_gmt":"2021-09-19T08:31:23","guid":{"rendered":"https:\/\/newskyvn.com\/?post_type=product&#038;p=1507"},"modified":"2024-09-15T12:48:33","modified_gmt":"2024-09-15T12:48:33","slug":"m5","status":"publish","type":"product","link":"https:\/\/newskyvn.com\/en\/product\/m5\/","title":{"rendered":"M5"},"content":{"rendered":"<p>All models are rugged, totally self-contained, and allow the user to benefit from the improved efficiency and quali- ty that goes with pressure monitoring.<\/p>\n<p>The Gefran melt pressure gauge provides reliable, main- tenance-free, localized pressure indication. The small capillary tube filled with a special medium isolates the gauge housing from potential thermal damage.<\/p>\n<p>&nbsp;<\/p>\n<p><span style=\"color: #0000ff;\"><strong>TECHNICAL DATA OF M5\u00a0<\/strong>\u00a0 \u00a0 \u00a0 \u00a0 \u00a0 \u00a0 \u00a0 \u00a0 \u00a0 \u00a0 \u00a0 \u00a0 \u00a0<\/span><\/p>\n<p><strong>\u00a0<\/strong><\/p>\n<table>\n<tbody>\n<tr>\n<td width=\"179\">Nominal Accuracy including Linearity, Repeatability, Hysteresis<\/td>\n<td width=\"149\"><strong>L <\/strong>&lt;\u00b11.0% FSO<\/td>\n<\/tr>\n<tr>\n<td width=\"179\">Measurement Range<\/td>\n<td width=\"149\">0\u2013350 or 0\u2013700 bar<\/p>\n<p>0\u20135000 or 0\u201310000 psi<\/td>\n<\/tr>\n<tr>\n<td width=\"179\">Maximum Overpressure<\/td>\n<td width=\"149\">1.5 x FSO<\/td>\n<\/tr>\n<tr>\n<td width=\"179\">Measurement Principle<\/td>\n<td width=\"149\">Bourdon tube<\/td>\n<\/tr>\n<tr>\n<td width=\"179\">Housing Temperature Range<\/td>\n<td width=\"149\">-30\u201385\u00b0C (-22\u2013185\u00b0F)<\/td>\n<\/tr>\n<tr>\n<td width=\"179\">Maximum Diaphragm Temperature<\/td>\n<td width=\"149\">400\u00b0C (750\u00b0F)<\/td>\n<\/tr>\n<tr>\n<td width=\"179\">Zero drift due to change in process temperature<\/td>\n<td width=\"149\">0.02 bar\/\u00b0C (15 psi\/100\u00b0F )<\/td>\n<\/tr>\n<tr>\n<td width=\"179\">Material In Contact\u00a0\u00a0\u00a0\u00a0\u00a0\u00a0\u00a0\u00a0\u00a0\u00a0\u00a0\u00a0\u00a0\u00a0 Standard with Process Medium<\/td>\n<td width=\"149\">15-5PH SS (GTP+ coated)<\/td>\n<\/tr>\n<tr>\n<td width=\"179\">Thermocouple (model M52)<\/td>\n<td width=\"149\">STD : type \u201cJ\u201d (isolated junction)<\/td>\n<\/tr>\n<\/tbody>\n<\/table>\n<p>FSO = Full Scale Output (output signal at nominal pressure<\/p>","protected":false},"excerpt":{"rendered":"<ul>\n<li>Economically priced<\/li>\n<li>5 times overload capacity<\/li>\n<li>Easy-to-read display<\/li>\n<li>1\/2-20 UNF thread standard, M18 x 5 also available<\/li>\n<li>15-5 PH stainless steel diaphragm with GTP+ coating standard (others available on request)<\/li>\n<li>No power required<\/li>\n<\/ul>\n<p>&nbsp;<\/p>\n<p>&nbsp;<\/p>\n<p><strong>M50\u00a0\u00a0\u00a0 <\/strong>The rigid stem configuration makes installation fast and easy.<\/p>\n<p>&nbsp;<\/p>\n<p><strong>M51\u00a0\u00a0\u00a0 <\/strong>The flexible configuration is designed for applica- tions requiring further thermal isolation or where installation would be otherwise difficult or impractical.<\/p>\n<p>&nbsp;<\/p>\n<p><strong>M52\u00a0\u00a0\u00a0 <\/strong>The pressure\/temperature configuration requires only one mounting hole for the measurement of both process values.<\/p>\n","protected":false},"featured_media":1509,"comment_status":"open","ping_status":"closed","template":"","meta":[],"product_cat":[68,71],"product_tag":[],"yoast_head":"<!-- This site is optimized with the Yoast SEO plugin v16.6.1 - https:\/\/yoast.com\/wordpress\/plugins\/seo\/ -->\n<title>M5 - NEW SKY CO.,LTD<\/title>\n<meta name=\"robots\" content=\"index, follow, max-snippet:-1, max-image-preview:large, max-video-preview:-1\" \/>\n<link rel=\"canonical\" href=\"https:\/\/newskyvn.com\/product\/m5\/\" \/>\n<meta property=\"og:locale\" content=\"en_US\" \/>\n<meta property=\"og:type\" content=\"article\" \/>\n<meta property=\"og:title\" content=\"M5 - NEW SKY CO.,LTD\" \/>\n<meta property=\"og:description\" content=\"[:vi]\u2022 Gi\u00e1 c\u1ea3 kinh t\u1ebf \u2022 Kh\u1ea3 n\u0103ng qu\u00e1 t\u1ea3i g\u1ea5p 1,5 l\u1ea7n \u2022 M\u00e0n h\u00ecnh hi\u1ec3n th\u1ecb d\u1ec5 \u0111\u1ecdc \u2022 Ti\u00eau chu\u1ea9n ren 1 \/ 2-20 UNF, M18 x 1.5 c\u0169ng c\u00f3 s\u1eb5n \u2022 M\u00e0ng ch\u1eafn b\u1eb1ng th\u00e9p kh\u00f4ng g\u1ec9 15-5 PH v\u1edbi ti\u00eau chu\u1ea9n ph\u1ee7 GTP + (c\u00e1c lo\u1ea1i kh\u00e1c c\u00f3 s\u1eb5n theo y\u00eau c\u1ea7u) \u2022 Kh\u00f4ng c\u1ea7n ngu\u1ed3n \u0111i\u1ec7n  M50 C\u1ea5u h\u00ecnh th\u00e2n c\u1ee9ng gi\u00fap c\u00e0i \u0111\u1eb7t nhanh ch\u00f3ng v\u00e0 d\u1ec5 d\u00e0ng.  M51 C\u1ea5u h\u00ecnh linh ho\u1ea1t \u0111\u01b0\u1ee3c thi\u1ebft k\u1ebf cho c\u00e1c \u1ee9ng d\u1ee5ng y\u00eau c\u1ea7u c\u00e1ch ly nhi\u1ec7t h\u01a1n n\u1eefa ho\u1eb7c n\u01a1i m\u00e0 vi\u1ec7c l\u1eafp \u0111\u1eb7t s\u1ebd kh\u00f3 kh\u0103n ho\u1eb7c kh\u00f4ng th\u1ef1c t\u1ebf.  M52 C\u1ea5u h\u00ecnh \u00e1p su\u1ea5t \/ nhi\u1ec7t \u0111\u1ed9 ch\u1ec9 y\u00eau c\u1ea7u m\u1ed9t l\u1ed7 l\u1eafp \u0111\u1ec3 \u0111o c\u1ea3 hai gi\u00e1 tr\u1ecb qu\u00e1 tr\u00ecnh.[:en]  Economically priced  5 times overload capacity  Easy-to-read display  1\/2-20 UNF thread standard, M18 x 5 also available  15-5 PH stainless steel diaphragm with GTP+ coating standard (others available on request)  No power required  &nbsp;  &nbsp;  M50\u00a0\u00a0\u00a0 The rigid stem configuration makes installation fast and easy.  &nbsp;  M51\u00a0\u00a0\u00a0 The flexible configuration is designed for applica- tions requiring further thermal isolation or where installation would be otherwise difficult or impractical.  &nbsp;  M52\u00a0\u00a0\u00a0 The pressure\/temperature configuration requires only one mounting hole for the measurement of both process values.[:]\" \/>\n<meta property=\"og:url\" content=\"https:\/\/newskyvn.com\/product\/m5\/\" \/>\n<meta property=\"og:site_name\" content=\"NEW SKY CO.,LTD\" \/>\n<meta property=\"article:modified_time\" content=\"2024-09-15T12:48:33+00:00\" \/>\n<meta property=\"og:image\" content=\"https:\/\/newskyvn.com\/wp-content\/uploads\/2021\/09\/show_Gefran_sensori_di_pressione_melt_alte_temperature_m5.jpg\" \/>\n\t<meta property=\"og:image:width\" content=\"500\" \/>\n\t<meta property=\"og:image:height\" content=\"500\" \/>\n<meta name=\"twitter:card\" content=\"summary_large_image\" \/>\n<meta name=\"twitter:label1\" content=\"Est. reading time\" \/>\n\t<meta name=\"twitter:data1\" content=\"1 minute\" \/>\n<script type=\"application\/ld+json\" class=\"yoast-schema-graph\">{\"@context\":\"https:\/\/schema.org\",\"@graph\":[{\"@type\":\"WebSite\",\"@id\":\"https:\/\/newskyvn.com\/#website\",\"url\":\"https:\/\/newskyvn.com\/\",\"name\":\"NEW SKY CO.,LTD\",\"description\":\"C\\u00f4ng Ty TNHH S\\u1ea3n Xu\\u1ea5t Th\\u01b0\\u01a1ng M\\u1ea1i D\\u1ecbch V\\u1ee5 T\\u00e2n Thi\\u00ean\",\"potentialAction\":[{\"@type\":\"SearchAction\",\"target\":{\"@type\":\"EntryPoint\",\"urlTemplate\":\"https:\/\/newskyvn.com\/?s={search_term_string}\"},\"query-input\":\"required name=search_term_string\"}],\"inLanguage\":\"en-US\"},{\"@type\":\"ImageObject\",\"@id\":\"https:\/\/newskyvn.com\/product\/m5\/#primaryimage\",\"inLanguage\":\"en-US\",\"url\":\"https:\/\/newskyvn.com\/wp-content\/uploads\/2021\/09\/show_Gefran_sensori_di_pressione_melt_alte_temperature_m5.jpg\",\"contentUrl\":\"https:\/\/newskyvn.com\/wp-content\/uploads\/2021\/09\/show_Gefran_sensori_di_pressione_melt_alte_temperature_m5.jpg\",\"width\":500,\"height\":500},{\"@type\":\"WebPage\",\"@id\":\"https:\/\/newskyvn.com\/product\/m5\/#webpage\",\"url\":\"https:\/\/newskyvn.com\/product\/m5\/\",\"name\":\"M5 - NEW SKY CO.,LTD\",\"isPartOf\":{\"@id\":\"https:\/\/newskyvn.com\/#website\"},\"primaryImageOfPage\":{\"@id\":\"https:\/\/newskyvn.com\/product\/m5\/#primaryimage\"},\"datePublished\":\"2021-09-19T08:31:23+00:00\",\"dateModified\":\"2024-09-15T12:48:33+00:00\",\"breadcrumb\":{\"@id\":\"https:\/\/newskyvn.com\/product\/m5\/#breadcrumb\"},\"inLanguage\":\"en-US\",\"potentialAction\":[{\"@type\":\"ReadAction\",\"target\":[\"https:\/\/newskyvn.com\/product\/m5\/\"]}]},{\"@type\":\"BreadcrumbList\",\"@id\":\"https:\/\/newskyvn.com\/product\/m5\/#breadcrumb\",\"itemListElement\":[{\"@type\":\"ListItem\",\"position\":1,\"name\":\"Product\",\"item\":\"https:\/\/newskyvn.com\/en\/san-pham\/\"},{\"@type\":\"ListItem\",\"position\":2,\"name\":\"M5\"}]}]}<\/script>\n<!-- \/ Yoast SEO plugin. -->","_links":{"self":[{"href":"https:\/\/newskyvn.com\/en\/wp-json\/wp\/v2\/product\/1507"}],"collection":[{"href":"https:\/\/newskyvn.com\/en\/wp-json\/wp\/v2\/product"}],"about":[{"href":"https:\/\/newskyvn.com\/en\/wp-json\/wp\/v2\/types\/product"}],"replies":[{"embeddable":true,"href":"https:\/\/newskyvn.com\/en\/wp-json\/wp\/v2\/comments?post=1507"}],"wp:featuredmedia":[{"embeddable":true,"href":"https:\/\/newskyvn.com\/en\/wp-json\/wp\/v2\/media\/1509"}],"wp:attachment":[{"href":"https:\/\/newskyvn.com\/en\/wp-json\/wp\/v2\/media?parent=1507"}],"wp:term":[{"taxonomy":"product_cat","embeddable":true,"href":"https:\/\/newskyvn.com\/en\/wp-json\/wp\/v2\/product_cat?post=1507"},{"taxonomy":"product_tag","embeddable":true,"href":"https:\/\/newskyvn.com\/en\/wp-json\/wp\/v2\/product_tag?post=1507"}],"curies":[{"name":"wp","href":"https:\/\/api.w.org\/{rel}","templated":true}]}}