{"id":1504,"date":"2021-09-19T08:26:16","date_gmt":"2021-09-19T08:26:16","guid":{"rendered":"https:\/\/newskyvn.com\/?post_type=product&#038;p=1504"},"modified":"2024-09-15T12:48:33","modified_gmt":"2024-09-15T12:48:33","slug":"w7","status":"publish","type":"product","link":"https:\/\/newskyvn.com\/en\/product\/w7\/","title":{"rendered":"W7"},"content":{"rendered":"<p><em>Indicator:<\/em><\/p>\n<ul>\n<li><em>Economically priced<\/em><\/li>\n<li><em>Displays pressure in a 5-digit LED display<\/em><\/li>\n<li><em>Auto zero<\/em><\/li>\n<li><em>Auto span<\/em><\/li>\n<li><em>Auto calibration<\/em><\/li>\n<li><em>2 alarms with adjustable setpoint<\/em><\/li>\n<li><em>Touch-type keypad<\/em><\/li>\n<li><em>Built-in strain gage bridge excitation<\/em><\/li>\n<li><em>Filter for digit stabilization<\/em><\/li>\n<li><em>Coded access for user lockout<\/em><\/li>\n<\/ul>\n<p><em>\u00a0<\/em><\/p>\n<p><em>Transducer:<\/em><\/p>\n<ul>\n<li><em>Better than \u00b10.50% accuracy<\/em><\/li>\n<li><em>Fluid-filled system for temperature stability<\/em><\/li>\n<li><em>80% output signal for easy calibration<\/em><\/li>\n<li><em>17-7 PH stainless steel corrugated diaphragm with GTP coating<\/em><\/li>\n<li><em>Oil-fill is FDA approved \u2014 meets requirements 3620 and CFR172.878<\/em><\/li>\n<\/ul>\n<p><em>\u00a0<\/em><\/p>\n<p>The W7 Series is an excellent solution for those who wish to have the accuracy and stability of a transducer and digital indicator at a great price.<\/p>","protected":false},"excerpt":{"rendered":"<p>The W7 Series is a melt pressure monitoring system which comes complete with the following items:<\/p>\n<ul>\n<li>W3x-6-M-xxxx-1-4-D-000<\/li>\n<\/ul>\n<p>(oil-filled melt pressure transducer)<\/p>\n<ul>\n<li>40B-96-5-10-RR-R0-3-0-1 (1\/8 DIN pressure<\/li>\n<\/ul>\n<p>indicator)<\/p>\n<ul>\n<li>C08WLS (25 foot 6-pin cable)<\/li>\n<li>SF18 (mounting bracket)<\/li>\n<\/ul>\n","protected":false},"featured_media":1506,"comment_status":"open","ping_status":"closed","template":"","meta":[],"product_cat":[68,71],"product_tag":[],"yoast_head":"<!-- This site is optimized with the Yoast SEO plugin v16.6.1 - https:\/\/yoast.com\/wordpress\/plugins\/seo\/ -->\n<title>W7 - NEW SKY CO.,LTD<\/title>\n<meta name=\"robots\" content=\"index, follow, max-snippet:-1, max-image-preview:large, max-video-preview:-1\" \/>\n<link rel=\"canonical\" href=\"https:\/\/newskyvn.com\/product\/w7\/\" \/>\n<meta property=\"og:locale\" content=\"en_US\" \/>\n<meta property=\"og:type\" content=\"article\" \/>\n<meta property=\"og:title\" content=\"W7 - NEW SKY CO.,LTD\" \/>\n<meta property=\"og:description\" content=\"[:vi]D\u00f2ng W7 l\u00e0 m\u1ed9t h\u1ec7 th\u1ed1ng gi\u00e1m s\u00e1t \u00e1p su\u1ea5t n\u00f3ng ch\u1ea3y ho\u00e0n ch\u1ec9nh v\u1edbi c\u00e1c h\u1ea1ng m\u1ee5c sau: \u2022 W3x-6-M-xxxx-1-4-D-000 (\u0111\u1ea7u d\u00f2 \u00e1p su\u1ea5t n\u00f3ng ch\u1ea3y ch\u1ee9a \u0111\u1ea7y d\u1ea7u) \u2022 40B-96-5-10-RR-R0-3-0-1 (\u00e1p su\u1ea5t 1\/8 DIN ch\u1ec9 b\u00e1o) \u2022 C08WLS (c\u00e1p 6 ch\u00e2n 25 foot) \u2022 SF18 (gi\u00e1 \u0111\u1ee1)[:en]The W7 Series is a melt pressure monitoring system which comes complete with the following items:   W3x-6-M-xxxx-1-4-D-000  (oil-filled melt pressure transducer)   40B-96-5-10-RR-R0-3-0-1 (1\/8 DIN pressure  indicator)   C08WLS (25 foot 6-pin cable)  SF18 (mounting bracket) [:]\" \/>\n<meta property=\"og:url\" content=\"https:\/\/newskyvn.com\/product\/w7\/\" \/>\n<meta property=\"og:site_name\" content=\"NEW SKY CO.,LTD\" \/>\n<meta property=\"article:modified_time\" content=\"2024-09-15T12:48:33+00:00\" \/>\n<meta property=\"og:image\" content=\"https:\/\/newskyvn.com\/wp-content\/uploads\/2021\/09\/show_w7.jpg\" \/>\n\t<meta property=\"og:image:width\" content=\"500\" \/>\n\t<meta property=\"og:image:height\" content=\"500\" \/>\n<meta name=\"twitter:card\" content=\"summary_large_image\" \/>\n<meta name=\"twitter:label1\" content=\"Est. reading time\" \/>\n\t<meta name=\"twitter:data1\" content=\"1 minute\" \/>\n<script type=\"application\/ld+json\" class=\"yoast-schema-graph\">{\"@context\":\"https:\/\/schema.org\",\"@graph\":[{\"@type\":\"WebSite\",\"@id\":\"https:\/\/newskyvn.com\/#website\",\"url\":\"https:\/\/newskyvn.com\/\",\"name\":\"NEW SKY CO.,LTD\",\"description\":\"C\\u00f4ng Ty TNHH S\\u1ea3n Xu\\u1ea5t Th\\u01b0\\u01a1ng M\\u1ea1i D\\u1ecbch V\\u1ee5 T\\u00e2n Thi\\u00ean\",\"potentialAction\":[{\"@type\":\"SearchAction\",\"target\":{\"@type\":\"EntryPoint\",\"urlTemplate\":\"https:\/\/newskyvn.com\/?s={search_term_string}\"},\"query-input\":\"required name=search_term_string\"}],\"inLanguage\":\"en-US\"},{\"@type\":\"ImageObject\",\"@id\":\"https:\/\/newskyvn.com\/product\/w7\/#primaryimage\",\"inLanguage\":\"en-US\",\"url\":\"https:\/\/newskyvn.com\/wp-content\/uploads\/2021\/09\/show_w7.jpg\",\"contentUrl\":\"https:\/\/newskyvn.com\/wp-content\/uploads\/2021\/09\/show_w7.jpg\",\"width\":500,\"height\":500},{\"@type\":\"WebPage\",\"@id\":\"https:\/\/newskyvn.com\/product\/w7\/#webpage\",\"url\":\"https:\/\/newskyvn.com\/product\/w7\/\",\"name\":\"W7 - NEW SKY CO.,LTD\",\"isPartOf\":{\"@id\":\"https:\/\/newskyvn.com\/#website\"},\"primaryImageOfPage\":{\"@id\":\"https:\/\/newskyvn.com\/product\/w7\/#primaryimage\"},\"datePublished\":\"2021-09-19T08:26:16+00:00\",\"dateModified\":\"2024-09-15T12:48:33+00:00\",\"breadcrumb\":{\"@id\":\"https:\/\/newskyvn.com\/product\/w7\/#breadcrumb\"},\"inLanguage\":\"en-US\",\"potentialAction\":[{\"@type\":\"ReadAction\",\"target\":[\"https:\/\/newskyvn.com\/product\/w7\/\"]}]},{\"@type\":\"BreadcrumbList\",\"@id\":\"https:\/\/newskyvn.com\/product\/w7\/#breadcrumb\",\"itemListElement\":[{\"@type\":\"ListItem\",\"position\":1,\"name\":\"Product\",\"item\":\"https:\/\/newskyvn.com\/en\/san-pham\/\"},{\"@type\":\"ListItem\",\"position\":2,\"name\":\"W7\"}]}]}<\/script>\n<!-- \/ Yoast SEO plugin. -->","_links":{"self":[{"href":"https:\/\/newskyvn.com\/en\/wp-json\/wp\/v2\/product\/1504"}],"collection":[{"href":"https:\/\/newskyvn.com\/en\/wp-json\/wp\/v2\/product"}],"about":[{"href":"https:\/\/newskyvn.com\/en\/wp-json\/wp\/v2\/types\/product"}],"replies":[{"embeddable":true,"href":"https:\/\/newskyvn.com\/en\/wp-json\/wp\/v2\/comments?post=1504"}],"wp:featuredmedia":[{"embeddable":true,"href":"https:\/\/newskyvn.com\/en\/wp-json\/wp\/v2\/media\/1506"}],"wp:attachment":[{"href":"https:\/\/newskyvn.com\/en\/wp-json\/wp\/v2\/media?parent=1504"}],"wp:term":[{"taxonomy":"product_cat","embeddable":true,"href":"https:\/\/newskyvn.com\/en\/wp-json\/wp\/v2\/product_cat?post=1504"},{"taxonomy":"product_tag","embeddable":true,"href":"https:\/\/newskyvn.com\/en\/wp-json\/wp\/v2\/product_tag?post=1504"}],"curies":[{"name":"wp","href":"https:\/\/api.w.org\/{rel}","templated":true}]}}