{"id":1497,"date":"2021-09-19T08:01:40","date_gmt":"2021-09-19T08:01:40","guid":{"rendered":"https:\/\/newskyvn.com\/?post_type=product&#038;p=1497"},"modified":"2021-09-19T08:01:41","modified_gmt":"2021-09-19T08:01:41","slug":"me","status":"publish","type":"product","link":"https:\/\/newskyvn.com\/en\/product\/me\/","title":{"rendered":"ME"},"content":{"rendered":"<p>The ME series of Gefran, are pressure transmitters for using in High temperature environment.<\/p>\n<p>The main characteristic of this series is the capability to read temperature of the media up to 400\u00b0C.<\/p>\n<p>The constructive principle is based on the hydraulic tra- smission of the pressure.<\/p>\n<p>The fluid-filled system assures the temperature stability. The phisical measure is transformed in a electrical mea- sure by means the strain-gauge technology.<\/p>\n<p><span style=\"color: #0000ff;\"><strong>TECHNICAL DATA OF ME\u00a0<\/strong><\/span><\/p>\n<table>\n<tbody>\n<tr>\n<td width=\"176\">Accuracy (1)<\/td>\n<td width=\"153\"><strong>H<\/strong> &lt;\u00b10.25%FSO (100&#8230;2000 bar)<\/p>\n<p><strong>M<\/strong> &lt;\u00b10.5%FSO (35&#8230;2000 bar)<\/td>\n<\/tr>\n<tr>\n<td width=\"176\">Resolution<\/td>\n<td width=\"153\">Infinite<\/td>\n<\/tr>\n<tr>\n<td width=\"176\">Measurement range<\/td>\n<td width=\"153\">0..35 to 0..2000bar<\/p>\n<p>0..500 to 0..30000psi<\/td>\n<\/tr>\n<tr>\n<td width=\"176\">Maximum overpressure<\/p>\n<p>(without degrading performances)<\/td>\n<td width=\"153\">2 x FS<\/p>\n<p>1.5 x FS above 1000bar\/15000psi<\/td>\n<\/tr>\n<tr>\n<td width=\"176\">Measurement principle<\/td>\n<td width=\"153\">Extensimetric<\/td>\n<\/tr>\n<tr>\n<td width=\"176\">Power supply<\/td>\n<td width=\"153\">10&#8230;30Vdc<\/td>\n<\/tr>\n<tr>\n<td width=\"176\">Maximum current absorption<\/td>\n<td width=\"153\">32mA<\/td>\n<\/tr>\n<tr>\n<td width=\"176\">Insulation resistance (at 50Vdc)<\/td>\n<td width=\"153\">&gt;1000 MOhm<\/td>\n<\/tr>\n<tr>\n<td width=\"176\">Output signal Full Scale (FSO)<\/td>\n<td width=\"153\">20mA<\/td>\n<\/tr>\n<tr>\n<td width=\"176\">Zero balance<\/p>\n<p>(tollerance \u00b1 0.25% FSO)<\/td>\n<td width=\"153\">4mA<\/td>\n<\/tr>\n<tr>\n<td width=\"176\">Zero signals adjustment<\/p>\n<p>(tollerance \u00b1 0.25% FSO)<\/td>\n<td width=\"153\">\u201cAutozero\u201d function<\/td>\n<\/tr>\n<tr>\n<td width=\"176\">Span adjustment within \u00b1 5% FSO<\/td>\n<td width=\"153\">See Manual<\/td>\n<\/tr>\n<tr>\n<td width=\"176\">Maximum allowed load<\/td>\n<td width=\"153\">See diagram<\/td>\n<\/tr>\n<tr>\n<td width=\"176\">Response time (10&#8230;90% FSO)<\/td>\n<td width=\"153\">~ 1ms<\/td>\n<\/tr>\n<tr>\n<td width=\"176\">Output noise (RMS 10-400Hz)<\/td>\n<td width=\"153\">&lt; 0.025% FSO<\/td>\n<\/tr>\n<tr>\n<td width=\"176\">Calibration signal<\/td>\n<td width=\"153\">80% FSO<\/td>\n<\/tr>\n<tr>\n<td width=\"176\">Output short circuit ingress and reverse<\/p>\n<p>polarity protection<\/td>\n<td width=\"153\">YES<\/td>\n<\/tr>\n<tr>\n<td width=\"176\">Compensed temperature range<\/td>\n<td width=\"153\">0&#8230;+85\u00b0C<\/td>\n<\/tr>\n<tr>\n<td width=\"176\">Operating temperature range<\/td>\n<td width=\"153\">-30&#8230;+105\u00b0C<\/td>\n<\/tr>\n<tr>\n<td width=\"176\">Storage temperature range<\/td>\n<td width=\"153\">-40&#8230;+125\u00b0C<\/td>\n<\/tr>\n<tr>\n<td width=\"176\">Thermal drift in compesated range:<\/p>\n<p>Zero \/ Calibration \/ Sensibility<\/td>\n<td width=\"153\">&lt; 0.02% FSO\/\u00b0C<\/td>\n<\/tr>\n<tr>\n<td width=\"176\">Diaphragm maximum temperature<\/td>\n<td width=\"153\">400\u00b0C \/ 750\u00b0F<\/td>\n<\/tr>\n<tr>\n<td width=\"176\">Zero drift due to change in process<\/p>\n<p>temperature (zero)<\/td>\n<td width=\"153\">&lt; 0.02 bar\/\u00b0C<\/td>\n<\/tr>\n<tr>\n<td width=\"176\">Zero drift temperature for Autocompensated<\/p>\n<p>version (SP) within the temperature range 20\u00b0C-400\u00b0C inclusive the drift temperature of the housing<\/td>\n<td width=\"153\"><strong>\u00a0<\/strong><\/p>\n<p>&lt; 0.003 bar\/\u00b0C 100 \u2264 p &lt; 500 bar<\/p>\n<p>0.0014 %FS\/\u00b0C p \u2265 500 bar<\/td>\n<\/tr>\n<tr>\n<td width=\"176\">Standard material in contact<\/p>\n<p>with process medium<\/td>\n<td width=\"153\">Diaphragm:<\/p>\n<p>\u2022 15-5 PH with GTP+ coating<\/p>\n<p>\u2022 17-7 PH corrugated diaphragm with GTP+ coating for ranges<\/p>\n<p>&lt;100 bar (1500psi) Stem:<\/p>\n<p>\u2022 17-4 PH<\/td>\n<\/tr>\n<tr>\n<td width=\"176\">Thermocouple (model ME2)<\/td>\n<td width=\"153\">STD: type \u201cJ\u201d (isolated junction)<\/td>\n<\/tr>\n<tr>\n<td width=\"176\">Protection degree<\/p>\n<p>(with 6-pole female connector)<\/td>\n<td width=\"153\">IP65<\/td>\n<\/tr>\n<\/tbody>\n<\/table>\n<p>FSO = Full scale output : (1) BFSL method (Best Fit Straight Line): includes combined effects of Non-Linearity, Hysteresis and Repeatability.<\/p>","protected":false},"excerpt":{"rendered":"<ul>\n<li>Pressure ranges from:<\/li>\n<\/ul>\n<p>0-35 to 0-2000 bar \/ 0-500 to 0-30000 psi<\/p>\n<ul>\n<li>Accuracy: &lt; \u00b10.25% FSO (H); &lt; \u00b10.5% FSO (M)<\/li>\n<li>Fluid-filled system for temperature stability<\/li>\n<li>Mercury filling volume:<\/li>\n<\/ul>\n<p>ME0 (30mm3); ME1, ME2, ME3 (40mm3)<\/p>\n<ul>\n<li>1\/2-20UNF, 5 standard threads; other types avai- lable on request<\/li>\n<li>Autozero function on board \/ external option<\/li>\n<li>Drift Autocompensation function (SP version)<\/li>\n<li>Standard diaphragm is 15-5 PH stainless steel with GTP+ coating<\/li>\n<li>17-7 PH corrugated diaphragm with GTP+ coating for ranges below 100 bar-1500 psi<\/li>\n<\/ul>\n<p>&nbsp;<\/p>\n<p><em>GTP+ (advanced protection)<\/em><\/p>\n<p><em>Coating with high resistance against corrosion, abrasion and high temperature<\/em><\/p>\n","protected":false},"featured_media":1500,"comment_status":"open","ping_status":"closed","template":"","meta":[],"product_cat":[68,70],"product_tag":[],"yoast_head":"<!-- This site is optimized with the Yoast SEO plugin v16.6.1 - https:\/\/yoast.com\/wordpress\/plugins\/seo\/ -->\n<title>ME - NEW SKY CO.,LTD<\/title>\n<meta name=\"robots\" content=\"index, follow, max-snippet:-1, max-image-preview:large, max-video-preview:-1\" \/>\n<link rel=\"canonical\" href=\"https:\/\/newskyvn.com\/product\/me\/\" \/>\n<meta property=\"og:locale\" content=\"en_US\" \/>\n<meta property=\"og:type\" content=\"article\" \/>\n<meta property=\"og:title\" content=\"ME - NEW SKY CO.,LTD\" \/>\n<meta property=\"og:description\" content=\"[:vi]\u2022 Ph\u1ea1m vi \u00e1p su\u1ea5t t\u1eeb: 0-35 \u0111\u1ebfn 0-2000 bar \/ 0-500 \u0111\u1ebfn 0-30000 psi \u2022 \u0110\u1ed9 ch\u00ednh x\u00e1c: &lt;\u00b1 0,25% FSO (H); &lt;\u00b1 0,5% FSO (M) \u2022 H\u1ec7 th\u1ed1ng l\u00e0m \u0111\u1ea7y ch\u1ea5t l\u1ecfng \u0111\u1ec3 \u1ed5n \u0111\u1ecbnh nhi\u1ec7t \u0111\u1ed9 \u2022 Kh\u1ed1i l\u01b0\u1ee3ng l\u00e0m \u0111\u1ea7y th\u1ee7y ng\u00e2n: ME0 (30mm3); ME1, ME2, ME3 (40mm3) \u2022 Ch\u1ee7 \u0111\u1ec1 ti\u00eau chu\u1ea9n 1 \/ 2-20UNF, M18x1.5; c\u00e1c lo\u1ea1i kh\u00e1c c\u00f3 s\u1eb5n theo y\u00eau c\u1ea7u \u2022 Ch\u1ee9c n\u0103ng Autozero tr\u00ean bo m\u1ea1ch \/ t\u00f9y ch\u1ecdn b\u00ean ngo\u00e0i \u2022 Ch\u1ee9c n\u0103ng t\u1ef1 \u0111\u1ed9ng b\u00f9 tr\u00f4i (phi\u00ean b\u1ea3n SP) \u2022 M\u00e0ng ch\u1eafn ti\u00eau chu\u1ea9n l\u00e0 th\u00e9p kh\u00f4ng g\u1ec9 15-5 PH v\u1edbi l\u1edbp ph\u1ee7 GTP + \u2022 M\u00e0ng ch\u1eafn s\u00f3ng 17-7 PH v\u1edbi l\u1edbp ph\u1ee7 GTP + cho ph\u1ea1m vi d\u01b0\u1edbi 100 bar-1500 psi  GTP + (b\u1ea3o v\u1ec7 n\u00e2ng cao) L\u1edbp ph\u1ee7 v\u1edbi kh\u1ea3 n\u0103ng ch\u1ed1ng \u0103n m\u00f2n, m\u00e0i m\u00f2n v\u00e0 nhi\u1ec7t \u0111\u1ed9 cao[:en]  Pressure ranges from:  0-35 to 0-2000 bar \/ 0-500 to 0-30000 psi   Accuracy: &lt; \u00b10.25% FSO (H); &lt; \u00b10.5% FSO (M)  Fluid-filled system for temperature stability  Mercury filling volume:  ME0 (30mm3); ME1, ME2, ME3 (40mm3)   1\/2-20UNF, 5 standard threads; other types avai- lable on request  Autozero function on board \/ external option  Drift Autocompensation function (SP version)  Standard diaphragm is 15-5 PH stainless steel with GTP+ coating  17-7 PH corrugated diaphragm with GTP+ coating for ranges below 100 bar-1500 psi  &nbsp;  GTP+ (advanced protection)  Coating with high resistance against corrosion, abrasion and high temperature[:]\" \/>\n<meta property=\"og:url\" content=\"https:\/\/newskyvn.com\/product\/me\/\" \/>\n<meta property=\"og:site_name\" content=\"NEW SKY CO.,LTD\" \/>\n<meta property=\"article:modified_time\" content=\"2021-09-19T08:01:41+00:00\" \/>\n<meta property=\"og:image\" content=\"https:\/\/newskyvn.com\/wp-content\/uploads\/2021\/09\/show_ME0-WE0-MN0-WN0-1.jpg\" \/>\n\t<meta property=\"og:image:width\" content=\"500\" \/>\n\t<meta property=\"og:image:height\" content=\"500\" \/>\n<meta name=\"twitter:card\" content=\"summary_large_image\" \/>\n<meta name=\"twitter:label1\" content=\"Est. reading time\" \/>\n\t<meta name=\"twitter:data1\" content=\"2 minutes\" \/>\n<script type=\"application\/ld+json\" class=\"yoast-schema-graph\">{\"@context\":\"https:\/\/schema.org\",\"@graph\":[{\"@type\":\"WebSite\",\"@id\":\"https:\/\/newskyvn.com\/#website\",\"url\":\"https:\/\/newskyvn.com\/\",\"name\":\"NEW SKY CO.,LTD\",\"description\":\"C\\u00f4ng Ty TNHH S\\u1ea3n Xu\\u1ea5t Th\\u01b0\\u01a1ng M\\u1ea1i D\\u1ecbch V\\u1ee5 T\\u00e2n Thi\\u00ean\",\"potentialAction\":[{\"@type\":\"SearchAction\",\"target\":{\"@type\":\"EntryPoint\",\"urlTemplate\":\"https:\/\/newskyvn.com\/?s={search_term_string}\"},\"query-input\":\"required name=search_term_string\"}],\"inLanguage\":\"en-US\"},{\"@type\":\"ImageObject\",\"@id\":\"https:\/\/newskyvn.com\/product\/me\/#primaryimage\",\"inLanguage\":\"en-US\",\"url\":\"https:\/\/newskyvn.com\/wp-content\/uploads\/2021\/09\/show_ME0-WE0-MN0-WN0-1.jpg\",\"contentUrl\":\"https:\/\/newskyvn.com\/wp-content\/uploads\/2021\/09\/show_ME0-WE0-MN0-WN0-1.jpg\",\"width\":500,\"height\":500},{\"@type\":\"WebPage\",\"@id\":\"https:\/\/newskyvn.com\/product\/me\/#webpage\",\"url\":\"https:\/\/newskyvn.com\/product\/me\/\",\"name\":\"ME - NEW SKY CO.,LTD\",\"isPartOf\":{\"@id\":\"https:\/\/newskyvn.com\/#website\"},\"primaryImageOfPage\":{\"@id\":\"https:\/\/newskyvn.com\/product\/me\/#primaryimage\"},\"datePublished\":\"2021-09-19T08:01:40+00:00\",\"dateModified\":\"2021-09-19T08:01:41+00:00\",\"breadcrumb\":{\"@id\":\"https:\/\/newskyvn.com\/product\/me\/#breadcrumb\"},\"inLanguage\":\"en-US\",\"potentialAction\":[{\"@type\":\"ReadAction\",\"target\":[\"https:\/\/newskyvn.com\/product\/me\/\"]}]},{\"@type\":\"BreadcrumbList\",\"@id\":\"https:\/\/newskyvn.com\/product\/me\/#breadcrumb\",\"itemListElement\":[{\"@type\":\"ListItem\",\"position\":1,\"name\":\"Product\",\"item\":\"https:\/\/newskyvn.com\/en\/san-pham\/\"},{\"@type\":\"ListItem\",\"position\":2,\"name\":\"ME\"}]}]}<\/script>\n<!-- \/ Yoast SEO plugin. -->","_links":{"self":[{"href":"https:\/\/newskyvn.com\/en\/wp-json\/wp\/v2\/product\/1497"}],"collection":[{"href":"https:\/\/newskyvn.com\/en\/wp-json\/wp\/v2\/product"}],"about":[{"href":"https:\/\/newskyvn.com\/en\/wp-json\/wp\/v2\/types\/product"}],"replies":[{"embeddable":true,"href":"https:\/\/newskyvn.com\/en\/wp-json\/wp\/v2\/comments?post=1497"}],"wp:featuredmedia":[{"embeddable":true,"href":"https:\/\/newskyvn.com\/en\/wp-json\/wp\/v2\/media\/1500"}],"wp:attachment":[{"href":"https:\/\/newskyvn.com\/en\/wp-json\/wp\/v2\/media?parent=1497"}],"wp:term":[{"taxonomy":"product_cat","embeddable":true,"href":"https:\/\/newskyvn.com\/en\/wp-json\/wp\/v2\/product_cat?post=1497"},{"taxonomy":"product_tag","embeddable":true,"href":"https:\/\/newskyvn.com\/en\/wp-json\/wp\/v2\/product_tag?post=1497"}],"curies":[{"name":"wp","href":"https:\/\/api.w.org\/{rel}","templated":true}]}}