{"id":1485,"date":"2021-09-19T07:22:58","date_gmt":"2021-09-19T07:22:58","guid":{"rendered":"https:\/\/newskyvn.com\/?post_type=product&#038;p=1485"},"modified":"2021-09-19T07:22:59","modified_gmt":"2021-09-19T07:22:59","slug":"me-sil2","status":"publish","type":"product","link":"https:\/\/newskyvn.com\/en\/product\/me-sil2\/","title":{"rendered":"ME SIL2"},"content":{"rendered":"<p>The ME series of Gefran, are pressure transmitters for using in High temperature environment.<\/p>\n<p>The main characteristic of this series is the capability to read temperature of the media up to 400\u00b0C.<\/p>\n<p>The constructive principle is based on the hydraulic tra- smission of the pressure.<\/p>\n<p>The fluid-filled system assures the temperature stability. The phisical quantity is transformed in a electrical mea- sure by means the thick film strain-gauge technology. The SIL2 certified version makes the product suitable for use in the Functional Safety applications, particularly in the process plants for the production of polymers, where it is an essential requirement.<\/p>\n<p><span style=\"color: #0000ff;\"><strong>TECHNICAL DATA OF ME SIL2<\/strong><\/span><\/p>\n<table>\n<tbody>\n<tr>\n<td width=\"181\">Accuracy (1)<\/td>\n<td width=\"147\"><strong>H<\/strong> &lt;\u00b10.25%FS (100&#8230;2000 bar)<\/p>\n<p><strong>M<\/strong> &lt;\u00b10.5%FS (17&#8230;2000 bar)<\/td>\n<\/tr>\n<tr>\n<td width=\"181\">Resolution<\/td>\n<td width=\"147\">Infinite<\/td>\n<\/tr>\n<tr>\n<td width=\"181\">Measurement range<\/td>\n<td width=\"147\">0..17 to 0..2000bar<\/p>\n<p>0..250 to 0..30000psi<\/td>\n<\/tr>\n<tr>\n<td width=\"181\">Maximum overpressure (without degra- ding performances)<\/td>\n<td width=\"147\">2 x FS 1.5 x FS above 1000bar\/15000psi<\/td>\n<\/tr>\n<tr>\n<td width=\"181\">Measurement principle<\/td>\n<td width=\"147\">Extensimetric thick film<\/td>\n<\/tr>\n<tr>\n<td width=\"181\">Power supply<\/td>\n<td width=\"147\">10&#8230;30Vdc<\/td>\n<\/tr>\n<tr>\n<td width=\"181\">Maximum current absorption<\/td>\n<td width=\"147\">32mA<\/td>\n<\/tr>\n<tr>\n<td width=\"181\">Insulation resistance (at 50Vdc)<\/td>\n<td width=\"147\">&gt;1000 MOhm<\/td>\n<\/tr>\n<tr>\n<td width=\"181\">Output signal Full Scale (FS)<\/td>\n<td width=\"147\">20mA<\/td>\n<\/tr>\n<tr>\n<td width=\"181\">Zero balance (tollerance \u00b1 0.25% FS)<\/td>\n<td width=\"147\">4mA<\/td>\n<\/tr>\n<tr>\n<td width=\"181\">Zero signals adjustment (tollerance \u00b1 0.25% FS)<\/td>\n<td width=\"147\">\u201cAutozero\u201d function<\/td>\n<\/tr>\n<tr>\n<td width=\"181\">Span adjustment within \u00b1 5% FS<\/td>\n<td width=\"147\">See Manual<\/td>\n<\/tr>\n<tr>\n<td width=\"181\">Maximum allowed load<\/td>\n<td width=\"147\">See diagram<\/td>\n<\/tr>\n<tr>\n<td width=\"181\">Response time (10&#8230;90% FS)<\/td>\n<td width=\"147\">~ 1ms<\/td>\n<\/tr>\n<tr>\n<td width=\"181\">Output noise (RMS 10-400Hz)<\/td>\n<td width=\"147\">&lt; 0.025% FS<\/td>\n<\/tr>\n<tr>\n<td width=\"181\">Calibration signal<\/td>\n<td width=\"147\">80% FS<\/td>\n<\/tr>\n<tr>\n<td width=\"181\">Output short circuit ingress and reverse polarity protection<\/td>\n<td width=\"147\">YES<\/td>\n<\/tr>\n<tr>\n<td width=\"181\">Compensed temperature range<\/td>\n<td width=\"147\">0&#8230;+85\u00b0C<\/td>\n<\/tr>\n<tr>\n<td width=\"181\">Operating temperature range<\/td>\n<td width=\"147\">-30&#8230;+105\u00b0C<\/td>\n<\/tr>\n<tr>\n<td width=\"181\">Storage temperature range<\/td>\n<td width=\"147\">-40&#8230;+125\u00b0C<\/td>\n<\/tr>\n<tr>\n<td width=\"181\">Thermal drift in compesated range: Zero<\/p>\n<p>\/ Calibration \/ Sensibility<\/td>\n<td width=\"147\">&lt; 0.02% FS\/\u00b0C<\/td>\n<\/tr>\n<tr>\n<td width=\"181\">Diaphragm maximum temperature<\/td>\n<td width=\"147\">400\u00b0C \/ 750\u00b0F<\/td>\n<\/tr>\n<tr>\n<td width=\"181\">Zero drift due to change in process tem- perature (zero)<\/td>\n<td width=\"147\">&lt; 0.02 bar\/\u00b0C<\/td>\n<\/tr>\n<tr>\n<td width=\"181\">Zero drift temperature for Autocompensated version (SP) within the temperature range 20\u00b0C-400\u00b0C inclusive the drift temperature of the housing<\/td>\n<td width=\"147\">&nbsp;<\/p>\n<p>&lt; 0.003 bar\/\u00b0C 100 \u2264 p &lt; 500 bar<\/p>\n<p>0.0014 %FS\/\u00b0C p \u2265 500 bar<\/td>\n<\/tr>\n<tr>\n<td width=\"181\">&nbsp;<\/p>\n<p>&nbsp;<\/p>\n<p>Standard material in contact with process medium<\/td>\n<td width=\"147\">Diaphragm:<\/p>\n<p>\u2022 15-5 PH with GTP+ coating<\/p>\n<p>\u2022 17-7 PH corrugated diaphragm with GTP+ coating for ranges<\/p>\n<p>&lt;100 bar (1500psi) Stem:<\/p>\n<p>\u2022 17-4 PH<\/td>\n<\/tr>\n<tr>\n<td width=\"181\">Thermocouple (model ME2)<\/td>\n<td width=\"147\">STD: type \u201cJ\u201d (isolated junction)<\/td>\n<\/tr>\n<tr>\n<td width=\"181\">Protection degree (with 6-pole female connector CON300)<\/td>\n<td width=\"147\">IP66<\/td>\n<\/tr>\n<tr>\n<td width=\"181\">SIL2 certification<\/td>\n<td width=\"147\">IEC\/EN 62061<\/p>\n<p>IEC 61508<\/td>\n<\/tr>\n<\/tbody>\n<\/table>\n<p>&nbsp;<\/p>\n<p>&nbsp;<\/p>\n<p>FS = Full scale output : (1) BFSL method (Best Fit Straight Line): includes combined effects of Non-Linearity, Hysteresis and Repeatability (according to IEC 62828-2).<\/p>","protected":false},"excerpt":{"rendered":"<ul>\n<li>Pressure ranges from:<\/li>\n<\/ul>\n<p>0-17 to 0-2000 bar \/ 0-250 to 0-30000 psi<\/p>\n<ul>\n<li>Accuracy: &lt; \u00b10.25% FS (H); &lt; \u00b10.5% FS (M)<\/li>\n<li>Fluid-filled system for temperature stability<\/li>\n<li>SIL2 approvals for Functional Safety<\/li>\n<li>1\/2-20UNF, 5 standard threads; other types avai- lable on request<\/li>\n<li>Autozero function on board \/ external option<\/li>\n<li>Drift Autocompensation function (SP version)<\/li>\n<li>Standard diaphragm is 15-5 PH stainless steel with GTP+ coating<\/li>\n<li>17-7 PH corrugated diaphragm with GTP+ coating for ranges below 100 bar-1500 psi<\/li>\n<\/ul>\n<p>&nbsp;<\/p>\n<p><em>GTP+ (advanced protection)<\/em><\/p>\n<p><em>Coating with high resistance against corrosion, abrasion and high temperature<\/em><\/p>\n","protected":false},"featured_media":1487,"comment_status":"open","ping_status":"closed","template":"","meta":[],"product_cat":[68,70],"product_tag":[],"yoast_head":"<!-- This site is optimized with the Yoast SEO plugin v16.6.1 - https:\/\/yoast.com\/wordpress\/plugins\/seo\/ -->\n<title>ME SIL2 - NEW SKY CO.,LTD<\/title>\n<meta name=\"robots\" content=\"index, follow, max-snippet:-1, max-image-preview:large, max-video-preview:-1\" \/>\n<link rel=\"canonical\" href=\"https:\/\/newskyvn.com\/product\/me-sil2\/\" \/>\n<meta property=\"og:locale\" content=\"en_US\" \/>\n<meta property=\"og:type\" content=\"article\" \/>\n<meta property=\"og:title\" content=\"ME SIL2 - NEW SKY CO.,LTD\" \/>\n<meta property=\"og:description\" content=\"[:vi]\u2022 Ph\u1ea1m vi \u00e1p su\u1ea5t t\u1eeb: 0-17 \u0111\u1ebfn 0-2000 bar \/ 0-250 \u0111\u1ebfn 0-30000 psi \u2022 \u0110\u1ed9 ch\u00ednh x\u00e1c: &lt;\u00b1 0,25% FS (H); &lt;\u00b1 0,5% FS (M) \u2022 H\u1ec7 th\u1ed1ng l\u00e0m \u0111\u1ea7y ch\u1ea5t l\u1ecfng \u0111\u1ec3 \u1ed5n \u0111\u1ecbnh nhi\u1ec7t \u0111\u1ed9 \u2022 Ph\u00ea duy\u1ec7t SIL2 v\u1ec1 An to\u00e0n ch\u1ee9c n\u0103ng \u2022 Ch\u1ee7 \u0111\u1ec1 ti\u00eau chu\u1ea9n 1 \/ 2-20UNF, M18x1.5; c\u00e1c lo\u1ea1i kh\u00e1c c\u00f3 s\u1eb5n theo y\u00eau c\u1ea7u \u2022 Ch\u1ee9c n\u0103ng Autozero tr\u00ean bo m\u1ea1ch \/ t\u00f9y ch\u1ecdn b\u00ean ngo\u00e0i \u2022 Ch\u1ee9c n\u0103ng t\u1ef1 \u0111\u1ed9ng b\u00f9 tr\u00f4i (phi\u00ean b\u1ea3n SP) \u2022 M\u00e0ng ch\u1eafn ti\u00eau chu\u1ea9n l\u00e0 th\u00e9p kh\u00f4ng g\u1ec9 15-5 PH v\u1edbi l\u1edbp ph\u1ee7 GTP + \u2022 M\u00e0ng ch\u1eafn s\u00f3ng 17-7 PH v\u1edbi l\u1edbp ph\u1ee7 GTP + cho ph\u1ea1m vi d\u01b0\u1edbi 100 bar-1500 psi  GTP + (b\u1ea3o v\u1ec7 n\u00e2ng cao) L\u1edbp ph\u1ee7 v\u1edbi kh\u1ea3 n\u0103ng ch\u1ed1ng \u0103n m\u00f2n, m\u00e0i m\u00f2n v\u00e0 nhi\u1ec7t \u0111\u1ed9 cao[:en]  Pressure ranges from:  0-17 to 0-2000 bar \/ 0-250 to 0-30000 psi   Accuracy: &lt; \u00b10.25% FS (H); &lt; \u00b10.5% FS (M)  Fluid-filled system for temperature stability  SIL2 approvals for Functional Safety  1\/2-20UNF, 5 standard threads; other types avai- lable on request  Autozero function on board \/ external option  Drift Autocompensation function (SP version)  Standard diaphragm is 15-5 PH stainless steel with GTP+ coating  17-7 PH corrugated diaphragm with GTP+ coating for ranges below 100 bar-1500 psi  &nbsp;  GTP+ (advanced protection)  Coating with high resistance against corrosion, abrasion and high temperature[:]\" \/>\n<meta property=\"og:url\" content=\"https:\/\/newskyvn.com\/product\/me-sil2\/\" \/>\n<meta property=\"og:site_name\" content=\"NEW SKY CO.,LTD\" \/>\n<meta property=\"article:modified_time\" content=\"2021-09-19T07:22:59+00:00\" \/>\n<meta property=\"og:image\" content=\"https:\/\/newskyvn.com\/wp-content\/uploads\/2021\/09\/show_we.jpg\" \/>\n\t<meta property=\"og:image:width\" content=\"500\" \/>\n\t<meta property=\"og:image:height\" content=\"500\" \/>\n<meta name=\"twitter:card\" content=\"summary_large_image\" \/>\n<meta name=\"twitter:label1\" content=\"Est. reading time\" \/>\n\t<meta name=\"twitter:data1\" content=\"2 minutes\" \/>\n<script type=\"application\/ld+json\" class=\"yoast-schema-graph\">{\"@context\":\"https:\/\/schema.org\",\"@graph\":[{\"@type\":\"WebSite\",\"@id\":\"https:\/\/newskyvn.com\/#website\",\"url\":\"https:\/\/newskyvn.com\/\",\"name\":\"NEW SKY CO.,LTD\",\"description\":\"C\\u00f4ng Ty TNHH S\\u1ea3n Xu\\u1ea5t Th\\u01b0\\u01a1ng M\\u1ea1i D\\u1ecbch V\\u1ee5 T\\u00e2n Thi\\u00ean\",\"potentialAction\":[{\"@type\":\"SearchAction\",\"target\":{\"@type\":\"EntryPoint\",\"urlTemplate\":\"https:\/\/newskyvn.com\/?s={search_term_string}\"},\"query-input\":\"required name=search_term_string\"}],\"inLanguage\":\"en-US\"},{\"@type\":\"ImageObject\",\"@id\":\"https:\/\/newskyvn.com\/product\/me-sil2\/#primaryimage\",\"inLanguage\":\"en-US\",\"url\":\"https:\/\/newskyvn.com\/wp-content\/uploads\/2021\/09\/show_we.jpg\",\"contentUrl\":\"https:\/\/newskyvn.com\/wp-content\/uploads\/2021\/09\/show_we.jpg\",\"width\":500,\"height\":500},{\"@type\":\"WebPage\",\"@id\":\"https:\/\/newskyvn.com\/product\/me-sil2\/#webpage\",\"url\":\"https:\/\/newskyvn.com\/product\/me-sil2\/\",\"name\":\"ME SIL2 - NEW SKY CO.,LTD\",\"isPartOf\":{\"@id\":\"https:\/\/newskyvn.com\/#website\"},\"primaryImageOfPage\":{\"@id\":\"https:\/\/newskyvn.com\/product\/me-sil2\/#primaryimage\"},\"datePublished\":\"2021-09-19T07:22:58+00:00\",\"dateModified\":\"2021-09-19T07:22:59+00:00\",\"breadcrumb\":{\"@id\":\"https:\/\/newskyvn.com\/product\/me-sil2\/#breadcrumb\"},\"inLanguage\":\"en-US\",\"potentialAction\":[{\"@type\":\"ReadAction\",\"target\":[\"https:\/\/newskyvn.com\/product\/me-sil2\/\"]}]},{\"@type\":\"BreadcrumbList\",\"@id\":\"https:\/\/newskyvn.com\/product\/me-sil2\/#breadcrumb\",\"itemListElement\":[{\"@type\":\"ListItem\",\"position\":1,\"name\":\"Product\",\"item\":\"https:\/\/newskyvn.com\/en\/san-pham\/\"},{\"@type\":\"ListItem\",\"position\":2,\"name\":\"ME SIL2\"}]}]}<\/script>\n<!-- \/ Yoast SEO plugin. -->","_links":{"self":[{"href":"https:\/\/newskyvn.com\/en\/wp-json\/wp\/v2\/product\/1485"}],"collection":[{"href":"https:\/\/newskyvn.com\/en\/wp-json\/wp\/v2\/product"}],"about":[{"href":"https:\/\/newskyvn.com\/en\/wp-json\/wp\/v2\/types\/product"}],"replies":[{"embeddable":true,"href":"https:\/\/newskyvn.com\/en\/wp-json\/wp\/v2\/comments?post=1485"}],"wp:featuredmedia":[{"embeddable":true,"href":"https:\/\/newskyvn.com\/en\/wp-json\/wp\/v2\/media\/1487"}],"wp:attachment":[{"href":"https:\/\/newskyvn.com\/en\/wp-json\/wp\/v2\/media?parent=1485"}],"wp:term":[{"taxonomy":"product_cat","embeddable":true,"href":"https:\/\/newskyvn.com\/en\/wp-json\/wp\/v2\/product_cat?post=1485"},{"taxonomy":"product_tag","embeddable":true,"href":"https:\/\/newskyvn.com\/en\/wp-json\/wp\/v2\/product_tag?post=1485"}],"curies":[{"name":"wp","href":"https:\/\/api.w.org\/{rel}","templated":true}]}}