{"id":1465,"date":"2021-09-17T13:02:16","date_gmt":"2021-09-17T13:02:16","guid":{"rendered":"https:\/\/newskyvn.com\/?post_type=product&#038;p=1465"},"modified":"2021-09-18T13:03:48","modified_gmt":"2021-09-18T13:03:48","slug":"accessories-for-thermocouples","status":"publish","type":"product","link":"https:\/\/newskyvn.com\/en\/product\/accessories-for-thermocouples\/","title":{"rendered":"Accessories for termocouples"},"content":{"rendered":"<p><\/p>\n<ul>\n<li>\u00a0\u00a0\u00a0 Extension and compensation cables for Thermocouples<\/li>\n<li>\u00a0\u00a0\u00a0 Protective sheathings<\/li>\n<li>\u00a0\u00a0\u00a0 Sliding compression fittings<\/li>\n<li>\u00a0\u00a0\u00a0 Connection heads<\/li>\n<li>\u00a0\u00a0\u00a0 4-20ma signal amplifiers<\/li>\n<li>\u00a0\u00a0\u00a0 Adapter for 4-20ma signal amplifiers<\/li>\n<li>\u00a0\u00a0\u00a0 Display<\/li>\n<li>\u00a0\u00a0\u00a0 IP67 remote temperature inputs on CANpen fieldbus<\/li>\n<li>\u00a0\u00a0\u00a0 Connectors<\/li>\n<\/ul>\n<p><\/p>","protected":false},"excerpt":{"rendered":"<p>Accessories: cables, protective sheathings, fittings, heads, amplifiers, adapter , display, remote inputs, connectors<\/p>\n","protected":false},"featured_media":1467,"comment_status":"open","ping_status":"closed","template":"","meta":[],"product_cat":[65,66],"product_tag":[],"yoast_head":"<!-- This site is optimized with the Yoast SEO plugin v16.6.1 - https:\/\/yoast.com\/wordpress\/plugins\/seo\/ -->\n<title>Accessories for termocouples - NEW SKY CO.,LTD<\/title>\n<meta name=\"robots\" content=\"index, follow, max-snippet:-1, max-image-preview:large, max-video-preview:-1\" \/>\n<link rel=\"canonical\" href=\"https:\/\/newskyvn.com\/product\/accessories-for-thermocouples\/\" \/>\n<meta property=\"og:locale\" content=\"en_US\" \/>\n<meta property=\"og:type\" content=\"article\" \/>\n<meta property=\"og:title\" content=\"[:vi]Accessories for thermocouples[:en]Accessories for termocouples[:] - NEW SKY CO.,LTD\" \/>\n<meta property=\"og:description\" content=\"[:vi]Ph\u1ee5 ki\u1ec7n: c\u00e1p, v\u1ecf b\u1ea3o v\u1ec7, ph\u1ee5 ki\u1ec7n, \u0111\u1ea7u, b\u1ed9 khu\u1ebfch \u0111\u1ea1i, b\u1ed9 chuy\u1ec3n \u0111\u1ed5i, m\u00e0n h\u00ecnh, \u0111\u1ea7u v\u00e0o t\u1eeb xa, \u0111\u1ea7u n\u1ed1i[:en]Accessories: cables, protective sheathings, fittings, heads, amplifiers, adapter , display, remote inputs, connectors[:]\" \/>\n<meta property=\"og:url\" content=\"https:\/\/newskyvn.com\/product\/accessories-for-thermocouples\/\" \/>\n<meta property=\"og:site_name\" content=\"NEW SKY CO.,LTD\" \/>\n<meta property=\"article:modified_time\" content=\"2021-09-18T13:03:48+00:00\" \/>\n<meta property=\"og:image\" content=\"https:\/\/newskyvn.com\/wp-content\/uploads\/2021\/09\/show_DIN_A.jpg\" \/>\n\t<meta property=\"og:image:width\" content=\"490\" \/>\n\t<meta property=\"og:image:height\" content=\"500\" \/>\n<meta name=\"twitter:card\" content=\"summary_large_image\" \/>\n<meta name=\"twitter:label1\" content=\"Est. reading time\" \/>\n\t<meta name=\"twitter:data1\" content=\"1 minute\" \/>\n<script type=\"application\/ld+json\" class=\"yoast-schema-graph\">{\"@context\":\"https:\/\/schema.org\",\"@graph\":[{\"@type\":\"WebSite\",\"@id\":\"https:\/\/newskyvn.com\/#website\",\"url\":\"https:\/\/newskyvn.com\/\",\"name\":\"NEW SKY CO.,LTD\",\"description\":\"C\\u00f4ng Ty TNHH S\\u1ea3n Xu\\u1ea5t Th\\u01b0\\u01a1ng M\\u1ea1i D\\u1ecbch V\\u1ee5 T\\u00e2n Thi\\u00ean\",\"potentialAction\":[{\"@type\":\"SearchAction\",\"target\":{\"@type\":\"EntryPoint\",\"urlTemplate\":\"https:\/\/newskyvn.com\/?s={search_term_string}\"},\"query-input\":\"required name=search_term_string\"}],\"inLanguage\":\"en-US\"},{\"@type\":\"ImageObject\",\"@id\":\"https:\/\/newskyvn.com\/product\/accessories-for-thermocouples\/#primaryimage\",\"inLanguage\":\"en-US\",\"url\":\"https:\/\/newskyvn.com\/wp-content\/uploads\/2021\/09\/show_DIN_A.jpg\",\"contentUrl\":\"https:\/\/newskyvn.com\/wp-content\/uploads\/2021\/09\/show_DIN_A.jpg\",\"width\":490,\"height\":500},{\"@type\":\"WebPage\",\"@id\":\"https:\/\/newskyvn.com\/product\/accessories-for-thermocouples\/#webpage\",\"url\":\"https:\/\/newskyvn.com\/product\/accessories-for-thermocouples\/\",\"name\":\"[:vi]Accessories for thermocouples[:en]Accessories for termocouples[:] - NEW SKY CO.,LTD\",\"isPartOf\":{\"@id\":\"https:\/\/newskyvn.com\/#website\"},\"primaryImageOfPage\":{\"@id\":\"https:\/\/newskyvn.com\/product\/accessories-for-thermocouples\/#primaryimage\"},\"datePublished\":\"2021-09-17T13:02:16+00:00\",\"dateModified\":\"2021-09-18T13:03:48+00:00\",\"breadcrumb\":{\"@id\":\"https:\/\/newskyvn.com\/product\/accessories-for-thermocouples\/#breadcrumb\"},\"inLanguage\":\"en-US\",\"potentialAction\":[{\"@type\":\"ReadAction\",\"target\":[\"https:\/\/newskyvn.com\/product\/accessories-for-thermocouples\/\"]}]},{\"@type\":\"BreadcrumbList\",\"@id\":\"https:\/\/newskyvn.com\/product\/accessories-for-thermocouples\/#breadcrumb\",\"itemListElement\":[{\"@type\":\"ListItem\",\"position\":1,\"name\":\"Product\",\"item\":\"https:\/\/newskyvn.com\/en\/san-pham\/\"},{\"@type\":\"ListItem\",\"position\":2,\"name\":\"[:vi]Accessories for thermocouples[:en]Accessories for termocouples[:]\"}]}]}<\/script>\n<!-- \/ Yoast SEO plugin. -->","_links":{"self":[{"href":"https:\/\/newskyvn.com\/en\/wp-json\/wp\/v2\/product\/1465"}],"collection":[{"href":"https:\/\/newskyvn.com\/en\/wp-json\/wp\/v2\/product"}],"about":[{"href":"https:\/\/newskyvn.com\/en\/wp-json\/wp\/v2\/types\/product"}],"replies":[{"embeddable":true,"href":"https:\/\/newskyvn.com\/en\/wp-json\/wp\/v2\/comments?post=1465"}],"wp:featuredmedia":[{"embeddable":true,"href":"https:\/\/newskyvn.com\/en\/wp-json\/wp\/v2\/media\/1467"}],"wp:attachment":[{"href":"https:\/\/newskyvn.com\/en\/wp-json\/wp\/v2\/media?parent=1465"}],"wp:term":[{"taxonomy":"product_cat","embeddable":true,"href":"https:\/\/newskyvn.com\/en\/wp-json\/wp\/v2\/product_cat?post=1465"},{"taxonomy":"product_tag","embeddable":true,"href":"https:\/\/newskyvn.com\/en\/wp-json\/wp\/v2\/product_tag?post=1465"}],"curies":[{"name":"wp","href":"https:\/\/api.w.org\/{rel}","templated":true}]}}