{"id":1462,"date":"2021-09-17T12:58:18","date_gmt":"2021-09-17T12:58:18","guid":{"rendered":"https:\/\/newskyvn.com\/?post_type=product&#038;p=1462"},"modified":"2021-09-18T13:04:00","modified_gmt":"2021-09-18T13:04:00","slug":"accessories","status":"publish","type":"product","link":"https:\/\/newskyvn.com\/en\/product\/accessories\/","title":{"rendered":"Accessories"},"content":{"rendered":"<p><\/p>\n<ul>\n<li>Extension and compensation cables for Thermocouples<\/li>\n<li>Protective sheathings<\/li>\n<li>Sliding compression fittings<\/li>\n<li>Connection heads<\/li>\n<li>4-20ma signal amplifiers<\/li>\n<li>Adapter for 4-20ma signal amplifiers<\/li>\n<li>Display<\/li>\n<li>IP67 remote temperature inputs on CANpen fieldbus<\/li>\n<li>Connectors<\/li>\n<\/ul>\n<p><\/p>","protected":false},"excerpt":{"rendered":"<ul>\n<li>Extension and compensation cables for Thermocouples<\/li>\n<li>Protective sheathings<\/li>\n<li>Sliding compression fittings<\/li>\n<li>Connection heads<\/li>\n<li>4-20ma signal amplifiers<\/li>\n<li>Adapter for 4-20ma signal amplifiers<\/li>\n<li>Display<\/li>\n<li>IP67 remote temperature inputs on CANpen fieldbus<\/li>\n<li>Connectors<\/li>\n<\/ul>\n","protected":false},"featured_media":1464,"comment_status":"open","ping_status":"closed","template":"","meta":[],"product_cat":[65,67],"product_tag":[],"yoast_head":"<!-- This site is optimized with the Yoast SEO plugin v16.6.1 - https:\/\/yoast.com\/wordpress\/plugins\/seo\/ -->\n<title>Accessories - NEW SKY CO.,LTD<\/title>\n<meta name=\"robots\" content=\"index, follow, max-snippet:-1, max-image-preview:large, max-video-preview:-1\" \/>\n<link rel=\"canonical\" href=\"https:\/\/newskyvn.com\/product\/accessories\/\" \/>\n<meta property=\"og:locale\" content=\"en_US\" \/>\n<meta property=\"og:type\" content=\"article\" \/>\n<meta property=\"og:title\" content=\"Accessories - NEW SKY CO.,LTD\" \/>\n<meta property=\"og:description\" content=\"[:vi]C\u00e1p m\u1edf r\u1ed9ng v\u00e0 c\u00e1p b\u00f9 cho C\u1eb7p nhi\u1ec7t \u0111i\u1ec7n V\u1ecf b\u1ecdc b\u1ea3o v\u1ec7 Ph\u1ee5 ki\u1ec7n n\u00e9n tr\u01b0\u1ee3t \u0110\u1ea7u k\u1ebft n\u1ed1i B\u1ed9 khu\u1ebfch \u0111\u1ea1i t\u00edn hi\u1ec7u 4-20ma B\u1ed9 chuy\u1ec3n \u0111\u1ed5i cho b\u1ed9 khu\u1ebfch \u0111\u1ea1i t\u00edn hi\u1ec7u 4-20ma Tr\u01b0ng b\u00e0y \u0110\u1ea7u v\u00e0o nhi\u1ec7t \u0111\u1ed9 t\u1eeb xa IP67 tr\u00ean CANpen fieldbus K\u1ebft n\u1ed1i[:en]  Extension and compensation cables for Thermocouples  Protective sheathings  Sliding compression fittings  Connection heads  4-20ma signal amplifiers  Adapter for 4-20ma signal amplifiers  Display  IP67 remote temperature inputs on CANpen fieldbus  Connectors [:]\" \/>\n<meta property=\"og:url\" content=\"https:\/\/newskyvn.com\/product\/accessories\/\" \/>\n<meta property=\"og:site_name\" content=\"NEW SKY CO.,LTD\" \/>\n<meta property=\"article:modified_time\" content=\"2021-09-18T13:04:00+00:00\" \/>\n<meta property=\"og:image\" content=\"https:\/\/newskyvn.com\/wp-content\/uploads\/2021\/09\/show_acc.jpg\" \/>\n\t<meta property=\"og:image:width\" content=\"500\" \/>\n\t<meta property=\"og:image:height\" content=\"500\" \/>\n<meta name=\"twitter:card\" content=\"summary_large_image\" \/>\n<meta name=\"twitter:label1\" content=\"Est. reading time\" \/>\n\t<meta name=\"twitter:data1\" content=\"1 minute\" \/>\n<script type=\"application\/ld+json\" class=\"yoast-schema-graph\">{\"@context\":\"https:\/\/schema.org\",\"@graph\":[{\"@type\":\"WebSite\",\"@id\":\"https:\/\/newskyvn.com\/#website\",\"url\":\"https:\/\/newskyvn.com\/\",\"name\":\"NEW SKY CO.,LTD\",\"description\":\"C\\u00f4ng Ty TNHH S\\u1ea3n Xu\\u1ea5t Th\\u01b0\\u01a1ng M\\u1ea1i D\\u1ecbch V\\u1ee5 T\\u00e2n Thi\\u00ean\",\"potentialAction\":[{\"@type\":\"SearchAction\",\"target\":{\"@type\":\"EntryPoint\",\"urlTemplate\":\"https:\/\/newskyvn.com\/?s={search_term_string}\"},\"query-input\":\"required name=search_term_string\"}],\"inLanguage\":\"en-US\"},{\"@type\":\"ImageObject\",\"@id\":\"https:\/\/newskyvn.com\/product\/accessories\/#primaryimage\",\"inLanguage\":\"en-US\",\"url\":\"https:\/\/newskyvn.com\/wp-content\/uploads\/2021\/09\/show_acc.jpg\",\"contentUrl\":\"https:\/\/newskyvn.com\/wp-content\/uploads\/2021\/09\/show_acc.jpg\",\"width\":500,\"height\":500},{\"@type\":\"WebPage\",\"@id\":\"https:\/\/newskyvn.com\/product\/accessories\/#webpage\",\"url\":\"https:\/\/newskyvn.com\/product\/accessories\/\",\"name\":\"Accessories - NEW SKY CO.,LTD\",\"isPartOf\":{\"@id\":\"https:\/\/newskyvn.com\/#website\"},\"primaryImageOfPage\":{\"@id\":\"https:\/\/newskyvn.com\/product\/accessories\/#primaryimage\"},\"datePublished\":\"2021-09-17T12:58:18+00:00\",\"dateModified\":\"2021-09-18T13:04:00+00:00\",\"breadcrumb\":{\"@id\":\"https:\/\/newskyvn.com\/product\/accessories\/#breadcrumb\"},\"inLanguage\":\"en-US\",\"potentialAction\":[{\"@type\":\"ReadAction\",\"target\":[\"https:\/\/newskyvn.com\/product\/accessories\/\"]}]},{\"@type\":\"BreadcrumbList\",\"@id\":\"https:\/\/newskyvn.com\/product\/accessories\/#breadcrumb\",\"itemListElement\":[{\"@type\":\"ListItem\",\"position\":1,\"name\":\"Product\",\"item\":\"https:\/\/newskyvn.com\/en\/san-pham\/\"},{\"@type\":\"ListItem\",\"position\":2,\"name\":\"Accessories\"}]}]}<\/script>\n<!-- \/ Yoast SEO plugin. -->","_links":{"self":[{"href":"https:\/\/newskyvn.com\/en\/wp-json\/wp\/v2\/product\/1462"}],"collection":[{"href":"https:\/\/newskyvn.com\/en\/wp-json\/wp\/v2\/product"}],"about":[{"href":"https:\/\/newskyvn.com\/en\/wp-json\/wp\/v2\/types\/product"}],"replies":[{"embeddable":true,"href":"https:\/\/newskyvn.com\/en\/wp-json\/wp\/v2\/comments?post=1462"}],"wp:featuredmedia":[{"embeddable":true,"href":"https:\/\/newskyvn.com\/en\/wp-json\/wp\/v2\/media\/1464"}],"wp:attachment":[{"href":"https:\/\/newskyvn.com\/en\/wp-json\/wp\/v2\/media?parent=1462"}],"wp:term":[{"taxonomy":"product_cat","embeddable":true,"href":"https:\/\/newskyvn.com\/en\/wp-json\/wp\/v2\/product_cat?post=1462"},{"taxonomy":"product_tag","embeddable":true,"href":"https:\/\/newskyvn.com\/en\/wp-json\/wp\/v2\/product_tag?post=1462"}],"curies":[{"name":"wp","href":"https:\/\/api.w.org\/{rel}","templated":true}]}}