{"id":1449,"date":"2021-09-18T12:42:18","date_gmt":"2021-09-18T12:42:18","guid":{"rendered":"https:\/\/newskyvn.com\/?post_type=product&#038;p=1449"},"modified":"2024-09-15T12:48:34","modified_gmt":"2024-09-15T12:48:34","slug":"trd","status":"publish","type":"product","link":"https:\/\/newskyvn.com\/en\/product\/trd\/","title":{"rendered":"TRD"},"content":{"rendered":"","protected":false},"excerpt":{"rendered":"<ul>\n<li>Temperature limits: -40 &#8230; +150\u00b0C<\/li>\n<li>Tolerance: UNI 7937, IEC 751 standards:<br \/>\n\u00b1 0.15\u00b0C at 0\u00b0C for class A (1\/2 DIN)<br \/>\n\u00b1 0.30\u00b0C at 0\u00b0C for class B (1 DIN)<br \/>\n\u00b1 0.10\u00b0C at 0\u00b0C for 1\/3 DIN class<\/li>\n<li>Tinned copper conductors with silicon rubber insulation<\/li>\n<li>PT100 wire-wound resistance thermometer<\/li>\n<li>Extension cable with 4 tinned copper conductors, silicon rubber primary insulation with Mylar Aluminium screen, silicone rubber outside insulation.<\/li>\n<li>Free wire termination<\/li>\n<li>Transition with 12 mm external diameter with circular tightned folded seam (double)<\/li>\n<li>Specific use for immersion in concrete<\/li>\n<\/ul>\n","protected":false},"featured_media":1451,"comment_status":"open","ping_status":"closed","template":"","meta":[],"product_cat":[65,67],"product_tag":[],"yoast_head":"<!-- This site is optimized with the Yoast SEO plugin v16.6.1 - https:\/\/yoast.com\/wordpress\/plugins\/seo\/ -->\n<title>TRD - NEW SKY CO.,LTD<\/title>\n<meta name=\"robots\" content=\"index, follow, max-snippet:-1, max-image-preview:large, max-video-preview:-1\" \/>\n<link rel=\"canonical\" href=\"https:\/\/newskyvn.com\/product\/trd\/\" \/>\n<meta property=\"og:locale\" content=\"en_US\" \/>\n<meta property=\"og:type\" content=\"article\" \/>\n<meta property=\"og:title\" content=\"TRD - NEW SKY CO.,LTD\" \/>\n<meta property=\"og:description\" content=\"[:vi]Gi\u1edbi h\u1ea1n nhi\u1ec7t \u0111\u1ed9: -40 ... + 150 \u00b0 C Dung sai: ti\u00eau chu\u1ea9n UNI 7937, IEC 751: \u00b1 0,15 \u00b0 C \u1edf 0 \u00b0 C cho lo\u1ea1i A (1\/2 DIN) \u00b1 0,30 \u00b0 C \u1edf 0 \u00b0 C cho lo\u1ea1i B (1 DIN) \u00b1 0,10 \u00b0 C \u1edf 0 \u00b0 C cho lo\u1ea1i 1\/3 DIN D\u00e2y d\u1eabn \u0111\u1ed3ng \u0111\u00f3ng h\u1ed9p v\u1edbi l\u1edbp c\u00e1ch \u0111i\u1ec7n b\u1eb1ng cao su silicon Nhi\u1ec7t k\u1ebf \u0111i\u1ec7n tr\u1edf d\u00e2y qu\u1ea5n PT100 C\u00e1p n\u1ed1i d\u00e0i v\u1edbi 4 ru\u1ed9t \u0111\u1ed3ng \u0111\u00f3ng h\u1ed9p, l\u1edbp c\u00e1ch \u0111i\u1ec7n ch\u00ednh b\u1eb1ng cao su silicon v\u1edbi m\u00e0n nh\u00f4m Mylar, l\u1edbp c\u00e1ch \u0111i\u1ec7n b\u00ean ngo\u00e0i b\u1eb1ng cao su silicone. K\u1ebft th\u00fac d\u00e2y mi\u1ec5n ph\u00ed Chuy\u1ec3n ti\u1ebfp v\u1edbi \u0111\u01b0\u1eddng k\u00ednh ngo\u00e0i 12 mm v\u1edbi \u0111\u01b0\u1eddng may g\u1ea5p n\u1ebfp h\u00ecnh tr\u00f2n (g\u1ea5p \u0111\u00f4i) S\u1eed d\u1ee5ng c\u1ee5 th\u1ec3 \u0111\u1ec3 ng\u00e2m trong b\u00ea t\u00f4ng[:en]  Temperature limits: -40 ... +150\u00b0C  Tolerance: UNI 7937, IEC 751 standards: \u00b1 0.15\u00b0C at 0\u00b0C for class A (1\/2 DIN) \u00b1 0.30\u00b0C at 0\u00b0C for class B (1 DIN) \u00b1 0.10\u00b0C at 0\u00b0C for 1\/3 DIN class  Tinned copper conductors with silicon rubber insulation  PT100 wire-wound resistance thermometer  Extension cable with 4 tinned copper conductors, silicon rubber primary insulation with Mylar Aluminium screen, silicone rubber outside insulation.  Free wire termination  Transition with 12 mm external diameter with circular tightned folded seam (double)  Specific use for immersion in concrete [:]\" \/>\n<meta property=\"og:url\" content=\"https:\/\/newskyvn.com\/product\/trd\/\" \/>\n<meta property=\"og:site_name\" content=\"NEW SKY CO.,LTD\" \/>\n<meta property=\"article:modified_time\" content=\"2024-09-15T12:48:34+00:00\" \/>\n<meta property=\"og:image\" content=\"https:\/\/newskyvn.com\/wp-content\/uploads\/2021\/09\/show_TRD_.jpg\" \/>\n\t<meta property=\"og:image:width\" content=\"500\" \/>\n\t<meta property=\"og:image:height\" content=\"500\" \/>\n<meta name=\"twitter:card\" content=\"summary_large_image\" \/>\n<script type=\"application\/ld+json\" class=\"yoast-schema-graph\">{\"@context\":\"https:\/\/schema.org\",\"@graph\":[{\"@type\":\"WebSite\",\"@id\":\"https:\/\/newskyvn.com\/#website\",\"url\":\"https:\/\/newskyvn.com\/\",\"name\":\"NEW SKY CO.,LTD\",\"description\":\"C\\u00f4ng Ty TNHH S\\u1ea3n Xu\\u1ea5t Th\\u01b0\\u01a1ng M\\u1ea1i D\\u1ecbch V\\u1ee5 T\\u00e2n Thi\\u00ean\",\"potentialAction\":[{\"@type\":\"SearchAction\",\"target\":{\"@type\":\"EntryPoint\",\"urlTemplate\":\"https:\/\/newskyvn.com\/?s={search_term_string}\"},\"query-input\":\"required name=search_term_string\"}],\"inLanguage\":\"en-US\"},{\"@type\":\"ImageObject\",\"@id\":\"https:\/\/newskyvn.com\/product\/trd\/#primaryimage\",\"inLanguage\":\"en-US\",\"url\":\"https:\/\/newskyvn.com\/wp-content\/uploads\/2021\/09\/show_TRD_.jpg\",\"contentUrl\":\"https:\/\/newskyvn.com\/wp-content\/uploads\/2021\/09\/show_TRD_.jpg\",\"width\":500,\"height\":500},{\"@type\":\"WebPage\",\"@id\":\"https:\/\/newskyvn.com\/product\/trd\/#webpage\",\"url\":\"https:\/\/newskyvn.com\/product\/trd\/\",\"name\":\"TRD - NEW SKY CO.,LTD\",\"isPartOf\":{\"@id\":\"https:\/\/newskyvn.com\/#website\"},\"primaryImageOfPage\":{\"@id\":\"https:\/\/newskyvn.com\/product\/trd\/#primaryimage\"},\"datePublished\":\"2021-09-18T12:42:18+00:00\",\"dateModified\":\"2024-09-15T12:48:34+00:00\",\"breadcrumb\":{\"@id\":\"https:\/\/newskyvn.com\/product\/trd\/#breadcrumb\"},\"inLanguage\":\"en-US\",\"potentialAction\":[{\"@type\":\"ReadAction\",\"target\":[\"https:\/\/newskyvn.com\/product\/trd\/\"]}]},{\"@type\":\"BreadcrumbList\",\"@id\":\"https:\/\/newskyvn.com\/product\/trd\/#breadcrumb\",\"itemListElement\":[{\"@type\":\"ListItem\",\"position\":1,\"name\":\"Product\",\"item\":\"https:\/\/newskyvn.com\/en\/san-pham\/\"},{\"@type\":\"ListItem\",\"position\":2,\"name\":\"TRD\"}]}]}<\/script>\n<!-- \/ Yoast SEO plugin. -->","_links":{"self":[{"href":"https:\/\/newskyvn.com\/en\/wp-json\/wp\/v2\/product\/1449"}],"collection":[{"href":"https:\/\/newskyvn.com\/en\/wp-json\/wp\/v2\/product"}],"about":[{"href":"https:\/\/newskyvn.com\/en\/wp-json\/wp\/v2\/types\/product"}],"replies":[{"embeddable":true,"href":"https:\/\/newskyvn.com\/en\/wp-json\/wp\/v2\/comments?post=1449"}],"wp:featuredmedia":[{"embeddable":true,"href":"https:\/\/newskyvn.com\/en\/wp-json\/wp\/v2\/media\/1451"}],"wp:attachment":[{"href":"https:\/\/newskyvn.com\/en\/wp-json\/wp\/v2\/media?parent=1449"}],"wp:term":[{"taxonomy":"product_cat","embeddable":true,"href":"https:\/\/newskyvn.com\/en\/wp-json\/wp\/v2\/product_cat?post=1449"},{"taxonomy":"product_tag","embeddable":true,"href":"https:\/\/newskyvn.com\/en\/wp-json\/wp\/v2\/product_tag?post=1449"}],"curies":[{"name":"wp","href":"https:\/\/api.w.org\/{rel}","templated":true}]}}