{"id":1408,"date":"2021-09-18T12:00:28","date_gmt":"2021-09-18T12:00:28","guid":{"rendered":"https:\/\/newskyvn.com\/?post_type=product&#038;p=1408"},"modified":"2024-09-15T12:48:34","modified_gmt":"2024-09-15T12:48:34","slug":"tcm","status":"publish","type":"product","link":"https:\/\/newskyvn.com\/en\/product\/tcm\/","title":{"rendered":"TCM"},"content":{"rendered":"","protected":false},"excerpt":{"rendered":"<ul>\n<li>Max. temperature limit:<br \/>\n&#8211; 40 &#8230; + 400\u00b0C<\/li>\n<li>Reference tolerances:<br \/>\nStandards IEC 584.2 class 2:<br \/>\nfor type J, K:<br \/>\n\u00b1 2,5\u00b0C (- 40 &#8230; + 333\u00b0C)<br \/>\n\u00b1 0.0075 [t] (t &gt; + 333\u00b0C)<\/li>\n<li>Thermoelement with compact isolation and continuous metal sheathing (MgO isolation)<\/li>\n<li>Cable to DIN standard<\/li>\n<\/ul>\n","protected":false},"featured_media":1410,"comment_status":"open","ping_status":"closed","template":"","meta":[],"product_cat":[65,66],"product_tag":[],"yoast_head":"<!-- This site is optimized with the Yoast SEO plugin v16.6.1 - https:\/\/yoast.com\/wordpress\/plugins\/seo\/ -->\n<title>TCM - NEW SKY CO.,LTD<\/title>\n<meta name=\"robots\" content=\"index, follow, max-snippet:-1, max-image-preview:large, max-video-preview:-1\" \/>\n<link rel=\"canonical\" href=\"https:\/\/newskyvn.com\/product\/tcm\/\" \/>\n<meta property=\"og:locale\" content=\"en_US\" \/>\n<meta property=\"og:type\" content=\"article\" \/>\n<meta property=\"og:title\" content=\"TCM - NEW SKY CO.,LTD\" \/>\n<meta property=\"og:description\" content=\"[:vi]T\u1ed1i \u0111a gi\u1edbi h\u1ea1n nhi\u1ec7t \u0111\u1ed9: - 40 ... + 400 \u00b0 C Dung sai tham kh\u1ea3o: Ti\u00eau chu\u1ea9n IEC 584.2 l\u1edbp 2: \u0111\u1ed1i v\u1edbi lo\u1ea1i J, K: \u00b1 2,5 \u00b0 C (- 40 ... + 333 \u00b0 C) \u00b1 0,0075 [t] (t&gt; + 333 \u00b0 C) Thermoelement v\u1edbi c\u00e1ch ly nh\u1ecf g\u1ecdn v\u00e0 v\u1ecf b\u1ecdc kim lo\u1ea1i li\u00ean t\u1ee5c (c\u00e1ch ly MgO) C\u00e1p sang ti\u00eau chu\u1ea9n DIN[:en]  Max. temperature limit: - 40 ... + 400\u00b0C  Reference tolerances: Standards IEC 584.2 class 2: for type J, K: \u00b1 2,5\u00b0C (- 40 ... + 333\u00b0C) \u00b1 0.0075 [t] (t &gt; + 333\u00b0C)  Thermoelement with compact isolation and continuous metal sheathing (MgO isolation)  Cable to DIN standard [:]\" \/>\n<meta property=\"og:url\" content=\"https:\/\/newskyvn.com\/product\/tcm\/\" \/>\n<meta property=\"og:site_name\" content=\"NEW SKY CO.,LTD\" \/>\n<meta property=\"article:modified_time\" content=\"2024-09-15T12:48:34+00:00\" \/>\n<meta property=\"og:image\" content=\"https:\/\/newskyvn.com\/wp-content\/uploads\/2021\/09\/show_TRM.jpg\" \/>\n\t<meta property=\"og:image:width\" content=\"500\" \/>\n\t<meta property=\"og:image:height\" content=\"500\" \/>\n<meta name=\"twitter:card\" content=\"summary_large_image\" \/>\n<script type=\"application\/ld+json\" class=\"yoast-schema-graph\">{\"@context\":\"https:\/\/schema.org\",\"@graph\":[{\"@type\":\"WebSite\",\"@id\":\"https:\/\/newskyvn.com\/#website\",\"url\":\"https:\/\/newskyvn.com\/\",\"name\":\"NEW SKY CO.,LTD\",\"description\":\"C\\u00f4ng Ty TNHH S\\u1ea3n Xu\\u1ea5t Th\\u01b0\\u01a1ng M\\u1ea1i D\\u1ecbch V\\u1ee5 T\\u00e2n Thi\\u00ean\",\"potentialAction\":[{\"@type\":\"SearchAction\",\"target\":{\"@type\":\"EntryPoint\",\"urlTemplate\":\"https:\/\/newskyvn.com\/?s={search_term_string}\"},\"query-input\":\"required name=search_term_string\"}],\"inLanguage\":\"en-US\"},{\"@type\":\"ImageObject\",\"@id\":\"https:\/\/newskyvn.com\/product\/tcm\/#primaryimage\",\"inLanguage\":\"en-US\",\"url\":\"https:\/\/newskyvn.com\/wp-content\/uploads\/2021\/09\/show_TRM.jpg\",\"contentUrl\":\"https:\/\/newskyvn.com\/wp-content\/uploads\/2021\/09\/show_TRM.jpg\",\"width\":500,\"height\":500},{\"@type\":\"WebPage\",\"@id\":\"https:\/\/newskyvn.com\/product\/tcm\/#webpage\",\"url\":\"https:\/\/newskyvn.com\/product\/tcm\/\",\"name\":\"TCM - NEW SKY CO.,LTD\",\"isPartOf\":{\"@id\":\"https:\/\/newskyvn.com\/#website\"},\"primaryImageOfPage\":{\"@id\":\"https:\/\/newskyvn.com\/product\/tcm\/#primaryimage\"},\"datePublished\":\"2021-09-18T12:00:28+00:00\",\"dateModified\":\"2024-09-15T12:48:34+00:00\",\"breadcrumb\":{\"@id\":\"https:\/\/newskyvn.com\/product\/tcm\/#breadcrumb\"},\"inLanguage\":\"en-US\",\"potentialAction\":[{\"@type\":\"ReadAction\",\"target\":[\"https:\/\/newskyvn.com\/product\/tcm\/\"]}]},{\"@type\":\"BreadcrumbList\",\"@id\":\"https:\/\/newskyvn.com\/product\/tcm\/#breadcrumb\",\"itemListElement\":[{\"@type\":\"ListItem\",\"position\":1,\"name\":\"Product\",\"item\":\"https:\/\/newskyvn.com\/en\/san-pham\/\"},{\"@type\":\"ListItem\",\"position\":2,\"name\":\"TCM\"}]}]}<\/script>\n<!-- \/ Yoast SEO plugin. -->","_links":{"self":[{"href":"https:\/\/newskyvn.com\/en\/wp-json\/wp\/v2\/product\/1408"}],"collection":[{"href":"https:\/\/newskyvn.com\/en\/wp-json\/wp\/v2\/product"}],"about":[{"href":"https:\/\/newskyvn.com\/en\/wp-json\/wp\/v2\/types\/product"}],"replies":[{"embeddable":true,"href":"https:\/\/newskyvn.com\/en\/wp-json\/wp\/v2\/comments?post=1408"}],"wp:featuredmedia":[{"embeddable":true,"href":"https:\/\/newskyvn.com\/en\/wp-json\/wp\/v2\/media\/1410"}],"wp:attachment":[{"href":"https:\/\/newskyvn.com\/en\/wp-json\/wp\/v2\/media?parent=1408"}],"wp:term":[{"taxonomy":"product_cat","embeddable":true,"href":"https:\/\/newskyvn.com\/en\/wp-json\/wp\/v2\/product_cat?post=1408"},{"taxonomy":"product_tag","embeddable":true,"href":"https:\/\/newskyvn.com\/en\/wp-json\/wp\/v2\/product_tag?post=1408"}],"curies":[{"name":"wp","href":"https:\/\/api.w.org\/{rel}","templated":true}]}}