{"id":1395,"date":"2021-09-18T10:06:13","date_gmt":"2021-09-18T10:06:13","guid":{"rendered":"https:\/\/newskyvn.com\/?post_type=product&#038;p=1395"},"modified":"2021-09-18T10:06:14","modified_gmt":"2021-09-18T10:06:14","slug":"tc5m","status":"publish","type":"product","link":"https:\/\/newskyvn.com\/en\/product\/tc5m\/","title":{"rendered":"TC5M"},"content":{"rendered":"","protected":false},"excerpt":{"rendered":"<ul>\n<li>Max. temperature limit:<br \/>\ntype J: &#8211; 40 &#8230; + 370\u00b0C<br \/>\ntype K: -40&#8230;+950\u00b0C<br \/>\n(see table for sheathing diameter used)<\/li>\n<li>Reference tolerances:<br \/>\nStandards UNI 7938, IEC 584.2 class 2:<br \/>\nfor type J and K:<br \/>\n\u00b1 2.5\u00b0 C (- 40 &#8230; + 333\u00b0C)<br \/>\n\u00b1 0.0075 [t] (t &gt; + 333\u00b0C)<\/li>\n<li>Single element<\/li>\n<li>Thermoelement with MgO isolation<\/li>\n<li>Mount threading adjustment spring: \u00d8 5mm, length 150mm<\/li>\n<li>Cable to DIN standard<\/li>\n<li>Highly versatile<\/li>\n<\/ul>\n","protected":false},"featured_media":1398,"comment_status":"open","ping_status":"closed","template":"","meta":[],"product_cat":[65,66],"product_tag":[],"yoast_head":"<!-- This site is optimized with the Yoast SEO plugin v16.6.1 - https:\/\/yoast.com\/wordpress\/plugins\/seo\/ -->\n<title>TC5M - NEW SKY CO.,LTD<\/title>\n<meta name=\"robots\" content=\"index, follow, max-snippet:-1, max-image-preview:large, max-video-preview:-1\" \/>\n<link rel=\"canonical\" href=\"https:\/\/newskyvn.com\/product\/tc5m\/\" \/>\n<meta property=\"og:locale\" content=\"en_US\" \/>\n<meta property=\"og:type\" content=\"article\" \/>\n<meta property=\"og:title\" content=\"TC5M - NEW SKY CO.,LTD\" \/>\n<meta property=\"og:description\" content=\"[:vi]   T\u1ed1i \u0111a gi\u1edbi h\u1ea1n nhi\u1ec7t \u0111\u1ed9:  lo\u1ea1i J: - 40 ... + 370 \u00b0 C  lo\u1ea1i K: -40 ... + 950 \u00b0 C (xem b\u1ea3ng \u0111\u1ec3 bi\u1ebft \u0111\u01b0\u1eddng k\u00ednh v\u1ecf b\u1ecdc \u0111\u01b0\u1ee3c s\u1eed d\u1ee5ng)   Dung sai tham kh\u1ea3o:  Ti\u00eau chu\u1ea9n UNI 7938, IEC 584.2l\u1edbp 2:  \u0111\u1ed1i v\u1edbi lo\u1ea1i J v\u00e0 K: \u00b1 2,5 \u00b0 C (- 40 ... + 333 \u00b0 C) \u00b1 0,0075 [t] (t&gt; + 333 \u00b0 C)   Th\u00e0nh ph\u1ea7n \u0111\u01a1n l\u1ebb Thermoelement   v\u1edbi s\u1ef1 c\u00f4 l\u1eadp MgO G\u1eafn l\u00f2 xo \u0111i\u1ec1u ch\u1ec9nh ren: \u00d8 5mm, chi\u1ec1u d\u00e0i 150mm  C\u00e1p sang ti\u00eau chu\u1ea9n DIN R\u1ea5t linh ho\u1ea1t [:en]  Max. temperature limit: type J: - 40 ... + 370\u00b0C type K: -40...+950\u00b0C (see table for sheathing diameter used)  Reference tolerances: Standards UNI 7938, IEC 584.2 class 2: for type J and K: \u00b1 2.5\u00b0 C (- 40 ... + 333\u00b0C) \u00b1 0.0075 [t] (t &gt; + 333\u00b0C)  Single element  Thermoelement with MgO isolation  Mount threading adjustment spring: \u00d8 5mm, length 150mm  Cable to DIN standard  Highly versatile [:]\" \/>\n<meta property=\"og:url\" content=\"https:\/\/newskyvn.com\/product\/tc5m\/\" \/>\n<meta property=\"og:site_name\" content=\"NEW SKY CO.,LTD\" \/>\n<meta property=\"article:modified_time\" content=\"2021-09-18T10:06:14+00:00\" \/>\n<meta property=\"og:image\" content=\"https:\/\/newskyvn.com\/wp-content\/uploads\/2021\/09\/show_TC5M.jpg\" \/>\n\t<meta property=\"og:image:width\" content=\"500\" \/>\n\t<meta property=\"og:image:height\" content=\"500\" \/>\n<meta name=\"twitter:card\" content=\"summary_large_image\" \/>\n<script type=\"application\/ld+json\" class=\"yoast-schema-graph\">{\"@context\":\"https:\/\/schema.org\",\"@graph\":[{\"@type\":\"WebSite\",\"@id\":\"https:\/\/newskyvn.com\/#website\",\"url\":\"https:\/\/newskyvn.com\/\",\"name\":\"NEW SKY CO.,LTD\",\"description\":\"C\\u00f4ng Ty TNHH S\\u1ea3n Xu\\u1ea5t Th\\u01b0\\u01a1ng M\\u1ea1i D\\u1ecbch V\\u1ee5 T\\u00e2n Thi\\u00ean\",\"potentialAction\":[{\"@type\":\"SearchAction\",\"target\":{\"@type\":\"EntryPoint\",\"urlTemplate\":\"https:\/\/newskyvn.com\/?s={search_term_string}\"},\"query-input\":\"required name=search_term_string\"}],\"inLanguage\":\"en-US\"},{\"@type\":\"ImageObject\",\"@id\":\"https:\/\/newskyvn.com\/product\/tc5m\/#primaryimage\",\"inLanguage\":\"en-US\",\"url\":\"https:\/\/newskyvn.com\/wp-content\/uploads\/2021\/09\/show_TC5M.jpg\",\"contentUrl\":\"https:\/\/newskyvn.com\/wp-content\/uploads\/2021\/09\/show_TC5M.jpg\",\"width\":500,\"height\":500},{\"@type\":\"WebPage\",\"@id\":\"https:\/\/newskyvn.com\/product\/tc5m\/#webpage\",\"url\":\"https:\/\/newskyvn.com\/product\/tc5m\/\",\"name\":\"TC5M - NEW SKY CO.,LTD\",\"isPartOf\":{\"@id\":\"https:\/\/newskyvn.com\/#website\"},\"primaryImageOfPage\":{\"@id\":\"https:\/\/newskyvn.com\/product\/tc5m\/#primaryimage\"},\"datePublished\":\"2021-09-18T10:06:13+00:00\",\"dateModified\":\"2021-09-18T10:06:14+00:00\",\"breadcrumb\":{\"@id\":\"https:\/\/newskyvn.com\/product\/tc5m\/#breadcrumb\"},\"inLanguage\":\"en-US\",\"potentialAction\":[{\"@type\":\"ReadAction\",\"target\":[\"https:\/\/newskyvn.com\/product\/tc5m\/\"]}]},{\"@type\":\"BreadcrumbList\",\"@id\":\"https:\/\/newskyvn.com\/product\/tc5m\/#breadcrumb\",\"itemListElement\":[{\"@type\":\"ListItem\",\"position\":1,\"name\":\"Product\",\"item\":\"https:\/\/newskyvn.com\/en\/san-pham\/\"},{\"@type\":\"ListItem\",\"position\":2,\"name\":\"TC5M\"}]}]}<\/script>\n<!-- \/ Yoast SEO plugin. -->","_links":{"self":[{"href":"https:\/\/newskyvn.com\/en\/wp-json\/wp\/v2\/product\/1395"}],"collection":[{"href":"https:\/\/newskyvn.com\/en\/wp-json\/wp\/v2\/product"}],"about":[{"href":"https:\/\/newskyvn.com\/en\/wp-json\/wp\/v2\/types\/product"}],"replies":[{"embeddable":true,"href":"https:\/\/newskyvn.com\/en\/wp-json\/wp\/v2\/comments?post=1395"}],"wp:featuredmedia":[{"embeddable":true,"href":"https:\/\/newskyvn.com\/en\/wp-json\/wp\/v2\/media\/1398"}],"wp:attachment":[{"href":"https:\/\/newskyvn.com\/en\/wp-json\/wp\/v2\/media?parent=1395"}],"wp:term":[{"taxonomy":"product_cat","embeddable":true,"href":"https:\/\/newskyvn.com\/en\/wp-json\/wp\/v2\/product_cat?post=1395"},{"taxonomy":"product_tag","embeddable":true,"href":"https:\/\/newskyvn.com\/en\/wp-json\/wp\/v2\/product_tag?post=1395"}],"curies":[{"name":"wp","href":"https:\/\/api.w.org\/{rel}","templated":true}]}}