{"id":1391,"date":"2021-09-18T09:59:57","date_gmt":"2021-09-18T09:59:57","guid":{"rendered":"https:\/\/newskyvn.com\/?post_type=product&#038;p=1391"},"modified":"2021-09-18T09:59:57","modified_gmt":"2021-09-18T09:59:57","slug":"tc5-tc5n","status":"publish","type":"product","link":"https:\/\/newskyvn.com\/en\/product\/tc5-tc5n\/","title":{"rendered":"TC5\/TC5N"},"content":{"rendered":"","protected":false},"excerpt":{"rendered":"<ul>\n<li>Max. temperature limit:<br \/>\n&#8211; 40 &#8230; + 250\u00b0C<br \/>\n(see table for thermocouple cable used)<\/li>\n<li>Reference tolerances:<br \/>\nStandards IEC 584.2 class 2:<br \/>\nfor type J, K: \u00b1 2.5\u00b0C (- 40 &#8230; + 333\u00b0C)<\/li>\n<li>AISI 303 stainless steel tip<\/li>\n<li>Mount threading adjustment spring: \u00f8 8mm, length 300mm<\/li>\n<li>Cable to DIN standard<\/li>\n<\/ul>\n","protected":false},"featured_media":1393,"comment_status":"open","ping_status":"closed","template":"","meta":[],"product_cat":[65,66],"product_tag":[],"yoast_head":"<!-- This site is optimized with the Yoast SEO plugin v16.6.1 - https:\/\/yoast.com\/wordpress\/plugins\/seo\/ -->\n<title>TC5\/TC5N - NEW SKY CO.,LTD<\/title>\n<meta name=\"robots\" content=\"index, follow, max-snippet:-1, max-image-preview:large, max-video-preview:-1\" \/>\n<link rel=\"canonical\" href=\"https:\/\/newskyvn.com\/product\/tc5-tc5n\/\" \/>\n<meta property=\"og:locale\" content=\"en_US\" \/>\n<meta property=\"og:type\" content=\"article\" \/>\n<meta property=\"og:title\" content=\"TC5\/TC5N - NEW SKY CO.,LTD\" \/>\n<meta property=\"og:description\" content=\"[:vi]T\u1ed1i \u0111a gi\u1edbi h\u1ea1n nhi\u1ec7t \u0111\u1ed9: - 40 ... + 250 \u00b0 C (xem b\u1ea3ng \u0111\u1ec3 bi\u1ebft c\u00e1p c\u1eb7p nhi\u1ec7t \u0111i\u1ec7n \u0111\u01b0\u1ee3c s\u1eed d\u1ee5ng) Dung sai tham kh\u1ea3o: Ti\u00eau chu\u1ea9n IEC 584.2 l\u1edbp 2: \u0111\u1ed1i v\u1edbi lo\u1ea1i J, K: \u00b1 2,5 \u00b0 C (- 40 ... + 333 \u00b0 C) \u0110\u1ea7u th\u00e9p kh\u00f4ng g\u1ec9 AISI 303 G\u1eafn l\u00f2 xo \u0111i\u1ec1u ch\u1ec9nh ren: \u00f8 8mm, chi\u1ec1u d\u00e0i 300mm C\u00e1p sang ti\u00eau chu\u1ea9n DIN[:en]  Max. temperature limit: - 40 ... + 250\u00b0C (see table for thermocouple cable used)  Reference tolerances: Standards IEC 584.2 class 2: for type J, K: \u00b1 2.5\u00b0C (- 40 ... + 333\u00b0C)  AISI 303 stainless steel tip  Mount threading adjustment spring: \u00f8 8mm, length 300mm  Cable to DIN standard [:]\" \/>\n<meta property=\"og:url\" content=\"https:\/\/newskyvn.com\/product\/tc5-tc5n\/\" \/>\n<meta property=\"og:site_name\" content=\"NEW SKY CO.,LTD\" \/>\n<meta property=\"og:image\" content=\"https:\/\/newskyvn.com\/wp-content\/uploads\/2021\/09\/show_tc5.jpg\" \/>\n\t<meta property=\"og:image:width\" content=\"500\" \/>\n\t<meta property=\"og:image:height\" content=\"500\" \/>\n<meta name=\"twitter:card\" content=\"summary_large_image\" \/>\n<script type=\"application\/ld+json\" class=\"yoast-schema-graph\">{\"@context\":\"https:\/\/schema.org\",\"@graph\":[{\"@type\":\"WebSite\",\"@id\":\"https:\/\/newskyvn.com\/#website\",\"url\":\"https:\/\/newskyvn.com\/\",\"name\":\"NEW SKY CO.,LTD\",\"description\":\"C\\u00f4ng Ty TNHH S\\u1ea3n Xu\\u1ea5t Th\\u01b0\\u01a1ng M\\u1ea1i D\\u1ecbch V\\u1ee5 T\\u00e2n Thi\\u00ean\",\"potentialAction\":[{\"@type\":\"SearchAction\",\"target\":{\"@type\":\"EntryPoint\",\"urlTemplate\":\"https:\/\/newskyvn.com\/?s={search_term_string}\"},\"query-input\":\"required name=search_term_string\"}],\"inLanguage\":\"en-US\"},{\"@type\":\"ImageObject\",\"@id\":\"https:\/\/newskyvn.com\/product\/tc5-tc5n\/#primaryimage\",\"inLanguage\":\"en-US\",\"url\":\"https:\/\/newskyvn.com\/wp-content\/uploads\/2021\/09\/show_tc5.jpg\",\"contentUrl\":\"https:\/\/newskyvn.com\/wp-content\/uploads\/2021\/09\/show_tc5.jpg\",\"width\":500,\"height\":500},{\"@type\":\"WebPage\",\"@id\":\"https:\/\/newskyvn.com\/product\/tc5-tc5n\/#webpage\",\"url\":\"https:\/\/newskyvn.com\/product\/tc5-tc5n\/\",\"name\":\"TC5\/TC5N - NEW SKY CO.,LTD\",\"isPartOf\":{\"@id\":\"https:\/\/newskyvn.com\/#website\"},\"primaryImageOfPage\":{\"@id\":\"https:\/\/newskyvn.com\/product\/tc5-tc5n\/#primaryimage\"},\"datePublished\":\"2021-09-18T09:59:57+00:00\",\"dateModified\":\"2021-09-18T09:59:57+00:00\",\"breadcrumb\":{\"@id\":\"https:\/\/newskyvn.com\/product\/tc5-tc5n\/#breadcrumb\"},\"inLanguage\":\"en-US\",\"potentialAction\":[{\"@type\":\"ReadAction\",\"target\":[\"https:\/\/newskyvn.com\/product\/tc5-tc5n\/\"]}]},{\"@type\":\"BreadcrumbList\",\"@id\":\"https:\/\/newskyvn.com\/product\/tc5-tc5n\/#breadcrumb\",\"itemListElement\":[{\"@type\":\"ListItem\",\"position\":1,\"name\":\"Product\",\"item\":\"https:\/\/newskyvn.com\/en\/san-pham\/\"},{\"@type\":\"ListItem\",\"position\":2,\"name\":\"TC5\/TC5N\"}]}]}<\/script>\n<!-- \/ Yoast SEO plugin. -->","_links":{"self":[{"href":"https:\/\/newskyvn.com\/en\/wp-json\/wp\/v2\/product\/1391"}],"collection":[{"href":"https:\/\/newskyvn.com\/en\/wp-json\/wp\/v2\/product"}],"about":[{"href":"https:\/\/newskyvn.com\/en\/wp-json\/wp\/v2\/types\/product"}],"replies":[{"embeddable":true,"href":"https:\/\/newskyvn.com\/en\/wp-json\/wp\/v2\/comments?post=1391"}],"wp:featuredmedia":[{"embeddable":true,"href":"https:\/\/newskyvn.com\/en\/wp-json\/wp\/v2\/media\/1393"}],"wp:attachment":[{"href":"https:\/\/newskyvn.com\/en\/wp-json\/wp\/v2\/media?parent=1391"}],"wp:term":[{"taxonomy":"product_cat","embeddable":true,"href":"https:\/\/newskyvn.com\/en\/wp-json\/wp\/v2\/product_cat?post=1391"},{"taxonomy":"product_tag","embeddable":true,"href":"https:\/\/newskyvn.com\/en\/wp-json\/wp\/v2\/product_tag?post=1391"}],"curies":[{"name":"wp","href":"https:\/\/api.w.org\/{rel}","templated":true}]}}