{"id":1388,"date":"2021-09-18T09:56:35","date_gmt":"2021-09-18T09:56:35","guid":{"rendered":"https:\/\/newskyvn.com\/?post_type=product&#038;p=1388"},"modified":"2021-09-18T09:56:35","modified_gmt":"2021-09-18T09:56:35","slug":"tc3","status":"publish","type":"product","link":"https:\/\/newskyvn.com\/en\/product\/tc3\/","title":{"rendered":"TC3"},"content":{"rendered":"","protected":false},"excerpt":{"rendered":"<ul>\n<li>Temperature limits: -40 &#8230; +250\u00b0C<\/li>\n<li>Tolerance:<br \/>\nUNI 7938, IEC 584.2 Standards, Class 2:<br \/>\nfor types J, K: \u00b1 2.5\u00b0C<\/li>\n<li>Extension cable insulation: fibreglass, screened TEFLON \u00ae<\/li>\n<li>Stainless steel tip<\/li>\n<li>Thrust spring washer<\/li>\n<li>Cable to DIN standard<\/li>\n<\/ul>\n","protected":false},"featured_media":1390,"comment_status":"open","ping_status":"closed","template":"","meta":[],"product_cat":[65,66],"product_tag":[],"yoast_head":"<!-- This site is optimized with the Yoast SEO plugin v16.6.1 - https:\/\/yoast.com\/wordpress\/plugins\/seo\/ -->\n<title>TC3 - NEW SKY CO.,LTD<\/title>\n<meta name=\"robots\" content=\"index, follow, max-snippet:-1, max-image-preview:large, max-video-preview:-1\" \/>\n<link rel=\"canonical\" href=\"https:\/\/newskyvn.com\/product\/tc3\/\" \/>\n<meta property=\"og:locale\" content=\"en_US\" \/>\n<meta property=\"og:type\" content=\"article\" \/>\n<meta property=\"og:title\" content=\"TC3 - NEW SKY CO.,LTD\" \/>\n<meta property=\"og:description\" content=\"[:vi]Gi\u1edbi h\u1ea1n nhi\u1ec7t \u0111\u1ed9: -40 ... + 250 \u00b0 C Dung sai:  Ti\u00eau chu\u1ea9n UNI 7938, IEC 584.2, Lo\u1ea1i 2: \u0111\u1ed1i v\u1edbi lo\u1ea1i J, K: \u00b1 2,5 \u00b0 C C\u00e1ch \u0111i\u1ec7n c\u00e1p k\u00e9o d\u00e0i: s\u1ee3i th\u1ee7y tinh, TEFLON \u00ae c\u00f3 m\u00e0n ch\u1eafn \u0110\u1ea7u th\u00e9p kh\u00f4ng g\u1ec9 M\u00e1y gi\u1eb7t l\u00f2 xo l\u1ef1c \u0111\u1ea9y C\u00e1p sang ti\u00eau chu\u1ea9n DIN[:en]  Temperature limits: -40 ... +250\u00b0C  Tolerance: UNI 7938, IEC 584.2 Standards, Class 2: for types J, K: \u00b1 2.5\u00b0C  Extension cable insulation: fibreglass, screened TEFLON \u00ae  Stainless steel tip  Thrust spring washer  Cable to DIN standard [:]\" \/>\n<meta property=\"og:url\" content=\"https:\/\/newskyvn.com\/product\/tc3\/\" \/>\n<meta property=\"og:site_name\" content=\"NEW SKY CO.,LTD\" \/>\n<meta property=\"og:image\" content=\"https:\/\/newskyvn.com\/wp-content\/uploads\/2021\/09\/show_GEFRAN_18-07-12_76940_TC3.jpg\" \/>\n\t<meta property=\"og:image:width\" content=\"500\" \/>\n\t<meta property=\"og:image:height\" content=\"468\" \/>\n<meta name=\"twitter:card\" content=\"summary_large_image\" \/>\n<script type=\"application\/ld+json\" class=\"yoast-schema-graph\">{\"@context\":\"https:\/\/schema.org\",\"@graph\":[{\"@type\":\"WebSite\",\"@id\":\"https:\/\/newskyvn.com\/#website\",\"url\":\"https:\/\/newskyvn.com\/\",\"name\":\"NEW SKY CO.,LTD\",\"description\":\"C\\u00f4ng Ty TNHH S\\u1ea3n Xu\\u1ea5t Th\\u01b0\\u01a1ng M\\u1ea1i D\\u1ecbch V\\u1ee5 T\\u00e2n Thi\\u00ean\",\"potentialAction\":[{\"@type\":\"SearchAction\",\"target\":{\"@type\":\"EntryPoint\",\"urlTemplate\":\"https:\/\/newskyvn.com\/?s={search_term_string}\"},\"query-input\":\"required name=search_term_string\"}],\"inLanguage\":\"en-US\"},{\"@type\":\"ImageObject\",\"@id\":\"https:\/\/newskyvn.com\/product\/tc3\/#primaryimage\",\"inLanguage\":\"en-US\",\"url\":\"https:\/\/newskyvn.com\/wp-content\/uploads\/2021\/09\/show_GEFRAN_18-07-12_76940_TC3.jpg\",\"contentUrl\":\"https:\/\/newskyvn.com\/wp-content\/uploads\/2021\/09\/show_GEFRAN_18-07-12_76940_TC3.jpg\",\"width\":500,\"height\":468},{\"@type\":\"WebPage\",\"@id\":\"https:\/\/newskyvn.com\/product\/tc3\/#webpage\",\"url\":\"https:\/\/newskyvn.com\/product\/tc3\/\",\"name\":\"TC3 - NEW SKY CO.,LTD\",\"isPartOf\":{\"@id\":\"https:\/\/newskyvn.com\/#website\"},\"primaryImageOfPage\":{\"@id\":\"https:\/\/newskyvn.com\/product\/tc3\/#primaryimage\"},\"datePublished\":\"2021-09-18T09:56:35+00:00\",\"dateModified\":\"2021-09-18T09:56:35+00:00\",\"breadcrumb\":{\"@id\":\"https:\/\/newskyvn.com\/product\/tc3\/#breadcrumb\"},\"inLanguage\":\"en-US\",\"potentialAction\":[{\"@type\":\"ReadAction\",\"target\":[\"https:\/\/newskyvn.com\/product\/tc3\/\"]}]},{\"@type\":\"BreadcrumbList\",\"@id\":\"https:\/\/newskyvn.com\/product\/tc3\/#breadcrumb\",\"itemListElement\":[{\"@type\":\"ListItem\",\"position\":1,\"name\":\"Product\",\"item\":\"https:\/\/newskyvn.com\/en\/san-pham\/\"},{\"@type\":\"ListItem\",\"position\":2,\"name\":\"TC3\"}]}]}<\/script>\n<!-- \/ Yoast SEO plugin. -->","_links":{"self":[{"href":"https:\/\/newskyvn.com\/en\/wp-json\/wp\/v2\/product\/1388"}],"collection":[{"href":"https:\/\/newskyvn.com\/en\/wp-json\/wp\/v2\/product"}],"about":[{"href":"https:\/\/newskyvn.com\/en\/wp-json\/wp\/v2\/types\/product"}],"replies":[{"embeddable":true,"href":"https:\/\/newskyvn.com\/en\/wp-json\/wp\/v2\/comments?post=1388"}],"wp:featuredmedia":[{"embeddable":true,"href":"https:\/\/newskyvn.com\/en\/wp-json\/wp\/v2\/media\/1390"}],"wp:attachment":[{"href":"https:\/\/newskyvn.com\/en\/wp-json\/wp\/v2\/media?parent=1388"}],"wp:term":[{"taxonomy":"product_cat","embeddable":true,"href":"https:\/\/newskyvn.com\/en\/wp-json\/wp\/v2\/product_cat?post=1388"},{"taxonomy":"product_tag","embeddable":true,"href":"https:\/\/newskyvn.com\/en\/wp-json\/wp\/v2\/product_tag?post=1388"}],"curies":[{"name":"wp","href":"https:\/\/api.w.org\/{rel}","templated":true}]}}