{"id":1379,"date":"2021-09-18T09:45:11","date_gmt":"2021-09-18T09:45:11","guid":{"rendered":"https:\/\/newskyvn.com\/?post_type=product&#038;p=1379"},"modified":"2021-09-18T09:45:12","modified_gmt":"2021-09-18T09:45:12","slug":"tc1m","status":"publish","type":"product","link":"https:\/\/newskyvn.com\/en\/product\/tc1m\/","title":{"rendered":"TC1M"},"content":{"rendered":"","protected":false},"excerpt":{"rendered":"<ul>\n<li>Max. temperature limit:<br \/>\n&#8211; 40 &#8230; + 310\u00b0C for type T<br \/>\n&#8211; 40 &#8230; + 550\u00b0C for type J<br \/>\n&#8211; 40 &#8230; + 1050\u00b0C for type K<br \/>\n(see table for sheathing diameter used)<\/li>\n<li>Reference tolerances: Standards IEC 584.2 class 2<br \/>\nfor type T:<br \/>\n\u00b1 1\u00b0C (- 40 &#8230; + 133\u00b0C)<br \/>\n\u00b1 0.0075 [t] (t &gt; + 133\u00b0C)<br \/>\nfor type J, K:<br \/>\n\u00b1 2.5\u00b0C (- 40 &#8230; + 333\u00b0C)<br \/>\n\u00b1 0.0075 [t] (t &gt; + 333\u00b0C)<\/li>\n<li>Thermoelement with compact isolation and continuous metal sheathing (MgO isolation)<\/li>\n<li>Cable to DIN standard<\/li>\n<li>Highly versatile<\/li>\n<\/ul>\n","protected":false},"featured_media":1381,"comment_status":"open","ping_status":"closed","template":"","meta":[],"product_cat":[65,66],"product_tag":[],"yoast_head":"<!-- This site is optimized with the Yoast SEO plugin v16.6.1 - https:\/\/yoast.com\/wordpress\/plugins\/seo\/ -->\n<title>TC1M - NEW SKY CO.,LTD<\/title>\n<meta name=\"robots\" content=\"index, follow, max-snippet:-1, max-image-preview:large, max-video-preview:-1\" \/>\n<link rel=\"canonical\" href=\"https:\/\/newskyvn.com\/product\/tc1m\/\" \/>\n<meta property=\"og:locale\" content=\"en_US\" \/>\n<meta property=\"og:type\" content=\"article\" \/>\n<meta property=\"og:title\" content=\"TC1M - NEW SKY CO.,LTD\" \/>\n<meta property=\"og:description\" content=\"[:vi]T\u1ed1i \u0111a gi\u1edbi h\u1ea1n nhi\u1ec7t \u0111\u1ed9: - 40 ... + 310 \u00b0 C cho lo\u1ea1i T - 40 ... + 550 \u00b0 C cho lo\u1ea1i J - 40 ... + 1050 \u00b0 C cho lo\u1ea1i K (xem b\u1ea3ng \u0111\u1ec3 bi\u1ebft \u0111\u01b0\u1eddng k\u00ednh v\u1ecf b\u1ecdc \u0111\u01b0\u1ee3c s\u1eed d\u1ee5ng) Dung sai tham chi\u1ebfu: Ti\u00eau chu\u1ea9n IEC 584.2 l\u1edbp 2 \u0111\u1ed1i v\u1edbi lo\u1ea1i T: \u00b1 1 \u00b0 C (- 40 ... + 133 \u00b0 C) \u00b1 0,0075 [t] (t&gt; + 133 \u00b0 C) \u0111\u1ed1i v\u1edbi lo\u1ea1i J, K: \u00b1 2,5 \u00b0 C (- 40 ... + 333 \u00b0 C) \u00b1 0,0075 [t] (t&gt; + 333 \u00b0 C) Thermoelement v\u1edbi c\u00e1ch ly nh\u1ecf g\u1ecdn v\u00e0 v\u1ecf b\u1ecdc kim lo\u1ea1i li\u00ean t\u1ee5c (c\u00e1ch ly MgO) C\u00e1p sang ti\u00eau chu\u1ea9n DIN R\u1ea5t linh ho\u1ea1t[:en]  Max. temperature limit: - 40 ... + 310\u00b0C for type T - 40 ... + 550\u00b0C for type J - 40 ... + 1050\u00b0C for type K (see table for sheathing diameter used)  Reference tolerances: Standards IEC 584.2 class 2 for type T: \u00b1 1\u00b0C (- 40 ... + 133\u00b0C) \u00b1 0.0075 [t] (t &gt; + 133\u00b0C) for type J, K: \u00b1 2.5\u00b0C (- 40 ... + 333\u00b0C) \u00b1 0.0075 [t] (t &gt; + 333\u00b0C)  Thermoelement with compact isolation and continuous metal sheathing (MgO isolation)  Cable to DIN standard  Highly versatile [:]\" \/>\n<meta property=\"og:url\" content=\"https:\/\/newskyvn.com\/product\/tc1m\/\" \/>\n<meta property=\"og:site_name\" content=\"NEW SKY CO.,LTD\" \/>\n<meta property=\"article:modified_time\" content=\"2021-09-18T09:45:12+00:00\" \/>\n<meta property=\"og:image\" content=\"https:\/\/newskyvn.com\/wp-content\/uploads\/2021\/09\/show_tcm1.jpg\" \/>\n\t<meta property=\"og:image:width\" content=\"500\" \/>\n\t<meta property=\"og:image:height\" content=\"500\" \/>\n<meta name=\"twitter:card\" content=\"summary_large_image\" \/>\n<script type=\"application\/ld+json\" class=\"yoast-schema-graph\">{\"@context\":\"https:\/\/schema.org\",\"@graph\":[{\"@type\":\"WebSite\",\"@id\":\"https:\/\/newskyvn.com\/#website\",\"url\":\"https:\/\/newskyvn.com\/\",\"name\":\"NEW SKY CO.,LTD\",\"description\":\"C\\u00f4ng Ty TNHH S\\u1ea3n Xu\\u1ea5t Th\\u01b0\\u01a1ng M\\u1ea1i D\\u1ecbch V\\u1ee5 T\\u00e2n Thi\\u00ean\",\"potentialAction\":[{\"@type\":\"SearchAction\",\"target\":{\"@type\":\"EntryPoint\",\"urlTemplate\":\"https:\/\/newskyvn.com\/?s={search_term_string}\"},\"query-input\":\"required name=search_term_string\"}],\"inLanguage\":\"en-US\"},{\"@type\":\"ImageObject\",\"@id\":\"https:\/\/newskyvn.com\/product\/tc1m\/#primaryimage\",\"inLanguage\":\"en-US\",\"url\":\"https:\/\/newskyvn.com\/wp-content\/uploads\/2021\/09\/show_tcm1.jpg\",\"contentUrl\":\"https:\/\/newskyvn.com\/wp-content\/uploads\/2021\/09\/show_tcm1.jpg\",\"width\":500,\"height\":500},{\"@type\":\"WebPage\",\"@id\":\"https:\/\/newskyvn.com\/product\/tc1m\/#webpage\",\"url\":\"https:\/\/newskyvn.com\/product\/tc1m\/\",\"name\":\"TC1M - NEW SKY CO.,LTD\",\"isPartOf\":{\"@id\":\"https:\/\/newskyvn.com\/#website\"},\"primaryImageOfPage\":{\"@id\":\"https:\/\/newskyvn.com\/product\/tc1m\/#primaryimage\"},\"datePublished\":\"2021-09-18T09:45:11+00:00\",\"dateModified\":\"2021-09-18T09:45:12+00:00\",\"breadcrumb\":{\"@id\":\"https:\/\/newskyvn.com\/product\/tc1m\/#breadcrumb\"},\"inLanguage\":\"en-US\",\"potentialAction\":[{\"@type\":\"ReadAction\",\"target\":[\"https:\/\/newskyvn.com\/product\/tc1m\/\"]}]},{\"@type\":\"BreadcrumbList\",\"@id\":\"https:\/\/newskyvn.com\/product\/tc1m\/#breadcrumb\",\"itemListElement\":[{\"@type\":\"ListItem\",\"position\":1,\"name\":\"Product\",\"item\":\"https:\/\/newskyvn.com\/en\/san-pham\/\"},{\"@type\":\"ListItem\",\"position\":2,\"name\":\"TC1M\"}]}]}<\/script>\n<!-- \/ Yoast SEO plugin. -->","_links":{"self":[{"href":"https:\/\/newskyvn.com\/en\/wp-json\/wp\/v2\/product\/1379"}],"collection":[{"href":"https:\/\/newskyvn.com\/en\/wp-json\/wp\/v2\/product"}],"about":[{"href":"https:\/\/newskyvn.com\/en\/wp-json\/wp\/v2\/types\/product"}],"replies":[{"embeddable":true,"href":"https:\/\/newskyvn.com\/en\/wp-json\/wp\/v2\/comments?post=1379"}],"wp:featuredmedia":[{"embeddable":true,"href":"https:\/\/newskyvn.com\/en\/wp-json\/wp\/v2\/media\/1381"}],"wp:attachment":[{"href":"https:\/\/newskyvn.com\/en\/wp-json\/wp\/v2\/media?parent=1379"}],"wp:term":[{"taxonomy":"product_cat","embeddable":true,"href":"https:\/\/newskyvn.com\/en\/wp-json\/wp\/v2\/product_cat?post=1379"},{"taxonomy":"product_tag","embeddable":true,"href":"https:\/\/newskyvn.com\/en\/wp-json\/wp\/v2\/product_tag?post=1379"}],"curies":[{"name":"wp","href":"https:\/\/api.w.org\/{rel}","templated":true}]}}