{"id":1370,"date":"2021-09-18T09:29:37","date_gmt":"2021-09-18T09:29:37","guid":{"rendered":"https:\/\/newskyvn.com\/?post_type=product&#038;p=1370"},"modified":"2024-09-19T20:53:24","modified_gmt":"2024-09-19T20:53:24","slug":"t4f","status":"publish","type":"product","link":"https:\/\/newskyvn.com\/en\/product\/t4f\/","title":{"rendered":"T4F"},"content":{"rendered":"","protected":false},"excerpt":{"rendered":"<ul>\n<li>Temperature limits:: &#8211; 40 &#8230; + 250\u00b0 C<\/li>\n<li>Tolerance: Norme UNI 7938 standards, IEC 584.2 :<br \/>\nclass 2: for types J, K: \u00b1 2.5\u00b0 C<\/li>\n<li>Extension cable insulation: fibreglass, screened TEFLON \u00ae<\/li>\n<li>Eyelet thermocouple with low thermal profile and quick response time, suitable for measures on flat surfaces<\/li>\n<li>Cable to DIN standard<\/li>\n<\/ul>\n","protected":false},"featured_media":1372,"comment_status":"open","ping_status":"closed","template":"","meta":[],"product_cat":[65,66],"product_tag":[],"yoast_head":"<!-- This site is optimized with the Yoast SEO plugin v16.6.1 - https:\/\/yoast.com\/wordpress\/plugins\/seo\/ -->\n<title>T4F - NEW SKY CO.,LTD<\/title>\n<meta name=\"robots\" content=\"index, follow, max-snippet:-1, max-image-preview:large, max-video-preview:-1\" \/>\n<link rel=\"canonical\" href=\"https:\/\/newskyvn.com\/product\/t4f\/\" \/>\n<meta property=\"og:locale\" content=\"en_US\" \/>\n<meta property=\"og:type\" content=\"article\" \/>\n<meta property=\"og:title\" content=\"T4F - NEW SKY CO.,LTD\" \/>\n<meta property=\"og:description\" content=\"[:vi]Gi\u1edbi h\u1ea1n nhi\u1ec7t \u0111\u1ed9 :: - 40 ... + 250 \u00b0 C Dung sai: Ti\u00eau chu\u1ea9n Norme UNI 7938, IEC 584.2: lo\u1ea1i 2: \u0111\u1ed1i v\u1edbi lo\u1ea1i J, K: \u00b1 2,5 \u00b0 C C\u00e1ch \u0111i\u1ec7n c\u00e1p k\u00e9o d\u00e0i: s\u1ee3i th\u1ee7y tinh, TEFLON \u00ae c\u00f3 m\u00e0n ch\u1eafn C\u1eb7p nhi\u1ec7t \u0111i\u1ec7n h\u00ecnh m\u1eaft v\u1edbi c\u1ea5u h\u00ecnh nhi\u1ec7t th\u1ea5p v\u00e0 th\u1eddi gian ph\u1ea3n h\u1ed3i nhanh ch\u00f3ng, th\u00edch h\u1ee3p cho c\u00e1c ph\u00e9p \u0111o tr\u00ean b\u1ec1 m\u1eb7t ph\u1eb3ng C\u00e1p sang ti\u00eau chu\u1ea9n DIN[:en]  Temperature limits:: - 40 ... + 250\u00b0 C  Tolerance: Norme UNI 7938 standards, IEC 584.2 : class 2: for types J, K: \u00b1 2.5\u00b0 C  Extension cable insulation: fibreglass, screened TEFLON \u00ae  Eyelet thermocouple with low thermal profile and quick response time, suitable for measures on flat surfaces  Cable to DIN standard [:]\" \/>\n<meta property=\"og:url\" content=\"https:\/\/newskyvn.com\/product\/t4f\/\" \/>\n<meta property=\"og:site_name\" content=\"NEW SKY CO.,LTD\" \/>\n<meta property=\"article:modified_time\" content=\"2024-09-19T20:53:24+00:00\" \/>\n<meta property=\"og:image\" content=\"https:\/\/newskyvn.com\/wp-content\/uploads\/2021\/09\/show_t4f.jpg\" \/>\n\t<meta property=\"og:image:width\" content=\"500\" \/>\n\t<meta property=\"og:image:height\" content=\"500\" \/>\n<meta name=\"twitter:card\" content=\"summary_large_image\" \/>\n<script type=\"application\/ld+json\" class=\"yoast-schema-graph\">{\"@context\":\"https:\/\/schema.org\",\"@graph\":[{\"@type\":\"WebSite\",\"@id\":\"https:\/\/newskyvn.com\/#website\",\"url\":\"https:\/\/newskyvn.com\/\",\"name\":\"NEW SKY CO.,LTD\",\"description\":\"C\\u00f4ng Ty TNHH S\\u1ea3n Xu\\u1ea5t Th\\u01b0\\u01a1ng M\\u1ea1i D\\u1ecbch V\\u1ee5 T\\u00e2n Thi\\u00ean\",\"potentialAction\":[{\"@type\":\"SearchAction\",\"target\":{\"@type\":\"EntryPoint\",\"urlTemplate\":\"https:\/\/newskyvn.com\/?s={search_term_string}\"},\"query-input\":\"required name=search_term_string\"}],\"inLanguage\":\"en-US\"},{\"@type\":\"ImageObject\",\"@id\":\"https:\/\/newskyvn.com\/product\/t4f\/#primaryimage\",\"inLanguage\":\"en-US\",\"url\":\"https:\/\/newskyvn.com\/wp-content\/uploads\/2021\/09\/show_t4f.jpg\",\"contentUrl\":\"https:\/\/newskyvn.com\/wp-content\/uploads\/2021\/09\/show_t4f.jpg\",\"width\":500,\"height\":500},{\"@type\":\"WebPage\",\"@id\":\"https:\/\/newskyvn.com\/product\/t4f\/#webpage\",\"url\":\"https:\/\/newskyvn.com\/product\/t4f\/\",\"name\":\"T4F - NEW SKY CO.,LTD\",\"isPartOf\":{\"@id\":\"https:\/\/newskyvn.com\/#website\"},\"primaryImageOfPage\":{\"@id\":\"https:\/\/newskyvn.com\/product\/t4f\/#primaryimage\"},\"datePublished\":\"2021-09-18T09:29:37+00:00\",\"dateModified\":\"2024-09-19T20:53:24+00:00\",\"breadcrumb\":{\"@id\":\"https:\/\/newskyvn.com\/product\/t4f\/#breadcrumb\"},\"inLanguage\":\"en-US\",\"potentialAction\":[{\"@type\":\"ReadAction\",\"target\":[\"https:\/\/newskyvn.com\/product\/t4f\/\"]}]},{\"@type\":\"BreadcrumbList\",\"@id\":\"https:\/\/newskyvn.com\/product\/t4f\/#breadcrumb\",\"itemListElement\":[{\"@type\":\"ListItem\",\"position\":1,\"name\":\"Product\",\"item\":\"https:\/\/newskyvn.com\/en\/san-pham\/\"},{\"@type\":\"ListItem\",\"position\":2,\"name\":\"T4F\"}]}]}<\/script>\n<!-- \/ Yoast SEO plugin. -->","_links":{"self":[{"href":"https:\/\/newskyvn.com\/en\/wp-json\/wp\/v2\/product\/1370"}],"collection":[{"href":"https:\/\/newskyvn.com\/en\/wp-json\/wp\/v2\/product"}],"about":[{"href":"https:\/\/newskyvn.com\/en\/wp-json\/wp\/v2\/types\/product"}],"replies":[{"embeddable":true,"href":"https:\/\/newskyvn.com\/en\/wp-json\/wp\/v2\/comments?post=1370"}],"wp:featuredmedia":[{"embeddable":true,"href":"https:\/\/newskyvn.com\/en\/wp-json\/wp\/v2\/media\/1372"}],"wp:attachment":[{"href":"https:\/\/newskyvn.com\/en\/wp-json\/wp\/v2\/media?parent=1370"}],"wp:term":[{"taxonomy":"product_cat","embeddable":true,"href":"https:\/\/newskyvn.com\/en\/wp-json\/wp\/v2\/product_cat?post=1370"},{"taxonomy":"product_tag","embeddable":true,"href":"https:\/\/newskyvn.com\/en\/wp-json\/wp\/v2\/product_tag?post=1370"}],"curies":[{"name":"wp","href":"https:\/\/api.w.org\/{rel}","templated":true}]}}