{"id":1342,"date":"2021-09-18T03:25:39","date_gmt":"2021-09-18T03:25:39","guid":{"rendered":"https:\/\/newskyvn.com\/?post_type=product&#038;p=1342"},"modified":"2021-09-18T03:25:39","modified_gmt":"2021-09-18T03:25:39","slug":"dlca","status":"publish","type":"product","link":"https:\/\/newskyvn.com\/en\/product\/dlca\/","title":{"rendered":"DLCA"},"content":{"rendered":"<p>Pancake gi\u1ed1ng nh\u01b0 c\u1ea3m bi\u1ebfn l\u1ef1c c\u00f3 m\u00e0ng ng\u0103n \u0111\u01b0\u1ee3c thi\u1ebft k\u1ebf \u0111\u1ec3 s\u1eed d\u1ee5ng trong M\u00e1y \u00e9p phun ho\u00e0n to\u00e0n b\u1eb1ng \u0111i\u1ec7n.<\/p>\n<p>Thi\u1ebft k\u1ebf Th\u00e2n ph\u1eb3ng cho ph\u00e9p d\u1ec5 d\u00e0ng t\u00edch h\u1ee3p v\u00e0o b\u1ed9 ph\u1eadn phun m\u00e0 kh\u00f4ng l\u00e0m t\u0103ng th\u00eam chi\u1ec1u d\u00e0i m\u00e1y.<\/p>\n<p><span style=\"color: #0000ff;\"><strong>\u0110\u1eb6C T\u00cdNH K\u1ef8 THU\u1eacT C\u1ee6A DLCA<\/strong><\/span><\/p>\n<table>\n<tbody>\n<tr>\n<td width=\"246\">OUTPUT SIGNAL<\/td>\n<td width=\"208\">VOLTAGE<\/td>\n<td width=\"208\">CURRENT<\/td>\n<\/tr>\n<tr>\n<td width=\"246\">Measuring range<\/td>\n<td colspan=\"2\" width=\"416\">60\u2026650kN<\/td>\n<\/tr>\n<tr>\n<td width=\"246\">Sampling rate<\/td>\n<td colspan=\"2\" width=\"416\">5 kHz<\/td>\n<\/tr>\n<tr>\n<td width=\"246\">Low-pass filter<\/td>\n<td colspan=\"2\" width=\"416\">1 kHz<\/td>\n<\/tr>\n<tr>\n<td width=\"246\">Zero output signal<\/td>\n<td width=\"208\">0 V (V)<\/td>\n<td width=\"208\">4 mA (I)<\/td>\n<\/tr>\n<tr>\n<td rowspan=\"2\" width=\"246\">Full scale output signal<\/td>\n<td width=\"208\">+10 V (V) compression<\/td>\n<td width=\"208\">20 mA (I) compression<\/td>\n<\/tr>\n<tr>\n<td width=\"208\">-10 V (V) stretching<\/td>\n<td width=\"208\">&#8211;<\/td>\n<\/tr>\n<tr>\n<td width=\"246\">Accuracy<\/td>\n<td colspan=\"2\" width=\"416\">&lt;\u00b11% FS<\/td>\n<\/tr>\n<tr>\n<td width=\"246\">Accuracy of zero point<\/td>\n<td colspan=\"2\" width=\"416\">&lt;\u00b10,1% FS<\/td>\n<\/tr>\n<tr>\n<td width=\"246\">Linearity<\/td>\n<td colspan=\"2\" width=\"416\">&lt;\u00b10,6% FS<\/td>\n<\/tr>\n<tr>\n<td width=\"246\">Hysteresis<\/td>\n<td colspan=\"2\" width=\"416\">&lt;\u00b10,6% FS<\/td>\n<\/tr>\n<tr>\n<td width=\"246\">Repeatability<\/td>\n<td colspan=\"2\" width=\"416\">&lt;\u00b10,2% FS<\/td>\n<\/tr>\n<tr>\n<td width=\"246\">Allowed load<\/td>\n<td width=\"208\">\u2265 5 k\u03a9<\/td>\n<td width=\"208\">0\u2026500 \u03a9<\/td>\n<\/tr>\n<tr>\n<td width=\"246\">Repeatability<\/td>\n<td colspan=\"2\" width=\"416\">&gt;25 ms<\/td>\n<\/tr>\n<tr>\n<td width=\"246\">Reset voltage<\/td>\n<td colspan=\"2\" width=\"416\">12\u202636VDC, 0 VDC<\/td>\n<\/tr>\n<tr>\n<td width=\"246\">Supply voltage<\/td>\n<td colspan=\"2\" width=\"416\">12\u202636VDC<\/td>\n<\/tr>\n<tr>\n<td width=\"246\">Power consumption<\/td>\n<td width=\"208\">0.5 W<\/td>\n<td width=\"208\">1 W<\/td>\n<\/tr>\n<tr>\n<td width=\"246\">Inverse polarity protection<\/td>\n<td colspan=\"2\" width=\"416\">Yes<\/td>\n<\/tr>\n<tr>\n<td width=\"246\">Accidental short-circuit protection<\/td>\n<td colspan=\"2\" width=\"416\">Yes<\/td>\n<\/tr>\n<tr>\n<td width=\"246\">Dielectric strenght (1)<\/td>\n<td colspan=\"2\" width=\"416\">50V<\/td>\n<\/tr>\n<tr>\n<td width=\"246\">Operating temperature range<\/td>\n<td colspan=\"2\" width=\"416\">0\u202670\u00b0C<\/td>\n<\/tr>\n<tr>\n<td width=\"246\">Storage temperatur range<\/td>\n<td colspan=\"2\" width=\"416\">0\u202670\u00b0C<\/td>\n<\/tr>\n<tr>\n<td width=\"246\">Temperature effects (zero)<\/td>\n<td colspan=\"2\" width=\"416\">\u00b1 0,02 % FS\/\u00b0C<\/td>\n<\/tr>\n<tr>\n<td width=\"246\">Temperature effects (span)<\/td>\n<td colspan=\"2\" width=\"416\">\u00b1 0,02 % FS\/\u00b0C<\/td>\n<\/tr>\n<tr>\n<td width=\"246\">Maximum applicable load<\/td>\n<td colspan=\"2\" width=\"416\">150%<\/td>\n<\/tr>\n<tr>\n<td width=\"246\">Rupture load<\/td>\n<td colspan=\"2\" width=\"416\">&gt;200%<\/td>\n<\/tr>\n<tr>\n<td width=\"246\">Protection class<\/td>\n<td colspan=\"2\" width=\"416\">IP54<\/td>\n<\/tr>\n<tr>\n<td width=\"246\">EC Conformity<\/td>\n<td colspan=\"2\" width=\"416\">According to Directive 2014\/30\/EU<\/td>\n<\/tr>\n<tr>\n<td width=\"246\">Case material<\/td>\n<td colspan=\"2\" width=\"416\">Steel<\/td>\n<\/tr>\n<\/tbody>\n<\/table>\n<p>(1) Uses 50V 2J Voltage suppressor<\/p>\n<p>&nbsp;<\/p>","protected":false},"excerpt":{"rendered":"<ul>\n<li><em>FLAT-body design<\/em><\/li>\n<li><em>Good linearity<\/em><\/li>\n<li><em>Designed integrate into machine<\/em><\/li>\n<\/ul>\n","protected":false},"featured_media":1344,"comment_status":"open","ping_status":"closed","template":"","meta":[],"product_cat":[119,72],"product_tag":[],"yoast_head":"<!-- This site is optimized with the Yoast SEO plugin v16.6.1 - https:\/\/yoast.com\/wordpress\/plugins\/seo\/ -->\n<title>DLCA - NEW SKY CO.,LTD<\/title>\n<meta name=\"robots\" content=\"index, follow, max-snippet:-1, max-image-preview:large, max-video-preview:-1\" \/>\n<link rel=\"canonical\" href=\"https:\/\/newskyvn.com\/product\/dlca\/\" \/>\n<meta property=\"og:locale\" content=\"en_US\" \/>\n<meta property=\"og:type\" content=\"article\" \/>\n<meta property=\"og:title\" content=\"DLCA - NEW SKY CO.,LTD\" \/>\n<meta property=\"og:description\" content=\"[:vi]\u2022 Thi\u1ebft k\u1ebf th\u00e2n PH\u1eb2NG \u2022 \u0110\u1ed9 tuy\u1ebfn t\u00ednh t\u1ed1t \u2022 \u0110\u01b0\u1ee3c thi\u1ebft k\u1ebf t\u00edch h\u1ee3p v\u00e0o m\u00e1y[:en]  FLAT-body design  Good linearity  Designed integrate into machine [:]\" \/>\n<meta property=\"og:url\" content=\"https:\/\/newskyvn.com\/product\/dlca\/\" \/>\n<meta property=\"og:site_name\" content=\"NEW SKY CO.,LTD\" \/>\n<meta property=\"og:image\" content=\"https:\/\/newskyvn.com\/wp-content\/uploads\/2021\/09\/show_DLCA_shadow72dpi.jpg\" \/>\n\t<meta property=\"og:image:width\" content=\"500\" \/>\n\t<meta property=\"og:image:height\" content=\"500\" \/>\n<meta name=\"twitter:card\" content=\"summary_large_image\" \/>\n<meta name=\"twitter:label1\" content=\"Est. reading time\" \/>\n\t<meta name=\"twitter:data1\" content=\"1 minute\" \/>\n<script type=\"application\/ld+json\" class=\"yoast-schema-graph\">{\"@context\":\"https:\/\/schema.org\",\"@graph\":[{\"@type\":\"WebSite\",\"@id\":\"https:\/\/newskyvn.com\/#website\",\"url\":\"https:\/\/newskyvn.com\/\",\"name\":\"NEW SKY CO.,LTD\",\"description\":\"C\\u00f4ng Ty TNHH S\\u1ea3n Xu\\u1ea5t Th\\u01b0\\u01a1ng M\\u1ea1i D\\u1ecbch V\\u1ee5 T\\u00e2n Thi\\u00ean\",\"potentialAction\":[{\"@type\":\"SearchAction\",\"target\":{\"@type\":\"EntryPoint\",\"urlTemplate\":\"https:\/\/newskyvn.com\/?s={search_term_string}\"},\"query-input\":\"required name=search_term_string\"}],\"inLanguage\":\"en-US\"},{\"@type\":\"ImageObject\",\"@id\":\"https:\/\/newskyvn.com\/product\/dlca\/#primaryimage\",\"inLanguage\":\"en-US\",\"url\":\"https:\/\/newskyvn.com\/wp-content\/uploads\/2021\/09\/show_DLCA_shadow72dpi.jpg\",\"contentUrl\":\"https:\/\/newskyvn.com\/wp-content\/uploads\/2021\/09\/show_DLCA_shadow72dpi.jpg\",\"width\":500,\"height\":500},{\"@type\":\"WebPage\",\"@id\":\"https:\/\/newskyvn.com\/product\/dlca\/#webpage\",\"url\":\"https:\/\/newskyvn.com\/product\/dlca\/\",\"name\":\"DLCA - NEW SKY CO.,LTD\",\"isPartOf\":{\"@id\":\"https:\/\/newskyvn.com\/#website\"},\"primaryImageOfPage\":{\"@id\":\"https:\/\/newskyvn.com\/product\/dlca\/#primaryimage\"},\"datePublished\":\"2021-09-18T03:25:39+00:00\",\"dateModified\":\"2021-09-18T03:25:39+00:00\",\"breadcrumb\":{\"@id\":\"https:\/\/newskyvn.com\/product\/dlca\/#breadcrumb\"},\"inLanguage\":\"en-US\",\"potentialAction\":[{\"@type\":\"ReadAction\",\"target\":[\"https:\/\/newskyvn.com\/product\/dlca\/\"]}]},{\"@type\":\"BreadcrumbList\",\"@id\":\"https:\/\/newskyvn.com\/product\/dlca\/#breadcrumb\",\"itemListElement\":[{\"@type\":\"ListItem\",\"position\":1,\"name\":\"Product\",\"item\":\"https:\/\/newskyvn.com\/en\/san-pham\/\"},{\"@type\":\"ListItem\",\"position\":2,\"name\":\"DLCA\"}]}]}<\/script>\n<!-- \/ Yoast SEO plugin. -->","_links":{"self":[{"href":"https:\/\/newskyvn.com\/en\/wp-json\/wp\/v2\/product\/1342"}],"collection":[{"href":"https:\/\/newskyvn.com\/en\/wp-json\/wp\/v2\/product"}],"about":[{"href":"https:\/\/newskyvn.com\/en\/wp-json\/wp\/v2\/types\/product"}],"replies":[{"embeddable":true,"href":"https:\/\/newskyvn.com\/en\/wp-json\/wp\/v2\/comments?post=1342"}],"wp:featuredmedia":[{"embeddable":true,"href":"https:\/\/newskyvn.com\/en\/wp-json\/wp\/v2\/media\/1344"}],"wp:attachment":[{"href":"https:\/\/newskyvn.com\/en\/wp-json\/wp\/v2\/media?parent=1342"}],"wp:term":[{"taxonomy":"product_cat","embeddable":true,"href":"https:\/\/newskyvn.com\/en\/wp-json\/wp\/v2\/product_cat?post=1342"},{"taxonomy":"product_tag","embeddable":true,"href":"https:\/\/newskyvn.com\/en\/wp-json\/wp\/v2\/product_tag?post=1342"}],"curies":[{"name":"wp","href":"https:\/\/api.w.org\/{rel}","templated":true}]}}