{"id":1324,"date":"2021-09-18T02:29:28","date_gmt":"2021-09-18T02:29:28","guid":{"rendered":"https:\/\/newskyvn.com\/?post_type=product&#038;p=1324"},"modified":"2021-09-18T02:29:29","modified_gmt":"2021-09-18T02:29:29","slug":"cir-d","status":"publish","type":"product","link":"https:\/\/newskyvn.com\/en\/product\/cir-d\/","title":{"rendered":"CIR-D"},"content":{"rendered":"<p>The CIR-D voltage or current amplifiers have been desig- ned to enable the user to adapt non-amplified strain gauge transducers (load cells, pressure transducers) to acquisi- tion systems, PLC, instrumentation with high level inputs. These amplifiers have galvanic isolation between the supply voltage and the transducer to increase the rejection of noise generated by the power supply itself. The availa- bility of the output in current enables the signal to be car- ried over long distances or used in intelligent automation systems.<\/p>\n<p><span style=\"color: #0000ff;\"><strong>TECHNICAL DATA OF CIR-D<\/strong><\/span><\/p>\n<table>\n<tbody>\n<tr>\n<td width=\"178\">Linearity error<\/td>\n<td width=\"136\">&lt; 0.05%FSO<\/td>\n<\/tr>\n<tr>\n<td width=\"178\">Galvanic isolation between Vsupply and Amplifier<\/td>\n<td width=\"136\">&gt; 500 Vdc<\/td>\n<\/tr>\n<tr>\n<td width=\"178\">Primary sensor sensitivity<\/td>\n<td width=\"136\">1 or 2mV\/V<\/td>\n<\/tr>\n<tr>\n<td width=\"178\">Primary sensor resistance<\/td>\n<td width=\"136\">350\u03a9<\/td>\n<\/tr>\n<tr>\n<td width=\"178\">Output load resistance<\/td>\n<td width=\"136\">\u2264 400\u03a9<\/td>\n<\/tr>\n<tr>\n<td width=\"178\">Supply voltage<\/td>\n<td width=\"136\">20&#8230;30Vdc<\/td>\n<\/tr>\n<tr>\n<td width=\"178\">Current drain with sensor connected<\/td>\n<td width=\"136\">&lt; 70mA<\/td>\n<\/tr>\n<tr>\n<td width=\"178\">Supply voltage to transducer<\/td>\n<td width=\"136\">10Vdc<\/td>\n<\/tr>\n<tr>\n<td width=\"178\">Output signal at zero<\/td>\n<td width=\"136\">0mA<\/td>\n<\/tr>\n<tr>\n<td width=\"178\">Zero signal accuracy<\/td>\n<td width=\"136\">\u00b1 0,1%FSO<\/td>\n<\/tr>\n<tr>\n<td width=\"178\">Zero adjustment<\/td>\n<td width=\"136\">\u00b1 10%FSO<\/td>\n<\/tr>\n<tr>\n<td width=\"178\">Full scale output<\/td>\n<td width=\"136\">20mA<\/td>\n<\/tr>\n<tr>\n<td width=\"178\">Full scale output accuracy<\/td>\n<td width=\"136\">\u00b1 0,1%FSO<\/td>\n<\/tr>\n<tr>\n<td width=\"178\">Span adjustment<\/td>\n<td width=\"136\">\u00b1 10%FSO<\/td>\n<\/tr>\n<tr>\n<td width=\"178\">Inverse polarity protection<\/td>\n<td width=\"136\">Yes<\/td>\n<\/tr>\n<tr>\n<td width=\"178\">Response time (10&#8230;90%FSO)<\/td>\n<td width=\"136\">8ms<\/td>\n<\/tr>\n<tr>\n<td width=\"178\">Output noise (RMS 10&#8230;400Hz)<\/td>\n<td width=\"136\">0.05%FSO<\/td>\n<\/tr>\n<tr>\n<td width=\"178\">Temperature range: Compensated<\/p>\n<p>Working Storage<\/td>\n<td width=\"136\">0&#8230;70\u00b0C<\/p>\n<p>-10&#8230;+80\u00b0C<\/p>\n<p>-50&#8230;+100\u00b0C<\/td>\n<\/tr>\n<tr>\n<td width=\"178\">Typical thermal drift of zero<\/td>\n<td width=\"136\">\u00b1 0.01%FSO\/\u00b0C<\/td>\n<\/tr>\n<tr>\n<td width=\"178\">Typical thermal drift of span<\/td>\n<td width=\"136\">\u00b1 0.01%FSO\/\u00b0C<\/td>\n<\/tr>\n<tr>\n<td width=\"178\">Case material<\/td>\n<td width=\"136\">Anodised aluminium Nylon 66 CF40<\/td>\n<\/tr>\n<tr>\n<td width=\"178\">Protection degree<\/td>\n<td width=\"136\">IP65 &#8211; EN60529<\/td>\n<\/tr>\n<\/tbody>\n<\/table>\n<p>FSO: Full Scale Output (signal at full span).<\/p>\n<p>The electrical characteristics are those measured with Vsupply = 24V &#8211; RL = 400 Ohm &#8211; Ambient temperature. = 25\u00b0C<\/p>","protected":false},"excerpt":{"rendered":"<p><em>GALVANICALLY ISOLATED STRIAN GAUGE <\/em><em>TRANSDUCER AMPLIFIER<\/em><\/p>\n<ul>\n<li><em>Galvanic isolation between the Supply Voltage and the Amplifier &gt;500Vdc<\/em><\/li>\n<li><em>Linearity error &gt; 0,05% full scale output<\/em><\/li>\n<li><em>Current output 3-wires<\/em><\/li>\n<li><em>Low thermal drift &lt; 0,01% full scale\/\u00b0C<\/em><\/li>\n<li><em>10Vdc transducer supply<\/em><\/li>\n<\/ul>\n","protected":false},"featured_media":1326,"comment_status":"open","ping_status":"closed","template":"","meta":[],"product_cat":[119,72],"product_tag":[],"yoast_head":"<!-- This site is optimized with the Yoast SEO plugin v16.6.1 - https:\/\/yoast.com\/wordpress\/plugins\/seo\/ -->\n<title>CIR-D - NEW SKY CO.,LTD<\/title>\n<meta name=\"robots\" content=\"index, follow, max-snippet:-1, max-image-preview:large, max-video-preview:-1\" \/>\n<link rel=\"canonical\" href=\"https:\/\/newskyvn.com\/product\/cir-d\/\" \/>\n<meta property=\"og:locale\" content=\"en_US\" \/>\n<meta property=\"og:type\" content=\"article\" \/>\n<meta property=\"og:title\" content=\"CIR-D - NEW SKY CO.,LTD\" \/>\n<meta property=\"og:description\" content=\"[:vi]B\u1ed8 KHU\u1ebeCH \u0110\u1ea0I M\u1ea0 K\u1ebcM D\u00d9NG CHO M\u00c1Y \u0110O L\u1ef0C C\u0102NG  \u2022 C\u00e1ch ly Galvanic gi\u1eefa \u0110i\u1ec7n \u00e1p ngu\u1ed3n v\u00e0 B\u1ed9 khu\u1ebfch \u0111\u1ea1i&gt; 500Vdc \u2022 L\u1ed7i tuy\u1ebfn t\u00ednh&gt; 0,05% \u0111\u1ea7u ra to\u00e0n quy m\u00f4 \u2022 3-d\u00e2y \u0111\u1ea7u ra hi\u1ec7n t\u1ea1i \u2022 \u0110\u1ed9 l\u1ec7ch nhi\u1ec7t th\u1ea5p &lt;0,01% to\u00e0n thang \u0111o \/ \u00b0 C \u2022 Ngu\u1ed3n cung c\u1ea5p \u0111\u1ea7u d\u00f2 10Vdc[:en]GALVANICALLY ISOLATED STRIAN GAUGE TRANSDUCER AMPLIFIER   Galvanic isolation between the Supply Voltage and the Amplifier &gt;500Vdc  Linearity error &gt; 0,05% full scale output  Current output 3-wires  Low thermal drift &lt; 0,01% full scale\/\u00b0C  10Vdc transducer supply [:]\" \/>\n<meta property=\"og:url\" content=\"https:\/\/newskyvn.com\/product\/cir-d\/\" \/>\n<meta property=\"og:site_name\" content=\"NEW SKY CO.,LTD\" \/>\n<meta property=\"article:modified_time\" content=\"2021-09-18T02:29:29+00:00\" \/>\n<meta property=\"og:image\" content=\"https:\/\/newskyvn.com\/wp-content\/uploads\/2021\/09\/show_cir-d.jpg\" \/>\n\t<meta property=\"og:image:width\" content=\"500\" \/>\n\t<meta property=\"og:image:height\" content=\"500\" \/>\n<meta name=\"twitter:card\" content=\"summary_large_image\" \/>\n<meta name=\"twitter:label1\" content=\"Est. reading time\" \/>\n\t<meta name=\"twitter:data1\" content=\"2 minutes\" \/>\n<script type=\"application\/ld+json\" class=\"yoast-schema-graph\">{\"@context\":\"https:\/\/schema.org\",\"@graph\":[{\"@type\":\"WebSite\",\"@id\":\"https:\/\/newskyvn.com\/#website\",\"url\":\"https:\/\/newskyvn.com\/\",\"name\":\"NEW SKY CO.,LTD\",\"description\":\"C\\u00f4ng Ty TNHH S\\u1ea3n Xu\\u1ea5t Th\\u01b0\\u01a1ng M\\u1ea1i D\\u1ecbch V\\u1ee5 T\\u00e2n Thi\\u00ean\",\"potentialAction\":[{\"@type\":\"SearchAction\",\"target\":{\"@type\":\"EntryPoint\",\"urlTemplate\":\"https:\/\/newskyvn.com\/?s={search_term_string}\"},\"query-input\":\"required name=search_term_string\"}],\"inLanguage\":\"en-US\"},{\"@type\":\"ImageObject\",\"@id\":\"https:\/\/newskyvn.com\/product\/cir-d\/#primaryimage\",\"inLanguage\":\"en-US\",\"url\":\"https:\/\/newskyvn.com\/wp-content\/uploads\/2021\/09\/show_cir-d.jpg\",\"contentUrl\":\"https:\/\/newskyvn.com\/wp-content\/uploads\/2021\/09\/show_cir-d.jpg\",\"width\":500,\"height\":500},{\"@type\":\"WebPage\",\"@id\":\"https:\/\/newskyvn.com\/product\/cir-d\/#webpage\",\"url\":\"https:\/\/newskyvn.com\/product\/cir-d\/\",\"name\":\"CIR-D - NEW SKY CO.,LTD\",\"isPartOf\":{\"@id\":\"https:\/\/newskyvn.com\/#website\"},\"primaryImageOfPage\":{\"@id\":\"https:\/\/newskyvn.com\/product\/cir-d\/#primaryimage\"},\"datePublished\":\"2021-09-18T02:29:28+00:00\",\"dateModified\":\"2021-09-18T02:29:29+00:00\",\"breadcrumb\":{\"@id\":\"https:\/\/newskyvn.com\/product\/cir-d\/#breadcrumb\"},\"inLanguage\":\"en-US\",\"potentialAction\":[{\"@type\":\"ReadAction\",\"target\":[\"https:\/\/newskyvn.com\/product\/cir-d\/\"]}]},{\"@type\":\"BreadcrumbList\",\"@id\":\"https:\/\/newskyvn.com\/product\/cir-d\/#breadcrumb\",\"itemListElement\":[{\"@type\":\"ListItem\",\"position\":1,\"name\":\"Product\",\"item\":\"https:\/\/newskyvn.com\/en\/san-pham\/\"},{\"@type\":\"ListItem\",\"position\":2,\"name\":\"CIR-D\"}]}]}<\/script>\n<!-- \/ Yoast SEO plugin. -->","_links":{"self":[{"href":"https:\/\/newskyvn.com\/en\/wp-json\/wp\/v2\/product\/1324"}],"collection":[{"href":"https:\/\/newskyvn.com\/en\/wp-json\/wp\/v2\/product"}],"about":[{"href":"https:\/\/newskyvn.com\/en\/wp-json\/wp\/v2\/types\/product"}],"replies":[{"embeddable":true,"href":"https:\/\/newskyvn.com\/en\/wp-json\/wp\/v2\/comments?post=1324"}],"wp:featuredmedia":[{"embeddable":true,"href":"https:\/\/newskyvn.com\/en\/wp-json\/wp\/v2\/media\/1326"}],"wp:attachment":[{"href":"https:\/\/newskyvn.com\/en\/wp-json\/wp\/v2\/media?parent=1324"}],"wp:term":[{"taxonomy":"product_cat","embeddable":true,"href":"https:\/\/newskyvn.com\/en\/wp-json\/wp\/v2\/product_cat?post=1324"},{"taxonomy":"product_tag","embeddable":true,"href":"https:\/\/newskyvn.com\/en\/wp-json\/wp\/v2\/product_tag?post=1324"}],"curies":[{"name":"wp","href":"https:\/\/api.w.org\/{rel}","templated":true}]}}