{"id":1318,"date":"2021-09-18T02:10:04","date_gmt":"2021-09-18T02:10:04","guid":{"rendered":"https:\/\/newskyvn.com\/?post_type=product&#038;p=1318"},"modified":"2021-09-18T02:10:05","modified_gmt":"2021-09-18T02:10:05","slug":"tr","status":"publish","type":"product","link":"https:\/\/newskyvn.com\/en\/product\/tr\/","title":{"rendered":"TR"},"content":{"rendered":"<p>&nbsp;<\/p>\n<p><span style=\"color: #0000ff;\"><strong>TECHNICAL DATA OF TR<\/strong><\/span><\/p>\n<table>\n<tbody>\n<tr>\n<td colspan=\"2\" width=\"170\">Accuracy<\/td>\n<td width=\"143\">0,50%<\/td>\n<\/tr>\n<tr>\n<td colspan=\"2\" width=\"170\">Nominal full scale load (Ln)<\/td>\n<td width=\"143\">100N&#8230;2kN<\/td>\n<\/tr>\n<tr>\n<td colspan=\"2\" width=\"170\">Nominal output at FSO<\/td>\n<td width=\"143\">2mV\/V<\/td>\n<\/tr>\n<tr>\n<td colspan=\"2\" width=\"170\">Output tolerance at Ln<\/td>\n<td width=\"143\">&lt;\u00b1 1% FSO<\/td>\n<\/tr>\n<tr>\n<td colspan=\"2\" width=\"170\">Combined errors: Non linearity Histeresis, Repeatibility<\/td>\n<td width=\"143\">&lt; \u00b1 0,5% FSO<\/td>\n<\/tr>\n<tr>\n<td colspan=\"2\" width=\"170\">Creep (after 30 min. at Ln)<\/td>\n<td width=\"143\">&lt; \u00b1 0,06% FSO<\/td>\n<\/tr>\n<tr>\n<td colspan=\"2\" width=\"170\">Zero load out of balance signal<\/td>\n<td width=\"143\">&lt; \u00b1 1% FSO<\/td>\n<\/tr>\n<tr>\n<td colspan=\"2\" width=\"170\">Thermal drift in\u00a0\u00a0\u00a0\u00a0\u00a0\u00a0\u00a0 Sensitivity<\/td>\n<td width=\"143\">&lt; \u00b1 0,005% FSO\u00b0C<\/td>\n<\/tr>\n<tr>\n<td width=\"108\">compensated<\/td>\n<td width=\"62\">Zero<\/td>\n<td width=\"143\">&lt; \u00b1 0,01% FSO\u00b0C<\/td>\n<\/tr>\n<tr>\n<td colspan=\"2\" width=\"170\">range\u00a0\u00a0\u00a0\u00a0\u00a0\u00a0\u00a0\u00a0\u00a0\u00a0\u00a0\u00a0\u00a0\u00a0\u00a0\u00a0\u00a0\u00a0\u00a0\u00a0\u00a0\u00a0\u00a0 Calibration<\/td>\n<td width=\"143\">&#8211;<\/td>\n<\/tr>\n<tr>\n<td colspan=\"2\" width=\"170\">Nominal bridge resistance<\/td>\n<td width=\"143\">350 Ohm<\/td>\n<\/tr>\n<tr>\n<td colspan=\"2\" width=\"170\">Isolation resistance<\/td>\n<td width=\"143\">&gt; 10 GOhm<\/td>\n<\/tr>\n<tr>\n<td colspan=\"2\" width=\"170\">Nominal supply voltage<\/td>\n<td width=\"143\">10V<\/td>\n<\/tr>\n<tr>\n<td colspan=\"2\" width=\"170\">Maximum supply voltage<\/td>\n<td width=\"143\">15 V<\/td>\n<\/tr>\n<tr>\n<td colspan=\"2\" width=\"170\">Compensated temperature range<\/td>\n<td width=\"143\">-10&#8230;+50\u00b0C<\/td>\n<\/tr>\n<tr>\n<td colspan=\"2\" width=\"170\">Maximum temperature range<\/td>\n<td width=\"143\">-20&#8230;+60\u00b0C<\/td>\n<\/tr>\n<tr>\n<td colspan=\"2\" width=\"170\">Storage temperature range<\/td>\n<td width=\"143\">-30&#8230;+80\u00b0C<\/td>\n<\/tr>\n<tr>\n<td colspan=\"2\" width=\"170\">Permitted static load<\/td>\n<td width=\"143\">100% Ln<\/td>\n<\/tr>\n<tr>\n<td colspan=\"2\" width=\"170\">Maximum applicable load<\/td>\n<td width=\"143\">300% Ln<\/td>\n<\/tr>\n<tr>\n<td colspan=\"2\" width=\"170\">Rupture load<\/td>\n<td width=\"143\">&gt; 500% Ln [6 kN max.]<\/td>\n<\/tr>\n<tr>\n<td colspan=\"2\" width=\"170\">Maximum static lateral load<\/td>\n<td width=\"143\">150% Ln<\/td>\n<\/tr>\n<tr>\n<td colspan=\"2\" width=\"170\">Maximum elastic deformation at Ln<\/td>\n<td width=\"143\">&lt; 0,5 mm<\/td>\n<\/tr>\n<tr>\n<td colspan=\"2\" width=\"170\">Grade of protection (DIN40050)<\/td>\n<td width=\"143\">IP65<\/td>\n<\/tr>\n<tr>\n<td colspan=\"2\" width=\"170\">Electr. connections: Connector<\/td>\n<td width=\"143\">VPT02A10-6PT2<\/td>\n<\/tr>\n<tr>\n<td colspan=\"2\" width=\"170\">Elastic element material<\/td>\n<td width=\"143\">Aluminium (100&#8230;1kN) Stainless steel (1.5kN &#8211; 2 kN)<\/td>\n<\/tr>\n<tr>\n<td colspan=\"2\" width=\"170\">Case material<\/td>\n<td width=\"143\">Anodised aluminium (Flange and bearing in AISI 303)<\/td>\n<\/tr>\n<\/tbody>\n<\/table>\n<p><\/p>","protected":false},"excerpt":{"rendered":"<p><strong><em>FORCE TRANSDUCER FOR MEASURING THE TENSION ON FIXED OR ROTATING SPINDLES<\/em><\/strong><\/p>\n<ul>\n<li><em>Range of measurement: from 100 N to 2kN<\/em><\/li>\n<li><em>Accuracy class: 0,5%<\/em><\/li>\n<li><em>Corrosion<\/em> <em>resistant<\/em><\/li>\n<li><em>Internally generated calibration signal<\/em><\/li>\n<li><em>Orientation of the axis of maximum sensitivity for 35\u00b0 independently from the position of the fixing holes<\/em><\/li>\n<li><em>Grade of protection: IP65 (DIN 40050)<\/em><\/li>\n<li><em>Integrated protection against overloads<\/em><\/li>\n<\/ul>\n","protected":false},"featured_media":1320,"comment_status":"open","ping_status":"closed","template":"","meta":[],"product_cat":[119,72],"product_tag":[],"yoast_head":"<!-- This site is optimized with the Yoast SEO plugin v16.6.1 - https:\/\/yoast.com\/wordpress\/plugins\/seo\/ -->\n<title>TR - NEW SKY CO.,LTD<\/title>\n<meta name=\"robots\" content=\"index, follow, max-snippet:-1, max-image-preview:large, max-video-preview:-1\" \/>\n<link rel=\"canonical\" href=\"https:\/\/newskyvn.com\/product\/tr\/\" \/>\n<meta property=\"og:locale\" content=\"en_US\" \/>\n<meta property=\"og:type\" content=\"article\" \/>\n<meta property=\"og:title\" content=\"TR - NEW SKY CO.,LTD\" \/>\n<meta property=\"og:description\" content=\"[:vi]C\u1ea2M BI\u1ebeN \u0110O L\u1ef0 C\u0102NG TR\u00caN C\u00c1C TR\u1ee4C C\u1ed0 \u0110\u1ecaNH HO\u1eb6C XOAY  \u2022 Ph\u1ea1m vi \u0111o: t\u1eeb 100 N \u0111\u1ebfn 2kN \u2022 \u0110\u1ed9 ch\u00ednh x\u00e1c: 0,5% \u2022 Ch\u1ed1ng \u0103n m\u00f2n \u2022 T\u00edn hi\u1ec7u hi\u1ec7u chu\u1ea9n \u0111\u01b0\u1ee3c t\u1ea1o b\u00ean trong \u2022 \u0110\u1ecbnh h\u01b0\u1edbng c\u1ee7a tr\u1ee5c c\u00f3 \u0111\u1ed9 nh\u1ea1y t\u1ed1i \u0111a trong 35 \u00b0 \u0111\u1ed9c l\u1eadp v\u1edbi v\u1ecb tr\u00ed c\u1ee7a c\u00e1c l\u1ed7 c\u1ed1 \u0111\u1ecbnh \u2022 C\u1ea5p b\u1ea3o v\u1ec7: IP65 (DIN 40050) \u2022 T\u00edch h\u1ee3p b\u1ea3o v\u1ec7 ch\u1ed1ng qu\u00e1 t\u1ea3i[:en]FORCE TRANSDUCER FOR MEASURING THE TENSION ON FIXED OR ROTATING SPINDLES   Range of measurement: from 100 N to 2kN  Accuracy class: 0,5%  Corrosion resistant  Internally generated calibration signal  Orientation of the axis of maximum sensitivity for 35\u00b0 independently from the position of the fixing holes  Grade of protection: IP65 (DIN 40050)  Integrated protection against overloads [:]\" \/>\n<meta property=\"og:url\" content=\"https:\/\/newskyvn.com\/product\/tr\/\" \/>\n<meta property=\"og:site_name\" content=\"NEW SKY CO.,LTD\" \/>\n<meta property=\"article:modified_time\" content=\"2021-09-18T02:10:05+00:00\" \/>\n<meta property=\"og:image\" content=\"https:\/\/newskyvn.com\/wp-content\/uploads\/2021\/09\/show_GEFRAN_18-07-12_76962_TR.jpg\" \/>\n\t<meta property=\"og:image:width\" content=\"500\" \/>\n\t<meta property=\"og:image:height\" content=\"500\" \/>\n<meta name=\"twitter:card\" content=\"summary_large_image\" \/>\n<meta name=\"twitter:label1\" content=\"Est. reading time\" \/>\n\t<meta name=\"twitter:data1\" content=\"1 minute\" \/>\n<script type=\"application\/ld+json\" class=\"yoast-schema-graph\">{\"@context\":\"https:\/\/schema.org\",\"@graph\":[{\"@type\":\"WebSite\",\"@id\":\"https:\/\/newskyvn.com\/#website\",\"url\":\"https:\/\/newskyvn.com\/\",\"name\":\"NEW SKY CO.,LTD\",\"description\":\"C\\u00f4ng Ty TNHH S\\u1ea3n Xu\\u1ea5t Th\\u01b0\\u01a1ng M\\u1ea1i D\\u1ecbch V\\u1ee5 T\\u00e2n Thi\\u00ean\",\"potentialAction\":[{\"@type\":\"SearchAction\",\"target\":{\"@type\":\"EntryPoint\",\"urlTemplate\":\"https:\/\/newskyvn.com\/?s={search_term_string}\"},\"query-input\":\"required name=search_term_string\"}],\"inLanguage\":\"en-US\"},{\"@type\":\"ImageObject\",\"@id\":\"https:\/\/newskyvn.com\/product\/tr\/#primaryimage\",\"inLanguage\":\"en-US\",\"url\":\"https:\/\/newskyvn.com\/wp-content\/uploads\/2021\/09\/show_GEFRAN_18-07-12_76962_TR.jpg\",\"contentUrl\":\"https:\/\/newskyvn.com\/wp-content\/uploads\/2021\/09\/show_GEFRAN_18-07-12_76962_TR.jpg\",\"width\":500,\"height\":500},{\"@type\":\"WebPage\",\"@id\":\"https:\/\/newskyvn.com\/product\/tr\/#webpage\",\"url\":\"https:\/\/newskyvn.com\/product\/tr\/\",\"name\":\"TR - NEW SKY CO.,LTD\",\"isPartOf\":{\"@id\":\"https:\/\/newskyvn.com\/#website\"},\"primaryImageOfPage\":{\"@id\":\"https:\/\/newskyvn.com\/product\/tr\/#primaryimage\"},\"datePublished\":\"2021-09-18T02:10:04+00:00\",\"dateModified\":\"2021-09-18T02:10:05+00:00\",\"breadcrumb\":{\"@id\":\"https:\/\/newskyvn.com\/product\/tr\/#breadcrumb\"},\"inLanguage\":\"en-US\",\"potentialAction\":[{\"@type\":\"ReadAction\",\"target\":[\"https:\/\/newskyvn.com\/product\/tr\/\"]}]},{\"@type\":\"BreadcrumbList\",\"@id\":\"https:\/\/newskyvn.com\/product\/tr\/#breadcrumb\",\"itemListElement\":[{\"@type\":\"ListItem\",\"position\":1,\"name\":\"Product\",\"item\":\"https:\/\/newskyvn.com\/en\/san-pham\/\"},{\"@type\":\"ListItem\",\"position\":2,\"name\":\"TR\"}]}]}<\/script>\n<!-- \/ Yoast SEO plugin. -->","_links":{"self":[{"href":"https:\/\/newskyvn.com\/en\/wp-json\/wp\/v2\/product\/1318"}],"collection":[{"href":"https:\/\/newskyvn.com\/en\/wp-json\/wp\/v2\/product"}],"about":[{"href":"https:\/\/newskyvn.com\/en\/wp-json\/wp\/v2\/types\/product"}],"replies":[{"embeddable":true,"href":"https:\/\/newskyvn.com\/en\/wp-json\/wp\/v2\/comments?post=1318"}],"wp:featuredmedia":[{"embeddable":true,"href":"https:\/\/newskyvn.com\/en\/wp-json\/wp\/v2\/media\/1320"}],"wp:attachment":[{"href":"https:\/\/newskyvn.com\/en\/wp-json\/wp\/v2\/media?parent=1318"}],"wp:term":[{"taxonomy":"product_cat","embeddable":true,"href":"https:\/\/newskyvn.com\/en\/wp-json\/wp\/v2\/product_cat?post=1318"},{"taxonomy":"product_tag","embeddable":true,"href":"https:\/\/newskyvn.com\/en\/wp-json\/wp\/v2\/product_tag?post=1318"}],"curies":[{"name":"wp","href":"https:\/\/api.w.org\/{rel}","templated":true}]}}