{"id":1286,"date":"2021-09-17T04:32:35","date_gmt":"2021-09-17T04:32:35","guid":{"rendered":"https:\/\/newskyvn.com\/?post_type=product&#038;p=1286"},"modified":"2021-09-17T09:53:45","modified_gmt":"2021-09-17T09:53:45","slug":"qe1008-du-4usb","status":"publish","type":"product","link":"https:\/\/newskyvn.com\/en\/product\/qe1008-du-4usb\/","title":{"rendered":"QE1008-DU-4USB"},"content":{"rendered":"<p>&nbsp;<\/p>\n<p><strong><span style=\"color: #0000ff;\">TECHNICAL DATA OF QE1008-DU-4USB \u00a0 \u00a0 \u00a0 <\/span><\/strong><\/p>\n<p><strong>\u00a0<\/strong><\/p>\n<table>\n<tbody>\n<tr>\n<td width=\"329\">Strain gauge type<\/td>\n<td width=\"331\">Foil (GF = 2.0)<\/td>\n<\/tr>\n<tr>\n<td width=\"329\">Measuring range<\/td>\n<td width=\"331\">\u00b1 800 \u00b5\u03b5<\/td>\n<\/tr>\n<tr>\n<td width=\"329\">Accuracy<\/td>\n<td width=\"331\">&lt;\u00b1 0,5% FS<\/td>\n<\/tr>\n<tr>\n<td width=\"329\">Linearity<\/td>\n<td width=\"331\">&lt;\u00b1 0,5% FS<\/td>\n<\/tr>\n<tr>\n<td width=\"329\">Hysteresis<\/td>\n<td width=\"331\">&lt;\u00b1 0,5% FS<\/td>\n<\/tr>\n<tr>\n<td width=\"329\">Repeatability<\/td>\n<td width=\"331\">&lt; 0,2% FS<\/td>\n<\/tr>\n<tr>\n<td width=\"329\">Supply voltage (DU-4USB)<\/td>\n<td width=\"331\">via USB connection<\/td>\n<\/tr>\n<tr>\n<td width=\"329\">Operating temperatur range<\/td>\n<td width=\"331\">5 bis +50\u00b0C<\/td>\n<\/tr>\n<tr>\n<td width=\"329\">Storage temperatur range<\/td>\n<td width=\"331\">0 bis +50\u00b0C<\/td>\n<\/tr>\n<\/tbody>\n<\/table>\n<p><em>* Further specifications takes from data sheets \u201eQE1008\u201c and \u201eDU-4USB\u201c .<\/em><\/p>\n<h1><\/h1>\n<table>\n<tbody>\n<tr>\n<td width=\"143\">External dimensions of carrying case<\/td>\n<td width=\"170\">400 x 300 x 200 mm<\/td>\n<\/tr>\n<tr>\n<td width=\"143\">Weight<\/td>\n<td width=\"170\">approx. 9 kg<\/td>\n<\/tr>\n<\/tbody>\n<\/table>\n<p><strong>\u00a0<\/strong><\/p>\n<p><strong>\u00a0<\/strong><\/p>\n<p><strong>\u00a0<\/strong><\/p>","protected":false},"excerpt":{"rendered":"<p><strong><em>4- CHANNEL SYSTEM FOR TIE BAR STRAIN MEASURING WITH DIGITAL MONITOR-BOX<\/em><\/strong><\/p>\n<ul>\n<li><em>Complete system for the simultaneous strain- measurement on up to four tie bars<\/em><\/li>\n<li><em>Direct display of strain values in \u03bc\u03b5, kN or t<\/em><\/li>\n<\/ul>\n<p><em>(via our Inspectmate software)<\/em><\/p>\n<ul>\n<li><em>Quick and non-destructive assembly with magnetic press-on technology<\/em><\/li>\n<li><em>High accuracy and linearity in tension and pressure (like bonded strain gauges)<\/em><\/li>\n<li><em>Ideal for use on presses, injection-moulding and die-casting machines<\/em><\/li>\n<li><em>Application on tie bars with a diameter of 45mm or<\/em><\/li>\n<\/ul>\n<p><em>higher and flat surfaces<\/em><\/p>\n<ul>\n<li><em>Dynamic applications<\/em><\/li>\n<li><em>4- channel digital monitor-box DU-4USB<\/em><\/li>\n<li><em>USB connection for tie bar adjustment software and<\/em><\/li>\n<\/ul>\n<p><em>power supply<\/em><\/p>\n<ul>\n<li><em>Very compact and easy to use system<\/em><\/li>\n<\/ul>\n","protected":false},"featured_media":1288,"comment_status":"open","ping_status":"closed","template":"","meta":[],"product_cat":[119,126],"product_tag":[],"yoast_head":"<!-- This site is optimized with the Yoast SEO plugin v16.6.1 - https:\/\/yoast.com\/wordpress\/plugins\/seo\/ -->\n<title>QE1008-DU-4USB - NEW SKY CO.,LTD<\/title>\n<meta name=\"robots\" content=\"index, follow, max-snippet:-1, max-image-preview:large, max-video-preview:-1\" \/>\n<link rel=\"canonical\" href=\"https:\/\/newskyvn.com\/product\/qe1008-du-4usb\/\" \/>\n<meta property=\"og:locale\" content=\"en_US\" \/>\n<meta property=\"og:type\" content=\"article\" \/>\n<meta property=\"og:title\" content=\"QE1008-DU-4USB - NEW SKY CO.,LTD\" \/>\n<meta property=\"og:description\" content=\"[:vi]4- H\u1ec6 TH\u1ed0NG K\u00caNH \u0110O THANH GI\u1eb0NG V\u1edaI H\u1ed8P-H\u1ed8P-GI\u00c1M S\u00c1T K\u1ef8 THU\u1eacT S\u1ed0  \u2022 H\u1ec7 th\u1ed1ng ho\u00e0n ch\u1ec9nh \u0111\u1ec3 \u0111o bi\u1ebfn d\u1ea1ng \u0111\u1ed3ng th\u1eddi tr\u00ean t\u1ed1i \u0111a b\u1ed1n thanh gi\u1eb1ng \u2022 Hi\u1ec3n th\u1ecb tr\u1ef1c ti\u1ebfp c\u00e1c gi\u00e1 tr\u1ecb bi\u1ebfn d\u1ea1ng theo \u03bc\u03b5, kN ho\u1eb7c t (th\u00f4ng qua ph\u1ea7n m\u1ec1m Ki\u1ec3m tra c\u1ee7a ch\u00fang t\u00f4i) \u2022 L\u1eafp r\u00e1p nhanh ch\u00f3ng v\u00e0 kh\u00f4ng ph\u00e1 h\u1ee7y v\u1edbi c\u00f4ng ngh\u1ec7 \u00e9p t\u1eeb t\u00ednh \u2022 \u0110\u1ed9 ch\u00ednh x\u00e1c v\u00e0 tuy\u1ebfn t\u00ednh cao v\u1ec1 l\u1ef1c c\u0103ng v\u00e0 \u00e1p su\u1ea5t (nh\u01b0 \u0111\u1ed3ng h\u1ed3 \u0111o bi\u1ebfn d\u1ea1ng ngo\u1ea1i quan) \u2022 L\u00fd t\u01b0\u1edfng \u0111\u1ec3 s\u1eed d\u1ee5ng tr\u00ean m\u00e1y \u00e9p, m\u00e1y \u00e9p phun v\u00e0 m\u00e1y \u0111\u00fac khu\u00f4n \u2022 \u1ee8ng d\u1ee5ng tr\u00ean thanh gi\u1eb1ng c\u00f3 \u0111\u01b0\u1eddng k\u00ednh 45mm ho\u1eb7c b\u1ec1 m\u1eb7t cao h\u01a1n v\u00e0 ph\u1eb3ng \u2022 \u1ee8ng d\u1ee5ng \u0111\u1ed9ng \u2022 H\u1ed9p m\u00e0n h\u00ecnh k\u1ef9 thu\u1eadt s\u1ed1 4 k\u00eanh DU-4USB \u2022 K\u1ebft n\u1ed1i USB cho ph\u1ea7n m\u1ec1m \u0111i\u1ec1u ch\u1ec9nh thanh gi\u1eb1ng v\u00e0 Ngu\u1ed3n c\u1ea5p \u2022 H\u1ec7 th\u1ed1ng r\u1ea5t nh\u1ecf g\u1ecdn v\u00e0 d\u1ec5 s\u1eed d\u1ee5ng[:en]4- CHANNEL SYSTEM FOR TIE BAR STRAIN MEASURING WITH DIGITAL MONITOR-BOX   Complete system for the simultaneous strain- measurement on up to four tie bars  Direct display of strain values in \u03bc\u03b5, kN or t  (via our Inspectmate software)   Quick and non-destructive assembly with magnetic press-on technology  High accuracy and linearity in tension and pressure (like bonded strain gauges)  Ideal for use on presses, injection-moulding and die-casting machines  Application on tie bars with a diameter of 45mm or  higher and flat surfaces   Dynamic applications  4- channel digital monitor-box DU-4USB  USB connection for tie bar adjustment software and  power supply   Very compact and easy to use system [:]\" \/>\n<meta property=\"og:url\" content=\"https:\/\/newskyvn.com\/product\/qe1008-du-4usb\/\" \/>\n<meta property=\"og:site_name\" content=\"NEW SKY CO.,LTD\" \/>\n<meta property=\"article:modified_time\" content=\"2021-09-17T09:53:45+00:00\" \/>\n<meta property=\"og:image\" content=\"https:\/\/newskyvn.com\/wp-content\/uploads\/2021\/09\/show_qe1008du.jpg\" \/>\n\t<meta property=\"og:image:width\" content=\"500\" \/>\n\t<meta property=\"og:image:height\" content=\"500\" \/>\n<meta name=\"twitter:card\" content=\"summary_large_image\" \/>\n<meta name=\"twitter:label1\" content=\"Est. reading time\" \/>\n\t<meta name=\"twitter:data1\" content=\"1 minute\" \/>\n<script type=\"application\/ld+json\" class=\"yoast-schema-graph\">{\"@context\":\"https:\/\/schema.org\",\"@graph\":[{\"@type\":\"WebSite\",\"@id\":\"https:\/\/newskyvn.com\/#website\",\"url\":\"https:\/\/newskyvn.com\/\",\"name\":\"NEW SKY CO.,LTD\",\"description\":\"C\\u00f4ng Ty TNHH S\\u1ea3n Xu\\u1ea5t Th\\u01b0\\u01a1ng M\\u1ea1i D\\u1ecbch V\\u1ee5 T\\u00e2n Thi\\u00ean\",\"potentialAction\":[{\"@type\":\"SearchAction\",\"target\":{\"@type\":\"EntryPoint\",\"urlTemplate\":\"https:\/\/newskyvn.com\/?s={search_term_string}\"},\"query-input\":\"required name=search_term_string\"}],\"inLanguage\":\"en-US\"},{\"@type\":\"ImageObject\",\"@id\":\"https:\/\/newskyvn.com\/product\/qe1008-du-4usb\/#primaryimage\",\"inLanguage\":\"en-US\",\"url\":\"https:\/\/newskyvn.com\/wp-content\/uploads\/2021\/09\/show_qe1008du.jpg\",\"contentUrl\":\"https:\/\/newskyvn.com\/wp-content\/uploads\/2021\/09\/show_qe1008du.jpg\",\"width\":500,\"height\":500},{\"@type\":\"WebPage\",\"@id\":\"https:\/\/newskyvn.com\/product\/qe1008-du-4usb\/#webpage\",\"url\":\"https:\/\/newskyvn.com\/product\/qe1008-du-4usb\/\",\"name\":\"QE1008-DU-4USB - NEW SKY CO.,LTD\",\"isPartOf\":{\"@id\":\"https:\/\/newskyvn.com\/#website\"},\"primaryImageOfPage\":{\"@id\":\"https:\/\/newskyvn.com\/product\/qe1008-du-4usb\/#primaryimage\"},\"datePublished\":\"2021-09-17T04:32:35+00:00\",\"dateModified\":\"2021-09-17T09:53:45+00:00\",\"breadcrumb\":{\"@id\":\"https:\/\/newskyvn.com\/product\/qe1008-du-4usb\/#breadcrumb\"},\"inLanguage\":\"en-US\",\"potentialAction\":[{\"@type\":\"ReadAction\",\"target\":[\"https:\/\/newskyvn.com\/product\/qe1008-du-4usb\/\"]}]},{\"@type\":\"BreadcrumbList\",\"@id\":\"https:\/\/newskyvn.com\/product\/qe1008-du-4usb\/#breadcrumb\",\"itemListElement\":[{\"@type\":\"ListItem\",\"position\":1,\"name\":\"Product\",\"item\":\"https:\/\/newskyvn.com\/en\/san-pham\/\"},{\"@type\":\"ListItem\",\"position\":2,\"name\":\"QE1008-DU-4USB\"}]}]}<\/script>\n<!-- \/ Yoast SEO plugin. -->","_links":{"self":[{"href":"https:\/\/newskyvn.com\/en\/wp-json\/wp\/v2\/product\/1286"}],"collection":[{"href":"https:\/\/newskyvn.com\/en\/wp-json\/wp\/v2\/product"}],"about":[{"href":"https:\/\/newskyvn.com\/en\/wp-json\/wp\/v2\/types\/product"}],"replies":[{"embeddable":true,"href":"https:\/\/newskyvn.com\/en\/wp-json\/wp\/v2\/comments?post=1286"}],"wp:featuredmedia":[{"embeddable":true,"href":"https:\/\/newskyvn.com\/en\/wp-json\/wp\/v2\/media\/1288"}],"wp:attachment":[{"href":"https:\/\/newskyvn.com\/en\/wp-json\/wp\/v2\/media?parent=1286"}],"wp:term":[{"taxonomy":"product_cat","embeddable":true,"href":"https:\/\/newskyvn.com\/en\/wp-json\/wp\/v2\/product_cat?post=1286"},{"taxonomy":"product_tag","embeddable":true,"href":"https:\/\/newskyvn.com\/en\/wp-json\/wp\/v2\/product_tag?post=1286"}],"curies":[{"name":"wp","href":"https:\/\/api.w.org\/{rel}","templated":true}]}}