{"id":1282,"date":"2021-09-17T04:32:24","date_gmt":"2021-09-17T04:32:24","guid":{"rendered":"https:\/\/newskyvn.com\/?post_type=product&#038;p=1282"},"modified":"2021-09-17T09:54:14","modified_gmt":"2021-09-17T09:54:14","slug":"qe1008-du-1d","status":"publish","type":"product","link":"https:\/\/newskyvn.com\/en\/product\/qe1008-du-1d\/","title":{"rendered":"QE1008-DU-1D"},"content":{"rendered":"<p><\/p>\n<table>\n<tbody>\n<tr>\n<td colspan=\"2\" width=\"661\"><strong><span style=\"color: #0000ff;\">\u00a0\u00a0<\/span><\/strong><\/p>\n<p><strong><span style=\"color: #0000ff;\">TECHNICAL DATA OF QE1008-DU-1D \u00a0 \u00a0 \u00a0 <\/span>\u00a0\u00a0\u00a0\u00a0\u00a0\u00a0\u00a0\u00a0\u00a0\u00a0\u00a0\u00a0\u00a0\u00a0\u00a0\u00a0\u00a0\u00a0\u00a0\u00a0\u00a0\u00a0\u00a0\u00a0\u00a0\u00a0\u00a0\u00a0\u00a0\u00a0\u00a0\u00a0\u00a0\u00a0\u00a0\u00a0\u00a0\u00a0\u00a0\u00a0\u00a0\u00a0\u00a0\u00a0\u00a0\u00a0\u00a0\u00a0\u00a0\u00a0\u00a0\u00a0\u00a0\u00a0\u00a0\u00a0\u00a0\u00a0\u00a0\u00a0\u00a0\u00a0\u00a0\u00a0\u00a0\u00a0\u00a0\u00a0\u00a0\u00a0\u00a0\u00a0\u00a0\u00a0\u00a0\u00a0\u00a0\u00a0\u00a0\u00a0\u00a0\u00a0\u00a0\u00a0\u00a0\u00a0\u00a0\u00a0\u00a0\u00a0\u00a0\u00a0\u00a0\u00a0\u00a0\u00a0\u00a0\u00a0\u00a0\u00a0\u00a0\u00a0\u00a0\u00a0\u00a0\u00a0\u00a0\u00a0\u00a0\u00a0\u00a0\u00a0\u00a0\u00a0\u00a0\u00a0\u00a0\u00a0\u00a0\u00a0\u00a0 <\/strong><\/td>\n<\/tr>\n<tr>\n<td width=\"329\">Strain gauge type<\/td>\n<td width=\"331\">Foil (GF = 2.0)<\/td>\n<\/tr>\n<tr>\n<td width=\"329\">Measuring range<\/td>\n<td width=\"331\">\u00b1 800 \u00b5\u03b5<\/td>\n<\/tr>\n<tr>\n<td width=\"329\">Accuracy<\/td>\n<td width=\"331\">&lt;\u00b1 0,5% v. Ew.<\/td>\n<\/tr>\n<tr>\n<td width=\"329\">Linearity<\/td>\n<td width=\"331\">&lt;\u00b1 0,5% v. Ew.<\/td>\n<\/tr>\n<tr>\n<td width=\"329\">Hysteresis<\/td>\n<td width=\"331\">&lt;\u00b1 0,5% v. Ew.<\/td>\n<\/tr>\n<tr>\n<td width=\"329\">Repeatability<\/td>\n<td width=\"331\">&lt; 0,2% v. Ew.<\/td>\n<\/tr>\n<tr>\n<td width=\"329\">Supply voltage (power adapter)<\/td>\n<td width=\"331\">100\u2026240 VAC<\/td>\n<\/tr>\n<tr>\n<td width=\"329\">Operating temperature range<\/td>\n<td width=\"331\">5 bis +55\u00b0C<\/td>\n<\/tr>\n<tr>\n<td width=\"329\">Storage temperature range<\/td>\n<td width=\"331\">0 bis +55\u00b0C<\/td>\n<\/tr>\n<\/tbody>\n<\/table>\n<p><em>* Further specifications takes from data sheets \u201eQE1008\u201c and \u201eDU-1D\u201c.<\/em><\/p>","protected":false},"excerpt":{"rendered":"<p><em>1- CHANNEL SYSTEM FOR TIE BAR STRAIN MEASUREMENT WITH DIGITAL MONITOR<\/em><\/p>\n<ul>\n<li><em>Complete system for the strain-measurement on one tie bar<\/em><\/li>\n<li><em>Direct display of strain values in \u03bc\u03b5, kN or t<\/em><\/li>\n<li><em>Quick and non-destructive assembly with magnetic press-on technology<\/em><\/li>\n<li><em>High accuracy and linearity in tension and pressure (like bonded strain gauges)<\/em><\/li>\n<li><em>Ideal for use on presses, injection-moulding and die-casting machines<\/em><\/li>\n<li><em>Application on tie bars with a diameter of 45mm or higher and flat surfaces<\/em><\/li>\n<li><em>Dynamic applications<\/em><\/li>\n<li><em>1- channel digital monitor DU1D<\/em><\/li>\n<li><em>Battery operation possible (optional) \/ not rechargeable<\/em><\/li>\n<li><em>Very compact and easy to use system<\/em><\/li>\n<\/ul>\n","protected":false},"featured_media":1284,"comment_status":"open","ping_status":"closed","template":"","meta":[],"product_cat":[119,126],"product_tag":[],"yoast_head":"<!-- This site is optimized with the Yoast SEO plugin v16.6.1 - https:\/\/yoast.com\/wordpress\/plugins\/seo\/ -->\n<title>QE1008-DU-1D - NEW SKY CO.,LTD<\/title>\n<meta name=\"robots\" content=\"index, follow, max-snippet:-1, max-image-preview:large, max-video-preview:-1\" \/>\n<link rel=\"canonical\" href=\"https:\/\/newskyvn.com\/product\/qe1008-du-1d\/\" \/>\n<meta property=\"og:locale\" content=\"en_US\" \/>\n<meta property=\"og:type\" content=\"article\" \/>\n<meta property=\"og:title\" content=\"QE1008-DU-1D - NEW SKY CO.,LTD\" \/>\n<meta property=\"og:description\" content=\"[:vi]Thi\u1ebft b\u1ecb \u0111o \u0111\u1ed9 c\u0103ng c\u1ee7a thanh gi\u1eb1ng 1 k\u00eanh v\u1edbi m\u00e0n h\u00ecnh hi\u1ec3n th\u1ecb k\u1ef9 thu\u1eadt s\u1ed1  \u2022 H\u1ec7 th\u1ed1ng ho\u00e0n ch\u1ec9nh \u0111\u1ec3 \u0111o bi\u1ebfn d\u1ea1ng tr\u00ean m\u1ed9t thanh gi\u1eb1ng \u2022 Hi\u1ec3n th\u1ecb tr\u1ef1c ti\u1ebfp c\u00e1c gi\u00e1 tr\u1ecb bi\u1ebfn d\u1ea1ng theo \u03bc\u03b5, kN ho\u1eb7c t \u2022 L\u1eafp r\u00e1p nhanh ch\u00f3ng v\u00e0 kh\u00f4ng ph\u00e1 h\u1ee7y v\u1edbi c\u00f4ng ngh\u1ec7 \u00e9p t\u1eeb t\u00ednh \u2022 \u0110\u1ed9 ch\u00ednh x\u00e1c v\u00e0 tuy\u1ebfn t\u00ednh cao v\u1ec1 l\u1ef1c c\u0103ng v\u00e0 \u00e1p su\u1ea5t (nh\u01b0 \u0111\u1ed3ng h\u1ed3 \u0111o bi\u1ebfn d\u1ea1ng ngo\u1ea1i quan) \u2022 L\u00fd t\u01b0\u1edfng \u0111\u1ec3 s\u1eed d\u1ee5ng tr\u00ean m\u00e1y \u00e9p, m\u00e1y \u00e9p phun v\u00e0 m\u00e1y \u0111\u00fac khu\u00f4n \u2022 \u1ee8ng d\u1ee5ng tr\u00ean c\u00e1c thanh gi\u1eb1ng c\u00f3 \u0111\u01b0\u1eddng k\u00ednh t\u1eeb 45mm tr\u1edf l\u00ean v\u00e0 c\u00e1c b\u1ec1 m\u1eb7t ph\u1eb3ng \u2022 \u1ee8ng d\u1ee5ng \u0111\u1ed9ng \u2022 M\u00e0n h\u00ecnh k\u1ef9 thu\u1eadt s\u1ed1 1- k\u00eanh DU1D \u2022 C\u00f3 th\u1ec3 ho\u1ea1t \u0111\u1ed9ng b\u1eb1ng pin (t\u00f9y ch\u1ecdn) \/ kh\u00f4ng th\u1ec3 s\u1ea1c l\u1ea1i \u2022 H\u1ec7 th\u1ed1ng r\u1ea5t nh\u1ecf g\u1ecdn v\u00e0 d\u1ec5 s\u1eed d\u1ee5ng[:en]1- CHANNEL SYSTEM FOR TIE BAR STRAIN MEASUREMENT WITH DIGITAL MONITOR   Complete system for the strain-measurement on one tie bar  Direct display of strain values in \u03bc\u03b5, kN or t  Quick and non-destructive assembly with magnetic press-on technology  High accuracy and linearity in tension and pressure (like bonded strain gauges)  Ideal for use on presses, injection-moulding and die-casting machines  Application on tie bars with a diameter of 45mm or higher and flat surfaces  Dynamic applications  1- channel digital monitor DU1D  Battery operation possible (optional) \/ not rechargeable  Very compact and easy to use system [:]\" \/>\n<meta property=\"og:url\" content=\"https:\/\/newskyvn.com\/product\/qe1008-du-1d\/\" \/>\n<meta property=\"og:site_name\" content=\"NEW SKY CO.,LTD\" \/>\n<meta property=\"article:modified_time\" content=\"2021-09-17T09:54:14+00:00\" \/>\n<meta property=\"og:image\" content=\"https:\/\/newskyvn.com\/wp-content\/uploads\/2021\/09\/show_QE1008-DU1D_.jpg\" \/>\n\t<meta property=\"og:image:width\" content=\"500\" \/>\n\t<meta property=\"og:image:height\" content=\"500\" \/>\n<meta name=\"twitter:card\" content=\"summary_large_image\" \/>\n<meta name=\"twitter:label1\" content=\"Est. reading time\" \/>\n\t<meta name=\"twitter:data1\" content=\"1 minute\" \/>\n<script type=\"application\/ld+json\" class=\"yoast-schema-graph\">{\"@context\":\"https:\/\/schema.org\",\"@graph\":[{\"@type\":\"WebSite\",\"@id\":\"https:\/\/newskyvn.com\/#website\",\"url\":\"https:\/\/newskyvn.com\/\",\"name\":\"NEW SKY CO.,LTD\",\"description\":\"C\\u00f4ng Ty TNHH S\\u1ea3n Xu\\u1ea5t Th\\u01b0\\u01a1ng M\\u1ea1i D\\u1ecbch V\\u1ee5 T\\u00e2n Thi\\u00ean\",\"potentialAction\":[{\"@type\":\"SearchAction\",\"target\":{\"@type\":\"EntryPoint\",\"urlTemplate\":\"https:\/\/newskyvn.com\/?s={search_term_string}\"},\"query-input\":\"required name=search_term_string\"}],\"inLanguage\":\"en-US\"},{\"@type\":\"ImageObject\",\"@id\":\"https:\/\/newskyvn.com\/product\/qe1008-du-1d\/#primaryimage\",\"inLanguage\":\"en-US\",\"url\":\"https:\/\/newskyvn.com\/wp-content\/uploads\/2021\/09\/show_QE1008-DU1D_.jpg\",\"contentUrl\":\"https:\/\/newskyvn.com\/wp-content\/uploads\/2021\/09\/show_QE1008-DU1D_.jpg\",\"width\":500,\"height\":500},{\"@type\":\"WebPage\",\"@id\":\"https:\/\/newskyvn.com\/product\/qe1008-du-1d\/#webpage\",\"url\":\"https:\/\/newskyvn.com\/product\/qe1008-du-1d\/\",\"name\":\"QE1008-DU-1D - NEW SKY CO.,LTD\",\"isPartOf\":{\"@id\":\"https:\/\/newskyvn.com\/#website\"},\"primaryImageOfPage\":{\"@id\":\"https:\/\/newskyvn.com\/product\/qe1008-du-1d\/#primaryimage\"},\"datePublished\":\"2021-09-17T04:32:24+00:00\",\"dateModified\":\"2021-09-17T09:54:14+00:00\",\"breadcrumb\":{\"@id\":\"https:\/\/newskyvn.com\/product\/qe1008-du-1d\/#breadcrumb\"},\"inLanguage\":\"en-US\",\"potentialAction\":[{\"@type\":\"ReadAction\",\"target\":[\"https:\/\/newskyvn.com\/product\/qe1008-du-1d\/\"]}]},{\"@type\":\"BreadcrumbList\",\"@id\":\"https:\/\/newskyvn.com\/product\/qe1008-du-1d\/#breadcrumb\",\"itemListElement\":[{\"@type\":\"ListItem\",\"position\":1,\"name\":\"Product\",\"item\":\"https:\/\/newskyvn.com\/en\/san-pham\/\"},{\"@type\":\"ListItem\",\"position\":2,\"name\":\"QE1008-DU-1D\"}]}]}<\/script>\n<!-- \/ Yoast SEO plugin. -->","_links":{"self":[{"href":"https:\/\/newskyvn.com\/en\/wp-json\/wp\/v2\/product\/1282"}],"collection":[{"href":"https:\/\/newskyvn.com\/en\/wp-json\/wp\/v2\/product"}],"about":[{"href":"https:\/\/newskyvn.com\/en\/wp-json\/wp\/v2\/types\/product"}],"replies":[{"embeddable":true,"href":"https:\/\/newskyvn.com\/en\/wp-json\/wp\/v2\/comments?post=1282"}],"wp:featuredmedia":[{"embeddable":true,"href":"https:\/\/newskyvn.com\/en\/wp-json\/wp\/v2\/media\/1284"}],"wp:attachment":[{"href":"https:\/\/newskyvn.com\/en\/wp-json\/wp\/v2\/media?parent=1282"}],"wp:term":[{"taxonomy":"product_cat","embeddable":true,"href":"https:\/\/newskyvn.com\/en\/wp-json\/wp\/v2\/product_cat?post=1282"},{"taxonomy":"product_tag","embeddable":true,"href":"https:\/\/newskyvn.com\/en\/wp-json\/wp\/v2\/product_tag?post=1282"}],"curies":[{"name":"wp","href":"https:\/\/api.w.org\/{rel}","templated":true}]}}