{"id":1279,"date":"2021-09-17T09:04:47","date_gmt":"2021-09-17T09:04:47","guid":{"rendered":"https:\/\/newskyvn.com\/?post_type=product&#038;p=1279"},"modified":"2024-09-15T12:48:34","modified_gmt":"2024-09-15T12:48:34","slug":"qe1010","status":"publish","type":"product","link":"https:\/\/newskyvn.com\/en\/product\/qe1010\/","title":{"rendered":"QE1010"},"content":{"rendered":"<p>&nbsp;<\/p>\n<p><strong><span style=\"color: #0000ff;\">TECHNICAL DATA OF QE1010 \u00a0 \u00a0\u00a0<\/span><\/strong><\/p>\n<p><strong>\u00a0<\/strong><\/p>\n<table>\n<tbody>\n<tr>\n<td width=\"276\">Strain gauge type<\/td>\n<td width=\"383\">Foil (GF = 2.0)<\/td>\n<\/tr>\n<tr>\n<td width=\"276\">Bridge resistance<\/td>\n<td width=\"383\">350 \u03a9<\/td>\n<\/tr>\n<tr>\n<td width=\"276\">Measuring range<\/td>\n<td width=\"383\">\u00b1 300&#8230; \u00b1 500 \u03bc\u03b5 (depending on surface)<\/td>\n<\/tr>\n<tr>\n<td width=\"276\">Sensitivity tolerance<\/td>\n<td width=\"383\">\u00b10.2%<\/td>\n<\/tr>\n<tr>\n<td width=\"276\">Transverse sensitivity<\/td>\n<td width=\"383\">0.9 \u00b10.2 %<\/td>\n<\/tr>\n<tr>\n<td width=\"276\">Accuracy<\/td>\n<td width=\"383\">&lt; \u00b10.5% FS<\/td>\n<\/tr>\n<tr>\n<td width=\"276\">Linearity<\/td>\n<td width=\"383\">&lt; \u00b1 0.5% FS<\/td>\n<\/tr>\n<tr>\n<td width=\"276\">Hysteresis<\/td>\n<td width=\"383\">&lt; \u00b1 0.2% FS<\/td>\n<\/tr>\n<tr>\n<td width=\"276\">Repeatability<\/td>\n<td width=\"383\">&lt; 0.2% FS<\/td>\n<\/tr>\n<tr>\n<td width=\"276\">Nominal input resistance<\/td>\n<td width=\"383\">350 \u03a9<\/td>\n<\/tr>\n<tr>\n<td width=\"276\">Supply voltage<\/td>\n<td width=\"383\">5 VDC (max 8 VDC)<\/td>\n<\/tr>\n<tr>\n<td width=\"276\">Supply current<\/td>\n<td width=\"383\">&lt; 15mA<\/td>\n<\/tr>\n<tr>\n<td width=\"276\">Operating temperature range<\/td>\n<td width=\"383\">0&#8230;50\u00b0C<\/td>\n<\/tr>\n<tr>\n<td width=\"276\">Storage temperature range<\/td>\n<td width=\"383\">0&#8230;70\u00b0C<\/td>\n<\/tr>\n<tr>\n<td width=\"276\">Overload capability<\/td>\n<td width=\"383\">indefinite (offset occurs)<\/td>\n<\/tr>\n<tr>\n<td width=\"276\">Protection class<\/td>\n<td width=\"383\">IP54<\/td>\n<\/tr>\n<tr>\n<td width=\"276\">Case material<\/td>\n<td width=\"383\">Steel<\/td>\n<\/tr>\n<tr>\n<td width=\"276\">Weigh, including cable<\/td>\n<td width=\"383\">200 g<\/td>\n<\/tr>\n<\/tbody>\n<\/table>\n<p><\/p>","protected":false},"excerpt":{"rendered":"<ul>\n<li><em>Measure strain in any direction in seconds<\/em><\/li>\n<li><em>Smallest press-on sensor with magnet mounting<\/em><\/li>\n<li><em>Direct surface strain reading like bonded strain gages, high linearity on tension and compression<\/em><\/li>\n<li><em>Quick and easy mounting on magnetic structures<\/em><\/li>\n<li><em>Calibrated sensor (K=2.00) for dynamic applications<\/em><\/li>\n<li><em>Ideal for checking FEM calculations and for stress analysis on flat steel structures<\/em><\/li>\n<li><em>Without amplifier (passiv)<\/em><\/li>\n<li><em>External amplifier recommended (e.g. MBA100; VDA, Monitor DU-1D<\/em><\/li>\n<\/ul>\n","protected":false},"featured_media":1281,"comment_status":"open","ping_status":"closed","template":"","meta":[],"product_cat":[119,126],"product_tag":[],"yoast_head":"<!-- This site is optimized with the Yoast SEO plugin v16.6.1 - https:\/\/yoast.com\/wordpress\/plugins\/seo\/ -->\n<title>QE1010 - NEW SKY CO.,LTD<\/title>\n<meta name=\"robots\" content=\"index, follow, max-snippet:-1, max-image-preview:large, max-video-preview:-1\" \/>\n<link rel=\"canonical\" href=\"https:\/\/newskyvn.com\/product\/qe1010\/\" \/>\n<meta property=\"og:locale\" content=\"en_US\" \/>\n<meta property=\"og:type\" content=\"article\" \/>\n<meta property=\"og:title\" content=\"QE1010 - NEW SKY CO.,LTD\" \/>\n<meta property=\"og:description\" content=\"[:vi]\u2022 \u0110o s\u1ee9c c\u0103ng theo b\u1ea5t k\u1ef3 h\u01b0\u1edbng n\u00e0o trong v\u00e0i gi\u00e2y \u2022 C\u1ea3m bi\u1ebfn nh\u1ea5n nh\u1ecf nh\u1ea5t c\u00f3 g\u1eafn nam ch\u00e2m \u2022 \u0110\u1ecdc bi\u1ebfn d\u1ea1ng b\u1ec1 m\u1eb7t tr\u1ef1c ti\u1ebfp nh\u01b0 thi\u1ebft b\u1ecb \u0111o bi\u1ebfn d\u1ea1ng ngo\u1ea1i quan, \u0111\u1ed9 tuy\u1ebfn t\u00ednh cao khi c\u0103ng v\u00e0 n\u00e9n \u2022 G\u1eafn k\u1ebft nhanh ch\u00f3ng v\u00e0 d\u1ec5 d\u00e0ng tr\u00ean c\u00e1c c\u1ea5u tr\u00fac t\u1eeb t\u00ednh \u2022 C\u1ea3m bi\u1ebfn hi\u1ec7u ch\u1ec9nh (K = 2,00) cho c\u00e1c \u1ee9ng d\u1ee5ng \u0111\u1ed9ng \u2022 L\u00fd t\u01b0\u1edfng \u0111\u1ec3 ki\u1ec3m tra c\u00e1c t\u00ednh to\u00e1n FEM v\u00e0 ph\u00e2n t\u00edch \u1ee9ng su\u1ea5t tr\u00ean k\u1ebft c\u1ea5u th\u00e9p ph\u1eb3ng \u2022 Kh\u00f4ng c\u00f3 b\u1ed9 khu\u1ebfch \u0111\u1ea1i (passiv) \u2022 B\u1ed9 khu\u1ebfch \u0111\u1ea1i b\u00ean ngo\u00e0i \u0111\u01b0\u1ee3c khuy\u1ebfn ngh\u1ecb (v\u00ed d\u1ee5: MBA100; VDA, M\u00e0n h\u00ecnh DU-1D[:en]  Measure strain in any direction in seconds  Smallest press-on sensor with magnet mounting  Direct surface strain reading like bonded strain gages, high linearity on tension and compression  Quick and easy mounting on magnetic structures  Calibrated sensor (K=2.00) for dynamic applications  Ideal for checking FEM calculations and for stress analysis on flat steel structures  Without amplifier (passiv)  External amplifier recommended (e.g. MBA100; VDA, Monitor DU-1D [:]\" \/>\n<meta property=\"og:url\" content=\"https:\/\/newskyvn.com\/product\/qe1010\/\" \/>\n<meta property=\"og:site_name\" content=\"NEW SKY CO.,LTD\" \/>\n<meta property=\"article:modified_time\" content=\"2024-09-15T12:48:34+00:00\" \/>\n<meta property=\"og:image\" content=\"https:\/\/newskyvn.com\/wp-content\/uploads\/2021\/09\/show_QE1010.jpg\" \/>\n\t<meta property=\"og:image:width\" content=\"500\" \/>\n\t<meta property=\"og:image:height\" content=\"500\" \/>\n<meta name=\"twitter:card\" content=\"summary_large_image\" \/>\n<meta name=\"twitter:label1\" content=\"Est. reading time\" \/>\n\t<meta name=\"twitter:data1\" content=\"1 minute\" \/>\n<script type=\"application\/ld+json\" class=\"yoast-schema-graph\">{\"@context\":\"https:\/\/schema.org\",\"@graph\":[{\"@type\":\"WebSite\",\"@id\":\"https:\/\/newskyvn.com\/#website\",\"url\":\"https:\/\/newskyvn.com\/\",\"name\":\"NEW SKY CO.,LTD\",\"description\":\"C\\u00f4ng Ty TNHH S\\u1ea3n Xu\\u1ea5t Th\\u01b0\\u01a1ng M\\u1ea1i D\\u1ecbch V\\u1ee5 T\\u00e2n Thi\\u00ean\",\"potentialAction\":[{\"@type\":\"SearchAction\",\"target\":{\"@type\":\"EntryPoint\",\"urlTemplate\":\"https:\/\/newskyvn.com\/?s={search_term_string}\"},\"query-input\":\"required name=search_term_string\"}],\"inLanguage\":\"en-US\"},{\"@type\":\"ImageObject\",\"@id\":\"https:\/\/newskyvn.com\/product\/qe1010\/#primaryimage\",\"inLanguage\":\"en-US\",\"url\":\"https:\/\/newskyvn.com\/wp-content\/uploads\/2021\/09\/show_QE1010.jpg\",\"contentUrl\":\"https:\/\/newskyvn.com\/wp-content\/uploads\/2021\/09\/show_QE1010.jpg\",\"width\":500,\"height\":500},{\"@type\":\"WebPage\",\"@id\":\"https:\/\/newskyvn.com\/product\/qe1010\/#webpage\",\"url\":\"https:\/\/newskyvn.com\/product\/qe1010\/\",\"name\":\"QE1010 - NEW SKY CO.,LTD\",\"isPartOf\":{\"@id\":\"https:\/\/newskyvn.com\/#website\"},\"primaryImageOfPage\":{\"@id\":\"https:\/\/newskyvn.com\/product\/qe1010\/#primaryimage\"},\"datePublished\":\"2021-09-17T09:04:47+00:00\",\"dateModified\":\"2024-09-15T12:48:34+00:00\",\"breadcrumb\":{\"@id\":\"https:\/\/newskyvn.com\/product\/qe1010\/#breadcrumb\"},\"inLanguage\":\"en-US\",\"potentialAction\":[{\"@type\":\"ReadAction\",\"target\":[\"https:\/\/newskyvn.com\/product\/qe1010\/\"]}]},{\"@type\":\"BreadcrumbList\",\"@id\":\"https:\/\/newskyvn.com\/product\/qe1010\/#breadcrumb\",\"itemListElement\":[{\"@type\":\"ListItem\",\"position\":1,\"name\":\"Product\",\"item\":\"https:\/\/newskyvn.com\/en\/san-pham\/\"},{\"@type\":\"ListItem\",\"position\":2,\"name\":\"QE1010\"}]}]}<\/script>\n<!-- \/ Yoast SEO plugin. -->","_links":{"self":[{"href":"https:\/\/newskyvn.com\/en\/wp-json\/wp\/v2\/product\/1279"}],"collection":[{"href":"https:\/\/newskyvn.com\/en\/wp-json\/wp\/v2\/product"}],"about":[{"href":"https:\/\/newskyvn.com\/en\/wp-json\/wp\/v2\/types\/product"}],"replies":[{"embeddable":true,"href":"https:\/\/newskyvn.com\/en\/wp-json\/wp\/v2\/comments?post=1279"}],"wp:featuredmedia":[{"embeddable":true,"href":"https:\/\/newskyvn.com\/en\/wp-json\/wp\/v2\/media\/1281"}],"wp:attachment":[{"href":"https:\/\/newskyvn.com\/en\/wp-json\/wp\/v2\/media?parent=1279"}],"wp:term":[{"taxonomy":"product_cat","embeddable":true,"href":"https:\/\/newskyvn.com\/en\/wp-json\/wp\/v2\/product_cat?post=1279"},{"taxonomy":"product_tag","embeddable":true,"href":"https:\/\/newskyvn.com\/en\/wp-json\/wp\/v2\/product_tag?post=1279"}],"curies":[{"name":"wp","href":"https:\/\/api.w.org\/{rel}","templated":true}]}}