{"id":1276,"date":"2021-09-17T08:57:21","date_gmt":"2021-09-17T08:57:21","guid":{"rendered":"https:\/\/newskyvn.com\/?post_type=product&#038;p=1276"},"modified":"2021-09-17T08:59:09","modified_gmt":"2021-09-17T08:59:09","slug":"dak-nozzle","status":"publish","type":"product","link":"https:\/\/newskyvn.com\/en\/product\/dak-nozzle\/","title":{"rendered":"DAK"},"content":{"rendered":"<p><\/p>\n<table>\n<tbody>\n<tr>\n<td colspan=\"3\" width=\"661\"><strong><span style=\"color: #0000ff;\">\u00a0\u00a0<\/span><\/strong><\/p>\n<p><strong><span style=\"color: #0000ff;\">TECHNICAL DATA OF DAK Nozzle \u00a0 \u00a0 \u00a0 \u00a0 \u00a0 \u00a0 \u00a0 \u00a0 \u00a0\u00a0<\/span><\/strong><\/td>\n<\/tr>\n<tr>\n<td colspan=\"2\" width=\"329\">Strain gauge type<\/td>\n<td width=\"331\">Foil (GF = 2.0)<\/td>\n<\/tr>\n<tr>\n<td colspan=\"2\" width=\"329\">Bridge resistance<\/td>\n<td width=\"331\">350\u03a9<\/td>\n<\/tr>\n<tr>\n<td colspan=\"2\" width=\"329\">Measuring range<\/td>\n<td width=\"331\">200\/450 kN<\/td>\n<\/tr>\n<tr>\n<td width=\"165\">Output signal 2\/4 bridge<\/td>\n<td width=\"165\">200 kN \/ 450 KN<\/td>\n<td width=\"331\">1358 \u00b5\u03b5<\/td>\n<\/tr>\n<tr>\n<td width=\"165\">Output signal 4\/4 bridge<\/td>\n<td width=\"165\">200 kN \/ 450 KN<\/td>\n<td width=\"331\">1.7 mV\/V<\/td>\n<\/tr>\n<tr>\n<td colspan=\"2\" width=\"329\">Sensitivity tolerance<\/td>\n<td width=\"331\">\u00b1 0.2%<\/td>\n<\/tr>\n<tr>\n<td colspan=\"2\" width=\"329\">Transverse sensitivity<\/td>\n<td width=\"331\">0.9 \u00b1 0.2%<\/td>\n<\/tr>\n<tr>\n<td colspan=\"2\" width=\"329\">Accuracy<\/td>\n<td width=\"331\">&lt; \u00b1 0.2% FS<\/td>\n<\/tr>\n<tr>\n<td colspan=\"2\" width=\"329\">Linearity<\/td>\n<td width=\"331\">&lt; \u00b1 0.2% FS<\/td>\n<\/tr>\n<tr>\n<td colspan=\"2\" width=\"329\">Hysteresis<\/td>\n<td width=\"331\">&lt; \u00b1 0.1% FS<\/td>\n<\/tr>\n<tr>\n<td colspan=\"2\" width=\"329\">Repeatability<\/td>\n<td width=\"331\">&lt; \u00b1 0.1% FS<\/td>\n<\/tr>\n<tr>\n<td colspan=\"2\" width=\"329\">Supply voltage<\/td>\n<td width=\"331\">5VDC (max 8VDC)<\/td>\n<\/tr>\n<tr>\n<td colspan=\"2\" width=\"329\">Supply current<\/td>\n<td width=\"331\">&lt; 15mA<\/td>\n<\/tr>\n<tr>\n<td colspan=\"2\" width=\"329\">Operating temperatur range<\/td>\n<td width=\"331\">-30&#8230;+50\u00b0C<\/td>\n<\/tr>\n<tr>\n<td colspan=\"2\" width=\"329\">Storage temperatur range<\/td>\n<td width=\"331\">-30&#8230;+50\u00b0C<\/td>\n<\/tr>\n<tr>\n<td colspan=\"2\" width=\"329\">Overload capability<\/td>\n<td width=\"331\">150% FS<\/td>\n<\/tr>\n<tr>\n<td colspan=\"2\" width=\"329\">Protection class<\/td>\n<td width=\"331\">IP67<\/td>\n<\/tr>\n<tr>\n<td colspan=\"2\" width=\"329\">Sensor material<\/td>\n<td width=\"331\">Hardened and tempered steel corrosion-protected<\/td>\n<\/tr>\n<tr>\n<td colspan=\"2\" width=\"329\">Cover material<\/td>\n<td width=\"331\">Anodized aluminium<\/td>\n<\/tr>\n<tr>\n<td colspan=\"2\" width=\"329\">Weight, including cable<\/td>\n<td width=\"331\">2.5kg<\/td>\n<\/tr>\n<\/tbody>\n<\/table>\n<p><\/p>","protected":false},"excerpt":{"rendered":"<ul>\n<li><em>Measurement of nozzle touch force (nozzle pressure force) in injection-molding and die-casting machines<\/em><\/li>\n<li><em>User-friendly, small and compact<\/em><\/li>\n<li><em>Force measurement range: 200kN \/ 450kN<\/em><\/li>\n<li><em>Very high repeatability<\/em><\/li>\n<li><em>Direct connection to our signal amplifiers and monitors<\/em><\/li>\n<li><em>Various nozzle adapters can be retrofitted (e.g., brass)<\/em><\/li>\n<li><em>Magnetic bases can be retrofitted in different sizes<\/em><\/li>\n<\/ul>\n","protected":false},"featured_media":1278,"comment_status":"open","ping_status":"closed","template":"","meta":[],"product_cat":[119,126],"product_tag":[],"yoast_head":"<!-- This site is optimized with the Yoast SEO plugin v16.6.1 - https:\/\/yoast.com\/wordpress\/plugins\/seo\/ -->\n<title>DAK - NEW SKY CO.,LTD<\/title>\n<meta name=\"robots\" content=\"index, follow, max-snippet:-1, max-image-preview:large, max-video-preview:-1\" \/>\n<link rel=\"canonical\" href=\"https:\/\/newskyvn.com\/product\/dak-nozzle\/\" \/>\n<meta property=\"og:locale\" content=\"en_US\" \/>\n<meta property=\"og:type\" content=\"article\" \/>\n<meta property=\"og:title\" content=\"DAK - NEW SKY CO.,LTD\" \/>\n<meta property=\"og:description\" content=\"[:vi]\u2022 \u0110o l\u1ef1c ch\u1ea1m v\u00f2i phun (l\u1ef1c \u00e1p su\u1ea5t v\u00f2i phun) trong m\u00e1y \u00e9p phun v\u00e0 \u0111\u00fac khu\u00f4n \u2022 Th\u00e2n thi\u1ec7n v\u1edbi ng\u01b0\u1eddi d\u00f9ng, nh\u1ecf v\u00e0 g\u1ecdn \u2022 Ph\u1ea1m vi \u0111o l\u1ef1c: 200kN \/ 450kN \u2022 \u0110\u1ed9 l\u1eb7p l\u1ea1i r\u1ea5t cao \u2022 K\u1ebft n\u1ed1i tr\u1ef1c ti\u1ebfp v\u1edbi b\u1ed9 khu\u1ebfch \u0111\u1ea1i t\u00edn hi\u1ec7u v\u00e0 m\u00e0n h\u00ecnh c\u1ee7a ch\u00fang t\u00f4i \u2022 C\u00f3 th\u1ec3 trang b\u1ecb th\u00eam nhi\u1ec1u b\u1ed9 \u0111i\u1ec1u h\u1ee3p v\u00f2i phun kh\u00e1c nhau (v\u00ed d\u1ee5: \u0111\u1ed3ng thau) \u2022 C\u00e1c \u0111\u1ebf t\u1eeb t\u00ednh c\u00f3 th\u1ec3 \u0111\u01b0\u1ee3c trang b\u1ecb th\u00eam \u1edf c\u00e1c k\u00edch c\u1ee1 kh\u00e1c nhau[:en]  Measurement of nozzle touch force (nozzle pressure force) in injection-molding and die-casting machines  User-friendly, small and compact  Force measurement range: 200kN \/ 450kN  Very high repeatability  Direct connection to our signal amplifiers and monitors  Various nozzle adapters can be retrofitted (e.g., brass)  Magnetic bases can be retrofitted in different sizes [:]\" \/>\n<meta property=\"og:url\" content=\"https:\/\/newskyvn.com\/product\/dak-nozzle\/\" \/>\n<meta property=\"og:site_name\" content=\"NEW SKY CO.,LTD\" \/>\n<meta property=\"article:modified_time\" content=\"2021-09-17T08:59:09+00:00\" \/>\n<meta property=\"og:image\" content=\"https:\/\/newskyvn.com\/wp-content\/uploads\/2021\/09\/show_dak200.jpg\" \/>\n\t<meta property=\"og:image:width\" content=\"500\" \/>\n\t<meta property=\"og:image:height\" content=\"500\" \/>\n<meta name=\"twitter:card\" content=\"summary_large_image\" \/>\n<meta name=\"twitter:label1\" content=\"Est. reading time\" \/>\n\t<meta name=\"twitter:data1\" content=\"1 minute\" \/>\n<script type=\"application\/ld+json\" class=\"yoast-schema-graph\">{\"@context\":\"https:\/\/schema.org\",\"@graph\":[{\"@type\":\"WebSite\",\"@id\":\"https:\/\/newskyvn.com\/#website\",\"url\":\"https:\/\/newskyvn.com\/\",\"name\":\"NEW SKY CO.,LTD\",\"description\":\"C\\u00f4ng Ty TNHH S\\u1ea3n Xu\\u1ea5t Th\\u01b0\\u01a1ng M\\u1ea1i D\\u1ecbch V\\u1ee5 T\\u00e2n Thi\\u00ean\",\"potentialAction\":[{\"@type\":\"SearchAction\",\"target\":{\"@type\":\"EntryPoint\",\"urlTemplate\":\"https:\/\/newskyvn.com\/?s={search_term_string}\"},\"query-input\":\"required name=search_term_string\"}],\"inLanguage\":\"en-US\"},{\"@type\":\"ImageObject\",\"@id\":\"https:\/\/newskyvn.com\/product\/dak-nozzle\/#primaryimage\",\"inLanguage\":\"en-US\",\"url\":\"https:\/\/newskyvn.com\/wp-content\/uploads\/2021\/09\/show_dak200.jpg\",\"contentUrl\":\"https:\/\/newskyvn.com\/wp-content\/uploads\/2021\/09\/show_dak200.jpg\",\"width\":500,\"height\":500},{\"@type\":\"WebPage\",\"@id\":\"https:\/\/newskyvn.com\/product\/dak-nozzle\/#webpage\",\"url\":\"https:\/\/newskyvn.com\/product\/dak-nozzle\/\",\"name\":\"DAK - NEW SKY CO.,LTD\",\"isPartOf\":{\"@id\":\"https:\/\/newskyvn.com\/#website\"},\"primaryImageOfPage\":{\"@id\":\"https:\/\/newskyvn.com\/product\/dak-nozzle\/#primaryimage\"},\"datePublished\":\"2021-09-17T08:57:21+00:00\",\"dateModified\":\"2021-09-17T08:59:09+00:00\",\"breadcrumb\":{\"@id\":\"https:\/\/newskyvn.com\/product\/dak-nozzle\/#breadcrumb\"},\"inLanguage\":\"en-US\",\"potentialAction\":[{\"@type\":\"ReadAction\",\"target\":[\"https:\/\/newskyvn.com\/product\/dak-nozzle\/\"]}]},{\"@type\":\"BreadcrumbList\",\"@id\":\"https:\/\/newskyvn.com\/product\/dak-nozzle\/#breadcrumb\",\"itemListElement\":[{\"@type\":\"ListItem\",\"position\":1,\"name\":\"Product\",\"item\":\"https:\/\/newskyvn.com\/en\/san-pham\/\"},{\"@type\":\"ListItem\",\"position\":2,\"name\":\"DAK\"}]}]}<\/script>\n<!-- \/ Yoast SEO plugin. -->","_links":{"self":[{"href":"https:\/\/newskyvn.com\/en\/wp-json\/wp\/v2\/product\/1276"}],"collection":[{"href":"https:\/\/newskyvn.com\/en\/wp-json\/wp\/v2\/product"}],"about":[{"href":"https:\/\/newskyvn.com\/en\/wp-json\/wp\/v2\/types\/product"}],"replies":[{"embeddable":true,"href":"https:\/\/newskyvn.com\/en\/wp-json\/wp\/v2\/comments?post=1276"}],"wp:featuredmedia":[{"embeddable":true,"href":"https:\/\/newskyvn.com\/en\/wp-json\/wp\/v2\/media\/1278"}],"wp:attachment":[{"href":"https:\/\/newskyvn.com\/en\/wp-json\/wp\/v2\/media?parent=1276"}],"wp:term":[{"taxonomy":"product_cat","embeddable":true,"href":"https:\/\/newskyvn.com\/en\/wp-json\/wp\/v2\/product_cat?post=1276"},{"taxonomy":"product_tag","embeddable":true,"href":"https:\/\/newskyvn.com\/en\/wp-json\/wp\/v2\/product_tag?post=1276"}],"curies":[{"name":"wp","href":"https:\/\/api.w.org\/{rel}","templated":true}]}}