{"id":1267,"date":"2021-09-17T08:24:04","date_gmt":"2021-09-17T08:24:04","guid":{"rendered":"https:\/\/newskyvn.com\/?post_type=product&#038;p=1267"},"modified":"2021-09-17T08:33:09","modified_gmt":"2021-09-17T08:33:09","slug":"an1068","status":"publish","type":"product","link":"https:\/\/newskyvn.com\/en\/product\/an1068\/","title":{"rendered":"AN1068"},"content":{"rendered":"<p>&nbsp;<\/p>\n<p><span style=\"color: #0000ff;\"><strong>TECHNICAL DATA OF AN1068 \u00a0<\/strong><\/span><\/p>\n<p><strong>\u00a0<\/strong><\/p>\n<table>\n<tbody>\n<tr>\n<td width=\"329\">Strain gauge type<\/td>\n<td width=\"331\">Foil (GF = 2.0)<\/td>\n<\/tr>\n<tr>\n<td width=\"329\">Bridge resistance<\/td>\n<td width=\"331\">350\u03a9<\/td>\n<\/tr>\n<tr>\n<td width=\"329\">Measuring range<\/td>\n<td width=\"331\">\u00b11000\u03bc\u03b5<\/td>\n<\/tr>\n<tr>\n<td width=\"329\">Sensitivity tolerance<\/td>\n<td width=\"331\">\u00b1 0.2%<\/td>\n<\/tr>\n<tr>\n<td width=\"329\">Transverse sensitivity<\/td>\n<td width=\"331\">0.9 \u00b1 0.2%<\/td>\n<\/tr>\n<tr>\n<td width=\"329\">Accuracy<\/td>\n<td width=\"331\">&lt; \u00b1 0.5% FS<\/td>\n<\/tr>\n<tr>\n<td width=\"329\">Linearity<\/td>\n<td width=\"331\">&lt; \u00b1 0.5% FS<\/td>\n<\/tr>\n<tr>\n<td width=\"329\">Hysteresis<\/td>\n<td width=\"331\">&lt; \u00b1 0.2% FS)<\/td>\n<\/tr>\n<tr>\n<td width=\"329\">Repeatability<\/td>\n<td width=\"331\">&lt; \u00b1 0.1% FS<\/td>\n<\/tr>\n<tr>\n<td width=\"329\">Nominal input resistance<\/td>\n<td width=\"331\">350\u03a9<\/td>\n<\/tr>\n<tr>\n<td width=\"329\">Supply voltage<\/td>\n<td width=\"331\">5VDC (max 8VDC)<\/td>\n<\/tr>\n<tr>\n<td width=\"329\">Supply current<\/td>\n<td width=\"331\">&lt; 15mA<\/td>\n<\/tr>\n<tr>\n<td width=\"329\">Operating temperatur range<\/td>\n<td width=\"331\">0&#8230;55\u00b0C<\/td>\n<\/tr>\n<tr>\n<td width=\"329\">Storage temperatur range<\/td>\n<td width=\"331\">0&#8230;55\u00b0C<\/td>\n<\/tr>\n<tr>\n<td width=\"329\">Overload capability<\/td>\n<td width=\"331\">indefinite (offset occurs)<\/td>\n<\/tr>\n<tr>\n<td width=\"329\"><strong>\u00a0<\/strong><\/p>\n<p>Protection class<\/td>\n<td width=\"331\">IP66 (connection C) IP40 (connection D)<\/td>\n<\/tr>\n<tr>\n<td width=\"329\">Case material Anodised<\/td>\n<td width=\"331\">aluminium<\/td>\n<\/tr>\n<tr>\n<td width=\"329\">Cover material<\/td>\n<td width=\"331\">Stainless steel<\/td>\n<\/tr>\n<\/tbody>\n<\/table>\n<p><\/p>","protected":false},"excerpt":{"rendered":"<ul>\n<li><em>Fast and easy strain measurement on cylinders (magnetic or not)<\/em><\/li>\n<li><em>Very easy installation (need only 2 screw\u2018s)<\/em><\/li>\n<li><em>5% accuracy<\/em><\/li>\n<li><em>Without calibration<\/em><\/li>\n<li><em>All parts of the sensor are made in stainless <\/em><\/li>\n<li><em>Ideal for cyclical applications, e.g. clamping force measurements on presses<\/em><\/li>\n<\/ul>\n","protected":false},"featured_media":1269,"comment_status":"open","ping_status":"closed","template":"","meta":[],"product_cat":[119,126],"product_tag":[],"yoast_head":"<!-- This site is optimized with the Yoast SEO plugin v16.6.1 - https:\/\/yoast.com\/wordpress\/plugins\/seo\/ -->\n<title>AN1068 - NEW SKY CO.,LTD<\/title>\n<meta name=\"robots\" content=\"index, follow, max-snippet:-1, max-image-preview:large, max-video-preview:-1\" \/>\n<link rel=\"canonical\" href=\"https:\/\/newskyvn.com\/product\/an1068\/\" \/>\n<meta property=\"og:locale\" content=\"en_US\" \/>\n<meta property=\"og:type\" content=\"article\" \/>\n<meta property=\"og:title\" content=\"AN1068 - NEW SKY CO.,LTD\" \/>\n<meta property=\"og:description\" content=\"[:vi]  \u2022 \u0110o bi\u1ebfn d\u1ea1ng nhanh ch\u00f3ng v\u00e0 d\u1ec5 d\u00e0ng tr\u00ean xi lanh (t\u1eeb t\u00ednh ho\u1eb7c kh\u00f4ng) \u2022 C\u00e0i \u0111\u1eb7t r\u1ea5t d\u1ec5 d\u00e0ng (ch\u1ec9 c\u1ea7n 2 v\u00edt) \u2022 \u0110\u1ed9 ch\u00ednh x\u00e1c 0,5% \u2022 Kh\u00f4ng c\u1ea7n hi\u1ec7u chu\u1ea9n \u2022 T\u1ea5t c\u1ea3 c\u00e1c b\u1ed9 ph\u1eadn c\u1ee7a c\u1ea3m bi\u1ebfn \u0111\u01b0\u1ee3c l\u00e0m b\u1eb1ng v\u1eadt li\u1ec7u kh\u00f4ng g\u1ec9. \u2022 L\u00fd t\u01b0\u1edfng cho c\u00e1c \u1ee9ng d\u1ee5ng theo chu k\u1ef3, v\u00ed d\u1ee5: ph\u00e9p \u0111o l\u1ef1c k\u1eb9p tr\u00ean m\u00e1y \u00e9p [:en]  Fast and easy strain measurement on cylinders (magnetic or not)  Very easy installation (need only 2 screw\u2018s)  5% accuracy  Without calibration  All parts of the sensor are made in stainless   Ideal for cyclical applications, e.g. clamping force measurements on presses [:]\" \/>\n<meta property=\"og:url\" content=\"https:\/\/newskyvn.com\/product\/an1068\/\" \/>\n<meta property=\"og:site_name\" content=\"NEW SKY CO.,LTD\" \/>\n<meta property=\"article:modified_time\" content=\"2021-09-17T08:33:09+00:00\" \/>\n<meta property=\"og:image\" content=\"https:\/\/newskyvn.com\/wp-content\/uploads\/2021\/09\/show_AN1068.jpg\" \/>\n\t<meta property=\"og:image:width\" content=\"500\" \/>\n\t<meta property=\"og:image:height\" content=\"500\" \/>\n<meta name=\"twitter:card\" content=\"summary_large_image\" \/>\n<meta name=\"twitter:label1\" content=\"Est. reading time\" \/>\n\t<meta name=\"twitter:data1\" content=\"1 minute\" \/>\n<script type=\"application\/ld+json\" class=\"yoast-schema-graph\">{\"@context\":\"https:\/\/schema.org\",\"@graph\":[{\"@type\":\"WebSite\",\"@id\":\"https:\/\/newskyvn.com\/#website\",\"url\":\"https:\/\/newskyvn.com\/\",\"name\":\"NEW SKY CO.,LTD\",\"description\":\"C\\u00f4ng Ty TNHH S\\u1ea3n Xu\\u1ea5t Th\\u01b0\\u01a1ng M\\u1ea1i D\\u1ecbch V\\u1ee5 T\\u00e2n Thi\\u00ean\",\"potentialAction\":[{\"@type\":\"SearchAction\",\"target\":{\"@type\":\"EntryPoint\",\"urlTemplate\":\"https:\/\/newskyvn.com\/?s={search_term_string}\"},\"query-input\":\"required name=search_term_string\"}],\"inLanguage\":\"en-US\"},{\"@type\":\"ImageObject\",\"@id\":\"https:\/\/newskyvn.com\/product\/an1068\/#primaryimage\",\"inLanguage\":\"en-US\",\"url\":\"https:\/\/newskyvn.com\/wp-content\/uploads\/2021\/09\/show_AN1068.jpg\",\"contentUrl\":\"https:\/\/newskyvn.com\/wp-content\/uploads\/2021\/09\/show_AN1068.jpg\",\"width\":500,\"height\":500},{\"@type\":\"WebPage\",\"@id\":\"https:\/\/newskyvn.com\/product\/an1068\/#webpage\",\"url\":\"https:\/\/newskyvn.com\/product\/an1068\/\",\"name\":\"AN1068 - NEW SKY CO.,LTD\",\"isPartOf\":{\"@id\":\"https:\/\/newskyvn.com\/#website\"},\"primaryImageOfPage\":{\"@id\":\"https:\/\/newskyvn.com\/product\/an1068\/#primaryimage\"},\"datePublished\":\"2021-09-17T08:24:04+00:00\",\"dateModified\":\"2021-09-17T08:33:09+00:00\",\"breadcrumb\":{\"@id\":\"https:\/\/newskyvn.com\/product\/an1068\/#breadcrumb\"},\"inLanguage\":\"en-US\",\"potentialAction\":[{\"@type\":\"ReadAction\",\"target\":[\"https:\/\/newskyvn.com\/product\/an1068\/\"]}]},{\"@type\":\"BreadcrumbList\",\"@id\":\"https:\/\/newskyvn.com\/product\/an1068\/#breadcrumb\",\"itemListElement\":[{\"@type\":\"ListItem\",\"position\":1,\"name\":\"Product\",\"item\":\"https:\/\/newskyvn.com\/en\/san-pham\/\"},{\"@type\":\"ListItem\",\"position\":2,\"name\":\"AN1068\"}]}]}<\/script>\n<!-- \/ Yoast SEO plugin. -->","_links":{"self":[{"href":"https:\/\/newskyvn.com\/en\/wp-json\/wp\/v2\/product\/1267"}],"collection":[{"href":"https:\/\/newskyvn.com\/en\/wp-json\/wp\/v2\/product"}],"about":[{"href":"https:\/\/newskyvn.com\/en\/wp-json\/wp\/v2\/types\/product"}],"replies":[{"embeddable":true,"href":"https:\/\/newskyvn.com\/en\/wp-json\/wp\/v2\/comments?post=1267"}],"wp:featuredmedia":[{"embeddable":true,"href":"https:\/\/newskyvn.com\/en\/wp-json\/wp\/v2\/media\/1269"}],"wp:attachment":[{"href":"https:\/\/newskyvn.com\/en\/wp-json\/wp\/v2\/media?parent=1267"}],"wp:term":[{"taxonomy":"product_cat","embeddable":true,"href":"https:\/\/newskyvn.com\/en\/wp-json\/wp\/v2\/product_cat?post=1267"},{"taxonomy":"product_tag","embeddable":true,"href":"https:\/\/newskyvn.com\/en\/wp-json\/wp\/v2\/product_tag?post=1267"}],"curies":[{"name":"wp","href":"https:\/\/api.w.org\/{rel}","templated":true}]}}