{"id":1264,"date":"2021-09-17T08:11:18","date_gmt":"2021-09-17T08:11:18","guid":{"rendered":"https:\/\/newskyvn.com\/?post_type=product&#038;p=1264"},"modified":"2021-09-17T08:13:16","modified_gmt":"2021-09-17T08:13:16","slug":"ge1029","status":"publish","type":"product","link":"https:\/\/newskyvn.com\/en\/product\/ge1029\/","title":{"rendered":"GE1029"},"content":{"rendered":"<p><\/p>\n<table>\n<tbody>\n<tr>\n<td colspan=\"2\" width=\"661\">&nbsp;<\/p>\n<p><strong><span style=\"color: #0000ff;\">TECHNICAL DATA GE1029 \u00a0 \u00a0 \u00a0\u00a0<\/span><\/strong><\/td>\n<\/tr>\n<tr>\n<td width=\"329\">Strain gauge type<\/td>\n<td width=\"331\">Foil (GF = 2.0)<\/td>\n<\/tr>\n<tr>\n<td width=\"329\">Bridge resistance<\/td>\n<td width=\"331\">350\u2126<\/td>\n<\/tr>\n<tr>\n<td width=\"329\">Measuring range<\/td>\n<td width=\"331\">\u00b1 1000 \u03bc\u03b5<\/td>\n<\/tr>\n<tr>\n<td width=\"329\">Sensitivity tolerance<\/td>\n<td width=\"331\">\u00b1 0.2%<\/td>\n<\/tr>\n<tr>\n<td width=\"329\">Transverse sensitivity<\/td>\n<td width=\"331\">0.9 \u00b1 0.2 %<\/td>\n<\/tr>\n<tr>\n<td width=\"329\">Accuracy<\/td>\n<td width=\"331\">&lt;\u00b1 0,5% FS<\/td>\n<\/tr>\n<tr>\n<td width=\"329\">Linearity<\/td>\n<td width=\"331\">&lt;\u00b1 0,5% FS<\/td>\n<\/tr>\n<tr>\n<td width=\"329\">Hysteresis<\/td>\n<td width=\"331\">&lt;\u00b1 0,2% FS<\/td>\n<\/tr>\n<tr>\n<td width=\"329\">Repeatability<\/td>\n<td width=\"331\">&lt; 0,1% FS<\/td>\n<\/tr>\n<tr>\n<td width=\"329\">Supply voltage<\/td>\n<td width=\"331\">5VDC (max. 8VDC)<\/td>\n<\/tr>\n<tr>\n<td width=\"329\">Supply current<\/td>\n<td width=\"331\">&lt; 15mA<\/td>\n<\/tr>\n<tr>\n<td width=\"329\">Operating temperature range<\/td>\n<td width=\"331\">-20&#8230;+70\u00b0C<\/td>\n<\/tr>\n<tr>\n<td width=\"329\">Storage temperature range<\/td>\n<td width=\"331\">-20&#8230;+70\u00b0C<\/td>\n<\/tr>\n<tr>\n<td width=\"329\">Overload capabilitiy<\/td>\n<td width=\"331\">indefinite (offset occurs)<\/td>\n<\/tr>\n<tr>\n<td width=\"329\">Protection class<\/td>\n<td width=\"331\">IP64<\/td>\n<\/tr>\n<tr>\n<td width=\"329\">Case material<\/td>\n<td width=\"331\">Anodised aluminium<\/td>\n<\/tr>\n<tr>\n<td width=\"329\">Weight, including cable<\/td>\n<td width=\"331\">200g<\/td>\n<\/tr>\n<\/tbody>\n<\/table>\n<p>&nbsp;<\/p>\n<p>&nbsp;<\/p>\n<p>&nbsp;<\/p>\n<table>\n<tbody>\n<tr>\n<td colspan=\"2\" width=\"380\"><strong>Installation requirements<\/strong><\/td>\n<\/tr>\n<tr>\n<td width=\"266\">Press-on torque (M4 screws)<\/td>\n<td width=\"114\"><strong>2.0 Nm<\/strong><\/td>\n<\/tr>\n<tr>\n<td width=\"266\">Surface installation spot<\/td>\n<td width=\"114\"><strong>N7<\/strong><\/td>\n<\/tr>\n<\/tbody>\n<\/table>\n<p><\/p>","protected":false},"excerpt":{"rendered":"<ul>\n<li><em>Direct measurement of surface strain<\/em><\/li>\n<li><em>Quick and easy non-destructive assembly<\/em><\/li>\n<li><em>High accuracy and linearity in tension and pressure (like bonded strain gauges)<\/em><\/li>\n<li><em>Ideal for use on presses, injection-moulding and die-casting machines<\/em><\/li>\n<li><em>One system for many different tie bar diameters (25\u2026400mm)<\/em><\/li>\n<li><em>Dynamic applications<\/em><\/li>\n<li><em>Without amplifier (passive)<\/em><\/li>\n<li><em>Ideal for online monitoring of clamping force<\/em><\/li>\n<li><em>Ideal for self-made load cells<\/em><\/li>\n<\/ul>\n","protected":false},"featured_media":1266,"comment_status":"open","ping_status":"closed","template":"","meta":[],"product_cat":[119,126],"product_tag":[],"yoast_head":"<!-- This site is optimized with the Yoast SEO plugin v16.6.1 - https:\/\/yoast.com\/wordpress\/plugins\/seo\/ -->\n<title>GE1029 - NEW SKY CO.,LTD<\/title>\n<meta name=\"robots\" content=\"index, follow, max-snippet:-1, max-image-preview:large, max-video-preview:-1\" \/>\n<link rel=\"canonical\" href=\"https:\/\/newskyvn.com\/product\/ge1029\/\" \/>\n<meta property=\"og:locale\" content=\"en_US\" \/>\n<meta property=\"og:type\" content=\"article\" \/>\n<meta property=\"og:title\" content=\"GE1029 - NEW SKY CO.,LTD\" \/>\n<meta property=\"og:description\" content=\"[:vi]\u2022 \u0110o tr\u1ef1c ti\u1ebfp bi\u1ebfn d\u1ea1ng b\u1ec1 m\u1eb7t \u2022 L\u1eafp r\u00e1p nhanh ch\u00f3ng v\u00e0 d\u1ec5 d\u00e0ng kh\u00f4ng ph\u00e1 h\u1ee7y \u2022 \u0110\u1ed9 ch\u00ednh x\u00e1c v\u00e0 tuy\u1ebfn t\u00ednh cao v\u1ec1 l\u1ef1c c\u0103ng v\u00e0 \u00e1p su\u1ea5t (nh\u01b0 \u0111\u1ed3ng h\u1ed3 \u0111o bi\u1ebfn d\u1ea1ng ngo\u1ea1i quan) \u2022 L\u00fd t\u01b0\u1edfng \u0111\u1ec3 s\u1eed d\u1ee5ng tr\u00ean m\u00e1y \u00e9p, m\u00e1y \u00e9p phun v\u00e0 m\u00e1y \u0111\u00fac khu\u00f4n \u2022 M\u1ed9t h\u1ec7 th\u1ed1ng cho nhi\u1ec1u \u0111\u01b0\u1eddng k\u00ednh thanh gi\u1eb1ng kh\u00e1c nhau (25\u2026 400mm) \u2022 \u1ee8ng d\u1ee5ng \u0111\u1ed9ng \u2022 Kh\u00f4ng c\u00f3 b\u1ed9 khu\u1ebfch \u0111\u1ea1i (th\u1ee5 \u0111\u1ed9ng) \u2022 L\u00fd t\u01b0\u1edfng \u0111\u1ec3 gi\u00e1m s\u00e1t tr\u1ef1c tuy\u1ebfn l\u1ef1c k\u1eb9p \u2022 L\u00fd t\u01b0\u1edfng cho c\u00e1c c\u1ea3m bi\u1ebfn l\u1ef1c t\u1ef1 t\u1ea1o[:en]  Direct measurement of surface strain  Quick and easy non-destructive assembly  High accuracy and linearity in tension and pressure (like bonded strain gauges)  Ideal for use on presses, injection-moulding and die-casting machines  One system for many different tie bar diameters (25\u2026400mm)  Dynamic applications  Without amplifier (passive)  Ideal for online monitoring of clamping force  Ideal for self-made load cells [:]\" \/>\n<meta property=\"og:url\" content=\"https:\/\/newskyvn.com\/product\/ge1029\/\" \/>\n<meta property=\"og:site_name\" content=\"NEW SKY CO.,LTD\" \/>\n<meta property=\"article:modified_time\" content=\"2021-09-17T08:13:16+00:00\" \/>\n<meta property=\"og:image\" content=\"https:\/\/newskyvn.com\/wp-content\/uploads\/2021\/09\/show_Sensori_di_deformazione_e_carico_.jpg\" \/>\n\t<meta property=\"og:image:width\" content=\"500\" \/>\n\t<meta property=\"og:image:height\" content=\"500\" \/>\n<meta name=\"twitter:card\" content=\"summary_large_image\" \/>\n<meta name=\"twitter:label1\" content=\"Est. reading time\" \/>\n\t<meta name=\"twitter:data1\" content=\"1 minute\" \/>\n<script type=\"application\/ld+json\" class=\"yoast-schema-graph\">{\"@context\":\"https:\/\/schema.org\",\"@graph\":[{\"@type\":\"WebSite\",\"@id\":\"https:\/\/newskyvn.com\/#website\",\"url\":\"https:\/\/newskyvn.com\/\",\"name\":\"NEW SKY CO.,LTD\",\"description\":\"C\\u00f4ng Ty TNHH S\\u1ea3n Xu\\u1ea5t Th\\u01b0\\u01a1ng M\\u1ea1i D\\u1ecbch V\\u1ee5 T\\u00e2n Thi\\u00ean\",\"potentialAction\":[{\"@type\":\"SearchAction\",\"target\":{\"@type\":\"EntryPoint\",\"urlTemplate\":\"https:\/\/newskyvn.com\/?s={search_term_string}\"},\"query-input\":\"required name=search_term_string\"}],\"inLanguage\":\"en-US\"},{\"@type\":\"ImageObject\",\"@id\":\"https:\/\/newskyvn.com\/product\/ge1029\/#primaryimage\",\"inLanguage\":\"en-US\",\"url\":\"https:\/\/newskyvn.com\/wp-content\/uploads\/2021\/09\/show_Sensori_di_deformazione_e_carico_.jpg\",\"contentUrl\":\"https:\/\/newskyvn.com\/wp-content\/uploads\/2021\/09\/show_Sensori_di_deformazione_e_carico_.jpg\",\"width\":500,\"height\":500},{\"@type\":\"WebPage\",\"@id\":\"https:\/\/newskyvn.com\/product\/ge1029\/#webpage\",\"url\":\"https:\/\/newskyvn.com\/product\/ge1029\/\",\"name\":\"GE1029 - NEW SKY CO.,LTD\",\"isPartOf\":{\"@id\":\"https:\/\/newskyvn.com\/#website\"},\"primaryImageOfPage\":{\"@id\":\"https:\/\/newskyvn.com\/product\/ge1029\/#primaryimage\"},\"datePublished\":\"2021-09-17T08:11:18+00:00\",\"dateModified\":\"2021-09-17T08:13:16+00:00\",\"breadcrumb\":{\"@id\":\"https:\/\/newskyvn.com\/product\/ge1029\/#breadcrumb\"},\"inLanguage\":\"en-US\",\"potentialAction\":[{\"@type\":\"ReadAction\",\"target\":[\"https:\/\/newskyvn.com\/product\/ge1029\/\"]}]},{\"@type\":\"BreadcrumbList\",\"@id\":\"https:\/\/newskyvn.com\/product\/ge1029\/#breadcrumb\",\"itemListElement\":[{\"@type\":\"ListItem\",\"position\":1,\"name\":\"Product\",\"item\":\"https:\/\/newskyvn.com\/en\/san-pham\/\"},{\"@type\":\"ListItem\",\"position\":2,\"name\":\"GE1029\"}]}]}<\/script>\n<!-- \/ Yoast SEO plugin. -->","_links":{"self":[{"href":"https:\/\/newskyvn.com\/en\/wp-json\/wp\/v2\/product\/1264"}],"collection":[{"href":"https:\/\/newskyvn.com\/en\/wp-json\/wp\/v2\/product"}],"about":[{"href":"https:\/\/newskyvn.com\/en\/wp-json\/wp\/v2\/types\/product"}],"replies":[{"embeddable":true,"href":"https:\/\/newskyvn.com\/en\/wp-json\/wp\/v2\/comments?post=1264"}],"wp:featuredmedia":[{"embeddable":true,"href":"https:\/\/newskyvn.com\/en\/wp-json\/wp\/v2\/media\/1266"}],"wp:attachment":[{"href":"https:\/\/newskyvn.com\/en\/wp-json\/wp\/v2\/media?parent=1264"}],"wp:term":[{"taxonomy":"product_cat","embeddable":true,"href":"https:\/\/newskyvn.com\/en\/wp-json\/wp\/v2\/product_cat?post=1264"},{"taxonomy":"product_tag","embeddable":true,"href":"https:\/\/newskyvn.com\/en\/wp-json\/wp\/v2\/product_tag?post=1264"}],"curies":[{"name":"wp","href":"https:\/\/api.w.org\/{rel}","templated":true}]}}