{"id":1259,"date":"2021-09-17T07:55:42","date_gmt":"2021-09-17T07:55:42","guid":{"rendered":"https:\/\/newskyvn.com\/?post_type=product&#038;p=1259"},"modified":"2021-09-17T07:55:42","modified_gmt":"2021-09-17T07:55:42","slug":"ml1018","status":"publish","type":"product","link":"https:\/\/newskyvn.com\/en\/product\/ml1018\/","title":{"rendered":"ML1018"},"content":{"rendered":"<p>&nbsp;<\/p>\n<p><strong><span style=\"color: #0000ff;\">TECHNICAL DATA ML1018 \u00a0<\/span><\/strong><\/p>\n<p><strong>\u00a0<\/strong><\/p>\n<table>\n<tbody>\n<tr>\n<td width=\"329\">Strain gauge type<\/td>\n<td width=\"331\">Foil (GF = 2.0)<\/td>\n<\/tr>\n<tr>\n<td width=\"329\">Bridge resistance<\/td>\n<td width=\"331\">350\u03a9<\/td>\n<\/tr>\n<tr>\n<td width=\"329\">Measuring range<\/td>\n<td width=\"331\">\u00b11000\u03bc\u03b5<\/td>\n<\/tr>\n<tr>\n<td width=\"329\">Span adjustment<\/td>\n<td width=\"331\">\u00b1200% FS<\/td>\n<\/tr>\n<tr>\n<td width=\"329\">Zero adjustment<\/td>\n<td width=\"331\">\u00b1500% FS<\/td>\n<\/tr>\n<tr>\n<td width=\"329\">Sampling rate<\/td>\n<td width=\"331\">8kHz<\/td>\n<\/tr>\n<tr>\n<td width=\"329\">Output rate<\/td>\n<td width=\"331\">8kHz<\/td>\n<\/tr>\n<tr>\n<td width=\"329\">Low-pass filter<\/td>\n<td width=\"331\">1kHz<\/td>\n<\/tr>\n<tr>\n<td width=\"329\">Output signal<\/td>\n<td width=\"331\">0&#8230;\u00b110VDC<\/td>\n<\/tr>\n<tr>\n<td width=\"329\">Noise<\/td>\n<td width=\"331\">&lt; 10mV<\/td>\n<\/tr>\n<tr>\n<td width=\"329\">Sensitivity tolerance<\/td>\n<td width=\"331\">\u00b1 1%<\/td>\n<\/tr>\n<tr>\n<td width=\"329\">Accuracy<\/td>\n<td width=\"331\">&lt; \u00b1 0.5% FS<\/td>\n<\/tr>\n<tr>\n<td width=\"329\">Accuracy of zero point<\/td>\n<td width=\"331\">&lt; \u00b1 0.1% FS<\/td>\n<\/tr>\n<tr>\n<td width=\"329\">Linearity<\/td>\n<td width=\"331\">&lt; \u00b1 0.5% FS<\/td>\n<\/tr>\n<tr>\n<td width=\"329\">Hysteresis<\/td>\n<td width=\"331\">&lt; \u00b1 0.3% FS<\/td>\n<\/tr>\n<tr>\n<td width=\"329\">Repeatability<\/td>\n<td width=\"331\">&lt; 1% (max 2%)<\/td>\n<\/tr>\n<tr>\n<td width=\"329\">Output resistance<\/td>\n<td width=\"331\">0\u03a9<\/td>\n<\/tr>\n<tr>\n<td width=\"329\">Reset time<\/td>\n<td width=\"331\">&gt; 25ms<\/td>\n<\/tr>\n<tr>\n<td width=\"329\">Reset voltage<\/td>\n<td width=\"331\">15&#8230;28VDC<\/td>\n<\/tr>\n<tr>\n<td width=\"329\">Supply voltage<\/td>\n<td width=\"331\">20&#8230;28VDC<\/td>\n<\/tr>\n<tr>\n<td width=\"329\">Supply current<\/td>\n<td width=\"331\">&lt; 60mA<\/td>\n<\/tr>\n<tr>\n<td width=\"329\">Inverse polarity protection<\/td>\n<td width=\"331\">Yes<\/td>\n<\/tr>\n<tr>\n<td width=\"329\">Accidental short-circuit protection<\/td>\n<td width=\"331\">Yes<\/td>\n<\/tr>\n<tr>\n<td width=\"329\">Operating temperatur range<\/td>\n<td width=\"331\">-10&#8230;65\u00b0C<\/td>\n<\/tr>\n<tr>\n<td width=\"329\">Storage temperatur range<\/td>\n<td width=\"331\">-10&#8230;65\u00b0C<\/td>\n<\/tr>\n<tr>\n<td width=\"329\">Temperature coefficient at 10\u00b0C<\/td>\n<td width=\"331\">&lt; 0.1 (0.05 typical)<\/td>\n<\/tr>\n<tr>\n<td width=\"329\">Overload capability<\/td>\n<td width=\"331\">indefinite (offset occurs)<\/td>\n<\/tr>\n<tr>\n<td width=\"329\">Protection class<\/td>\n<td width=\"331\">IP52<\/td>\n<\/tr>\n<tr>\n<td width=\"329\">EMC<\/td>\n<td width=\"331\">2014\/30\/EU<\/td>\n<\/tr>\n<tr>\n<td width=\"329\">Case material<\/td>\n<td width=\"331\">Aluminium \/ Steel<\/td>\n<\/tr>\n<tr>\n<td width=\"329\">Cover material<\/td>\n<td width=\"331\">Aluminium \/ Steel<\/td>\n<\/tr>\n<\/tbody>\n<\/table>\n<p><\/p>","protected":false},"excerpt":{"rendered":"<ul>\n<li><em>Measure strain in deep holes<\/em><\/li>\n<li><em>With calibrated digital amplifier<\/em><\/li>\n<li><em>Quick and easy mounting with torque-wrench<\/em><\/li>\n<li><em>High linearity on tension and compression<\/em><\/li>\n<li><em>For dynamic applications<\/em><\/li>\n<li><em>Used in injection moulding and die-casting machines or any cylinder<\/em><\/li>\n<li><em>Very high accuracy (like bonded strain gauges)<\/em><\/li>\n<li><em>Protected against overload<\/em><\/li>\n<\/ul>\n","protected":false},"featured_media":1260,"comment_status":"open","ping_status":"closed","template":"","meta":[],"product_cat":[119,126],"product_tag":[],"yoast_head":"<!-- This site is optimized with the Yoast SEO plugin v16.6.1 - https:\/\/yoast.com\/wordpress\/plugins\/seo\/ -->\n<title>ML1018 - NEW SKY CO.,LTD<\/title>\n<meta name=\"robots\" content=\"index, follow, max-snippet:-1, max-image-preview:large, max-video-preview:-1\" \/>\n<link rel=\"canonical\" href=\"https:\/\/newskyvn.com\/product\/ml1018\/\" \/>\n<meta property=\"og:locale\" content=\"en_US\" \/>\n<meta property=\"og:type\" content=\"article\" \/>\n<meta property=\"og:title\" content=\"ML1018 - NEW SKY CO.,LTD\" \/>\n<meta property=\"og:description\" content=\"[:vi]\u2022 \u0110o bi\u1ebfn d\u1ea1ng trong c\u00e1c l\u1ed7 s\u00e2u \u2022 V\u1edbi b\u1ed9 khu\u1ebfch \u0111\u1ea1i k\u1ef9 thu\u1eadt s\u1ed1 \u0111\u00e3 hi\u1ec7u ch\u1ec9nh \u2022 G\u1eafn nhanh ch\u00f3ng v\u00e0 d\u1ec5 d\u00e0ng v\u1edbi c\u1edd l\u00ea m\u00f4-men xo\u1eafn \u2022 \u0110\u1ed9 tuy\u1ebfn t\u00ednh cao v\u1ec1 \u0111\u1ed9 c\u0103ng v\u00e0 \u0111\u1ed9 n\u00e9n \u2022 \u0110\u1ed1i v\u1edbi c\u00e1c \u1ee9ng d\u1ee5ng \u0111\u1ed9ng \u2022 \u0110\u01b0\u1ee3c s\u1eed d\u1ee5ng trong m\u00e1y \u00e9p phun v\u00e0 \u0111\u00fac khu\u00f4n ho\u1eb7c b\u1ea5t k\u1ef3 xi lanh n\u00e0o \u2022 \u0110\u1ed9 ch\u00ednh x\u00e1c r\u1ea5t cao (nh\u01b0 m\u00e1y \u0111o bi\u1ebfn d\u1ea1ng ngo\u1ea1i quan) \u2022 \u0110\u01b0\u1ee3c b\u1ea3o v\u1ec7 ch\u1ed1ng qu\u00e1 t\u1ea3i[:en]  Measure strain in deep holes  With calibrated digital amplifier  Quick and easy mounting with torque-wrench  High linearity on tension and compression  For dynamic applications  Used in injection moulding and die-casting machines or any cylinder  Very high accuracy (like bonded strain gauges)  Protected against overload [:]\" \/>\n<meta property=\"og:url\" content=\"https:\/\/newskyvn.com\/product\/ml1018\/\" \/>\n<meta property=\"og:site_name\" content=\"NEW SKY CO.,LTD\" \/>\n<meta property=\"og:image\" content=\"https:\/\/newskyvn.com\/wp-content\/uploads\/2021\/09\/show_ml1018.jpg\" \/>\n\t<meta property=\"og:image:width\" content=\"500\" \/>\n\t<meta property=\"og:image:height\" content=\"500\" \/>\n<meta name=\"twitter:card\" content=\"summary_large_image\" \/>\n<meta name=\"twitter:label1\" content=\"Est. reading time\" \/>\n\t<meta name=\"twitter:data1\" content=\"1 minute\" \/>\n<script type=\"application\/ld+json\" class=\"yoast-schema-graph\">{\"@context\":\"https:\/\/schema.org\",\"@graph\":[{\"@type\":\"WebSite\",\"@id\":\"https:\/\/newskyvn.com\/#website\",\"url\":\"https:\/\/newskyvn.com\/\",\"name\":\"NEW SKY CO.,LTD\",\"description\":\"C\\u00f4ng Ty TNHH S\\u1ea3n Xu\\u1ea5t Th\\u01b0\\u01a1ng M\\u1ea1i D\\u1ecbch V\\u1ee5 T\\u00e2n Thi\\u00ean\",\"potentialAction\":[{\"@type\":\"SearchAction\",\"target\":{\"@type\":\"EntryPoint\",\"urlTemplate\":\"https:\/\/newskyvn.com\/?s={search_term_string}\"},\"query-input\":\"required name=search_term_string\"}],\"inLanguage\":\"en-US\"},{\"@type\":\"ImageObject\",\"@id\":\"https:\/\/newskyvn.com\/product\/ml1018\/#primaryimage\",\"inLanguage\":\"en-US\",\"url\":\"https:\/\/newskyvn.com\/wp-content\/uploads\/2021\/09\/show_ml1018.jpg\",\"contentUrl\":\"https:\/\/newskyvn.com\/wp-content\/uploads\/2021\/09\/show_ml1018.jpg\",\"width\":500,\"height\":500},{\"@type\":\"WebPage\",\"@id\":\"https:\/\/newskyvn.com\/product\/ml1018\/#webpage\",\"url\":\"https:\/\/newskyvn.com\/product\/ml1018\/\",\"name\":\"ML1018 - NEW SKY CO.,LTD\",\"isPartOf\":{\"@id\":\"https:\/\/newskyvn.com\/#website\"},\"primaryImageOfPage\":{\"@id\":\"https:\/\/newskyvn.com\/product\/ml1018\/#primaryimage\"},\"datePublished\":\"2021-09-17T07:55:42+00:00\",\"dateModified\":\"2021-09-17T07:55:42+00:00\",\"breadcrumb\":{\"@id\":\"https:\/\/newskyvn.com\/product\/ml1018\/#breadcrumb\"},\"inLanguage\":\"en-US\",\"potentialAction\":[{\"@type\":\"ReadAction\",\"target\":[\"https:\/\/newskyvn.com\/product\/ml1018\/\"]}]},{\"@type\":\"BreadcrumbList\",\"@id\":\"https:\/\/newskyvn.com\/product\/ml1018\/#breadcrumb\",\"itemListElement\":[{\"@type\":\"ListItem\",\"position\":1,\"name\":\"Product\",\"item\":\"https:\/\/newskyvn.com\/en\/san-pham\/\"},{\"@type\":\"ListItem\",\"position\":2,\"name\":\"ML1018\"}]}]}<\/script>\n<!-- \/ Yoast SEO plugin. -->","_links":{"self":[{"href":"https:\/\/newskyvn.com\/en\/wp-json\/wp\/v2\/product\/1259"}],"collection":[{"href":"https:\/\/newskyvn.com\/en\/wp-json\/wp\/v2\/product"}],"about":[{"href":"https:\/\/newskyvn.com\/en\/wp-json\/wp\/v2\/types\/product"}],"replies":[{"embeddable":true,"href":"https:\/\/newskyvn.com\/en\/wp-json\/wp\/v2\/comments?post=1259"}],"wp:featuredmedia":[{"embeddable":true,"href":"https:\/\/newskyvn.com\/en\/wp-json\/wp\/v2\/media\/1260"}],"wp:attachment":[{"href":"https:\/\/newskyvn.com\/en\/wp-json\/wp\/v2\/media?parent=1259"}],"wp:term":[{"taxonomy":"product_cat","embeddable":true,"href":"https:\/\/newskyvn.com\/en\/wp-json\/wp\/v2\/product_cat?post=1259"},{"taxonomy":"product_tag","embeddable":true,"href":"https:\/\/newskyvn.com\/en\/wp-json\/wp\/v2\/product_tag?post=1259"}],"curies":[{"name":"wp","href":"https:\/\/api.w.org\/{rel}","templated":true}]}}