{"id":1255,"date":"2021-09-17T07:40:46","date_gmt":"2021-09-17T07:40:46","guid":{"rendered":"https:\/\/newskyvn.com\/?post_type=product&#038;p=1255"},"modified":"2021-09-17T07:48:17","modified_gmt":"2021-09-17T07:48:17","slug":"sb76-vda","status":"publish","type":"product","link":"https:\/\/newskyvn.com\/en\/product\/sb76-vda\/","title":{"rendered":"SB76-VDA"},"content":{"rendered":"<p>&nbsp;<\/p>\n<p><strong><span style=\"color: #0000ff;\">TECHNICAL DATA OF SB76-VDA \u00a0 \u00a0 <\/span><\/strong><\/p>\n<p><strong>\u00a0<\/strong><\/p>\n<table>\n<tbody>\n<tr>\n<td width=\"329\">Output signal<\/td>\n<td width=\"166\">VOLTAGE<\/td>\n<td width=\"166\">CURRENT<\/td>\n<\/tr>\n<tr>\n<td width=\"329\">Strain gauge type<\/td>\n<td colspan=\"2\" width=\"331\">Foil strain gage (GF=2.00)<\/td>\n<\/tr>\n<tr>\n<td width=\"329\">Linearity<\/td>\n<td colspan=\"2\" width=\"331\">&lt; \u00b1 0.3% FS<\/td>\n<\/tr>\n<tr>\n<td width=\"329\">Hysteresis<\/td>\n<td colspan=\"2\" width=\"331\">&lt; \u00b1 0.5% FS<\/td>\n<\/tr>\n<tr>\n<td width=\"329\">Repeatability<\/td>\n<td colspan=\"2\" width=\"331\">&lt; \u00b1 0.2% FS<\/td>\n<\/tr>\n<tr>\n<td width=\"329\">Zero accuracy<\/td>\n<td colspan=\"2\" width=\"331\">&lt; \u00b1 0.1% FS<\/td>\n<\/tr>\n<tr>\n<td width=\"329\">FS accuracy<\/td>\n<td colspan=\"2\" width=\"331\">&lt; \u00b1 0.2% FS<\/td>\n<\/tr>\n<tr>\n<td width=\"329\">Accuracy at room temperature (1)<\/td>\n<td colspan=\"2\" width=\"331\">&lt; \u00b1 0.5% FS<\/td>\n<\/tr>\n<tr>\n<td width=\"329\">Bridge resistance<\/td>\n<td colspan=\"2\" width=\"331\">350 \u03a9<\/td>\n<\/tr>\n<tr>\n<td width=\"329\">Measuring range<\/td>\n<td colspan=\"2\" width=\"331\">\u00b1100&#8230;\u00b11000 \u03bc\u03b5<\/td>\n<\/tr>\n<tr>\n<td width=\"329\">Output resolution<\/td>\n<td colspan=\"2\" width=\"331\">16-Bit<\/td>\n<\/tr>\n<tr>\n<td width=\"329\">Sampling rate<\/td>\n<td colspan=\"2\" width=\"331\">5 kHz<\/td>\n<\/tr>\n<tr>\n<td width=\"329\">Low-pass filter<\/td>\n<td colspan=\"2\" width=\"331\">1 kHz<\/td>\n<\/tr>\n<tr>\n<td width=\"329\">Case material<\/td>\n<td colspan=\"2\" width=\"331\">Aluminum<\/td>\n<\/tr>\n<tr>\n<td width=\"329\">Cover<\/td>\n<td colspan=\"2\" width=\"331\">Aluminum<\/td>\n<\/tr>\n<tr>\n<td width=\"329\">Reset time<\/td>\n<td colspan=\"2\" width=\"331\">&gt; 25 ms<\/td>\n<\/tr>\n<tr>\n<td width=\"329\">Reset voltage<\/td>\n<td colspan=\"2\" width=\"331\">12\u202636 VDC<\/td>\n<\/tr>\n<tr>\n<td width=\"329\">Supply voltage<\/td>\n<td colspan=\"2\" width=\"331\">12\u202636VDC<\/td>\n<\/tr>\n<tr>\n<td width=\"329\">Power consumption<\/td>\n<td width=\"166\">0.5W<\/td>\n<td width=\"166\">1W<\/td>\n<\/tr>\n<tr>\n<td width=\"329\">Zero output signal<\/td>\n<td width=\"166\">0 V (N)<\/td>\n<td width=\"166\">4 mA (E)<\/td>\n<\/tr>\n<tr>\n<td rowspan=\"2\" width=\"329\"><strong>\u00a0<\/strong><\/p>\n<p>Full scale output signal<\/td>\n<td width=\"166\">+ 10 V (N) stretching<\/td>\n<td width=\"166\">20 mA (E) stretching<\/td>\n<\/tr>\n<tr>\n<td width=\"166\">&#8211; 10 V (N) compression<\/td>\n<td width=\"166\">&#8211;<\/td>\n<\/tr>\n<tr>\n<td width=\"329\">Allowed load<\/td>\n<td width=\"166\">\u2265 5 k\u2126<\/td>\n<td width=\"166\">0..500 \u2126<\/td>\n<\/tr>\n<tr>\n<td width=\"329\">Operating temperature range<\/td>\n<td colspan=\"2\" width=\"331\">-5\u00b0C\u2026+80\u00b0C<\/td>\n<\/tr>\n<tr>\n<td width=\"329\">Storage temperature range<\/td>\n<td colspan=\"2\" width=\"331\">-5\u00b0C\u2026+80\u00b0C<\/td>\n<\/tr>\n<tr>\n<td width=\"329\">Overload capability<\/td>\n<td colspan=\"2\" width=\"331\">indefinite (offset occurs)<\/td>\n<\/tr>\n<tr>\n<td width=\"329\">Weight, without cable<\/td>\n<td colspan=\"2\" width=\"331\">~ 90 g<\/td>\n<\/tr>\n<tr>\n<td width=\"329\">Protection class<\/td>\n<td colspan=\"2\" width=\"331\">IP67<\/td>\n<\/tr>\n<tr>\n<td width=\"329\">Output short circuit protection<\/td>\n<td colspan=\"2\" width=\"331\">Yes<\/td>\n<\/tr>\n<tr>\n<td width=\"329\">Reverse polarity protection<\/td>\n<td colspan=\"2\" width=\"331\">Yes<\/td>\n<\/tr>\n<tr>\n<td width=\"329\">Dielectric strenght (2)<\/td>\n<td colspan=\"2\" width=\"331\">250V<\/td>\n<\/tr>\n<tr>\n<td width=\"329\">EC Conformity<\/td>\n<td colspan=\"2\" width=\"331\">According to Directive 2014\/30\/EU<\/td>\n<\/tr>\n<tr>\n<td width=\"329\"><\/td>\n<td colspan=\"2\" width=\"331\"><\/td>\n<\/tr>\n<tr>\n<td colspan=\"3\" width=\"661\">(1) incl. Non-linearity, Hysteresis, Repeatability, Zero-offset and Span-offset<\/td>\n<\/tr>\n<tr>\n<td colspan=\"3\" width=\"661\">(2) Uses 50V 2J Voltage suppressor<\/td>\n<\/tr>\n<\/tbody>\n<\/table>\n<p><\/p>","protected":false},"excerpt":{"rendered":"<p><strong>Press-on sensor with digital amplifier<\/strong><\/p>\n<ul>\n<li><em>Direct measurement of surface strain<\/em><\/li>\n<li><em>With high grade variable digital amplifier<\/em><\/li>\n<li><em>Amplifies the signal on the spot, avoiding EMC problems<\/em><\/li>\n<li><em>High accuracy and linearity in tension and pressure (like bonded strain gauges)<\/em><\/li>\n<li><em>For dynamic applications<\/em><\/li>\n<li><em>Used on presses, injection moulding and die-casting machines<\/em><\/li>\n<li><em>Quick and easy mounting<\/em><\/li>\n<li><em>Protected against overload<\/em><\/li>\n<\/ul>\n","protected":false},"featured_media":1257,"comment_status":"open","ping_status":"closed","template":"","meta":[],"product_cat":[119,126],"product_tag":[],"yoast_head":"<!-- This site is optimized with the Yoast SEO plugin v16.6.1 - https:\/\/yoast.com\/wordpress\/plugins\/seo\/ -->\n<title>SB76-VDA - NEW SKY CO.,LTD<\/title>\n<meta name=\"robots\" content=\"index, follow, max-snippet:-1, max-image-preview:large, max-video-preview:-1\" \/>\n<link rel=\"canonical\" href=\"https:\/\/newskyvn.com\/product\/sb76-vda\/\" \/>\n<meta property=\"og:locale\" content=\"en_US\" \/>\n<meta property=\"og:type\" content=\"article\" \/>\n<meta property=\"og:title\" content=\"SB76-VDA - NEW SKY CO.,LTD\" \/>\n<meta property=\"og:description\" content=\"[:vi]C\u1ea3m bi\u1ebfn c\u00f3 n\u00fat nh\u1ea5n On v\u1edbi b\u1ed9 khu\u1ebfch \u0111\u1ea1i k\u1ef9 thu\u1eadt s\u1ed1  \u2022 \u0110o tr\u1ef1c ti\u1ebfp bi\u1ebfn d\u1ea1ng b\u1ec1 m\u1eb7t \u2022 V\u1edbi b\u1ed9 khu\u1ebfch \u0111\u1ea1i k\u1ef9 thu\u1eadt s\u1ed1 bi\u1ebfn thi\u00ean cao c\u1ea5p \u2022 Khu\u1ebfch \u0111\u1ea1i t\u00edn hi\u1ec7u t\u1ea1i ch\u1ed7, tr\u00e1nh c\u00e1c v\u1ea5n \u0111\u1ec1 v\u1ec1 EMC \u2022 \u0110\u1ed9 ch\u00ednh x\u00e1c v\u00e0 tuy\u1ebfn t\u00ednh cao v\u1ec1 l\u1ef1c c\u0103ng v\u00e0 \u00e1p su\u1ea5t (nh\u01b0 \u0111\u1ed3ng h\u1ed3 \u0111o bi\u1ebfn d\u1ea1ng ngo\u1ea1i quan) \u2022 \u0110\u1ed1i v\u1edbi c\u00e1c \u1ee9ng d\u1ee5ng \u0111\u1ed9ng \u2022 \u0110\u01b0\u1ee3c s\u1eed d\u1ee5ng tr\u00ean m\u00e1y \u00e9p, m\u00e1y \u00e9p phun v\u00e0 m\u00e1y \u0111\u00fac khu\u00f4n \u2022 L\u1eafp \u0111\u1eb7t nhanh ch\u00f3ng v\u00e0 d\u1ec5 d\u00e0ng \u2022 \u0110\u01b0\u1ee3c b\u1ea3o v\u1ec7 ch\u1ed1ng qu\u00e1 t\u1ea3i[:en]Press-on sensor with digital amplifier   Direct measurement of surface strain  With high grade variable digital amplifier  Amplifies the signal on the spot, avoiding EMC problems  High accuracy and linearity in tension and pressure (like bonded strain gauges)  For dynamic applications  Used on presses, injection moulding and die-casting machines  Quick and easy mounting  Protected against overload [:]\" \/>\n<meta property=\"og:url\" content=\"https:\/\/newskyvn.com\/product\/sb76-vda\/\" \/>\n<meta property=\"og:site_name\" content=\"NEW SKY CO.,LTD\" \/>\n<meta property=\"article:modified_time\" content=\"2021-09-17T07:48:17+00:00\" \/>\n<meta property=\"og:image\" content=\"https:\/\/newskyvn.com\/wp-content\/uploads\/2021\/09\/show_sb76vda.jpg\" \/>\n\t<meta property=\"og:image:width\" content=\"500\" \/>\n\t<meta property=\"og:image:height\" content=\"500\" \/>\n<meta name=\"twitter:card\" content=\"summary_large_image\" \/>\n<meta name=\"twitter:label1\" content=\"Est. reading time\" \/>\n\t<meta name=\"twitter:data1\" content=\"1 minute\" \/>\n<script type=\"application\/ld+json\" class=\"yoast-schema-graph\">{\"@context\":\"https:\/\/schema.org\",\"@graph\":[{\"@type\":\"WebSite\",\"@id\":\"https:\/\/newskyvn.com\/#website\",\"url\":\"https:\/\/newskyvn.com\/\",\"name\":\"NEW SKY CO.,LTD\",\"description\":\"C\\u00f4ng Ty TNHH S\\u1ea3n Xu\\u1ea5t Th\\u01b0\\u01a1ng M\\u1ea1i D\\u1ecbch V\\u1ee5 T\\u00e2n Thi\\u00ean\",\"potentialAction\":[{\"@type\":\"SearchAction\",\"target\":{\"@type\":\"EntryPoint\",\"urlTemplate\":\"https:\/\/newskyvn.com\/?s={search_term_string}\"},\"query-input\":\"required name=search_term_string\"}],\"inLanguage\":\"en-US\"},{\"@type\":\"ImageObject\",\"@id\":\"https:\/\/newskyvn.com\/product\/sb76-vda\/#primaryimage\",\"inLanguage\":\"en-US\",\"url\":\"https:\/\/newskyvn.com\/wp-content\/uploads\/2021\/09\/show_sb76vda.jpg\",\"contentUrl\":\"https:\/\/newskyvn.com\/wp-content\/uploads\/2021\/09\/show_sb76vda.jpg\",\"width\":500,\"height\":500},{\"@type\":\"WebPage\",\"@id\":\"https:\/\/newskyvn.com\/product\/sb76-vda\/#webpage\",\"url\":\"https:\/\/newskyvn.com\/product\/sb76-vda\/\",\"name\":\"SB76-VDA - NEW SKY CO.,LTD\",\"isPartOf\":{\"@id\":\"https:\/\/newskyvn.com\/#website\"},\"primaryImageOfPage\":{\"@id\":\"https:\/\/newskyvn.com\/product\/sb76-vda\/#primaryimage\"},\"datePublished\":\"2021-09-17T07:40:46+00:00\",\"dateModified\":\"2021-09-17T07:48:17+00:00\",\"breadcrumb\":{\"@id\":\"https:\/\/newskyvn.com\/product\/sb76-vda\/#breadcrumb\"},\"inLanguage\":\"en-US\",\"potentialAction\":[{\"@type\":\"ReadAction\",\"target\":[\"https:\/\/newskyvn.com\/product\/sb76-vda\/\"]}]},{\"@type\":\"BreadcrumbList\",\"@id\":\"https:\/\/newskyvn.com\/product\/sb76-vda\/#breadcrumb\",\"itemListElement\":[{\"@type\":\"ListItem\",\"position\":1,\"name\":\"Product\",\"item\":\"https:\/\/newskyvn.com\/en\/san-pham\/\"},{\"@type\":\"ListItem\",\"position\":2,\"name\":\"SB76-VDA\"}]}]}<\/script>\n<!-- \/ Yoast SEO plugin. -->","_links":{"self":[{"href":"https:\/\/newskyvn.com\/en\/wp-json\/wp\/v2\/product\/1255"}],"collection":[{"href":"https:\/\/newskyvn.com\/en\/wp-json\/wp\/v2\/product"}],"about":[{"href":"https:\/\/newskyvn.com\/en\/wp-json\/wp\/v2\/types\/product"}],"replies":[{"embeddable":true,"href":"https:\/\/newskyvn.com\/en\/wp-json\/wp\/v2\/comments?post=1255"}],"wp:featuredmedia":[{"embeddable":true,"href":"https:\/\/newskyvn.com\/en\/wp-json\/wp\/v2\/media\/1257"}],"wp:attachment":[{"href":"https:\/\/newskyvn.com\/en\/wp-json\/wp\/v2\/media?parent=1255"}],"wp:term":[{"taxonomy":"product_cat","embeddable":true,"href":"https:\/\/newskyvn.com\/en\/wp-json\/wp\/v2\/product_cat?post=1255"},{"taxonomy":"product_tag","embeddable":true,"href":"https:\/\/newskyvn.com\/en\/wp-json\/wp\/v2\/product_tag?post=1255"}],"curies":[{"name":"wp","href":"https:\/\/api.w.org\/{rel}","templated":true}]}}