{"id":1252,"date":"2021-09-17T04:34:55","date_gmt":"2021-09-17T04:34:55","guid":{"rendered":"https:\/\/newskyvn.com\/?post_type=product&#038;p=1252"},"modified":"2021-09-17T04:47:17","modified_gmt":"2021-09-17T04:47:17","slug":"sb46","status":"publish","type":"product","link":"https:\/\/newskyvn.com\/en\/product\/sb46\/","title":{"rendered":"SB46"},"content":{"rendered":"<p>&nbsp;<\/p>\n<p><strong><span style=\"color: #0000ff;\">TECHNICAL DATA OF SB46 <\/span><\/strong><\/p>\n<p><strong>\u00a0<\/strong><\/p>\n<table>\n<tbody>\n<tr>\n<td width=\"329\">Strain gauge type<\/td>\n<td width=\"331\">Foil (GF = 2.0)<\/td>\n<\/tr>\n<tr>\n<td width=\"329\">Bridge resistance<\/td>\n<td width=\"331\">350\u03a9<\/td>\n<\/tr>\n<tr>\n<td width=\"329\">Measuring range<\/td>\n<td width=\"331\">\u00b1100&#8230;\u00b11000\u03bc\u03b5<\/td>\n<\/tr>\n<tr>\n<td width=\"329\">Sensitivity tolerance<\/td>\n<td width=\"331\">\u00b1 0.2%<\/td>\n<\/tr>\n<tr>\n<td width=\"329\">Accuracy<\/td>\n<td width=\"331\">&lt;\u00b1 0,5% FS<\/td>\n<\/tr>\n<tr>\n<td width=\"329\">Linearity<\/td>\n<td width=\"331\">&lt;\u00b1 0,5% FS<\/td>\n<\/tr>\n<tr>\n<td width=\"329\">Hysteresis<\/td>\n<td width=\"331\">&lt;\u00b1 0,2% FS<\/td>\n<\/tr>\n<tr>\n<td width=\"329\">Repeatability<\/td>\n<td width=\"331\">&lt; 0,2% FS<\/td>\n<\/tr>\n<tr>\n<td width=\"329\">Supply voltage<\/td>\n<td width=\"331\">5VDC (max 8VDC)<\/td>\n<\/tr>\n<tr>\n<td width=\"329\">Supply current<\/td>\n<td width=\"331\">&lt; 15mA<\/td>\n<\/tr>\n<tr>\n<td width=\"329\">Operating temperatur range<\/td>\n<td width=\"331\">0&#8230;55\u00b0C<\/td>\n<\/tr>\n<tr>\n<td width=\"329\">Storage temperatur range<\/td>\n<td width=\"331\">0&#8230;55\u00b0C<\/td>\n<\/tr>\n<tr>\n<td width=\"329\">Overload capability<\/td>\n<td width=\"331\">indefinite (offset occurs)<\/td>\n<\/tr>\n<tr>\n<td width=\"329\">Protection class<\/td>\n<td width=\"331\">IP54<\/td>\n<\/tr>\n<tr>\n<td width=\"329\">Case material<\/td>\n<td width=\"331\">Aluminum<\/td>\n<\/tr>\n<tr>\n<td width=\"329\">Weight, including cable<\/td>\n<td width=\"331\">80g<\/td>\n<\/tr>\n<\/tbody>\n<\/table>\n<p><\/p>","protected":false},"excerpt":{"rendered":"<ul>\n<li><em>Small press-on sensor with one-hole mounting<\/em><\/li>\n<li><em>Direct measurement of surface strain<\/em><\/li>\n<li><em>Without amplifier (passiv)<\/em><\/li>\n<li><em>High accuracy and linearity in tension and pressure<\/em><\/li>\n<\/ul>\n<p><em>(like bonded strain gauges)<\/em><\/p>\n<ul>\n<li><em>For dynamic applications<\/em><\/li>\n<li><em>Used on presses, injection moulding and die-casting machines<\/em><\/li>\n<li><em>Quick and easy mounting<\/em><\/li>\n<li><em>Protected against overload<\/em><\/li>\n<li><em>Optional accessories:<\/em>\n<ul>\n<li><em>Signal amplifier VDA<\/em><\/li>\n<li><em>Monitor DU-1D<\/em><\/li>\n<\/ul>\n<\/li>\n<\/ul>\n","protected":false},"featured_media":1254,"comment_status":"open","ping_status":"closed","template":"","meta":[],"product_cat":[119,126],"product_tag":[],"yoast_head":"<!-- This site is optimized with the Yoast SEO plugin v16.6.1 - https:\/\/yoast.com\/wordpress\/plugins\/seo\/ -->\n<title>SB46 - NEW SKY CO.,LTD<\/title>\n<meta name=\"robots\" content=\"index, follow, max-snippet:-1, max-image-preview:large, max-video-preview:-1\" \/>\n<link rel=\"canonical\" href=\"https:\/\/newskyvn.com\/product\/sb46\/\" \/>\n<meta property=\"og:locale\" content=\"en_US\" \/>\n<meta property=\"og:type\" content=\"article\" \/>\n<meta property=\"og:title\" content=\"SB46 - NEW SKY CO.,LTD\" \/>\n<meta property=\"og:description\" content=\"[:vi]\u2022 C\u1ea3m bi\u1ebfn c\u00f3 n\u00fat nh\u1ea5n ON, c\u00f3 m\u1ed9t l\u1ed7 \u0111\u1ec3 l\u1eafp \u0111\u1eb7t. \u2022 \u0110o tr\u1ef1c ti\u1ebfp bi\u1ebfn d\u1ea1ng b\u1ec1 m\u1eb7t \u2022 Kh\u00f4ng c\u00f3 b\u1ed9 khu\u1ebfch \u0111\u1ea1i (passiv) \u2022 \u0110\u1ed9 ch\u00ednh x\u00e1c v\u00e0 tuy\u1ebfn t\u00ednh cao v\u1ec1 l\u1ef1c c\u0103ng v\u00e0 \u00e1p su\u1ea5t (nh\u01b0 m\u00e1y \u0111o bi\u1ebfn d\u1ea1ng ngo\u1ea1i quan) \u2022 \u0110\u1ed1i v\u1edbi c\u00e1c \u1ee9ng d\u1ee5ng \u0111\u1ed9ng \u2022 \u0110\u01b0\u1ee3c s\u1eed d\u1ee5ng tr\u00ean m\u00e1y \u00e9p, m\u00e1y \u00e9p phun v\u00e0 m\u00e1y \u0111\u00fac khu\u00f4n \u2022 L\u1eafp \u0111\u1eb7t nhanh ch\u00f3ng v\u00e0 d\u1ec5 d\u00e0ng \u2022 \u0110\u01b0\u1ee3c b\u1ea3o v\u1ec7 ch\u1ed1ng qu\u00e1 t\u1ea3i \u2022 Ph\u1ee5 ki\u1ec7n t\u00f9y ch\u1ecdn: - B\u1ed9 khu\u1ebfch \u0111\u1ea1i t\u00edn hi\u1ec7u VDA - M\u00e0n h\u00ecnh DU-1D[:en]  Small press-on sensor with one-hole mounting  Direct measurement of surface strain  Without amplifier (passiv)  High accuracy and linearity in tension and pressure  (like bonded strain gauges)   For dynamic applications  Used on presses, injection moulding and die-casting machines  Quick and easy mounting  Protected against overload  Optional accessories:   Signal amplifier VDA  Monitor DU-1D   [:]\" \/>\n<meta property=\"og:url\" content=\"https:\/\/newskyvn.com\/product\/sb46\/\" \/>\n<meta property=\"og:site_name\" content=\"NEW SKY CO.,LTD\" \/>\n<meta property=\"article:modified_time\" content=\"2021-09-17T04:47:17+00:00\" \/>\n<meta property=\"og:image\" content=\"https:\/\/newskyvn.com\/wp-content\/uploads\/2021\/09\/show_sb46.jpg\" \/>\n\t<meta property=\"og:image:width\" content=\"500\" \/>\n\t<meta property=\"og:image:height\" content=\"500\" \/>\n<meta name=\"twitter:card\" content=\"summary_large_image\" \/>\n<meta name=\"twitter:label1\" content=\"Est. reading time\" \/>\n\t<meta name=\"twitter:data1\" content=\"1 minute\" \/>\n<script type=\"application\/ld+json\" class=\"yoast-schema-graph\">{\"@context\":\"https:\/\/schema.org\",\"@graph\":[{\"@type\":\"WebSite\",\"@id\":\"https:\/\/newskyvn.com\/#website\",\"url\":\"https:\/\/newskyvn.com\/\",\"name\":\"NEW SKY CO.,LTD\",\"description\":\"C\\u00f4ng Ty TNHH S\\u1ea3n Xu\\u1ea5t Th\\u01b0\\u01a1ng M\\u1ea1i D\\u1ecbch V\\u1ee5 T\\u00e2n Thi\\u00ean\",\"potentialAction\":[{\"@type\":\"SearchAction\",\"target\":{\"@type\":\"EntryPoint\",\"urlTemplate\":\"https:\/\/newskyvn.com\/?s={search_term_string}\"},\"query-input\":\"required name=search_term_string\"}],\"inLanguage\":\"en-US\"},{\"@type\":\"ImageObject\",\"@id\":\"https:\/\/newskyvn.com\/product\/sb46\/#primaryimage\",\"inLanguage\":\"en-US\",\"url\":\"https:\/\/newskyvn.com\/wp-content\/uploads\/2021\/09\/show_sb46.jpg\",\"contentUrl\":\"https:\/\/newskyvn.com\/wp-content\/uploads\/2021\/09\/show_sb46.jpg\",\"width\":500,\"height\":500},{\"@type\":\"WebPage\",\"@id\":\"https:\/\/newskyvn.com\/product\/sb46\/#webpage\",\"url\":\"https:\/\/newskyvn.com\/product\/sb46\/\",\"name\":\"SB46 - NEW SKY CO.,LTD\",\"isPartOf\":{\"@id\":\"https:\/\/newskyvn.com\/#website\"},\"primaryImageOfPage\":{\"@id\":\"https:\/\/newskyvn.com\/product\/sb46\/#primaryimage\"},\"datePublished\":\"2021-09-17T04:34:55+00:00\",\"dateModified\":\"2021-09-17T04:47:17+00:00\",\"breadcrumb\":{\"@id\":\"https:\/\/newskyvn.com\/product\/sb46\/#breadcrumb\"},\"inLanguage\":\"en-US\",\"potentialAction\":[{\"@type\":\"ReadAction\",\"target\":[\"https:\/\/newskyvn.com\/product\/sb46\/\"]}]},{\"@type\":\"BreadcrumbList\",\"@id\":\"https:\/\/newskyvn.com\/product\/sb46\/#breadcrumb\",\"itemListElement\":[{\"@type\":\"ListItem\",\"position\":1,\"name\":\"Product\",\"item\":\"https:\/\/newskyvn.com\/en\/san-pham\/\"},{\"@type\":\"ListItem\",\"position\":2,\"name\":\"SB46\"}]}]}<\/script>\n<!-- \/ Yoast SEO plugin. -->","_links":{"self":[{"href":"https:\/\/newskyvn.com\/en\/wp-json\/wp\/v2\/product\/1252"}],"collection":[{"href":"https:\/\/newskyvn.com\/en\/wp-json\/wp\/v2\/product"}],"about":[{"href":"https:\/\/newskyvn.com\/en\/wp-json\/wp\/v2\/types\/product"}],"replies":[{"embeddable":true,"href":"https:\/\/newskyvn.com\/en\/wp-json\/wp\/v2\/comments?post=1252"}],"wp:featuredmedia":[{"embeddable":true,"href":"https:\/\/newskyvn.com\/en\/wp-json\/wp\/v2\/media\/1254"}],"wp:attachment":[{"href":"https:\/\/newskyvn.com\/en\/wp-json\/wp\/v2\/media?parent=1252"}],"wp:term":[{"taxonomy":"product_cat","embeddable":true,"href":"https:\/\/newskyvn.com\/en\/wp-json\/wp\/v2\/product_cat?post=1252"},{"taxonomy":"product_tag","embeddable":true,"href":"https:\/\/newskyvn.com\/en\/wp-json\/wp\/v2\/product_tag?post=1252"}],"curies":[{"name":"wp","href":"https:\/\/api.w.org\/{rel}","templated":true}]}}