{"id":1248,"date":"2021-09-17T04:36:10","date_gmt":"2021-09-17T04:36:10","guid":{"rendered":"https:\/\/newskyvn.com\/?post_type=product&#038;p=1248"},"modified":"2021-09-17T09:57:19","modified_gmt":"2021-09-17T09:57:19","slug":"sl76-vda","status":"publish","type":"product","link":"https:\/\/newskyvn.com\/en\/product\/sl76-vda\/","title":{"rendered":"SL76-VDA"},"content":{"rendered":"<p>&nbsp;<\/p>\n<p><span style=\"color: #0000ff;\"><strong>TECHNICAL DATA OF SL76-VDA \u00a0<\/strong>\u00a0\u00a0\u00a0\u00a0\u00a0\u00a0\u00a0\u00a0\u00a0\u00a0\u00a0\u00a0\u00a0\u00a0\u00a0\u00a0\u00a0<\/span><\/p>\n<p><strong>\u00a0<\/strong><\/p>\n<table>\n<tbody>\n<tr>\n<td width=\"329\">Output signal<\/td>\n<td width=\"166\">VOLTAGE<\/td>\n<td width=\"166\">CURRENT<\/td>\n<\/tr>\n<tr>\n<td width=\"329\">Strain gauge type<\/td>\n<td colspan=\"2\" width=\"331\">Foil strain gage (GF=2.00)<\/td>\n<\/tr>\n<tr>\n<td width=\"329\">Linearity<\/td>\n<td colspan=\"2\" width=\"331\">&lt; \u00b1 0.5% FS<\/td>\n<\/tr>\n<tr>\n<td width=\"329\">Hysteresis<\/td>\n<td colspan=\"2\" width=\"331\">&lt; \u00b1 0.3% FS<\/td>\n<\/tr>\n<tr>\n<td width=\"329\">Repeatability<\/td>\n<td colspan=\"2\" width=\"331\">&lt; \u00b1 1% FS (max &lt; \u00b1 2% FS)<\/td>\n<\/tr>\n<tr>\n<td width=\"329\">Zero accuracy<\/td>\n<td colspan=\"2\" width=\"331\">&lt; \u00b1 0.1% FS<\/td>\n<\/tr>\n<tr>\n<td width=\"329\">FS accuracy<\/td>\n<td colspan=\"2\" width=\"331\">&lt; \u00b1 1% FS<\/td>\n<\/tr>\n<tr>\n<td width=\"329\">Accuracy at room temperature (1)<\/td>\n<td colspan=\"2\" width=\"331\">&lt; \u00b1 0.5% FS<\/td>\n<\/tr>\n<tr>\n<td width=\"329\">Bridge resistance<\/td>\n<td colspan=\"2\" width=\"331\">350 \u2126<\/td>\n<\/tr>\n<tr>\n<td width=\"329\">Measuring range<\/td>\n<td colspan=\"2\" width=\"331\">+100\u2026+800\u03bc\u03b5, -100\u2026-250\u03bc\u03b5<\/td>\n<\/tr>\n<tr>\n<td width=\"329\">Output resolution<\/td>\n<td colspan=\"2\" width=\"331\">16-Bit<\/td>\n<\/tr>\n<tr>\n<td width=\"329\">Sampling rate<\/td>\n<td colspan=\"2\" width=\"331\">5 kHz<\/td>\n<\/tr>\n<tr>\n<td width=\"329\">Low-pass filter<\/td>\n<td colspan=\"2\" width=\"331\">1 kHz<\/td>\n<\/tr>\n<tr>\n<td width=\"329\">Case<\/td>\n<td colspan=\"2\" width=\"331\">Stainless steel<\/td>\n<\/tr>\n<tr>\n<td width=\"329\">Cover<\/td>\n<td colspan=\"2\" width=\"331\">Aluminum<\/td>\n<\/tr>\n<tr>\n<td width=\"329\">Reset time<\/td>\n<td colspan=\"2\" width=\"331\">&gt; 25 ms<\/td>\n<\/tr>\n<tr>\n<td width=\"329\">Reset voltage<\/td>\n<td colspan=\"2\" width=\"331\">12\u202636 VDC<\/td>\n<\/tr>\n<tr>\n<td width=\"329\">Supply voltage<\/td>\n<td colspan=\"2\" width=\"331\">12\u202636 VDC<\/td>\n<\/tr>\n<tr>\n<td width=\"329\">Power consumption<\/td>\n<td width=\"166\">0.5 W<\/td>\n<td width=\"166\">1 W<\/td>\n<\/tr>\n<tr>\n<td width=\"329\">Zero output signal<\/td>\n<td width=\"166\">0 V (N)<\/td>\n<td width=\"166\">4 mA (E)<\/td>\n<\/tr>\n<tr>\n<td rowspan=\"2\" width=\"329\"><strong>\u00a0<\/strong><\/p>\n<p>Full scale output signal<\/td>\n<td width=\"166\">+ 10 V (N) stretching<\/td>\n<td width=\"166\">20 mA (E) stretching<\/td>\n<\/tr>\n<tr>\n<td width=\"166\">&#8211; 10 V (N)\u00a0\u00a0\u00a0 compression<\/td>\n<td width=\"166\">&#8211;<\/td>\n<\/tr>\n<tr>\n<td width=\"329\">Allowed load<\/td>\n<td width=\"166\">\u2265 5 k\u2126<\/td>\n<td width=\"166\">0..500 \u2126<\/td>\n<\/tr>\n<tr>\n<td width=\"329\">Operating temperature range<\/td>\n<td colspan=\"2\" width=\"331\">-5\u2026+80\u00b0C<\/td>\n<\/tr>\n<tr>\n<td width=\"329\">Storage temperature range<\/td>\n<td colspan=\"2\" width=\"331\">-5\u2026+80\u00b0C<\/td>\n<\/tr>\n<tr>\n<td width=\"329\">Overload capability<\/td>\n<td colspan=\"2\" width=\"331\">indefinite (offset occurs)<\/td>\n<\/tr>\n<tr>\n<td width=\"329\">Weight, without cable<\/td>\n<td colspan=\"2\" width=\"331\">~ 110 g<\/td>\n<\/tr>\n<tr>\n<td width=\"329\">Protection class<\/td>\n<td colspan=\"2\" width=\"331\">IP67<\/td>\n<\/tr>\n<tr>\n<td width=\"329\">Output short circuit protection<\/td>\n<td colspan=\"2\" width=\"331\">Yes<\/td>\n<\/tr>\n<tr>\n<td width=\"329\">Reverse polarity protection<\/td>\n<td colspan=\"2\" width=\"331\">Yes<\/td>\n<\/tr>\n<tr>\n<td width=\"329\">Dielectric strenght (2)<\/td>\n<td colspan=\"2\" width=\"331\">250V<\/td>\n<\/tr>\n<tr>\n<td width=\"329\">EC Conformity<\/td>\n<td colspan=\"2\" width=\"331\">According to Directive 2014\/30\/EU<\/td>\n<\/tr>\n<tr>\n<td colspan=\"3\" width=\"661\">&nbsp;<\/td>\n<\/tr>\n<tr>\n<td colspan=\"3\" width=\"661\">(1) incl. Non-linearity, Hysteresis, Repeatability, Zero-offset and Span-offset<\/td>\n<\/tr>\n<tr>\n<td colspan=\"3\" width=\"661\">(2) Uses 50V 2J Voltage suppressor<\/td>\n<\/tr>\n<\/tbody>\n<\/table>\n<p><\/p>","protected":false},"excerpt":{"rendered":"<ul>\n<li><em>Amplifies the strain between the 2 mounting areas mechanically<\/em><\/li>\n<li><em>With high grade variable digital amplifier<\/em><\/li>\n<li><em>Ideal for tension mode<\/em><\/li>\n<li><em>For dynamic applications<\/em><\/li>\n<li><em>Used on presses, injection moulding and die-casting machines<\/em><\/li>\n<li><em>Quick and easy mounting<\/em><\/li>\n<li><em>Solid steel housing (IP67)<\/em><\/li>\n<\/ul>\n","protected":false},"featured_media":1250,"comment_status":"open","ping_status":"closed","template":"","meta":[],"product_cat":[119,126],"product_tag":[],"yoast_head":"<!-- This site is optimized with the Yoast SEO plugin v16.6.1 - https:\/\/yoast.com\/wordpress\/plugins\/seo\/ -->\n<title>SL76-VDA - NEW SKY CO.,LTD<\/title>\n<meta name=\"robots\" content=\"index, follow, max-snippet:-1, max-image-preview:large, max-video-preview:-1\" \/>\n<link rel=\"canonical\" href=\"https:\/\/newskyvn.com\/product\/sl76-vda\/\" \/>\n<meta property=\"og:locale\" content=\"en_US\" \/>\n<meta property=\"og:type\" content=\"article\" \/>\n<meta property=\"og:title\" content=\"SL76-VDA - NEW SKY CO.,LTD\" \/>\n<meta property=\"og:description\" content=\"[:vi]\u2022 Khu\u1ebfch \u0111\u1ea1i l\u1ef1c c\u0103ng gi\u1eefa 2 khu v\u1ef1c g\u1eafn k\u1ebft m\u1ed9t c\u00e1ch c\u01a1 h\u1ecdc \u2022 V\u1edbi b\u1ed9 khu\u1ebfch \u0111\u1ea1i k\u1ef9 thu\u1eadt s\u1ed1 bi\u1ebfn thi\u00ean cao c\u1ea5p \u2022 L\u00fd t\u01b0\u1edfng cho ch\u1ebf \u0111\u1ed9 c\u0103ng th\u1eb3ng \u2022 \u0110\u1ed1i v\u1edbi c\u00e1c \u1ee9ng d\u1ee5ng \u0111\u1ed9ng \u2022 \u0110\u01b0\u1ee3c s\u1eed d\u1ee5ng tr\u00ean m\u00e1y \u00e9p, m\u00e1y \u00e9p phun v\u00e0 m\u00e1y \u0111\u00fac khu\u00f4n \u2022 L\u1eafp \u0111\u1eb7t nhanh ch\u00f3ng v\u00e0 d\u1ec5 d\u00e0ng \u2022 V\u1ecf th\u00e9p r\u1eafn (IP67)[:en]  Amplifies the strain between the 2 mounting areas mechanically  With high grade variable digital amplifier  Ideal for tension mode  For dynamic applications  Used on presses, injection moulding and die-casting machines  Quick and easy mounting  Solid steel housing (IP67) [:]\" \/>\n<meta property=\"og:url\" content=\"https:\/\/newskyvn.com\/product\/sl76-vda\/\" \/>\n<meta property=\"og:site_name\" content=\"NEW SKY CO.,LTD\" \/>\n<meta property=\"article:modified_time\" content=\"2021-09-17T09:57:19+00:00\" \/>\n<meta property=\"og:image\" content=\"https:\/\/newskyvn.com\/wp-content\/uploads\/2021\/09\/show_SL76-VDA_v2_72dpi.jpg\" \/>\n\t<meta property=\"og:image:width\" content=\"500\" \/>\n\t<meta property=\"og:image:height\" content=\"500\" \/>\n<meta name=\"twitter:card\" content=\"summary_large_image\" \/>\n<meta name=\"twitter:label1\" content=\"Est. reading time\" \/>\n\t<meta name=\"twitter:data1\" content=\"1 minute\" \/>\n<script type=\"application\/ld+json\" class=\"yoast-schema-graph\">{\"@context\":\"https:\/\/schema.org\",\"@graph\":[{\"@type\":\"WebSite\",\"@id\":\"https:\/\/newskyvn.com\/#website\",\"url\":\"https:\/\/newskyvn.com\/\",\"name\":\"NEW SKY CO.,LTD\",\"description\":\"C\\u00f4ng Ty TNHH S\\u1ea3n Xu\\u1ea5t Th\\u01b0\\u01a1ng M\\u1ea1i D\\u1ecbch V\\u1ee5 T\\u00e2n Thi\\u00ean\",\"potentialAction\":[{\"@type\":\"SearchAction\",\"target\":{\"@type\":\"EntryPoint\",\"urlTemplate\":\"https:\/\/newskyvn.com\/?s={search_term_string}\"},\"query-input\":\"required name=search_term_string\"}],\"inLanguage\":\"en-US\"},{\"@type\":\"ImageObject\",\"@id\":\"https:\/\/newskyvn.com\/product\/sl76-vda\/#primaryimage\",\"inLanguage\":\"en-US\",\"url\":\"https:\/\/newskyvn.com\/wp-content\/uploads\/2021\/09\/show_SL76-VDA_v2_72dpi.jpg\",\"contentUrl\":\"https:\/\/newskyvn.com\/wp-content\/uploads\/2021\/09\/show_SL76-VDA_v2_72dpi.jpg\",\"width\":500,\"height\":500},{\"@type\":\"WebPage\",\"@id\":\"https:\/\/newskyvn.com\/product\/sl76-vda\/#webpage\",\"url\":\"https:\/\/newskyvn.com\/product\/sl76-vda\/\",\"name\":\"SL76-VDA - NEW SKY CO.,LTD\",\"isPartOf\":{\"@id\":\"https:\/\/newskyvn.com\/#website\"},\"primaryImageOfPage\":{\"@id\":\"https:\/\/newskyvn.com\/product\/sl76-vda\/#primaryimage\"},\"datePublished\":\"2021-09-17T04:36:10+00:00\",\"dateModified\":\"2021-09-17T09:57:19+00:00\",\"breadcrumb\":{\"@id\":\"https:\/\/newskyvn.com\/product\/sl76-vda\/#breadcrumb\"},\"inLanguage\":\"en-US\",\"potentialAction\":[{\"@type\":\"ReadAction\",\"target\":[\"https:\/\/newskyvn.com\/product\/sl76-vda\/\"]}]},{\"@type\":\"BreadcrumbList\",\"@id\":\"https:\/\/newskyvn.com\/product\/sl76-vda\/#breadcrumb\",\"itemListElement\":[{\"@type\":\"ListItem\",\"position\":1,\"name\":\"Product\",\"item\":\"https:\/\/newskyvn.com\/en\/san-pham\/\"},{\"@type\":\"ListItem\",\"position\":2,\"name\":\"SL76-VDA\"}]}]}<\/script>\n<!-- \/ Yoast SEO plugin. -->","_links":{"self":[{"href":"https:\/\/newskyvn.com\/en\/wp-json\/wp\/v2\/product\/1248"}],"collection":[{"href":"https:\/\/newskyvn.com\/en\/wp-json\/wp\/v2\/product"}],"about":[{"href":"https:\/\/newskyvn.com\/en\/wp-json\/wp\/v2\/types\/product"}],"replies":[{"embeddable":true,"href":"https:\/\/newskyvn.com\/en\/wp-json\/wp\/v2\/comments?post=1248"}],"wp:featuredmedia":[{"embeddable":true,"href":"https:\/\/newskyvn.com\/en\/wp-json\/wp\/v2\/media\/1250"}],"wp:attachment":[{"href":"https:\/\/newskyvn.com\/en\/wp-json\/wp\/v2\/media?parent=1248"}],"wp:term":[{"taxonomy":"product_cat","embeddable":true,"href":"https:\/\/newskyvn.com\/en\/wp-json\/wp\/v2\/product_cat?post=1248"},{"taxonomy":"product_tag","embeddable":true,"href":"https:\/\/newskyvn.com\/en\/wp-json\/wp\/v2\/product_tag?post=1248"}],"curies":[{"name":"wp","href":"https:\/\/api.w.org\/{rel}","templated":true}]}}