{"id":1245,"date":"2021-09-17T04:07:53","date_gmt":"2021-09-17T04:07:53","guid":{"rendered":"https:\/\/newskyvn.com\/?post_type=product&#038;p=1245"},"modified":"2025-05-21T14:44:58","modified_gmt":"2025-05-21T14:44:58","slug":"qe1008-w-set","status":"publish","type":"product","link":"https:\/\/newskyvn.com\/en\/product\/qe1008-w-set\/","title":{"rendered":"QE1008-W SET"},"content":{"rendered":"<p><strong><span style=\"color: #0000ff;\">TECHNICAL DATA SENSOR\u00a0\u00a0\u00a0\u00a0\u00a0\u00a0<\/span><\/strong><\/p>\n<p><strong>\u00a0<\/strong><\/p>\n<table>\n<tbody>\n<tr>\n<td width=\"329\">Strain gauge type<\/td>\n<td width=\"331\">Foil (GF = 2.0)<\/td>\n<\/tr>\n<tr>\n<td width=\"329\">Bridge resistance<\/td>\n<td width=\"331\">350\u03a9<\/td>\n<\/tr>\n<tr>\n<td width=\"329\">Measuring range<\/td>\n<td width=\"331\">\u00b1 800\u03bc\u03b5<\/td>\n<\/tr>\n<tr>\n<td width=\"329\">Output signal for radio transmission<\/td>\n<td width=\"331\">IEEE 802.15.4TM<\/td>\n<\/tr>\n<tr>\n<td width=\"329\">Signal range<\/td>\n<td width=\"331\">Up to 100m (depending to operating area)<\/td>\n<\/tr>\n<tr>\n<td width=\"329\">Sensitivity tolerance<\/td>\n<td width=\"331\">\u00b1 0.2%<\/td>\n<\/tr>\n<tr>\n<td width=\"329\">Transverse sensitivity<\/td>\n<td width=\"331\">0.9 \u00b1 0.2 %<\/td>\n<\/tr>\n<tr>\n<td width=\"329\">Accuracy<\/td>\n<td width=\"331\">&lt; \u00b1 0.5% FS<\/td>\n<\/tr>\n<tr>\n<td width=\"329\">Linearity<\/td>\n<td width=\"331\">&lt; \u00b1 0.5% FS<\/td>\n<\/tr>\n<tr>\n<td width=\"329\">Hysteresis<\/td>\n<td width=\"331\">&lt; \u00b1 0.5% FS<\/td>\n<\/tr>\n<tr>\n<td width=\"329\">Repeatability<\/td>\n<td width=\"331\">&lt; 0.2% FS<\/td>\n<\/tr>\n<tr>\n<td width=\"329\">Operating power consumption<\/td>\n<td width=\"331\">2x 1.2VDC (2x AAA rechargeable battery)<\/td>\n<\/tr>\n<tr>\n<td width=\"329\">Charger power consumption<\/td>\n<td width=\"331\">100&#8230;230VAC<\/td>\n<\/tr>\n<tr>\n<td width=\"329\">Ambient temperature<\/td>\n<td width=\"331\">5&#8230;65\u00b0C<\/td>\n<\/tr>\n<tr>\n<td width=\"329\">Storage temperature<\/td>\n<td width=\"331\">0&#8230;65\u00b0C<\/td>\n<\/tr>\n<tr>\n<td width=\"329\">Overload capability<\/td>\n<td width=\"331\">unlimited<\/td>\n<\/tr>\n<tr>\n<td width=\"329\">Type of protection<\/td>\n<td width=\"331\">IP40<\/td>\n<\/tr>\n<tr>\n<td width=\"329\">Material: Housing<\/td>\n<td width=\"331\">Aluminium<\/td>\n<\/tr>\n<tr>\n<td width=\"329\">Material: Cover<\/td>\n<td width=\"331\">Plastic<\/td>\n<\/tr>\n<tr>\n<td width=\"329\">Weight<\/td>\n<td width=\"331\">530g<\/td>\n<\/tr>\n<\/tbody>\n<\/table>\n<p>&nbsp;<\/p>\n<p><strong>\u00a0<\/strong><\/p>\n<table>\n<tbody>\n<tr>\n<td width=\"217\"><\/td>\n<td width=\"221\"><strong>QE1008-W-USB-G<\/strong><\/td>\n<td width=\"222\"><strong>QE Booster<\/strong><\/td>\n<\/tr>\n<tr>\n<td width=\"217\">Max. pairable sensors<\/td>\n<td width=\"221\">8<\/td>\n<td width=\"222\">8<\/td>\n<\/tr>\n<tr>\n<td width=\"217\">Power supply<\/td>\n<td width=\"221\">External via USB (5.0 VDC-500 mA)<\/td>\n<td width=\"222\">Stand alone with integrated litium<\/p>\n<p>battery<\/td>\n<\/tr>\n<tr>\n<td width=\"217\">Connector type<\/td>\n<td width=\"221\">USB-A male<\/td>\n<td width=\"222\">USB-C female<\/td>\n<\/tr>\n<tr>\n<td width=\"217\">Battery type<\/td>\n<td width=\"221\">&#8211;<\/td>\n<td width=\"222\">LiPo 3.7V 340 mAh<\/td>\n<\/tr>\n<tr>\n<td width=\"217\">Battery life<\/td>\n<td width=\"221\">&#8211;<\/td>\n<td width=\"222\">12 h<\/td>\n<\/tr>\n<tr>\n<td width=\"217\">Charging time<\/td>\n<td width=\"221\">&#8211;<\/td>\n<td width=\"222\">~ 2 h<\/td>\n<\/tr>\n<tr>\n<td width=\"217\">Charging requirements<\/td>\n<td width=\"221\">&#8211;<\/td>\n<td width=\"222\">USB (5.0 VDC-500 mA)<\/td>\n<\/tr>\n<tr>\n<td width=\"217\">Protection class<\/td>\n<td width=\"221\">IP40<\/td>\n<td width=\"222\">IP40<\/td>\n<\/tr>\n<tr>\n<td width=\"217\">Case material<\/td>\n<td width=\"221\">Plastic<\/td>\n<td width=\"222\">Plastic + holding magnets<\/td>\n<\/tr>\n<tr>\n<td width=\"217\">Weight<\/td>\n<td width=\"221\">100g<\/td>\n<td width=\"222\">50g<\/td>\n<\/tr>\n<\/tbody>\n<\/table>\n<p><strong>\u00a0<\/strong><\/p>\n<p><strong>\u00a0<\/strong><\/p>\n<p><strong>\u00a0<\/strong><\/p>\n<p><span style=\"color: #0000ff;\"><strong>\u00a0\u00a0TECHNICAL DATA\u00a0 TRANSMISSION\u00a0\u00a0\u00a0\u00a0\u00a0\u00a0\u00a0\u00a0\u00a0\u00a0\u00a0\u00a0\u00a0\u00a0\u00a0\u00a0\u00a0\u00a0\u00a0\u00a0\u00a0\u00a0\u00a0\u00a0\u00a0\u00a0\u00a0\u00a0\u00a0\u00a0\u00a0\u00a0\u00a0\u00a0\u00a0\u00a0\u00a0\u00a0\u00a0\u00a0\u00a0\u00a0\u00a0\u00a0\u00a0\u00a0\u00a0\u00a0\u00a0\u00a0\u00a0\u00a0\u00a0\u00a0\u00a0\u00a0\u00a0\u00a0\u00a0\u00a0\u00a0\u00a0\u00a0\u00a0\u00a0\u00a0\u00a0\u00a0\u00a0\u00a0\u00a0\u00a0\u00a0\u00a0\u00a0\u00a0\u00a0\u00a0\u00a0\u00a0\u00a0\u00a0\u00a0\u00a0\u00a0\u00a0\u00a0\u00a0\u00a0\u00a0\u00a0\u00a0\u00a0\u00a0\u00a0\u00a0\u00a0\u00a0\u00a0 <\/strong><\/span><\/p>\n<p><span style=\"color: #0000ff;\"><strong>\u00a0<\/strong><\/span><\/p>\n<table>\n<tbody>\n<tr>\n<td width=\"217\"><\/td>\n<td width=\"221\"><strong>QE1008-W-USB-G<\/strong><\/td>\n<td width=\"223\"><strong>QE Booster<\/strong><\/td>\n<\/tr>\n<tr>\n<td width=\"217\">Frequency<\/td>\n<td width=\"221\">2.4000-2.4835 GHz (ISM-Band)<\/td>\n<td width=\"223\">2.4000-2.4835 GHz (ISM-Band)<\/td>\n<\/tr>\n<tr>\n<td width=\"217\">Protocol sensor to transceiver<\/td>\n<td width=\"221\">IEEE 802.15.4TM<\/td>\n<td width=\"223\">IEEE 802.15.4TM<\/td>\n<\/tr>\n<tr>\n<td width=\"217\">Protocol transceiver to end device<\/td>\n<td width=\"221\">USB 2.0<\/td>\n<td width=\"223\">Bluetooth 5 (low energy)<\/td>\n<\/tr>\n<tr>\n<td width=\"217\"><strong>\u00a0<\/strong><\/p>\n<p><strong>\u00a0<\/strong><\/p>\n<p>End device compatibility<\/td>\n<td width=\"221\">Sensormate App:<\/p>\n<p>\u2013\u00a0\u00a0 Windows 10<\/p>\n<p><strong>\u00a0<\/strong><\/p>\n<p>Inspectmate Software:<\/p>\n<p>\u2013\u00a0\u00a0 Windows XP\/7\/8\/10<\/td>\n<td width=\"223\">Sensormate App:<\/p>\n<p>\u2013\u00a0\u00a0 Windows 10<\/p>\n<p>\u2013\u00a0\u00a0 Android 6.0 or newer<\/p>\n<p>\u2013\u00a0\u00a0 IOS 8.0 or newer<\/td>\n<\/tr>\n<tr>\n<td width=\"217\">TX-power<\/td>\n<td width=\"221\">0dBm \/ 1 mW (max.)<\/td>\n<td width=\"223\">0dBm \/ 1 mW (max.)<\/td>\n<\/tr>\n<tr>\n<td width=\"217\"><strong>\u00a0<\/strong><\/p>\n<p>Range<\/td>\n<td width=\"221\"><strong>\u00a0<\/strong><\/p>\n<p>For IEEE 802.15.4TM theoretical up to 100m (Typ. 30 m)<\/td>\n<td width=\"223\">&#8220;For IEEE 802.15.4TM theoretical up to 100m (Typ. 30 m)<\/p>\n<p>For Bluetooth 5 theoretical up to 300m (Typ. 30 m) &#8220;<\/td>\n<\/tr>\n<tr>\n<td colspan=\"3\" width=\"661\">\u201eThe transmission module is FCC (USA), IC (Canada), ETSI (Europe) and TELEC (Japan) certified. The MAC address is always unique and burnt into the hardware.\u201c<\/td>\n<\/tr>\n<\/tbody>\n<\/table>\n<p><\/p>","protected":false},"excerpt":{"rendered":"<h6><span style=\"color: #000000;\"><strong>System for tie bar measurement with wireless transmission<\/strong><\/span><\/h6>\n<ul>\n<li><em>Complete system for the simultaneous strain- measurement on up to four tie bars<\/em><\/li>\n<li><em>Direct display of strain values in \u03bc\u03b5, kN or t<\/em><\/li>\n<\/ul>\n<p><em>(via our Inspectmate software or Sensormate App)<\/em><\/p>\n<ul>\n<li><em>Wireless transmission (2.4GHz), no cables<\/em><\/li>\n<li><em>Quick and non-destructive assembly with magnetic press-on technology<\/em><\/li>\n<li><em>High accuracy and linearity in tension and pressure (like bonded strain gauges)<\/em><\/li>\n<li><em>Ideal for use on presses, injection-moulding and die-casting machines<\/em><\/li>\n<li><em>Application on tie bars with a diameter of 45mm or<\/em><\/li>\n<\/ul>\n<p><em>higher and flat surfaces<\/em><\/p>\n<ul>\n<li><em>Dynamic applications<\/em><\/li>\n<li><em>Each magnetic-mount strain sensor has an integrated signal amplifier<\/em><\/li>\n<li><em>Integrated rechargeable battery with up to 8h opera- ting time<\/em><\/li>\n<li><em>Receiver with USB interface or receiver with<\/em><\/li>\n<\/ul>\n<p><em>bluetooth 5 low energy interface<\/em><\/p>\n<ul>\n<li><em>Very compact and easy to use system<\/em><\/li>\n<\/ul>\n<p><em>\u00a0<\/em><\/p>\n","protected":false},"featured_media":1247,"comment_status":"open","ping_status":"closed","template":"","meta":[],"product_cat":[119,126],"product_tag":[],"yoast_head":"<!-- This site is optimized with the Yoast SEO plugin v16.6.1 - https:\/\/yoast.com\/wordpress\/plugins\/seo\/ -->\n<title>QE1008-W SET - NEW SKY CO.,LTD<\/title>\n<meta name=\"robots\" content=\"index, follow, max-snippet:-1, max-image-preview:large, max-video-preview:-1\" \/>\n<link rel=\"canonical\" href=\"https:\/\/newskyvn.com\/product\/qe1008-w-set\/\" \/>\n<meta property=\"og:locale\" content=\"en_US\" \/>\n<meta property=\"og:type\" content=\"article\" \/>\n<meta property=\"og:title\" content=\"QE1008-W SET - NEW SKY CO.,LTD\" \/>\n<meta property=\"og:description\" content=\"[:vi]H\u1ec7 th\u1ed1ng \u0111o thanh gi\u1eb1ng v\u1edbi truy\u1ec1n t\u00edn hi\u1ec7u kh\u00f4ng d\u00e2y \u2022 H\u1ec7 th\u1ed1ng ho\u00e0n ch\u1ec9nh \u0111\u1ec3 \u0111o bi\u1ebfn d\u1ea1ng \u0111\u1ed3ng th\u1eddi tr\u00ean t\u1ed1i \u0111a b\u1ed1n thanh gi\u1eb1ng \u2022 Hi\u1ec3n th\u1ecb tr\u1ef1c ti\u1ebfp c\u00e1c gi\u00e1 tr\u1ecb bi\u1ebfn d\u1ea1ng theo \u03bc\u03b5, kN ho\u1eb7c t (th\u00f4ng qua ph\u1ea7n m\u1ec1m Ki\u1ec3m tra ho\u1eb7c \u1ee8ng d\u1ee5ng Sensormate c\u1ee7a ch\u00fang t\u00f4i) \u2022 Truy\u1ec1n kh\u00f4ng d\u00e2y (2.4GHz), kh\u00f4ng c\u1ea7n c\u00e1p \u2022 L\u1eafp r\u00e1p nhanh ch\u00f3ng v\u00e0 kh\u00f4ng ph\u00e1 h\u1ee7y v\u1edbi c\u00f4ng ngh\u1ec7 \u00e9p t\u1eeb t\u00ednh \u2022 \u0110\u1ed9 ch\u00ednh x\u00e1c v\u00e0 tuy\u1ebfn t\u00ednh cao v\u1ec1 l\u1ef1c c\u0103ng v\u00e0 \u00e1p su\u1ea5t (nh\u01b0 \u0111\u1ed3ng h\u1ed3 \u0111o bi\u1ebfn d\u1ea1ng ngo\u1ea1i quan) \u2022 L\u00fd t\u01b0\u1edfng \u0111\u1ec3 s\u1eed d\u1ee5ng tr\u00ean m\u00e1y \u00e9p, m\u00e1y \u00e9p phun v\u00e0 m\u00e1y \u0111\u00fac khu\u00f4n \u2022 \u1ee8ng d\u1ee5ng tr\u00ean thanh gi\u1eb1ng c\u00f3 \u0111\u01b0\u1eddng k\u00ednh 45mm ho\u1eb7c b\u1ec1 m\u1eb7t cao h\u01a1n v\u00e0 ph\u1eb3ng \u2022 \u1ee8ng d\u1ee5ng \u0111\u1ed9ng \u2022 M\u1ed7i c\u1ea3m bi\u1ebfn bi\u1ebfn d\u1ea1ng g\u1eafn t\u1eeb t\u00ednh c\u00f3 m\u1ed9t b\u1ed9 khu\u1ebfch \u0111\u1ea1i t\u00edn hi\u1ec7u t\u00edch h\u1ee3p \u2022 T\u00edch h\u1ee3p pin s\u1ea1c v\u1edbi th\u1eddi gian ho\u1ea1t \u0111\u1ed9ng l\u00ean \u0111\u1ebfn 8 gi\u1edd \u2022 B\u1ed9 thu c\u00f3 giao di\u1ec7n USB ho\u1eb7c b\u1ed9 thu v\u1edbi giao di\u1ec7n n\u0103ng l\u01b0\u1ee3ng th\u1ea5p bluetooth 5 \u2022 H\u1ec7 th\u1ed1ng r\u1ea5t nh\u1ecf g\u1ecdn v\u00e0 d\u1ec5 s\u1eed d\u1ee5ng[:en]System for tie bar measurement with wireless transmission   Complete system for the simultaneous strain- measurement on up to four tie bars  Direct display of strain values in \u03bc\u03b5, kN or t  (via our Inspectmate software or Sensormate App)   Wireless transmission (2.4GHz), no cables  Quick and non-destructive assembly with magnetic press-on technology  High accuracy and linearity in tension and pressure (like bonded strain gauges)  Ideal for use on presses, injection-moulding and die-casting machines  Application on tie bars with a diameter of 45mm or  higher and flat surfaces   Dynamic applications  Each magnetic-mount strain sensor has an integrated signal amplifier  Integrated rechargeable battery with up to 8h opera- ting time  Receiver with USB interface or receiver with  bluetooth 5 low energy interface   Very compact and easy to use system  \u00a0[:]\" \/>\n<meta property=\"og:url\" content=\"https:\/\/newskyvn.com\/product\/qe1008-w-set\/\" \/>\n<meta property=\"og:site_name\" content=\"NEW SKY CO.,LTD\" \/>\n<meta property=\"article:modified_time\" content=\"2025-05-21T14:44:58+00:00\" \/>\n<meta property=\"og:image\" content=\"https:\/\/newskyvn.com\/wp-content\/uploads\/2021\/09\/show_qe1008_vset.jpg\" \/>\n\t<meta property=\"og:image:width\" content=\"500\" \/>\n\t<meta property=\"og:image:height\" content=\"500\" \/>\n<meta name=\"twitter:card\" content=\"summary_large_image\" \/>\n<meta name=\"twitter:label1\" content=\"Est. reading time\" \/>\n\t<meta name=\"twitter:data1\" content=\"2 minutes\" \/>\n<script type=\"application\/ld+json\" class=\"yoast-schema-graph\">{\"@context\":\"https:\/\/schema.org\",\"@graph\":[{\"@type\":\"WebSite\",\"@id\":\"https:\/\/newskyvn.com\/#website\",\"url\":\"https:\/\/newskyvn.com\/\",\"name\":\"NEW SKY CO.,LTD\",\"description\":\"C\\u00f4ng Ty TNHH S\\u1ea3n Xu\\u1ea5t Th\\u01b0\\u01a1ng M\\u1ea1i D\\u1ecbch V\\u1ee5 T\\u00e2n Thi\\u00ean\",\"potentialAction\":[{\"@type\":\"SearchAction\",\"target\":{\"@type\":\"EntryPoint\",\"urlTemplate\":\"https:\/\/newskyvn.com\/?s={search_term_string}\"},\"query-input\":\"required name=search_term_string\"}],\"inLanguage\":\"en-US\"},{\"@type\":\"ImageObject\",\"@id\":\"https:\/\/newskyvn.com\/product\/qe1008-w-set\/#primaryimage\",\"inLanguage\":\"en-US\",\"url\":\"https:\/\/newskyvn.com\/wp-content\/uploads\/2021\/09\/show_qe1008_vset.jpg\",\"contentUrl\":\"https:\/\/newskyvn.com\/wp-content\/uploads\/2021\/09\/show_qe1008_vset.jpg\",\"width\":500,\"height\":500},{\"@type\":\"WebPage\",\"@id\":\"https:\/\/newskyvn.com\/product\/qe1008-w-set\/#webpage\",\"url\":\"https:\/\/newskyvn.com\/product\/qe1008-w-set\/\",\"name\":\"QE1008-W SET - NEW SKY CO.,LTD\",\"isPartOf\":{\"@id\":\"https:\/\/newskyvn.com\/#website\"},\"primaryImageOfPage\":{\"@id\":\"https:\/\/newskyvn.com\/product\/qe1008-w-set\/#primaryimage\"},\"datePublished\":\"2021-09-17T04:07:53+00:00\",\"dateModified\":\"2025-05-21T14:44:58+00:00\",\"breadcrumb\":{\"@id\":\"https:\/\/newskyvn.com\/product\/qe1008-w-set\/#breadcrumb\"},\"inLanguage\":\"en-US\",\"potentialAction\":[{\"@type\":\"ReadAction\",\"target\":[\"https:\/\/newskyvn.com\/product\/qe1008-w-set\/\"]}]},{\"@type\":\"BreadcrumbList\",\"@id\":\"https:\/\/newskyvn.com\/product\/qe1008-w-set\/#breadcrumb\",\"itemListElement\":[{\"@type\":\"ListItem\",\"position\":1,\"name\":\"Product\",\"item\":\"https:\/\/newskyvn.com\/en\/san-pham\/\"},{\"@type\":\"ListItem\",\"position\":2,\"name\":\"QE1008-W SET\"}]}]}<\/script>\n<!-- \/ Yoast SEO plugin. -->","_links":{"self":[{"href":"https:\/\/newskyvn.com\/en\/wp-json\/wp\/v2\/product\/1245"}],"collection":[{"href":"https:\/\/newskyvn.com\/en\/wp-json\/wp\/v2\/product"}],"about":[{"href":"https:\/\/newskyvn.com\/en\/wp-json\/wp\/v2\/types\/product"}],"replies":[{"embeddable":true,"href":"https:\/\/newskyvn.com\/en\/wp-json\/wp\/v2\/comments?post=1245"}],"wp:featuredmedia":[{"embeddable":true,"href":"https:\/\/newskyvn.com\/en\/wp-json\/wp\/v2\/media\/1247"}],"wp:attachment":[{"href":"https:\/\/newskyvn.com\/en\/wp-json\/wp\/v2\/media?parent=1245"}],"wp:term":[{"taxonomy":"product_cat","embeddable":true,"href":"https:\/\/newskyvn.com\/en\/wp-json\/wp\/v2\/product_cat?post=1245"},{"taxonomy":"product_tag","embeddable":true,"href":"https:\/\/newskyvn.com\/en\/wp-json\/wp\/v2\/product_tag?post=1245"}],"curies":[{"name":"wp","href":"https:\/\/api.w.org\/{rel}","templated":true}]}}