{"id":1241,"date":"2021-09-17T16:35:25","date_gmt":"2021-09-17T16:35:25","guid":{"rendered":"https:\/\/newskyvn.com\/?post_type=product&#038;p=1241"},"modified":"2024-09-15T12:48:34","modified_gmt":"2024-09-15T12:48:34","slug":"vda-m","status":"publish","type":"product","link":"https:\/\/newskyvn.com\/en\/product\/vda-m\/","title":{"rendered":"VDA-M"},"content":{"rendered":"<p><\/p>\n<table>\n<tbody>\n<tr>\n<td colspan=\"4\" width=\"661\"><strong>\u00a0\u00a0TECHNICAL DATA\u00a0\u00a0\u00a0\u00a0\u00a0\u00a0\u00a0\u00a0\u00a0\u00a0\u00a0\u00a0\u00a0\u00a0\u00a0\u00a0\u00a0\u00a0\u00a0\u00a0\u00a0\u00a0\u00a0\u00a0\u00a0\u00a0\u00a0\u00a0\u00a0\u00a0\u00a0\u00a0\u00a0\u00a0\u00a0\u00a0\u00a0\u00a0\u00a0\u00a0\u00a0\u00a0\u00a0\u00a0\u00a0\u00a0\u00a0\u00a0\u00a0\u00a0\u00a0\u00a0\u00a0\u00a0\u00a0\u00a0\u00a0\u00a0\u00a0\u00a0\u00a0\u00a0\u00a0\u00a0\u00a0\u00a0\u00a0\u00a0\u00a0\u00a0\u00a0\u00a0\u00a0\u00a0\u00a0\u00a0\u00a0\u00a0\u00a0\u00a0\u00a0\u00a0\u00a0\u00a0\u00a0\u00a0\u00a0\u00a0\u00a0\u00a0\u00a0\u00a0\u00a0\u00a0\u00a0\u00a0\u00a0\u00a0\u00a0\u00a0\u00a0\u00a0\u00a0\u00a0\u00a0\u00a0\u00a0\u00a0\u00a0\u00a0\u00a0\u00a0\u00a0\u00a0\u00a0\u00a0\u00a0\u00a0\u00a0\u00a0\u00a0\u00a0\u00a0\u00a0\u00a0\u00a0\u00a0\u00a0\u00a0 <\/strong><\/td>\n<\/tr>\n<tr>\n<td width=\"200\">&nbsp;<\/td>\n<td width=\"154\">Clamping force output (CF)<\/td>\n<td width=\"154\">Mold protection output (MP)<\/td>\n<td width=\"154\">Cavity pressure profile<\/p>\n<p>output (CPP)<\/td>\n<\/tr>\n<tr>\n<td width=\"200\">Linearity<\/td>\n<td width=\"154\">&lt; \u00b1 0.02% FS<\/td>\n<td width=\"154\">&lt; \u00b1 0.02% FS<\/td>\n<td width=\"154\">&lt; \u00b1 0.02% FS<\/td>\n<\/tr>\n<tr>\n<td width=\"200\">Accuracy at room temperature (1)<\/td>\n<td width=\"154\">&lt; \u00b1 0.2% FS<\/td>\n<td width=\"154\">&lt; \u00b1 1% typ. (&lt; \u00b1 2% max.)<\/td>\n<td width=\"154\">&lt; \u00b1 1% typ. (&lt; \u00b1 2% max.)<\/td>\n<\/tr>\n<tr>\n<td width=\"200\">Signal input range (FS)<\/td>\n<td width=\"154\">0.1\u20263.00 mV\/V<\/p>\n<p>(100\u20263000\u03bc\u03b5)<\/td>\n<td width=\"154\">0.02\u20260.10 mV\/V<\/p>\n<p>(20&#8230;100\u03bc\u03b5)<\/td>\n<td width=\"154\">0.02\u20260.10 mV\/V<\/p>\n<p>(20&#8230;100\u03bc\u03b5)<\/td>\n<\/tr>\n<tr>\n<td width=\"200\">Output resolution<\/td>\n<td width=\"154\">16-Bit<\/td>\n<td width=\"154\">16-Bit<\/td>\n<td width=\"154\">16-Bit<\/td>\n<\/tr>\n<tr>\n<td width=\"200\">Sampling rate<\/td>\n<td width=\"154\">1 kHz<\/td>\n<td width=\"154\">1 kHz<\/td>\n<td width=\"154\">1 kHz<\/td>\n<\/tr>\n<tr>\n<td width=\"200\">Low-pass filter<\/td>\n<td width=\"154\">100 Hz<\/td>\n<td width=\"154\">100 Hz<\/td>\n<td width=\"154\">100 Hz<\/td>\n<\/tr>\n<tr>\n<td width=\"200\">Case material<\/td>\n<td colspan=\"3\" width=\"461\">Aluminum anodized<\/td>\n<\/tr>\n<tr>\n<td width=\"200\">Reset time<\/td>\n<td colspan=\"3\" width=\"461\">see order code<\/td>\n<\/tr>\n<tr>\n<td width=\"200\">Reset voltage<\/td>\n<td colspan=\"3\" width=\"461\">12\u202636 VDC<\/td>\n<\/tr>\n<tr>\n<td width=\"200\">Supply voltage<\/td>\n<td colspan=\"3\" width=\"461\">12\u202636 VDC<\/td>\n<\/tr>\n<tr>\n<td width=\"200\">Power consumption<\/td>\n<td colspan=\"3\" width=\"461\">0.6W<\/td>\n<\/tr>\n<tr>\n<td width=\"200\">Allowed load<\/td>\n<td width=\"154\">\u22655 k\u03a9<\/td>\n<td width=\"154\">\u22655 k\u03a9<\/td>\n<td width=\"154\">\u22655 k\u03a9<\/td>\n<\/tr>\n<tr>\n<td width=\"200\">Operating temperature range<\/td>\n<td colspan=\"3\" width=\"461\">-40\u2026+85\u00b0C<\/td>\n<\/tr>\n<tr>\n<td width=\"200\">Storage temperature range<\/td>\n<td colspan=\"3\" width=\"461\">-40\u2026+100\u00b0C<\/td>\n<\/tr>\n<tr>\n<td width=\"200\">Temperature effects<\/td>\n<td width=\"154\">\u00b1 0.01% FS\/\u00b0C<\/td>\n<td width=\"154\">\u00b1 0.02% FS\/\u00b0C<\/td>\n<td width=\"154\">\u00b1 0.02% FS\/\u00b0C<\/td>\n<\/tr>\n<tr>\n<td width=\"200\">Weight<\/td>\n<td colspan=\"3\" width=\"461\">~160 g<\/td>\n<\/tr>\n<tr>\n<td width=\"200\">Protection class<\/td>\n<td colspan=\"3\" width=\"461\">IP65<\/td>\n<\/tr>\n<tr>\n<td width=\"200\">Output short circuit protection<\/td>\n<td colspan=\"3\" width=\"461\">Yes<\/td>\n<\/tr>\n<tr>\n<td width=\"200\">Reverse polarity protection<\/td>\n<td colspan=\"3\" width=\"461\">Yes<\/td>\n<\/tr>\n<tr>\n<td width=\"200\">Dielectric strenght (2)<\/td>\n<td colspan=\"3\" width=\"461\">250V<\/td>\n<\/tr>\n<tr>\n<td width=\"200\">EC Conformity A<\/td>\n<td colspan=\"3\" width=\"461\">According to Directive 2014\/30\/EU<\/td>\n<\/tr>\n<tr>\n<td colspan=\"4\" width=\"661\">(1) incl. Non-linearity, Hysteresis, Repeatability, Zero-offset and Span-offset<\/td>\n<\/tr>\n<tr>\n<td colspan=\"4\" width=\"661\">(2) Uses 50V 2J Voltage suppressor<\/td>\n<\/tr>\n<tr>\n<td colspan=\"4\" width=\"661\">The three output ranges are from 0 up to \u00b112 V.<\/p>\n<p>The amplifier has an integrated sensor cable breakage detection. In the event of an interruption in one or more sensor lines, the output voltage increases or decreases to a value \u00b111.5V &#8230; \u00b112V.<\/p>\n<p>In order to properly use the cable breakage detection it is suggested to use the amplifier only in the range \u00b110.0V and to make sure that the amplifier is reset after every machine cycle.<\/td>\n<\/tr>\n<\/tbody>\n<\/table>\n<p><\/p>","protected":false},"excerpt":{"rendered":"<ul>\n<li><em>Solution for:<\/em>\n<ul>\n<li>Clamping Force measurement<\/li>\n<li>Mold Protection<\/li>\n<li>Cavity Pressure Profile monitoring<\/li>\n<\/ul>\n<\/li>\n<li><em>Only one sensor mounted either on the tie-bar or on the toggle<\/em><\/li>\n<li><em>Usable on injection molding machines with toggle lever<\/em><\/li>\n<\/ul>\n<p><em>\u00a0<\/em>The amplifier VDA-M is a smart solution for clamping force measurement, mold protection and monitoring of the cavity pressure profile of injection molding machines with toggle lever.<\/p>\n<p>The three-channel amplifier VDA-M measures all three pa- rameters with only one sensor, which is mounted either on a tiebar or on the toggle, depending on the machine type. This is made possible by sophisticated digital amplifier electronics which, in addition to the output for the clamping force, also supplies high-resolution signals specially con- ditioned for the respective application for mold protection and evaluation of the cavity pressure profile.<\/p>\n","protected":false},"featured_media":1243,"comment_status":"open","ping_status":"closed","template":"","meta":[],"product_cat":[119,126],"product_tag":[],"yoast_head":"<!-- This site is optimized with the Yoast SEO plugin v16.6.1 - https:\/\/yoast.com\/wordpress\/plugins\/seo\/ -->\n<title>VDA-M - NEW SKY CO.,LTD<\/title>\n<meta name=\"robots\" content=\"index, follow, max-snippet:-1, max-image-preview:large, max-video-preview:-1\" \/>\n<link rel=\"canonical\" href=\"https:\/\/newskyvn.com\/product\/vda-m\/\" \/>\n<meta property=\"og:locale\" content=\"en_US\" \/>\n<meta property=\"og:type\" content=\"article\" \/>\n<meta property=\"og:title\" content=\"VDA-M - NEW SKY CO.,LTD\" \/>\n<meta property=\"og:description\" content=\"[:vi]&nbsp;  \u2022 Gi\u1ea3i ph\u00e1p cho: - \u0110o l\u1ef1c k\u1eb9p - B\u1ea3o v\u1ec7 n\u1ea5m m\u1ed1c - Gi\u00e1m s\u00e1t h\u1ed3 s\u01a1 \u00e1p su\u1ea5t khoang \u2022 Ch\u1ec9 m\u1ed9t c\u1ea3m bi\u1ebfn \u0111\u01b0\u1ee3c g\u1eafn tr\u00ean thanh gi\u1eb1ng ho\u1eb7c tr\u00ean c\u00f4ng t\u1eafc \u2022 S\u1eed d\u1ee5ng \u0111\u01b0\u1ee3c tr\u00ean m\u00e1y \u00e9p phun v\u1edbi c\u1ea7n g\u1ea1t chuy\u1ec3n \u0111\u1ed5i  B\u1ed9 khu\u1ebfch \u0111\u1ea1i VDA-M l\u00e0 m\u1ed9t gi\u1ea3i ph\u00e1p th\u00f4ng minh \u0111\u1ec3 \u0111o l\u1ef1c k\u1eb9p, b\u1ea3o v\u1ec7 khu\u00f4n v\u00e0 theo d\u00f5i bi\u00ean d\u1ea1ng \u00e1p su\u1ea5t khoang c\u1ee7a m\u00e1y \u00e9p phun b\u1eb1ng c\u1ea7n g\u1ea1t chuy\u1ec3n \u0111\u1ed5i. B\u1ed9 khu\u1ebfch \u0111\u1ea1i ba k\u00eanh VDA-M \u0111o c\u1ea3 ba th\u01b0\u1edbc \u0111o ch\u1ec9 v\u1edbi m\u1ed9t c\u1ea3m bi\u1ebfn, \u0111\u01b0\u1ee3c g\u1eafn tr\u00ean thanh gi\u1eb1ng ho\u1eb7c tr\u00ean c\u00f4ng t\u1eafc, t\u00f9y thu\u1ed9c v\u00e0o lo\u1ea1i m\u00e1y. \u0110i\u1ec1u n\u00e0y c\u00f3 th\u1ec3 th\u1ef1c hi\u1ec7n \u0111\u01b0\u1ee3c nh\u1edd thi\u1ebft b\u1ecb \u0111i\u1ec7n t\u1eed khu\u1ebfch \u0111\u1ea1i k\u1ef9 thu\u1eadt s\u1ed1 tinh vi, ngo\u00e0i \u0111\u1ea7u ra cho l\u1ef1c k\u1eb9p, c\u00f2n cung c\u1ea5p t\u00edn hi\u1ec7u c\u00f3 \u0111\u1ed9 ph\u00e2n gi\u1ea3i cao \u0111\u01b0\u1ee3c thi\u1ebft k\u1ebf \u0111\u1eb7c bi\u1ec7t cho \u1ee9ng d\u1ee5ng t\u01b0\u01a1ng \u1ee9ng \u0111\u1ec3 b\u1ea3o v\u1ec7 khu\u00f4n v\u00e0 \u0111\u00e1nh gi\u00e1 bi\u00ean d\u1ea1ng \u00e1p su\u1ea5t khoang.  &nbsp;[:en]  Solution for:   Clamping Force measurement  Mold Protection  Cavity Pressure Profile monitoring    Only one sensor mounted either on the tie-bar or on the toggle  Usable on injection molding machines with toggle lever  \u00a0The amplifier VDA-M is a smart solution for clamping force measurement, mold protection and monitoring of the cavity pressure profile of injection molding machines with toggle lever.  The three-channel amplifier VDA-M measures all three pa- rameters with only one sensor, which is mounted either on a tiebar or on the toggle, depending on the machine type. This is made possible by sophisticated digital amplifier electronics which, in addition to the output for the clamping force, also supplies high-resolution signals specially con- ditioned for the respective application for mold protection and evaluation of the cavity pressure profile.[:]\" \/>\n<meta property=\"og:url\" content=\"https:\/\/newskyvn.com\/product\/vda-m\/\" \/>\n<meta property=\"og:site_name\" content=\"NEW SKY CO.,LTD\" \/>\n<meta property=\"article:modified_time\" content=\"2024-09-15T12:48:34+00:00\" \/>\n<meta property=\"og:image\" content=\"https:\/\/newskyvn.com\/wp-content\/uploads\/2021\/09\/show_VDA-M.jpg\" \/>\n\t<meta property=\"og:image:width\" content=\"500\" \/>\n\t<meta property=\"og:image:height\" content=\"500\" \/>\n<meta name=\"twitter:card\" content=\"summary_large_image\" \/>\n<meta name=\"twitter:label1\" content=\"Est. reading time\" \/>\n\t<meta name=\"twitter:data1\" content=\"2 minutes\" \/>\n<script type=\"application\/ld+json\" class=\"yoast-schema-graph\">{\"@context\":\"https:\/\/schema.org\",\"@graph\":[{\"@type\":\"WebSite\",\"@id\":\"https:\/\/newskyvn.com\/#website\",\"url\":\"https:\/\/newskyvn.com\/\",\"name\":\"NEW SKY CO.,LTD\",\"description\":\"C\\u00f4ng Ty TNHH S\\u1ea3n Xu\\u1ea5t Th\\u01b0\\u01a1ng M\\u1ea1i D\\u1ecbch V\\u1ee5 T\\u00e2n Thi\\u00ean\",\"potentialAction\":[{\"@type\":\"SearchAction\",\"target\":{\"@type\":\"EntryPoint\",\"urlTemplate\":\"https:\/\/newskyvn.com\/?s={search_term_string}\"},\"query-input\":\"required name=search_term_string\"}],\"inLanguage\":\"en-US\"},{\"@type\":\"ImageObject\",\"@id\":\"https:\/\/newskyvn.com\/product\/vda-m\/#primaryimage\",\"inLanguage\":\"en-US\",\"url\":\"https:\/\/newskyvn.com\/wp-content\/uploads\/2021\/09\/show_VDA-M.jpg\",\"contentUrl\":\"https:\/\/newskyvn.com\/wp-content\/uploads\/2021\/09\/show_VDA-M.jpg\",\"width\":500,\"height\":500},{\"@type\":\"WebPage\",\"@id\":\"https:\/\/newskyvn.com\/product\/vda-m\/#webpage\",\"url\":\"https:\/\/newskyvn.com\/product\/vda-m\/\",\"name\":\"VDA-M - NEW SKY CO.,LTD\",\"isPartOf\":{\"@id\":\"https:\/\/newskyvn.com\/#website\"},\"primaryImageOfPage\":{\"@id\":\"https:\/\/newskyvn.com\/product\/vda-m\/#primaryimage\"},\"datePublished\":\"2021-09-17T16:35:25+00:00\",\"dateModified\":\"2024-09-15T12:48:34+00:00\",\"breadcrumb\":{\"@id\":\"https:\/\/newskyvn.com\/product\/vda-m\/#breadcrumb\"},\"inLanguage\":\"en-US\",\"potentialAction\":[{\"@type\":\"ReadAction\",\"target\":[\"https:\/\/newskyvn.com\/product\/vda-m\/\"]}]},{\"@type\":\"BreadcrumbList\",\"@id\":\"https:\/\/newskyvn.com\/product\/vda-m\/#breadcrumb\",\"itemListElement\":[{\"@type\":\"ListItem\",\"position\":1,\"name\":\"Product\",\"item\":\"https:\/\/newskyvn.com\/en\/san-pham\/\"},{\"@type\":\"ListItem\",\"position\":2,\"name\":\"VDA-M\"}]}]}<\/script>\n<!-- \/ Yoast SEO plugin. -->","_links":{"self":[{"href":"https:\/\/newskyvn.com\/en\/wp-json\/wp\/v2\/product\/1241"}],"collection":[{"href":"https:\/\/newskyvn.com\/en\/wp-json\/wp\/v2\/product"}],"about":[{"href":"https:\/\/newskyvn.com\/en\/wp-json\/wp\/v2\/types\/product"}],"replies":[{"embeddable":true,"href":"https:\/\/newskyvn.com\/en\/wp-json\/wp\/v2\/comments?post=1241"}],"wp:featuredmedia":[{"embeddable":true,"href":"https:\/\/newskyvn.com\/en\/wp-json\/wp\/v2\/media\/1243"}],"wp:attachment":[{"href":"https:\/\/newskyvn.com\/en\/wp-json\/wp\/v2\/media?parent=1241"}],"wp:term":[{"taxonomy":"product_cat","embeddable":true,"href":"https:\/\/newskyvn.com\/en\/wp-json\/wp\/v2\/product_cat?post=1241"},{"taxonomy":"product_tag","embeddable":true,"href":"https:\/\/newskyvn.com\/en\/wp-json\/wp\/v2\/product_tag?post=1241"}],"curies":[{"name":"wp","href":"https:\/\/api.w.org\/{rel}","templated":true}]}}