{"id":1238,"date":"2021-09-17T04:36:56","date_gmt":"2021-09-17T04:36:56","guid":{"rendered":"https:\/\/newskyvn.com\/?post_type=product&#038;p=1238"},"modified":"2021-09-17T09:58:16","modified_gmt":"2021-09-17T09:58:16","slug":"in-4000-set","status":"publish","type":"product","link":"https:\/\/newskyvn.com\/en\/product\/in-4000-set\/","title":{"rendered":"IN-4000 SET"},"content":{"rendered":"<p><\/p>\n<table>\n<tbody>\n<tr>\n<td colspan=\"2\" width=\"661\"><strong><span style=\"color: #0000ff;\">\u00a0\u00a0TECHNICAL DATA OF IN-4000 SET \u00a0 \u00a0 \u00a0 \u00a0 \u00a0<\/span>\u00a0\u00a0\u00a0\u00a0\u00a0\u00a0\u00a0\u00a0\u00a0\u00a0\u00a0\u00a0\u00a0\u00a0\u00a0\u00a0\u00a0\u00a0\u00a0\u00a0\u00a0\u00a0\u00a0\u00a0\u00a0\u00a0\u00a0\u00a0\u00a0\u00a0\u00a0\u00a0\u00a0\u00a0\u00a0\u00a0\u00a0\u00a0\u00a0\u00a0\u00a0\u00a0\u00a0\u00a0\u00a0\u00a0\u00a0\u00a0\u00a0\u00a0\u00a0\u00a0\u00a0\u00a0\u00a0\u00a0\u00a0\u00a0\u00a0\u00a0\u00a0\u00a0\u00a0\u00a0\u00a0\u00a0\u00a0\u00a0\u00a0\u00a0\u00a0\u00a0\u00a0\u00a0\u00a0\u00a0\u00a0\u00a0\u00a0\u00a0\u00a0\u00a0\u00a0\u00a0\u00a0\u00a0\u00a0\u00a0\u00a0\u00a0\u00a0\u00a0\u00a0\u00a0\u00a0\u00a0\u00a0\u00a0\u00a0\u00a0\u00a0\u00a0\u00a0\u00a0\u00a0\u00a0\u00a0\u00a0\u00a0\u00a0\u00a0\u00a0\u00a0\u00a0\u00a0\u00a0\u00a0\u00a0\u00a0 <\/strong><\/td>\n<\/tr>\n<tr>\n<td width=\"329\">Strain gauge type<\/td>\n<td width=\"331\">Foil<\/td>\n<\/tr>\n<tr>\n<td width=\"329\">Measuring range<\/td>\n<td width=\"331\">4000bar<\/td>\n<\/tr>\n<tr>\n<td width=\"329\">Maximum touch force<\/td>\n<td width=\"331\">300kN (@ 60 mm diameter)<\/td>\n<\/tr>\n<tr>\n<td width=\"329\">Sensitivity<\/td>\n<td width=\"331\">1.5 mV\/V (nominal)<\/td>\n<\/tr>\n<tr>\n<td width=\"329\">Accuracy Error<\/td>\n<td width=\"331\">&lt; \u00b1 0.5% FS<\/td>\n<\/tr>\n<tr>\n<td width=\"329\">Linearity Error<\/td>\n<td width=\"331\">&lt; 0.2% FS<\/td>\n<\/tr>\n<tr>\n<td width=\"329\">Repeatability Error<\/td>\n<td width=\"331\">&lt; 0.2% FS<\/td>\n<\/tr>\n<tr>\n<td width=\"329\">Operating temperatur range<\/td>\n<td width=\"331\">10\u00b0&#8230;+230\u00b0C ( up to 400\u00b0C with singleshot application)<\/td>\n<\/tr>\n<tr>\n<td width=\"329\">Storage temperatur range<\/td>\n<td width=\"331\">-20\u00b0&#8230;+70\u00b0C<\/td>\n<\/tr>\n<tr>\n<td width=\"329\">Protection class<\/td>\n<td width=\"331\">IP50<\/td>\n<\/tr>\n<tr>\n<td width=\"329\">Case material<\/td>\n<td width=\"331\">Stainless steel (high grade)<\/td>\n<\/tr>\n<\/tbody>\n<\/table>\n<p><\/p>","protected":false},"excerpt":{"rendered":"<p>The IN-4000 SET measures in the injection moulding machine the nozzle pressure compare to the injection pressure.<\/p>\n<div class=\"text\">\n<p>This is especially important in processes according to ISO9000. The Nozzle pressure sensor is mounted with magnetic force.<br \/>\nThe nozzle injector of the injection moulding machine press directly on the nozzle adapter which protects the sensor against damage. After that the sensor will be loaded with the melt of the injection pressure.<br \/>\nThe Heater band warms the sensor up to 230\u00b0C so that the melt in the conical chamber remains liquide.<br \/>\nThis allows multiple measurements with different injection pressure.<\/p>\n<div class=\"text\">\n<p><strong><span style=\"color: #0000ff;\">Description<\/span><\/strong><\/p>\n<div class=\"text\">\n<ul>\n<li>\u00a0Measurements up to 4000bar nozzle pressure and melt temperature of 400\u00b0C.<\/li>\n<li>\u00a0Multishot measurements at temperatures &lt;230\u00b0C with different levels of pressure.<\/li>\n<li>\u00a0Simple magnetic installation without screws.<\/li>\n<li>\u00a0Combine the IN Sensor together with the Nozzle touch force sensor.<\/li>\n<li>\u00a0Ideal for service and development (measurements during operation are not possible).<\/li>\n<li>\u00a0Scope of delivery: IN Sensor, Controle and display device, Heater band, Nozzle adapter, Magnetic adap\u00acter, Magnetic base and carrying case<\/li>\n<\/ul>\n<\/div>\n<\/div>\n<\/div>\n","protected":false},"featured_media":1240,"comment_status":"open","ping_status":"closed","template":"","meta":[],"product_cat":[119,126],"product_tag":[],"yoast_head":"<!-- This site is optimized with the Yoast SEO plugin v16.6.1 - https:\/\/yoast.com\/wordpress\/plugins\/seo\/ -->\n<title>IN-4000 SET - NEW SKY CO.,LTD<\/title>\n<meta name=\"robots\" content=\"index, follow, max-snippet:-1, max-image-preview:large, max-video-preview:-1\" \/>\n<link rel=\"canonical\" href=\"https:\/\/newskyvn.com\/product\/in-4000-set\/\" \/>\n<meta property=\"og:locale\" content=\"en_US\" \/>\n<meta property=\"og:type\" content=\"article\" \/>\n<meta property=\"og:title\" content=\"IN-4000 SET - NEW SKY CO.,LTD\" \/>\n<meta property=\"og:description\" content=\"[:vi]IN-4000 SET \u0111o trong m\u00e1y \u00e9p phun \u00e1p su\u1ea5t v\u00f2i phun so v\u1edbi \u00e1p su\u1ea5t phun. \u0110i\u1ec1u n\u00e0y \u0111\u1eb7c bi\u1ec7t quan tr\u1ecdng trong c\u00e1c quy tr\u00ecnh theo ISO9000.\u00a0C\u1ea3m bi\u1ebfn \u00e1p su\u1ea5t v\u00f2i phun \u0111\u01b0\u1ee3c g\u1eafn v\u1edbi l\u1ef1c t\u1eeb tr\u01b0\u1eddng. Kim phun c\u1ee7a m\u00e1y \u00e9p phun \u00e9p tr\u1ef1c ti\u1ebfp v\u00e0o b\u1ed9 chuy\u1ec3n \u0111\u1ed5i \u0111\u1ea7u phun \u0111\u1ec3 b\u1ea3o v\u1ec7 c\u1ea3m bi\u1ebfn kh\u1ecfi b\u1ecb h\u01b0 h\u1ecfng.\u00a0Sau \u0111\u00f3, c\u1ea3m bi\u1ebfn s\u1ebd \u0111\u01b0\u1ee3c n\u1ea1p v\u1edbi s\u1ef1 tan ch\u1ea3y c\u1ee7a \u00e1p su\u1ea5t phun. D\u1ea3i Heater l\u00e0m \u1ea5m c\u1ea3m bi\u1ebfn l\u00ean \u0111\u1ebfn 230 \u00b0 C \u0111\u1ec3 ch\u1ea5t tan ch\u1ea3y trong bu\u1ed3ng h\u00ecnh n\u00f3n v\u1eabn \u1edf th\u1ec3 l\u1ecfng. \u0110i\u1ec1u n\u00e0y cho ph\u00e9p th\u1ef1c hi\u1ec7n nhi\u1ec1u ph\u00e9p \u0111o v\u1edbi \u00e1p su\u1ea5t phun kh\u00e1c nhau.   \u0110o \u00e1p su\u1ea5t v\u00f2i phun l\u00ean \u0111\u1ebfn 4000bar v\u00e0 nhi\u1ec7t \u0111\u1ed9 n\u00f3ng ch\u1ea3y 400 \u00b0 C.  \u0110o nhi\u1ec1u \u1ea3nh \u1edf nhi\u1ec7t \u0111\u1ed9 &lt;230 \u00b0 C v\u1edbi c\u00e1c m\u1ee9c \u00e1p su\u1ea5t kh\u00e1c nhau.  L\u1eafp \u0111\u1eb7t t\u1eeb t\u00ednh \u0111\u01a1n gi\u1ea3n kh\u00f4ng c\u1ea7n v\u00edt.  K\u1ebft h\u1ee3p C\u1ea3m bi\u1ebfn IN c\u00f9ng v\u1edbi C\u1ea3m bi\u1ebfn l\u1ef1c ch\u1ea1m v\u00f2i.  L\u00fd t\u01b0\u1edfng cho vi\u1ec7c b\u1ea3o tr\u00ec v\u00e0 ph\u00e1t tri\u1ec3n (kh\u00f4ng th\u1ec3 th\u1ef1c hi\u1ec7n c\u00e1c ph\u00e9p \u0111o trong qu\u00e1 tr\u00ecnh v\u1eadn h\u00e0nh).  Ph\u1ea1m vi ph\u00e2n ph\u1ed1i: C\u1ea3m bi\u1ebfn IN, Thi\u1ebft b\u1ecb \u0111i\u1ec1u khi\u1ec3n v\u00e0 hi\u1ec3n th\u1ecb, B\u0103ng t\u1ea7n l\u00e0m n\u00f3ng,  B\u1ed9 \u0111i\u1ec1u h\u1ee3p v\u00f2i phun, B\u1ed9 \u0111i\u1ec1u h\u1ee3p t\u1eeb t\u00ednh, \u0110\u1ebf t\u1eeb v\u00e0 h\u1ed9p \u0111\u1ef1ng [:en]The IN-4000 SET measures in the injection moulding machine the nozzle pressure compare to the injection pressure.   This is especially important in processes according to ISO9000. The Nozzle pressure sensor is mounted with magnetic force. The nozzle injector of the injection moulding machine press directly on the nozzle adapter which protects the sensor against damage. After that the sensor will be loaded with the melt of the injection pressure. The Heater band warms the sensor up to 230\u00b0C so that the melt in the conical chamber remains liquide. This allows multiple measurements with different injection pressure.   Description    \u00a0Measurements up to 4000bar nozzle pressure and melt temperature of 400\u00b0C.  \u00a0Multishot measurements at temperatures &lt;230\u00b0C with different levels of pressure.  \u00a0Simple magnetic installation without screws.  \u00a0Combine the IN Sensor together with the Nozzle touch force sensor.  \u00a0Ideal for service and development (measurements during operation are not possible).  \u00a0Scope of delivery: IN Sensor, Controle and display device, Heater band, Nozzle adapter, Magnetic adap\u00acter, Magnetic base and carrying case    [:]\" \/>\n<meta property=\"og:url\" content=\"https:\/\/newskyvn.com\/product\/in-4000-set\/\" \/>\n<meta property=\"og:site_name\" content=\"NEW SKY CO.,LTD\" \/>\n<meta property=\"article:modified_time\" content=\"2021-09-17T09:58:16+00:00\" \/>\n<meta property=\"og:image\" content=\"https:\/\/newskyvn.com\/wp-content\/uploads\/2021\/09\/show_IN4000_SFONDO_BIANCO.jpg\" \/>\n\t<meta property=\"og:image:width\" content=\"500\" \/>\n\t<meta property=\"og:image:height\" content=\"500\" \/>\n<meta name=\"twitter:card\" content=\"summary_large_image\" \/>\n<meta name=\"twitter:label1\" content=\"Est. reading time\" \/>\n\t<meta name=\"twitter:data1\" content=\"1 minute\" \/>\n<script type=\"application\/ld+json\" class=\"yoast-schema-graph\">{\"@context\":\"https:\/\/schema.org\",\"@graph\":[{\"@type\":\"WebSite\",\"@id\":\"https:\/\/newskyvn.com\/#website\",\"url\":\"https:\/\/newskyvn.com\/\",\"name\":\"NEW SKY CO.,LTD\",\"description\":\"C\\u00f4ng Ty TNHH S\\u1ea3n Xu\\u1ea5t Th\\u01b0\\u01a1ng M\\u1ea1i D\\u1ecbch V\\u1ee5 T\\u00e2n Thi\\u00ean\",\"potentialAction\":[{\"@type\":\"SearchAction\",\"target\":{\"@type\":\"EntryPoint\",\"urlTemplate\":\"https:\/\/newskyvn.com\/?s={search_term_string}\"},\"query-input\":\"required name=search_term_string\"}],\"inLanguage\":\"en-US\"},{\"@type\":\"ImageObject\",\"@id\":\"https:\/\/newskyvn.com\/product\/in-4000-set\/#primaryimage\",\"inLanguage\":\"en-US\",\"url\":\"https:\/\/newskyvn.com\/wp-content\/uploads\/2021\/09\/show_IN4000_SFONDO_BIANCO.jpg\",\"contentUrl\":\"https:\/\/newskyvn.com\/wp-content\/uploads\/2021\/09\/show_IN4000_SFONDO_BIANCO.jpg\",\"width\":500,\"height\":500},{\"@type\":\"WebPage\",\"@id\":\"https:\/\/newskyvn.com\/product\/in-4000-set\/#webpage\",\"url\":\"https:\/\/newskyvn.com\/product\/in-4000-set\/\",\"name\":\"IN-4000 SET - NEW SKY CO.,LTD\",\"isPartOf\":{\"@id\":\"https:\/\/newskyvn.com\/#website\"},\"primaryImageOfPage\":{\"@id\":\"https:\/\/newskyvn.com\/product\/in-4000-set\/#primaryimage\"},\"datePublished\":\"2021-09-17T04:36:56+00:00\",\"dateModified\":\"2021-09-17T09:58:16+00:00\",\"breadcrumb\":{\"@id\":\"https:\/\/newskyvn.com\/product\/in-4000-set\/#breadcrumb\"},\"inLanguage\":\"en-US\",\"potentialAction\":[{\"@type\":\"ReadAction\",\"target\":[\"https:\/\/newskyvn.com\/product\/in-4000-set\/\"]}]},{\"@type\":\"BreadcrumbList\",\"@id\":\"https:\/\/newskyvn.com\/product\/in-4000-set\/#breadcrumb\",\"itemListElement\":[{\"@type\":\"ListItem\",\"position\":1,\"name\":\"Product\",\"item\":\"https:\/\/newskyvn.com\/en\/san-pham\/\"},{\"@type\":\"ListItem\",\"position\":2,\"name\":\"IN-4000 SET\"}]}]}<\/script>\n<!-- \/ Yoast SEO plugin. -->","_links":{"self":[{"href":"https:\/\/newskyvn.com\/en\/wp-json\/wp\/v2\/product\/1238"}],"collection":[{"href":"https:\/\/newskyvn.com\/en\/wp-json\/wp\/v2\/product"}],"about":[{"href":"https:\/\/newskyvn.com\/en\/wp-json\/wp\/v2\/types\/product"}],"replies":[{"embeddable":true,"href":"https:\/\/newskyvn.com\/en\/wp-json\/wp\/v2\/comments?post=1238"}],"wp:featuredmedia":[{"embeddable":true,"href":"https:\/\/newskyvn.com\/en\/wp-json\/wp\/v2\/media\/1240"}],"wp:attachment":[{"href":"https:\/\/newskyvn.com\/en\/wp-json\/wp\/v2\/media?parent=1238"}],"wp:term":[{"taxonomy":"product_cat","embeddable":true,"href":"https:\/\/newskyvn.com\/en\/wp-json\/wp\/v2\/product_cat?post=1238"},{"taxonomy":"product_tag","embeddable":true,"href":"https:\/\/newskyvn.com\/en\/wp-json\/wp\/v2\/product_tag?post=1238"}],"curies":[{"name":"wp","href":"https:\/\/api.w.org\/{rel}","templated":true}]}}