{"id":1235,"date":"2021-09-16T10:26:14","date_gmt":"2021-09-16T10:26:14","guid":{"rendered":"https:\/\/newskyvn.com\/?post_type=product&#038;p=1235"},"modified":"2021-09-16T10:26:15","modified_gmt":"2021-09-16T10:26:15","slug":"iut-f190-b40-2v1d-fr1-01","status":"publish","type":"product","link":"https:\/\/newskyvn.com\/en\/product\/iut-f190-b40-2v1d-fr1-01\/","title":{"rendered":"IUT-F190-B40-2V1D-FR1-01"},"content":{"rendered":"<p>&nbsp;<\/p>\n<p id=\"techdata\"><strong><span style=\"color: #0000ff;\">Datasheet excerpt: Technical data of\u00a0 IUT-F190-B40-2V1D-FR1-01<\/span><\/strong><\/p>\n<table class=\"standard enum\">\n<tbody>\n<tr>\n<th colspan=\"2\">Product Description<\/th>\n<\/tr>\n<tr>\n<td colspan=\"3\">UHF read\/write station, Europe<\/td>\n<\/tr>\n<\/tbody>\n<\/table>\n<table class=\"standard enum\">\n<tbody>\n<tr>\n<th colspan=\"3\">General specifications<\/th>\n<\/tr>\n<tr>\n<td colspan=\"2\">Operating frequency<\/td>\n<td>865 \u2026 868 MHz: EU, Turkey<br \/>\nTransmission licenses for other countries on request<\/td>\n<\/tr>\n<tr>\n<td colspan=\"2\">Emitted power<\/td>\n<td>3 &#8230; 1000 mW ERP adjustable<\/td>\n<\/tr>\n<tr>\n<td colspan=\"2\">Operating distance<\/td>\n<td>typ. 2 m<\/td>\n<\/tr>\n<tr>\n<th colspan=\"3\">Indicators\/operating means<\/th>\n<\/tr>\n<tr>\n<td colspan=\"2\">LED green<\/td>\n<td>Power on<\/td>\n<\/tr>\n<tr>\n<td colspan=\"2\">LED yellow<\/td>\n<td>Read\/write operation successful<\/td>\n<\/tr>\n<tr>\n<td colspan=\"2\">LED blue<\/td>\n<td>Transmission mode<\/td>\n<\/tr>\n<tr>\n<td colspan=\"2\">LED Link\/Traffic<\/td>\n<td>green: network connection<br \/>\nyellow: flashes in rhythm with the transmitted data<\/td>\n<\/tr>\n<tr>\n<th colspan=\"3\">Electrical specifications<\/th>\n<\/tr>\n<tr>\n<td colspan=\"2\">Rated operating voltage<\/td>\n<td>20 &#8230; 30 V DC , PELV<\/td>\n<\/tr>\n<tr>\n<td colspan=\"2\">Ripple<\/td>\n<td>\u2264 10 % at 30\u00a0V\u00a0DC<\/td>\n<\/tr>\n<tr>\n<td colspan=\"2\">Current consumption<\/td>\n<td>\u2264 500 mA<\/td>\n<\/tr>\n<tr>\n<td colspan=\"2\">Power consumption<\/td>\n<td>\u2264 10 W<\/td>\n<\/tr>\n<tr>\n<td colspan=\"2\">Surge protection<\/td>\n<td>category 2<\/td>\n<\/tr>\n<tr>\n<th colspan=\"3\">Interface 1<\/th>\n<\/tr>\n<tr>\n<td colspan=\"2\">Physical<\/td>\n<td>Ethernet<\/td>\n<\/tr>\n<tr>\n<td colspan=\"2\">Protocol<\/td>\n<td>HTTP<br \/>\nEtherNet\/IP<br \/>\nPROFINET IO<\/td>\n<\/tr>\n<tr>\n<td colspan=\"2\">Transfer rate<\/td>\n<td>10 MBit\/s or 100 MBit\/s<\/td>\n<\/tr>\n<tr>\n<th colspan=\"3\">Interface 2<\/th>\n<\/tr>\n<tr>\n<td colspan=\"2\">Physical<\/td>\n<td>Ethernet<\/td>\n<\/tr>\n<tr>\n<td colspan=\"2\">Protocol<\/td>\n<td>HTTP<br \/>\nEtherNet\/IP<br \/>\nPROFINET IO<\/td>\n<\/tr>\n<tr>\n<td colspan=\"2\">Transfer rate<\/td>\n<td>10\u00a0MBit\/s or 100 MBit\/s<\/td>\n<\/tr>\n<tr>\n<th colspan=\"3\">Directive conformity<\/th>\n<\/tr>\n<tr>\n<td colspan=\"2\">Radio equipment<\/td>\n<td><\/td>\n<\/tr>\n<tr>\n<td><\/td>\n<td>Directive 2014\/53\/EU<\/td>\n<td class=\"subattribute\">EN\u00a0301489-1<br \/>\nEN\u00a0301489-3<br \/>\nEN 302208<br \/>\nEN\u00a062368-1<br \/>\nEN\u00a062311<br \/>\nEN\u00a050364<\/td>\n<\/tr>\n<tr>\n<td colspan=\"2\">RoHS<\/td>\n<td><\/td>\n<\/tr>\n<tr>\n<td><\/td>\n<td>Directive 2011\/65\/EU (RoHS)<\/td>\n<td class=\"subattribute\">IEC\/EN 63000<\/td>\n<\/tr>\n<tr>\n<th colspan=\"3\">Standard conformity<\/th>\n<\/tr>\n<tr>\n<td colspan=\"2\">Degree of protection<\/td>\n<td>EN 60529<\/td>\n<\/tr>\n<tr>\n<td colspan=\"2\">RFID<\/td>\n<td>ISO\/IEC\u00a018000-63<\/td>\n<\/tr>\n<tr>\n<th colspan=\"3\">Ambient conditions<\/th>\n<\/tr>\n<tr>\n<td colspan=\"2\">Classification<\/td>\n<td>Environmental condition A (controlled environment)<\/td>\n<\/tr>\n<tr>\n<td colspan=\"2\">Ambient temperature<\/td>\n<td>-20 &#8230; 70 \u00b0C (-4 &#8230; 158 \u00b0F) (Operation with nontransmission periods, adjustable)<br \/>\n-20 &#8230; 50 \u00b0C (-4 &#8230; 122 \u00b0F) (Continuous transmission mode)<\/td>\n<\/tr>\n<tr>\n<td colspan=\"2\">Storage temperature<\/td>\n<td>-40 &#8230; 85 \u00b0C (-40 &#8230; 185 \u00b0F)<\/td>\n<\/tr>\n<tr>\n<td colspan=\"2\">Pollution degree<\/td>\n<td>2<\/td>\n<\/tr>\n<tr>\n<th colspan=\"3\">Mechanical specifications<\/th>\n<\/tr>\n<tr>\n<td colspan=\"2\">Housing length<\/td>\n<td>114 mm<\/td>\n<\/tr>\n<tr>\n<td colspan=\"2\">Housing width<\/td>\n<td>112 mm<\/td>\n<\/tr>\n<tr>\n<td colspan=\"2\">Housing height<\/td>\n<td>63 mm<\/td>\n<\/tr>\n<tr>\n<td colspan=\"2\">Degree of protection<\/td>\n<td>IP67<\/td>\n<\/tr>\n<tr>\n<td colspan=\"2\">Connection<\/td>\n<td>Power supply: M12 connector<br \/>\nProtective earth: M4 earthing screw<br \/>\nEthernet: M12 plug connection<\/td>\n<\/tr>\n<tr>\n<td colspan=\"2\">Material<\/td>\n<td><\/td>\n<\/tr>\n<tr>\n<td><\/td>\n<td>Housing<\/td>\n<td class=\"subattribute\">PA 6.6<\/td>\n<\/tr>\n<tr>\n<td><\/td>\n<td>Base<\/td>\n<td class=\"subattribute\">diecast aluminum<\/td>\n<\/tr>\n<tr>\n<td colspan=\"2\">Mass<\/td>\n<td>770 g<\/td>\n<\/tr>\n<\/tbody>\n<\/table>\n<p>&nbsp;<\/p>\n<p><strong><span style=\"color: #0000ff;\">Classifications<\/span><\/strong><\/p>\n<table class=\"standard enum\">\n<tbody>\n<tr>\n<th>System<\/th>\n<th>Classcode<\/th>\n<\/tr>\n<tr>\n<td>ECLASS 11.0<\/td>\n<td>27280401<\/td>\n<\/tr>\n<tr>\n<td>ECLASS 10.0.1<\/td>\n<td>27280401<\/td>\n<\/tr>\n<tr>\n<td>ECLASS 9.0<\/td>\n<td>27280401<\/td>\n<\/tr>\n<tr>\n<td>ECLASS 8.0<\/td>\n<td>27280401<\/td>\n<\/tr>\n<tr>\n<td>ECLASS 5.1<\/td>\n<td>27280401<\/td>\n<\/tr>\n<tr>\n<td>ETIM 8.0<\/td>\n<td>EC002998<\/td>\n<\/tr>\n<tr>\n<td>ETIM 7.0<\/td>\n<td>EC002998<\/td>\n<\/tr>\n<tr>\n<td>ETIM 6.0<\/td>\n<td>EC002998<\/td>\n<\/tr>\n<tr>\n<td>UNSPSC 12.1<\/td>\n<td>43211710<\/td>\n<\/tr>\n<\/tbody>\n<\/table>\n<p><\/p>","protected":false},"excerpt":{"rendered":"<ul id=\"productfeatures\">\n<li>Ready-made PLC function blocks designed for quick and easy system integration<\/li>\n<li>Compact and robust housing for harsh industrial environments<\/li>\n<li>Switchable antenna polarization guarantees reliable tag detection and enhances process flow<\/li>\n<li>LED status indicator for bus communication and read\/write station<\/li>\n<li>Network loop through by means of integrated 2 port switch<\/li>\n<li>Flexible UHF read\/write station with medium detection range<\/li>\n<li>Multi-tag reading increases productivity<\/li>\n<\/ul>\n","protected":false},"featured_media":1237,"comment_status":"open","ping_status":"closed","template":"","meta":[],"product_cat":[62,63],"product_tag":[],"yoast_head":"<!-- This site is optimized with the Yoast SEO plugin v16.6.1 - https:\/\/yoast.com\/wordpress\/plugins\/seo\/ -->\n<title>IUT-F190-B40-2V1D-FR1-01 - NEW SKY CO.,LTD<\/title>\n<meta name=\"robots\" content=\"index, follow, max-snippet:-1, max-image-preview:large, max-video-preview:-1\" \/>\n<link rel=\"canonical\" href=\"https:\/\/newskyvn.com\/product\/iut-f190-b40-2v1d-fr1-01\/\" \/>\n<meta property=\"og:locale\" content=\"en_US\" \/>\n<meta property=\"og:type\" content=\"article\" \/>\n<meta property=\"og:title\" content=\"IUT-F190-B40-2V1D-FR1-01 - NEW SKY CO.,LTD\" \/>\n<meta property=\"og:description\" content=\"[:vi]  C\u00e1c kh\u1ed1i ch\u1ee9c n\u0103ng PLC l\u00e0m s\u1eb5n \u0111\u01b0\u1ee3c thi\u1ebft k\u1ebf \u0111\u1ec3 t\u00edch h\u1ee3p h\u1ec7 th\u1ed1ng nhanh ch\u00f3ng v\u00e0 d\u1ec5 d\u00e0ng  V\u1ecf nh\u1ecf g\u1ecdn v\u00e0 ch\u1eafc ch\u1eafn cho m\u00f4i tr\u01b0\u1eddng c\u00f4ng nghi\u1ec7p kh\u1eafc nghi\u1ec7t  Ph\u00e2n c\u1ef1c \u0103ng ten c\u00f3 th\u1ec3 chuy\u1ec3n \u0111\u1ed5i \u0111\u1ea3m b\u1ea3o ph\u00e1t hi\u1ec7n th\u1ebb \u0111\u00e1ng tin c\u1eady v\u00e0 t\u0103ng c\u01b0\u1eddng lu\u1ed3ng quy tr\u00ecnh  \u0110\u00e8n LED ch\u1ec9 b\u00e1o tr\u1ea1ng th\u00e1i cho giao ti\u1ebfp xe bu\u00fdt v\u00e0 tr\u1ea1m \u0111\u1ecdc \/ ghi  V\u00f2ng l\u1eb7p m\u1ea1ng th\u00f4ng qua ph\u01b0\u01a1ng ti\u1ec7n chuy\u1ec3n \u0111\u1ed5i 2 c\u1ed5ng t\u00edch h\u1ee3p  Tr\u1ea1m \u0111\u1ecdc \/ ghi UHF linh ho\u1ea1t v\u1edbi ph\u1ea1m vi ph\u00e1t hi\u1ec7n trung b\u00ecnh  \u0110\u1ecdc nhi\u1ec1u th\u1ebb gi\u00fap t\u0103ng n\u0103ng su\u1ea5t [:en]  Ready-made PLC function blocks designed for quick and easy system integration  Compact and robust housing for harsh industrial environments  Switchable antenna polarization guarantees reliable tag detection and enhances process flow  LED status indicator for bus communication and read\/write station  Network loop through by means of integrated 2 port switch  Flexible UHF read\/write station with medium detection range  Multi-tag reading increases productivity [:]\" \/>\n<meta property=\"og:url\" content=\"https:\/\/newskyvn.com\/product\/iut-f190-b40-2v1d-fr1-01\/\" \/>\n<meta property=\"og:site_name\" content=\"NEW SKY CO.,LTD\" \/>\n<meta property=\"article:modified_time\" content=\"2021-09-16T10:26:15+00:00\" \/>\n<meta property=\"og:image\" content=\"https:\/\/newskyvn.com\/wp-content\/uploads\/2021\/09\/IUT.jpg\" \/>\n\t<meta property=\"og:image:width\" content=\"500\" \/>\n\t<meta property=\"og:image:height\" content=\"500\" \/>\n<meta name=\"twitter:card\" content=\"summary_large_image\" \/>\n<meta name=\"twitter:label1\" content=\"Est. reading time\" \/>\n\t<meta name=\"twitter:data1\" content=\"2 minutes\" \/>\n<script type=\"application\/ld+json\" class=\"yoast-schema-graph\">{\"@context\":\"https:\/\/schema.org\",\"@graph\":[{\"@type\":\"WebSite\",\"@id\":\"https:\/\/newskyvn.com\/#website\",\"url\":\"https:\/\/newskyvn.com\/\",\"name\":\"NEW SKY CO.,LTD\",\"description\":\"C\\u00f4ng Ty TNHH S\\u1ea3n Xu\\u1ea5t Th\\u01b0\\u01a1ng M\\u1ea1i D\\u1ecbch V\\u1ee5 T\\u00e2n Thi\\u00ean\",\"potentialAction\":[{\"@type\":\"SearchAction\",\"target\":{\"@type\":\"EntryPoint\",\"urlTemplate\":\"https:\/\/newskyvn.com\/?s={search_term_string}\"},\"query-input\":\"required name=search_term_string\"}],\"inLanguage\":\"en-US\"},{\"@type\":\"ImageObject\",\"@id\":\"https:\/\/newskyvn.com\/product\/iut-f190-b40-2v1d-fr1-01\/#primaryimage\",\"inLanguage\":\"en-US\",\"url\":\"https:\/\/newskyvn.com\/wp-content\/uploads\/2021\/09\/IUT.jpg\",\"contentUrl\":\"https:\/\/newskyvn.com\/wp-content\/uploads\/2021\/09\/IUT.jpg\",\"width\":500,\"height\":500},{\"@type\":\"WebPage\",\"@id\":\"https:\/\/newskyvn.com\/product\/iut-f190-b40-2v1d-fr1-01\/#webpage\",\"url\":\"https:\/\/newskyvn.com\/product\/iut-f190-b40-2v1d-fr1-01\/\",\"name\":\"IUT-F190-B40-2V1D-FR1-01 - NEW SKY CO.,LTD\",\"isPartOf\":{\"@id\":\"https:\/\/newskyvn.com\/#website\"},\"primaryImageOfPage\":{\"@id\":\"https:\/\/newskyvn.com\/product\/iut-f190-b40-2v1d-fr1-01\/#primaryimage\"},\"datePublished\":\"2021-09-16T10:26:14+00:00\",\"dateModified\":\"2021-09-16T10:26:15+00:00\",\"breadcrumb\":{\"@id\":\"https:\/\/newskyvn.com\/product\/iut-f190-b40-2v1d-fr1-01\/#breadcrumb\"},\"inLanguage\":\"en-US\",\"potentialAction\":[{\"@type\":\"ReadAction\",\"target\":[\"https:\/\/newskyvn.com\/product\/iut-f190-b40-2v1d-fr1-01\/\"]}]},{\"@type\":\"BreadcrumbList\",\"@id\":\"https:\/\/newskyvn.com\/product\/iut-f190-b40-2v1d-fr1-01\/#breadcrumb\",\"itemListElement\":[{\"@type\":\"ListItem\",\"position\":1,\"name\":\"Product\",\"item\":\"https:\/\/newskyvn.com\/en\/san-pham\/\"},{\"@type\":\"ListItem\",\"position\":2,\"name\":\"IUT-F190-B40-2V1D-FR1-01\"}]}]}<\/script>\n<!-- \/ Yoast SEO plugin. -->","_links":{"self":[{"href":"https:\/\/newskyvn.com\/en\/wp-json\/wp\/v2\/product\/1235"}],"collection":[{"href":"https:\/\/newskyvn.com\/en\/wp-json\/wp\/v2\/product"}],"about":[{"href":"https:\/\/newskyvn.com\/en\/wp-json\/wp\/v2\/types\/product"}],"replies":[{"embeddable":true,"href":"https:\/\/newskyvn.com\/en\/wp-json\/wp\/v2\/comments?post=1235"}],"wp:featuredmedia":[{"embeddable":true,"href":"https:\/\/newskyvn.com\/en\/wp-json\/wp\/v2\/media\/1237"}],"wp:attachment":[{"href":"https:\/\/newskyvn.com\/en\/wp-json\/wp\/v2\/media?parent=1235"}],"wp:term":[{"taxonomy":"product_cat","embeddable":true,"href":"https:\/\/newskyvn.com\/en\/wp-json\/wp\/v2\/product_cat?post=1235"},{"taxonomy":"product_tag","embeddable":true,"href":"https:\/\/newskyvn.com\/en\/wp-json\/wp\/v2\/product_tag?post=1235"}],"curies":[{"name":"wp","href":"https:\/\/api.w.org\/{rel}","templated":true}]}}