{"id":1228,"date":"2021-09-16T10:10:02","date_gmt":"2021-09-16T10:10:02","guid":{"rendered":"https:\/\/newskyvn.com\/?post_type=product&#038;p=1228"},"modified":"2024-09-15T12:48:33","modified_gmt":"2024-09-15T12:48:33","slug":"iph-fp-v1","status":"publish","type":"product","link":"https:\/\/newskyvn.com\/en\/product\/iph-fp-v1\/","title":{"rendered":"IPH-FP-V1"},"content":{"rendered":"<p>&nbsp;<\/p>\n<p id=\"techdata\"><strong><span style=\"color: #0000ff;\">Datasheet excerpt: Technical data of\u00a0 IPH-FP-V1<\/span><\/strong><\/p>\n<table class=\"standard enum\">\n<tbody>\n<tr>\n<th colspan=\"2\">Product Description<\/th>\n<\/tr>\n<tr>\n<td colspan=\"3\">LF read\/write head for IDENT<i>Control<\/i><\/td>\n<\/tr>\n<\/tbody>\n<\/table>\n<table class=\"standard enum\">\n<tbody>\n<tr>\n<th colspan=\"3\">General specifications<\/th>\n<\/tr>\n<tr>\n<td colspan=\"2\">Operating frequency<\/td>\n<td>125 kHz<\/td>\n<\/tr>\n<tr>\n<td colspan=\"2\">Transfer rate<\/td>\n<td>2 kBit\/s<\/td>\n<\/tr>\n<tr>\n<td colspan=\"2\">Sensing range<\/td>\n<td><\/td>\n<\/tr>\n<tr>\n<td><\/td>\n<td>Read distance<\/td>\n<td class=\"subattribute\">0 &#8230; 100 mm<\/td>\n<\/tr>\n<tr>\n<td><\/td>\n<td>Write distance<\/td>\n<td class=\"subattribute\">0 &#8230; 80 mm<\/td>\n<\/tr>\n<tr>\n<td><\/td>\n<td>Width<\/td>\n<td class=\"subattribute\">max. 80 mm<\/td>\n<\/tr>\n<tr>\n<td colspan=\"2\">Operating distance<\/td>\n<td>maximum: 100 mm<\/td>\n<\/tr>\n<tr>\n<td colspan=\"2\">UL File Number<\/td>\n<td>E87056<\/td>\n<\/tr>\n<tr>\n<th colspan=\"3\">Functional safety related parameters<\/th>\n<\/tr>\n<tr>\n<td colspan=\"2\">MTTF<sub>d<\/sub><\/td>\n<td>700 a<\/td>\n<\/tr>\n<tr>\n<td colspan=\"2\">Mission Time (T<sub>M<\/sub>)<\/td>\n<td>10 a<\/td>\n<\/tr>\n<tr>\n<td colspan=\"2\">Diagnostic Coverage (DC)<\/td>\n<td>0 %<\/td>\n<\/tr>\n<tr>\n<th colspan=\"3\">Indicators\/operating means<\/th>\n<\/tr>\n<tr>\n<td colspan=\"2\">LED green\/yellow<\/td>\n<td>green: power on<br \/>\ngreen flashing: read\/write attempt performed<br \/>\nyellow: data carrier detected<\/td>\n<\/tr>\n<tr>\n<th colspan=\"3\">Electrical specifications<\/th>\n<\/tr>\n<tr>\n<td colspan=\"2\">Power consumption<\/td>\n<td>\u2264 1.2 W<\/td>\n<\/tr>\n<tr>\n<td colspan=\"2\">Supply<\/td>\n<td>from the IDENTControl<\/td>\n<\/tr>\n<tr>\n<th colspan=\"3\">Directive conformity<\/th>\n<\/tr>\n<tr>\n<td colspan=\"2\">Radio equipment<\/td>\n<td><\/td>\n<\/tr>\n<tr>\n<td><\/td>\n<td>Directive 2014\/53\/EU<\/td>\n<td class=\"subattribute\">EN\u00a0301489-1<br \/>\nEN\u00a0301489-3<br \/>\nEN\u00a0300330<br \/>\nEN\u00a062368-1<br \/>\nEN\u00a050364<\/td>\n<\/tr>\n<tr>\n<td colspan=\"2\">RoHS<\/td>\n<td><\/td>\n<\/tr>\n<tr>\n<td><\/td>\n<td>Directive 2011\/65\/EU (RoHS)<\/td>\n<td class=\"subattribute\">EN 50581<\/td>\n<\/tr>\n<tr>\n<th colspan=\"3\">Standard conformity<\/th>\n<\/tr>\n<tr>\n<td colspan=\"2\">Degree of protection<\/td>\n<td>EN 60529<\/td>\n<\/tr>\n<tr>\n<td colspan=\"2\">RFID<\/td>\n<td>ISO\/IEC 18000-2<\/td>\n<\/tr>\n<tr>\n<th colspan=\"3\">Ambient conditions<\/th>\n<\/tr>\n<tr>\n<td colspan=\"2\">Ambient temperature<\/td>\n<td>-25 &#8230; 70 \u00b0C (-13 &#8230; 158 \u00b0F)<\/td>\n<\/tr>\n<tr>\n<td colspan=\"2\">Storage temperature<\/td>\n<td>-40 &#8230; 85 \u00b0C (-40 &#8230; 185 \u00b0F)<\/td>\n<\/tr>\n<tr>\n<th colspan=\"3\">Mechanical specifications<\/th>\n<\/tr>\n<tr>\n<td colspan=\"2\">Degree of protection<\/td>\n<td>IP67<\/td>\n<\/tr>\n<tr>\n<td colspan=\"2\">Connection<\/td>\n<td>connector M12 x 1<\/td>\n<\/tr>\n<tr>\n<td colspan=\"2\">Material<\/td>\n<td><\/td>\n<\/tr>\n<tr>\n<td><\/td>\n<td>Housing<\/td>\n<td class=\"subattribute\">PBT<\/td>\n<\/tr>\n<tr>\n<td><\/td>\n<td>Base<\/td>\n<td class=\"subattribute\">diecast aluminum<\/td>\n<\/tr>\n<tr>\n<td><\/td>\n<td>Encapsulation compound<\/td>\n<td class=\"subattribute\">Fermadur<\/td>\n<\/tr>\n<tr>\n<td colspan=\"2\">Installation<\/td>\n<td><\/td>\n<\/tr>\n<tr>\n<td><\/td>\n<td>Distance between two heads<\/td>\n<td class=\"subattribute\">Multiplex on: \u2265 100 mm<br \/>\nMultiplex off: \u2265 550 mm<\/td>\n<\/tr>\n<tr>\n<td colspan=\"2\">Mass<\/td>\n<td>approx. 380 g<\/td>\n<\/tr>\n<\/tbody>\n<\/table>\n<p>&nbsp;<\/p>\n<p><strong><span style=\"color: #0000ff;\">Classifications<\/span><\/strong><\/p>\n<table class=\"standard enum\">\n<tbody>\n<tr>\n<th>System<\/th>\n<th>Classcode<\/th>\n<\/tr>\n<tr>\n<td>ECLASS 11.0<\/td>\n<td>27280401<\/td>\n<\/tr>\n<tr>\n<td>ECLASS 10.0.1<\/td>\n<td>27280401<\/td>\n<\/tr>\n<tr>\n<td>ECLASS 9.0<\/td>\n<td>27280401<\/td>\n<\/tr>\n<tr>\n<td>ECLASS 8.0<\/td>\n<td>27280401<\/td>\n<\/tr>\n<tr>\n<td>ECLASS 5.1<\/td>\n<td>27280401<\/td>\n<\/tr>\n<tr>\n<td>ETIM 8.0<\/td>\n<td>EC002998<\/td>\n<\/tr>\n<tr>\n<td>ETIM 7.0<\/td>\n<td>EC002998<\/td>\n<\/tr>\n<tr>\n<td>ETIM 6.0<\/td>\n<td>EC002998<\/td>\n<\/tr>\n<tr>\n<td>UNSPSC 12.1<\/td>\n<td>43211710<\/td>\n<\/tr>\n<\/tbody>\n<\/table>\n<p><\/p>","protected":false},"excerpt":{"rendered":"<ul id=\"productfeatures\">\n<li>Connection via V1 (M12\u00a0x\u00a01) plug connection<\/li>\n<li>Dual-LED for function display<\/li>\n<li>Degree of protection IP67<\/li>\n<li>For connection to IDENT<i>Control<\/i>\u00a0control interface<\/li>\n<\/ul>\n","protected":false},"featured_media":1230,"comment_status":"open","ping_status":"closed","template":"","meta":[],"product_cat":[62,63],"product_tag":[],"yoast_head":"<!-- This site is optimized with the Yoast SEO plugin v16.6.1 - https:\/\/yoast.com\/wordpress\/plugins\/seo\/ -->\n<title>IPH-FP-V1 - NEW SKY CO.,LTD<\/title>\n<meta name=\"robots\" content=\"index, follow, max-snippet:-1, max-image-preview:large, max-video-preview:-1\" \/>\n<link rel=\"canonical\" href=\"https:\/\/newskyvn.com\/product\/iph-fp-v1\/\" \/>\n<meta property=\"og:locale\" content=\"en_US\" \/>\n<meta property=\"og:type\" content=\"article\" \/>\n<meta property=\"og:title\" content=\"IPH-FP-V1 - NEW SKY CO.,LTD\" \/>\n<meta property=\"og:description\" content=\"[:vi]  K\u1ebft n\u1ed1i qua k\u1ebft n\u1ed1i ph\u00edch c\u1eafm V1 (M12 x 1)  \u0110\u00e8n LED k\u00e9p \u0111\u1ec3 hi\u1ec3n th\u1ecb ch\u1ee9c n\u0103ng  M\u1ee9c \u0111\u1ed9 b\u1ea3o v\u1ec7 IP67  \u0110\u1ec3 k\u1ebft n\u1ed1i v\u1edbi\u00a0giao di\u1ec7n \u0111i\u1ec1u\u00a0khi\u1ec3n\u00a0IDENT\u00a0Control [:en]  Connection via V1 (M12\u00a0x\u00a01) plug connection  Dual-LED for function display  Degree of protection IP67  For connection to IDENTControl\u00a0control interface [:]\" \/>\n<meta property=\"og:url\" content=\"https:\/\/newskyvn.com\/product\/iph-fp-v1\/\" \/>\n<meta property=\"og:site_name\" content=\"NEW SKY CO.,LTD\" \/>\n<meta property=\"article:modified_time\" content=\"2024-09-15T12:48:33+00:00\" \/>\n<meta property=\"og:image\" content=\"https:\/\/newskyvn.com\/wp-content\/uploads\/2021\/09\/IPHFP.jpg\" \/>\n\t<meta property=\"og:image:width\" content=\"500\" \/>\n\t<meta property=\"og:image:height\" content=\"500\" \/>\n<meta name=\"twitter:card\" content=\"summary_large_image\" \/>\n<meta name=\"twitter:label1\" content=\"Est. reading time\" \/>\n\t<meta name=\"twitter:data1\" content=\"1 minute\" \/>\n<script type=\"application\/ld+json\" class=\"yoast-schema-graph\">{\"@context\":\"https:\/\/schema.org\",\"@graph\":[{\"@type\":\"WebSite\",\"@id\":\"https:\/\/newskyvn.com\/#website\",\"url\":\"https:\/\/newskyvn.com\/\",\"name\":\"NEW SKY CO.,LTD\",\"description\":\"C\\u00f4ng Ty TNHH S\\u1ea3n Xu\\u1ea5t Th\\u01b0\\u01a1ng M\\u1ea1i D\\u1ecbch V\\u1ee5 T\\u00e2n Thi\\u00ean\",\"potentialAction\":[{\"@type\":\"SearchAction\",\"target\":{\"@type\":\"EntryPoint\",\"urlTemplate\":\"https:\/\/newskyvn.com\/?s={search_term_string}\"},\"query-input\":\"required name=search_term_string\"}],\"inLanguage\":\"en-US\"},{\"@type\":\"ImageObject\",\"@id\":\"https:\/\/newskyvn.com\/product\/iph-fp-v1\/#primaryimage\",\"inLanguage\":\"en-US\",\"url\":\"https:\/\/newskyvn.com\/wp-content\/uploads\/2021\/09\/IPHFP.jpg\",\"contentUrl\":\"https:\/\/newskyvn.com\/wp-content\/uploads\/2021\/09\/IPHFP.jpg\",\"width\":500,\"height\":500},{\"@type\":\"WebPage\",\"@id\":\"https:\/\/newskyvn.com\/product\/iph-fp-v1\/#webpage\",\"url\":\"https:\/\/newskyvn.com\/product\/iph-fp-v1\/\",\"name\":\"IPH-FP-V1 - NEW SKY CO.,LTD\",\"isPartOf\":{\"@id\":\"https:\/\/newskyvn.com\/#website\"},\"primaryImageOfPage\":{\"@id\":\"https:\/\/newskyvn.com\/product\/iph-fp-v1\/#primaryimage\"},\"datePublished\":\"2021-09-16T10:10:02+00:00\",\"dateModified\":\"2024-09-15T12:48:33+00:00\",\"breadcrumb\":{\"@id\":\"https:\/\/newskyvn.com\/product\/iph-fp-v1\/#breadcrumb\"},\"inLanguage\":\"en-US\",\"potentialAction\":[{\"@type\":\"ReadAction\",\"target\":[\"https:\/\/newskyvn.com\/product\/iph-fp-v1\/\"]}]},{\"@type\":\"BreadcrumbList\",\"@id\":\"https:\/\/newskyvn.com\/product\/iph-fp-v1\/#breadcrumb\",\"itemListElement\":[{\"@type\":\"ListItem\",\"position\":1,\"name\":\"Product\",\"item\":\"https:\/\/newskyvn.com\/en\/san-pham\/\"},{\"@type\":\"ListItem\",\"position\":2,\"name\":\"IPH-FP-V1\"}]}]}<\/script>\n<!-- \/ Yoast SEO plugin. -->","_links":{"self":[{"href":"https:\/\/newskyvn.com\/en\/wp-json\/wp\/v2\/product\/1228"}],"collection":[{"href":"https:\/\/newskyvn.com\/en\/wp-json\/wp\/v2\/product"}],"about":[{"href":"https:\/\/newskyvn.com\/en\/wp-json\/wp\/v2\/types\/product"}],"replies":[{"embeddable":true,"href":"https:\/\/newskyvn.com\/en\/wp-json\/wp\/v2\/comments?post=1228"}],"wp:featuredmedia":[{"embeddable":true,"href":"https:\/\/newskyvn.com\/en\/wp-json\/wp\/v2\/media\/1230"}],"wp:attachment":[{"href":"https:\/\/newskyvn.com\/en\/wp-json\/wp\/v2\/media?parent=1228"}],"wp:term":[{"taxonomy":"product_cat","embeddable":true,"href":"https:\/\/newskyvn.com\/en\/wp-json\/wp\/v2\/product_cat?post=1228"},{"taxonomy":"product_tag","embeddable":true,"href":"https:\/\/newskyvn.com\/en\/wp-json\/wp\/v2\/product_tag?post=1228"}],"curies":[{"name":"wp","href":"https:\/\/api.w.org\/{rel}","templated":true}]}}