{"id":1215,"date":"2021-09-16T09:43:44","date_gmt":"2021-09-16T09:43:44","guid":{"rendered":"https:\/\/newskyvn.com\/?post_type=product&#038;p=1215"},"modified":"2021-09-16T09:43:44","modified_gmt":"2021-09-16T09:43:44","slug":"ipc02-12-50pcs","status":"publish","type":"product","link":"https:\/\/newskyvn.com\/en\/product\/ipc02-12-50pcs\/","title":{"rendered":"IPC02-12 50pcs"},"content":{"rendered":"<p>&nbsp;<\/p>\n<p id=\"techdata\"><strong><span style=\"color: #0000ff;\">Datasheet excerpt: Technical data of\u00a0 IPC02-12 50pcs<\/span><\/strong><\/p>\n<table class=\"standard enum\">\n<tbody>\n<tr>\n<th colspan=\"2\">Product Description<\/th>\n<\/tr>\n<tr>\n<td colspan=\"3\">Code carrier<\/td>\n<\/tr>\n<\/tbody>\n<\/table>\n<table class=\"standard enum\">\n<tbody>\n<tr>\n<th colspan=\"3\">General specifications<\/th>\n<\/tr>\n<tr>\n<td colspan=\"2\">Operating frequency<\/td>\n<td>125 kHz<\/td>\n<\/tr>\n<tr>\n<td colspan=\"2\">Transfer rate<\/td>\n<td>2 kBit\/s<\/td>\n<\/tr>\n<tr>\n<td colspan=\"2\">Color<\/td>\n<td>black<\/td>\n<\/tr>\n<tr>\n<th colspan=\"3\">Memory<\/th>\n<\/tr>\n<tr>\n<td colspan=\"2\">Chip Type<\/td>\n<td>EM4102 Unique (EM Microelectronic)<\/td>\n<\/tr>\n<tr>\n<td colspan=\"2\">Read cycles<\/td>\n<td>unlimited<\/td>\n<\/tr>\n<tr>\n<td colspan=\"2\">Data retention period<\/td>\n<td>&gt; 10 years<\/td>\n<\/tr>\n<tr>\n<th colspan=\"3\">Directive conformity<\/th>\n<\/tr>\n<tr>\n<td colspan=\"2\">Radio equipment<\/td>\n<td><\/td>\n<\/tr>\n<tr>\n<td><\/td>\n<td>Directive 2014\/53\/EU<\/td>\n<td class=\"subattribute\">EN\u00a0300330<\/td>\n<\/tr>\n<tr>\n<td colspan=\"2\">RoHS<\/td>\n<td><\/td>\n<\/tr>\n<tr>\n<td><\/td>\n<td>Directive 2011\/65\/EU (RoHS)<\/td>\n<td class=\"subattribute\">EN 50581<\/td>\n<\/tr>\n<tr>\n<th colspan=\"3\">Standard conformity<\/th>\n<\/tr>\n<tr>\n<td colspan=\"2\">Degree of protection<\/td>\n<td>EN 60529<\/td>\n<\/tr>\n<tr>\n<td colspan=\"2\">RFID<\/td>\n<td>ISO\/IEC 18000-2<\/td>\n<\/tr>\n<tr>\n<th colspan=\"3\">Ambient conditions<\/th>\n<\/tr>\n<tr>\n<td colspan=\"2\">Ambient temperature<\/td>\n<td>-25 &#8230; 85 \u00b0C (-13 &#8230; 185 \u00b0F)<\/td>\n<\/tr>\n<tr>\n<td colspan=\"2\">Storage temperature<\/td>\n<td>-40 &#8230; 130 \u00b0C (-40 &#8230; 266 \u00b0F)<\/td>\n<\/tr>\n<tr>\n<th colspan=\"3\">Mechanical specifications<\/th>\n<\/tr>\n<tr>\n<td colspan=\"2\">Degree of protection<\/td>\n<td>IP68<\/td>\n<\/tr>\n<tr>\n<td colspan=\"2\">Material<\/td>\n<td><\/td>\n<\/tr>\n<tr>\n<td><\/td>\n<td>Housing<\/td>\n<td class=\"subattribute\">Epoxy (black)<\/td>\n<\/tr>\n<tr>\n<td colspan=\"2\">Installation<\/td>\n<td><\/td>\n<\/tr>\n<tr>\n<td><\/td>\n<td>In air<\/td>\n<td class=\"subattribute\">yes<\/td>\n<\/tr>\n<tr>\n<td colspan=\"2\">Mass<\/td>\n<td>0.6 g<\/td>\n<\/tr>\n<tr>\n<td colspan=\"2\">Construction type<\/td>\n<td>Cylindrical<\/td>\n<\/tr>\n<tr>\n<td colspan=\"2\">Note<\/td>\n<td>Packaging unit, 50-piece<\/td>\n<\/tr>\n<\/tbody>\n<\/table>\n<p>&nbsp;<\/p>\n<p><strong><span style=\"color: #0000ff;\">Classifications<\/span><\/strong><\/p>\n<table class=\"standard enum\">\n<tbody>\n<tr>\n<th>System<\/th>\n<th>Classcode<\/th>\n<\/tr>\n<tr>\n<td>ECLASS 11.0<\/td>\n<td>27280402<\/td>\n<\/tr>\n<tr>\n<td>ECLASS 10.0.1<\/td>\n<td>27280402<\/td>\n<\/tr>\n<tr>\n<td>ECLASS 9.0<\/td>\n<td>27280402<\/td>\n<\/tr>\n<tr>\n<td>ECLASS 8.0<\/td>\n<td>27280401<\/td>\n<\/tr>\n<tr>\n<td>ECLASS 5.1<\/td>\n<td>27280401<\/td>\n<\/tr>\n<tr>\n<td>ETIM 8.0<\/td>\n<td>EC002996<\/td>\n<\/tr>\n<tr>\n<td>ETIM 7.0<\/td>\n<td>EC002996<\/td>\n<\/tr>\n<tr>\n<td>ETIM 6.0<\/td>\n<td>EC002996<\/td>\n<\/tr>\n<tr>\n<td>ETIM 5.0<\/td>\n<td>EC002996<\/td>\n<\/tr>\n<tr>\n<td>UNSPSC 12.1<\/td>\n<td>43211710<\/td>\n<\/tr>\n<\/tbody>\n<\/table>\n<p><\/p>","protected":false},"excerpt":{"rendered":"<ul id=\"productfeatures\">\n<li>Battery-free code carrier<\/li>\n<li>40 bit fix code<\/li>\n<li>Readable from both sides<\/li>\n<li>Degree of protection IP68<\/li>\n<li>Packaging unit: 50 pieces<\/li>\n<\/ul>\n","protected":false},"featured_media":1216,"comment_status":"open","ping_status":"closed","template":"","meta":[],"product_cat":[62,63],"product_tag":[],"yoast_head":"<!-- This site is optimized with the Yoast SEO plugin v16.6.1 - https:\/\/yoast.com\/wordpress\/plugins\/seo\/ -->\n<title>IPC02-12 50pcs - NEW SKY CO.,LTD<\/title>\n<meta name=\"robots\" content=\"index, follow, max-snippet:-1, max-image-preview:large, max-video-preview:-1\" \/>\n<link rel=\"canonical\" href=\"https:\/\/newskyvn.com\/product\/ipc02-12-50pcs\/\" \/>\n<meta property=\"og:locale\" content=\"en_US\" \/>\n<meta property=\"og:type\" content=\"article\" \/>\n<meta property=\"og:title\" content=\"IPC02-12 50pcs - NEW SKY CO.,LTD\" \/>\n<meta property=\"og:description\" content=\"[:vi]  Nh\u00e0 cung c\u1ea5p m\u00e3 kh\u00f4ng c\u00f3 pin  M\u00e3 s\u1eeda ch\u1eefa 40 bit  C\u00f3 th\u1ec3 \u0111\u1ecdc \u0111\u01b0\u1ee3c t\u1eeb c\u1ea3 hai ph\u00eda  M\u1ee9c \u0111\u1ed9 b\u1ea3o v\u1ec7 IP68  \u0110\u01a1n v\u1ecb \u0111\u00f3ng g\u00f3i: 50 c\u00e1i [:en]  Battery-free code carrier  40 bit fix code  Readable from both sides  Degree of protection IP68  Packaging unit: 50 pieces [:]\" \/>\n<meta property=\"og:url\" content=\"https:\/\/newskyvn.com\/product\/ipc02-12-50pcs\/\" \/>\n<meta property=\"og:site_name\" content=\"NEW SKY CO.,LTD\" \/>\n<meta property=\"og:image\" content=\"https:\/\/newskyvn.com\/wp-content\/uploads\/2021\/09\/b250059a.png\" \/>\n\t<meta property=\"og:image:width\" content=\"200\" \/>\n\t<meta property=\"og:image:height\" content=\"220\" \/>\n<meta name=\"twitter:card\" content=\"summary_large_image\" \/>\n<meta name=\"twitter:label1\" content=\"Est. reading time\" \/>\n\t<meta name=\"twitter:data1\" content=\"1 minute\" \/>\n<script type=\"application\/ld+json\" class=\"yoast-schema-graph\">{\"@context\":\"https:\/\/schema.org\",\"@graph\":[{\"@type\":\"WebSite\",\"@id\":\"https:\/\/newskyvn.com\/#website\",\"url\":\"https:\/\/newskyvn.com\/\",\"name\":\"NEW SKY CO.,LTD\",\"description\":\"C\\u00f4ng Ty TNHH S\\u1ea3n Xu\\u1ea5t Th\\u01b0\\u01a1ng M\\u1ea1i D\\u1ecbch V\\u1ee5 T\\u00e2n Thi\\u00ean\",\"potentialAction\":[{\"@type\":\"SearchAction\",\"target\":{\"@type\":\"EntryPoint\",\"urlTemplate\":\"https:\/\/newskyvn.com\/?s={search_term_string}\"},\"query-input\":\"required name=search_term_string\"}],\"inLanguage\":\"en-US\"},{\"@type\":\"ImageObject\",\"@id\":\"https:\/\/newskyvn.com\/product\/ipc02-12-50pcs\/#primaryimage\",\"inLanguage\":\"en-US\",\"url\":\"https:\/\/newskyvn.com\/wp-content\/uploads\/2021\/09\/b250059a.png\",\"contentUrl\":\"https:\/\/newskyvn.com\/wp-content\/uploads\/2021\/09\/b250059a.png\",\"width\":200,\"height\":220},{\"@type\":\"WebPage\",\"@id\":\"https:\/\/newskyvn.com\/product\/ipc02-12-50pcs\/#webpage\",\"url\":\"https:\/\/newskyvn.com\/product\/ipc02-12-50pcs\/\",\"name\":\"IPC02-12 50pcs - NEW SKY CO.,LTD\",\"isPartOf\":{\"@id\":\"https:\/\/newskyvn.com\/#website\"},\"primaryImageOfPage\":{\"@id\":\"https:\/\/newskyvn.com\/product\/ipc02-12-50pcs\/#primaryimage\"},\"datePublished\":\"2021-09-16T09:43:44+00:00\",\"dateModified\":\"2021-09-16T09:43:44+00:00\",\"breadcrumb\":{\"@id\":\"https:\/\/newskyvn.com\/product\/ipc02-12-50pcs\/#breadcrumb\"},\"inLanguage\":\"en-US\",\"potentialAction\":[{\"@type\":\"ReadAction\",\"target\":[\"https:\/\/newskyvn.com\/product\/ipc02-12-50pcs\/\"]}]},{\"@type\":\"BreadcrumbList\",\"@id\":\"https:\/\/newskyvn.com\/product\/ipc02-12-50pcs\/#breadcrumb\",\"itemListElement\":[{\"@type\":\"ListItem\",\"position\":1,\"name\":\"Product\",\"item\":\"https:\/\/newskyvn.com\/en\/san-pham\/\"},{\"@type\":\"ListItem\",\"position\":2,\"name\":\"IPC02-12 50pcs\"}]}]}<\/script>\n<!-- \/ Yoast SEO plugin. -->","_links":{"self":[{"href":"https:\/\/newskyvn.com\/en\/wp-json\/wp\/v2\/product\/1215"}],"collection":[{"href":"https:\/\/newskyvn.com\/en\/wp-json\/wp\/v2\/product"}],"about":[{"href":"https:\/\/newskyvn.com\/en\/wp-json\/wp\/v2\/types\/product"}],"replies":[{"embeddable":true,"href":"https:\/\/newskyvn.com\/en\/wp-json\/wp\/v2\/comments?post=1215"}],"wp:featuredmedia":[{"embeddable":true,"href":"https:\/\/newskyvn.com\/en\/wp-json\/wp\/v2\/media\/1216"}],"wp:attachment":[{"href":"https:\/\/newskyvn.com\/en\/wp-json\/wp\/v2\/media?parent=1215"}],"wp:term":[{"taxonomy":"product_cat","embeddable":true,"href":"https:\/\/newskyvn.com\/en\/wp-json\/wp\/v2\/product_cat?post=1215"},{"taxonomy":"product_tag","embeddable":true,"href":"https:\/\/newskyvn.com\/en\/wp-json\/wp\/v2\/product_tag?post=1215"}],"curies":[{"name":"wp","href":"https:\/\/api.w.org\/{rel}","templated":true}]}}