{"id":1202,"date":"2021-09-16T08:28:27","date_gmt":"2021-09-16T08:28:27","guid":{"rendered":"https:\/\/newskyvn.com\/?post_type=product&#038;p=1202"},"modified":"2024-09-15T12:48:34","modified_gmt":"2024-09-15T12:48:34","slug":"vb14n-300","status":"publish","type":"product","link":"https:\/\/newskyvn.com\/en\/product\/vb14n-300\/","title":{"rendered":"VB14N-300"},"content":{"rendered":"<p>&nbsp;<\/p>\n<p id=\"techdata\"><strong><span style=\"color: #0000ff;\">Datasheet excerpt: Technical data of\u00a0 VB14N-300<\/span><\/strong><\/p>\n<table class=\"standard enum\">\n<tbody>\n<tr>\n<th colspan=\"2\">Product Description<\/th>\n<\/tr>\n<tr>\n<td colspan=\"3\">Barcode scanner<\/td>\n<\/tr>\n<\/tbody>\n<\/table>\n<table class=\"standard enum\">\n<tbody>\n<tr>\n<th colspan=\"3\">General specifications<\/th>\n<\/tr>\n<tr>\n<td colspan=\"2\">Light source<\/td>\n<td>laser diode<\/td>\n<\/tr>\n<tr>\n<td colspan=\"2\">Light type<\/td>\n<td>modulated visible red light<\/td>\n<\/tr>\n<tr>\n<td colspan=\"2\">Laser nominal ratings<\/td>\n<td><\/td>\n<\/tr>\n<tr>\n<td><\/td>\n<td>Note<\/td>\n<td class=\"subattribute\">LASER LIGHT , DO NOT STARE INTO BEAM<\/td>\n<\/tr>\n<tr>\n<td><\/td>\n<td>Laser class<\/td>\n<td class=\"subattribute\">2<\/td>\n<\/tr>\n<tr>\n<td><\/td>\n<td>Wave length<\/td>\n<td class=\"subattribute\">650 nm<\/td>\n<\/tr>\n<tr>\n<td><\/td>\n<td>Beam divergence<\/td>\n<td class=\"subattribute\">&lt; 1.5 mrad<\/td>\n<\/tr>\n<tr>\n<td><\/td>\n<td>Pulse length<\/td>\n<td class=\"subattribute\">1.3 ms<\/td>\n<\/tr>\n<tr>\n<td><\/td>\n<td>Repetition rate<\/td>\n<td class=\"subattribute\">200 Hz<\/td>\n<\/tr>\n<tr>\n<td><\/td>\n<td>max. pulse energy<\/td>\n<td class=\"subattribute\">1.19 \u00b5J<\/td>\n<\/tr>\n<tr>\n<td colspan=\"2\">Scan rate<\/td>\n<td>500 &#8230; 800 s<sup>-1<\/sup><\/td>\n<\/tr>\n<tr>\n<td colspan=\"2\">Read distance<\/td>\n<td>40 &#8230; 300 mm<\/td>\n<\/tr>\n<tr>\n<td colspan=\"2\">Angle of divergence<\/td>\n<td>50 \u00b0<\/td>\n<\/tr>\n<tr>\n<td colspan=\"2\">Optical face<\/td>\n<td>front or on side (with deviation mirror)<\/td>\n<\/tr>\n<tr>\n<td colspan=\"2\">Resolution<\/td>\n<td>0.2 mm ( 8 mils )<\/td>\n<\/tr>\n<tr>\n<th colspan=\"3\">Indicators\/operating means<\/th>\n<\/tr>\n<tr>\n<td colspan=\"2\">Operation indicator<\/td>\n<td>LED blue: Power on, LED green: Ready to read (READY), LED green: Read successfully (GOOD), LED yellow: External trigger signal pending (TRIGGER), LED yellow: Communication active (COM), LED red: &#8220;no read&#8221; (STATUS)<\/td>\n<\/tr>\n<tr>\n<th colspan=\"3\">Electrical specifications<\/th>\n<\/tr>\n<tr>\n<td colspan=\"2\">Operating voltage<\/td>\n<td>10 &#8230; 30 V DC<\/td>\n<\/tr>\n<tr>\n<td colspan=\"2\">Power consumption<\/td>\n<td>max. 3 W<\/td>\n<\/tr>\n<tr>\n<th colspan=\"3\">Interface<\/th>\n<\/tr>\n<tr>\n<td colspan=\"2\">Interface type<\/td>\n<td>serial , RS-232 and RS-485 up to 115.2 kBit\/s<br \/>\nID-NET\u2122 up to 1 Mbit\/s<\/td>\n<\/tr>\n<tr>\n<th colspan=\"3\">Input 1<\/th>\n<\/tr>\n<tr>\n<td colspan=\"2\">Input type<\/td>\n<td>External triggering<\/td>\n<\/tr>\n<tr>\n<th colspan=\"3\">Output<\/th>\n<\/tr>\n<tr>\n<td colspan=\"2\">Signal output<\/td>\n<td>2, programmable, optocoupled<\/td>\n<\/tr>\n<tr>\n<td colspan=\"2\">Switching voltage<\/td>\n<td>max. 40 V DC<\/td>\n<\/tr>\n<tr>\n<td colspan=\"2\">Switching current<\/td>\n<td>max. 40 mA<\/td>\n<\/tr>\n<tr>\n<td colspan=\"2\">Voltage drop<\/td>\n<td>1 V at load current \u2264 10 mA<\/td>\n<\/tr>\n<tr>\n<th colspan=\"3\">Compliance with standards and directives<\/th>\n<\/tr>\n<tr>\n<td colspan=\"2\">Directive conformity<\/td>\n<td>EMC Directive 2004\/108\/EC<\/td>\n<\/tr>\n<tr>\n<td colspan=\"2\">Standard conformity<\/td>\n<td><\/td>\n<\/tr>\n<tr>\n<td><\/td>\n<td>Noise immunity<\/td>\n<td class=\"subattribute\">EN\u00a061000-6-2:2005<\/td>\n<\/tr>\n<tr>\n<td><\/td>\n<td>Emitted interference<\/td>\n<td class=\"subattribute\">EN\u00a055022<\/td>\n<\/tr>\n<tr>\n<td><\/td>\n<td>Degree of protection<\/td>\n<td class=\"subattribute\">EN\u00a060529<\/td>\n<\/tr>\n<tr>\n<td><\/td>\n<td>Laser class<\/td>\n<td class=\"subattribute\">IEC\u00a060825-1:2007 Complies with 21 CFR 1040.10 and 1040.11 except for deviations pursuant to Laser Notice No. 50, dated June 24, 2007<\/td>\n<\/tr>\n<tr>\n<th colspan=\"3\">Ambient conditions<\/th>\n<\/tr>\n<tr>\n<td colspan=\"2\">Ambient temperature<\/td>\n<td>0 &#8230; 45 \u00b0C (32 &#8230; 113 \u00b0F)<\/td>\n<\/tr>\n<tr>\n<td colspan=\"2\">Storage temperature<\/td>\n<td>-20 &#8230; 70 \u00b0C (-4 &#8230; 158 \u00b0F)<\/td>\n<\/tr>\n<tr>\n<td colspan=\"2\">Relative humidity<\/td>\n<td>90 % , noncondensing<\/td>\n<\/tr>\n<tr>\n<td colspan=\"2\">Shock resistance<\/td>\n<td>IEC 68-2-27 Test EA 30G; 11 ms; 3 impacts on each axis<\/td>\n<\/tr>\n<tr>\n<td colspan=\"2\">Vibration resistance<\/td>\n<td>IEC 68-2-6 Test FC 1.5 mm ; 10 &#8230; 55 Hz ; 2 hours on each axis<\/td>\n<\/tr>\n<tr>\n<th colspan=\"3\">Mechanical specifications<\/th>\n<\/tr>\n<tr>\n<td colspan=\"2\">Degree of protection<\/td>\n<td>IP65<\/td>\n<\/tr>\n<tr>\n<td colspan=\"2\">Connection<\/td>\n<td>1 m cable with 25-pin Sub-D connector<\/td>\n<\/tr>\n<tr>\n<td colspan=\"2\">Material<\/td>\n<td><\/td>\n<\/tr>\n<tr>\n<td><\/td>\n<td>Housing<\/td>\n<td class=\"subattribute\">Aluminum<\/td>\n<\/tr>\n<tr>\n<td colspan=\"2\">Mass<\/td>\n<td>330 g<\/td>\n<\/tr>\n<\/tbody>\n<\/table>\n<p>&nbsp;<\/p>\n<p><strong><span style=\"color: #0000ff;\">Classifications<\/span><\/strong><\/p>\n<table class=\"standard enum\">\n<tbody>\n<tr>\n<th>System<\/th>\n<th>Classcode<\/th>\n<\/tr>\n<tr>\n<td>ECLASS 11.0<\/td>\n<td>27280102<\/td>\n<\/tr>\n<tr>\n<td>ECLASS 10.0.1<\/td>\n<td>27280102<\/td>\n<\/tr>\n<tr>\n<td>ECLASS 9.0<\/td>\n<td>27280102<\/td>\n<\/tr>\n<tr>\n<td>ECLASS 8.0<\/td>\n<td>27280102<\/td>\n<\/tr>\n<tr>\n<td>ECLASS 5.1<\/td>\n<td>27280102<\/td>\n<\/tr>\n<tr>\n<td>ETIM 8.0<\/td>\n<td>EC002999<\/td>\n<\/tr>\n<tr>\n<td>ETIM 7.0<\/td>\n<td>EC002999<\/td>\n<\/tr>\n<tr>\n<td>ETIM 6.0<\/td>\n<td>EC002999<\/td>\n<\/tr>\n<tr>\n<td>UNSPSC 12.1<\/td>\n<td>43211701<\/td>\n<\/tr>\n<\/tbody>\n<\/table>\n<p><\/p>","protected":false},"excerpt":{"rendered":"<ul id=\"productfeatures\">\n<li>Line scanner<\/li>\n<li>Simple operation via function keys: test mode, code teaching and code optimization<\/li>\n<li>Code reconstructor<\/li>\n<li>Connect up to 32 scanners<\/li>\n<li>Sturdy aluminum housing<\/li>\n<li>Two serial interfaces RS 232 \/ RS 485<\/li>\n<li>Engine control (On\/Off) possible<\/li>\n<li>Degree of protection IP65<\/li>\n<\/ul>\n","protected":false},"featured_media":1205,"comment_status":"open","ping_status":"closed","template":"","meta":[],"product_cat":[62,64],"product_tag":[],"yoast_head":"<!-- This site is optimized with the Yoast SEO plugin v16.6.1 - https:\/\/yoast.com\/wordpress\/plugins\/seo\/ -->\n<title>VB14N-300 - NEW SKY CO.,LTD<\/title>\n<meta name=\"robots\" content=\"index, follow, max-snippet:-1, max-image-preview:large, max-video-preview:-1\" \/>\n<link rel=\"canonical\" href=\"https:\/\/newskyvn.com\/product\/vb14n-300\/\" \/>\n<meta property=\"og:locale\" content=\"en_US\" \/>\n<meta property=\"og:type\" content=\"article\" \/>\n<meta property=\"og:title\" content=\"VB14N-300 - NEW SKY CO.,LTD\" \/>\n<meta property=\"og:description\" content=\"[:vi]  M\u00e1y qu\u00e9t m\u00e3 v\u1ea1ch theo d\u00f2ng  Ho\u1ea1t \u0111\u1ed9ng \u0111\u01a1n gi\u1ea3n th\u00f4ng qua c\u00e1c ph\u00edm ch\u1ee9c n\u0103ng: ch\u1ebf \u0111\u1ed9 ki\u1ec3m tra, d\u1ea1y m\u00e3 v\u00e0 t\u1ed1i \u01b0u h\u00f3a m\u00e3  Tr\u00ecnh t\u1ea1o l\u1ea1i m\u00e3  K\u1ebft n\u1ed1i t\u1edbi 32 m\u00e1y qu\u00e9t  V\u1ecf nh\u00f4m ch\u1eafc ch\u1eafn  Hai giao di\u1ec7n n\u1ed1i ti\u1ebfp RS 232 \/ RS 485  C\u00f3 th\u1ec3 \u0111i\u1ec1u khi\u1ec3n m\u00e1y m\u00f3c (B\u1eadt \/ T\u1eaft)  M\u1ee9c \u0111\u1ed9 b\u1ea3o v\u1ec7 IP65 [:en]  Line scanner  Simple operation via function keys: test mode, code teaching and code optimization  Code reconstructor  Connect up to 32 scanners  Sturdy aluminum housing  Two serial interfaces RS 232 \/ RS 485  Engine control (On\/Off) possible  Degree of protection IP65 [:]\" \/>\n<meta property=\"og:url\" content=\"https:\/\/newskyvn.com\/product\/vb14n-300\/\" \/>\n<meta property=\"og:site_name\" content=\"NEW SKY CO.,LTD\" \/>\n<meta property=\"article:modified_time\" content=\"2024-09-15T12:48:34+00:00\" \/>\n<meta property=\"og:image\" content=\"https:\/\/newskyvn.com\/wp-content\/uploads\/2021\/09\/VB14N.jpg\" \/>\n\t<meta property=\"og:image:width\" content=\"500\" \/>\n\t<meta property=\"og:image:height\" content=\"500\" \/>\n<meta name=\"twitter:card\" content=\"summary_large_image\" \/>\n<meta name=\"twitter:label1\" content=\"Est. reading time\" \/>\n\t<meta name=\"twitter:data1\" content=\"2 minutes\" \/>\n<script type=\"application\/ld+json\" class=\"yoast-schema-graph\">{\"@context\":\"https:\/\/schema.org\",\"@graph\":[{\"@type\":\"WebSite\",\"@id\":\"https:\/\/newskyvn.com\/#website\",\"url\":\"https:\/\/newskyvn.com\/\",\"name\":\"NEW SKY CO.,LTD\",\"description\":\"C\\u00f4ng Ty TNHH S\\u1ea3n Xu\\u1ea5t Th\\u01b0\\u01a1ng M\\u1ea1i D\\u1ecbch V\\u1ee5 T\\u00e2n Thi\\u00ean\",\"potentialAction\":[{\"@type\":\"SearchAction\",\"target\":{\"@type\":\"EntryPoint\",\"urlTemplate\":\"https:\/\/newskyvn.com\/?s={search_term_string}\"},\"query-input\":\"required name=search_term_string\"}],\"inLanguage\":\"en-US\"},{\"@type\":\"ImageObject\",\"@id\":\"https:\/\/newskyvn.com\/product\/vb14n-300\/#primaryimage\",\"inLanguage\":\"en-US\",\"url\":\"https:\/\/newskyvn.com\/wp-content\/uploads\/2021\/09\/VB14N.jpg\",\"contentUrl\":\"https:\/\/newskyvn.com\/wp-content\/uploads\/2021\/09\/VB14N.jpg\",\"width\":500,\"height\":500},{\"@type\":\"WebPage\",\"@id\":\"https:\/\/newskyvn.com\/product\/vb14n-300\/#webpage\",\"url\":\"https:\/\/newskyvn.com\/product\/vb14n-300\/\",\"name\":\"VB14N-300 - NEW SKY CO.,LTD\",\"isPartOf\":{\"@id\":\"https:\/\/newskyvn.com\/#website\"},\"primaryImageOfPage\":{\"@id\":\"https:\/\/newskyvn.com\/product\/vb14n-300\/#primaryimage\"},\"datePublished\":\"2021-09-16T08:28:27+00:00\",\"dateModified\":\"2024-09-15T12:48:34+00:00\",\"breadcrumb\":{\"@id\":\"https:\/\/newskyvn.com\/product\/vb14n-300\/#breadcrumb\"},\"inLanguage\":\"en-US\",\"potentialAction\":[{\"@type\":\"ReadAction\",\"target\":[\"https:\/\/newskyvn.com\/product\/vb14n-300\/\"]}]},{\"@type\":\"BreadcrumbList\",\"@id\":\"https:\/\/newskyvn.com\/product\/vb14n-300\/#breadcrumb\",\"itemListElement\":[{\"@type\":\"ListItem\",\"position\":1,\"name\":\"Product\",\"item\":\"https:\/\/newskyvn.com\/en\/san-pham\/\"},{\"@type\":\"ListItem\",\"position\":2,\"name\":\"VB14N-300\"}]}]}<\/script>\n<!-- \/ Yoast SEO plugin. -->","_links":{"self":[{"href":"https:\/\/newskyvn.com\/en\/wp-json\/wp\/v2\/product\/1202"}],"collection":[{"href":"https:\/\/newskyvn.com\/en\/wp-json\/wp\/v2\/product"}],"about":[{"href":"https:\/\/newskyvn.com\/en\/wp-json\/wp\/v2\/types\/product"}],"replies":[{"embeddable":true,"href":"https:\/\/newskyvn.com\/en\/wp-json\/wp\/v2\/comments?post=1202"}],"wp:featuredmedia":[{"embeddable":true,"href":"https:\/\/newskyvn.com\/en\/wp-json\/wp\/v2\/media\/1205"}],"wp:attachment":[{"href":"https:\/\/newskyvn.com\/en\/wp-json\/wp\/v2\/media?parent=1202"}],"wp:term":[{"taxonomy":"product_cat","embeddable":true,"href":"https:\/\/newskyvn.com\/en\/wp-json\/wp\/v2\/product_cat?post=1202"},{"taxonomy":"product_tag","embeddable":true,"href":"https:\/\/newskyvn.com\/en\/wp-json\/wp\/v2\/product_tag?post=1202"}],"curies":[{"name":"wp","href":"https:\/\/api.w.org\/{rel}","templated":true}]}}