{"id":1198,"date":"2021-09-16T07:54:13","date_gmt":"2021-09-16T07:54:13","guid":{"rendered":"https:\/\/newskyvn.com\/?post_type=product&#038;p=1198"},"modified":"2025-05-21T13:55:27","modified_gmt":"2025-05-21T13:55:27","slug":"acy04-f99-2i-v15","status":"publish","type":"product","link":"https:\/\/newskyvn.com\/en\/product\/acy04-f99-2i-v15\/","title":{"rendered":"ACY04-F99-2I-V15"},"content":{"rendered":"<p>&nbsp;<\/p>\n<p id=\"techdata\"><strong><span style=\"color: #0000ff;\">Datasheet excerpt: Technical data of\u00a0 ACY04-F99-2I-V15<\/span><\/strong><\/p>\n<table class=\"standard enum\">\n<tbody>\n<tr>\n<th colspan=\"2\">Product Description<\/th>\n<\/tr>\n<tr>\n<td colspan=\"3\">2 axis acceleration sensor<\/td>\n<\/tr>\n<\/tbody>\n<\/table>\n<table class=\"standard enum\">\n<tbody>\n<tr>\n<th colspan=\"3\">General specifications<\/th>\n<\/tr>\n<tr>\n<td colspan=\"2\">Type<\/td>\n<td>2 axis acceleration sensor<\/td>\n<\/tr>\n<tr>\n<td colspan=\"2\">Measurement range<\/td>\n<td>-2 &#8230; 2\u00a0<i>g<\/i><\/td>\n<\/tr>\n<tr>\n<td colspan=\"2\">Resolution<\/td>\n<td>\u2264 5 m<i>g<\/i><\/td>\n<\/tr>\n<tr>\n<td colspan=\"2\">Repeat accuracy<\/td>\n<td>\u2264 \u00b1 5 m<i>g<\/i><\/td>\n<\/tr>\n<tr>\n<td colspan=\"2\">Frequency range<\/td>\n<td>0 &#8230; 100 Hz<\/td>\n<\/tr>\n<tr>\n<th colspan=\"3\">Functional safety related parameters<\/th>\n<\/tr>\n<tr>\n<td colspan=\"2\">MTTF<sub>d<\/sub><\/td>\n<td>304 a<\/td>\n<\/tr>\n<tr>\n<td colspan=\"2\">Mission Time (T<sub>M<\/sub>)<\/td>\n<td>20 a<\/td>\n<\/tr>\n<tr>\n<td colspan=\"2\">Diagnostic Coverage (DC)<\/td>\n<td>0 %<\/td>\n<\/tr>\n<tr>\n<th colspan=\"3\">Indicators\/operating means<\/th>\n<\/tr>\n<tr>\n<td colspan=\"2\">Operation indicator<\/td>\n<td>LED, green<\/td>\n<\/tr>\n<tr>\n<td colspan=\"2\">Teach-In indicator<\/td>\n<td>LED, yellow<\/td>\n<\/tr>\n<tr>\n<th colspan=\"3\">Electrical specifications<\/th>\n<\/tr>\n<tr>\n<td colspan=\"2\">Operating voltage<\/td>\n<td>10 &#8230; 30 V DC<\/td>\n<\/tr>\n<tr>\n<td colspan=\"2\">No-load supply current<\/td>\n<td>\u2264 25 mA<\/td>\n<\/tr>\n<tr>\n<td colspan=\"2\">Time delay before availability<\/td>\n<td>\u2264 100 ms<\/td>\n<\/tr>\n<tr>\n<th colspan=\"3\">Analog output<\/th>\n<\/tr>\n<tr>\n<td colspan=\"2\">Output type<\/td>\n<td>2 current outputs 4 &#8230; 20 mA<br \/>\n(one output for each axis)<\/td>\n<\/tr>\n<tr>\n<td colspan=\"2\">Zero signal<\/td>\n<td>12 mA<\/td>\n<\/tr>\n<tr>\n<td colspan=\"2\">Slope of output characteristic<\/td>\n<td>4 mA \/\u00a0<i>g<\/i><\/td>\n<\/tr>\n<tr>\n<td colspan=\"2\">Linearity error<\/td>\n<td>\u00b1 1.2 %<\/td>\n<\/tr>\n<tr>\n<td colspan=\"2\">Load resistor<\/td>\n<td>0 &#8230; 200 \u03a9 at U<sub>B<\/sub>\u00a0= 10 &#8230; 18 V<br \/>\n0 &#8230; 500 \u03a9 at U<sub>B<\/sub>\u00a0= 18 &#8230; 30 V<\/td>\n<\/tr>\n<tr>\n<td colspan=\"2\">Temperature influence<\/td>\n<td><\/td>\n<\/tr>\n<tr>\n<td><\/td>\n<td>Offset<\/td>\n<td class=\"subattribute\">\u2264 \u00b1 4 \u00b5A \/ K<\/td>\n<\/tr>\n<tr>\n<td><\/td>\n<td>Slope<\/td>\n<td class=\"subattribute\">\u2264 \u00b1 20 \u00b5A \/\u00a0<i>g<\/i><\/td>\n<\/tr>\n<tr>\n<th colspan=\"3\">Compliance with standards and directives<\/th>\n<\/tr>\n<tr>\n<td colspan=\"2\">Standard conformity<\/td>\n<td><\/td>\n<\/tr>\n<tr>\n<td><\/td>\n<td>Shock and impact resistance<\/td>\n<td class=\"subattribute\">100\u00a0<i>g<\/i>\u00a0according to DIN\u00a0EN\u00a060068-2-27<\/td>\n<\/tr>\n<tr>\n<td><\/td>\n<td>Standards<\/td>\n<td class=\"subattribute\">EN 60947-5-2:2007<br \/>\nIEC 60947-5-2:2007<\/td>\n<\/tr>\n<tr>\n<th colspan=\"3\">Approvals and certificates<\/th>\n<\/tr>\n<tr>\n<td colspan=\"2\">UL approval<\/td>\n<td>cULus Listed, Class 2 Power Source<\/td>\n<\/tr>\n<tr>\n<td colspan=\"2\">CCC approval<\/td>\n<td>CCC approval \/ marking not required for products rated \u226436 V<\/td>\n<\/tr>\n<tr>\n<td colspan=\"2\">E1 Type approval<\/td>\n<td>10R-04<\/td>\n<\/tr>\n<tr>\n<th colspan=\"3\">Ambient conditions<\/th>\n<\/tr>\n<tr>\n<td colspan=\"2\">Ambient temperature<\/td>\n<td>-40 &#8230; 85 \u00b0C (-40 &#8230; 185 \u00b0F)<\/td>\n<\/tr>\n<tr>\n<td colspan=\"2\">Storage temperature<\/td>\n<td>-40 &#8230; 85 \u00b0C (-40 &#8230; 185 \u00b0F)<\/td>\n<\/tr>\n<tr>\n<th colspan=\"3\">Mechanical specifications<\/th>\n<\/tr>\n<tr>\n<td colspan=\"2\">Connection type<\/td>\n<td>5-pin, M12 x 1 connector<\/td>\n<\/tr>\n<tr>\n<td colspan=\"2\">Housing material<\/td>\n<td>PA<\/td>\n<\/tr>\n<tr>\n<td colspan=\"2\">Degree of protection<\/td>\n<td>IP68 \/ IP69K<\/td>\n<\/tr>\n<tr>\n<td colspan=\"2\">Mass<\/td>\n<td>240 g<\/td>\n<\/tr>\n<\/tbody>\n<\/table>\n<p>&nbsp;<\/p>\n<p><strong><span style=\"color: #0000ff;\">Classifications<\/span><\/strong><\/p>\n<table class=\"standard enum\">\n<tbody>\n<tr>\n<th>System<\/th>\n<th>Classcode<\/th>\n<\/tr>\n<tr>\n<td>ECLASS 11.0<\/td>\n<td>27210103<\/td>\n<\/tr>\n<tr>\n<td>ECLASS 10.0.1<\/td>\n<td>27210103<\/td>\n<\/tr>\n<tr>\n<td>ECLASS 9.0<\/td>\n<td>27210103<\/td>\n<\/tr>\n<tr>\n<td>ECLASS 8.0<\/td>\n<td>27200890<\/td>\n<\/tr>\n<tr>\n<td>ECLASS 5.1<\/td>\n<td>27200890<\/td>\n<\/tr>\n<tr>\n<td>ETIM 8.0<\/td>\n<td>EC001442<\/td>\n<\/tr>\n<tr>\n<td>ETIM 7.0<\/td>\n<td>EC001442<\/td>\n<\/tr>\n<tr>\n<td>ETIM 6.0<\/td>\n<td>EC001442<\/td>\n<\/tr>\n<tr>\n<td>ETIM 5.0<\/td>\n<td>EC001442<\/td>\n<\/tr>\n<\/tbody>\n<\/table>\n<p><\/p>","protected":false},"excerpt":{"rendered":"<ul id=\"productfeatures\">\n<li>E1-Type approval<\/li>\n<li>Analog output 4\u00a0mA\u00a0&#8230;\u00a020\u00a0mA<\/li>\n<li>Fixed evaluation limits<\/li>\n<li>High shock resistance<\/li>\n<li>Teachable zero point<\/li>\n<li>Measuring range -2\u00a0<i>g<\/i>\u00a0&#8230; +2\u00a0<i>g<\/i><\/li>\n<li>Increased noise immunity 100 V\/m<\/li>\n<\/ul>\n","protected":false},"featured_media":1197,"comment_status":"open","ping_status":"closed","template":"","meta":[],"product_cat":[32,61],"product_tag":[],"yoast_head":"<!-- This site is optimized with the Yoast SEO plugin v16.6.1 - https:\/\/yoast.com\/wordpress\/plugins\/seo\/ -->\n<title>ACY04-F99-2I-V15 - NEW SKY CO.,LTD<\/title>\n<meta name=\"robots\" content=\"index, follow, max-snippet:-1, max-image-preview:large, max-video-preview:-1\" \/>\n<link rel=\"canonical\" href=\"https:\/\/newskyvn.com\/product\/acy04-f99-2i-v15\/\" \/>\n<meta property=\"og:locale\" content=\"en_US\" \/>\n<meta property=\"og:type\" content=\"article\" \/>\n<meta property=\"og:title\" content=\"ACY04-F99-2I-V15 - NEW SKY CO.,LTD\" \/>\n<meta property=\"og:description\" content=\"[:vi]  Ph\u00ea duy\u1ec7t lo\u1ea1i E1  \u0110\u1ea7u ra t\u01b0\u01a1ng t\u1ef1 4 mA ... 20 mA  Gi\u1edbi h\u1ea1n \u0111\u00e1nh gi\u00e1 c\u1ed1 \u0111\u1ecbnh  Kh\u1ea3 n\u0103ng ch\u1ed1ng s\u1ed1c cao  C\u00f3 th\u1ec3 n\u1ea1p v\u00e0o b\u1ed9 nh\u1edb \u0111i\u1ec3m 0  Ph\u1ea1m vi \u0111o -2\u00a0g\u00a0... +2\u00a0g  T\u0103ng kh\u1ea3 n\u0103ng ch\u1ed1ng \u1ed3n 100 V \/ m [:en]  E1-Type approval  Analog output 4\u00a0mA\u00a0...\u00a020\u00a0mA  Fixed evaluation limits  High shock resistance  Teachable zero point  Measuring range -2\u00a0g\u00a0... +2\u00a0g  Increased noise immunity 100 V\/m [:]\" \/>\n<meta property=\"og:url\" content=\"https:\/\/newskyvn.com\/product\/acy04-f99-2i-v15\/\" \/>\n<meta property=\"og:site_name\" content=\"NEW SKY CO.,LTD\" \/>\n<meta property=\"article:modified_time\" content=\"2025-05-21T13:55:27+00:00\" \/>\n<meta property=\"og:image\" content=\"https:\/\/newskyvn.com\/wp-content\/uploads\/2021\/09\/b234326a.png\" \/>\n\t<meta property=\"og:image:width\" content=\"200\" \/>\n\t<meta property=\"og:image:height\" content=\"220\" \/>\n<meta name=\"twitter:card\" content=\"summary_large_image\" \/>\n<meta name=\"twitter:label1\" content=\"Est. reading time\" \/>\n\t<meta name=\"twitter:data1\" content=\"2 minutes\" \/>\n<script type=\"application\/ld+json\" class=\"yoast-schema-graph\">{\"@context\":\"https:\/\/schema.org\",\"@graph\":[{\"@type\":\"WebSite\",\"@id\":\"https:\/\/newskyvn.com\/#website\",\"url\":\"https:\/\/newskyvn.com\/\",\"name\":\"NEW SKY CO.,LTD\",\"description\":\"C\\u00f4ng Ty TNHH S\\u1ea3n Xu\\u1ea5t Th\\u01b0\\u01a1ng M\\u1ea1i D\\u1ecbch V\\u1ee5 T\\u00e2n Thi\\u00ean\",\"potentialAction\":[{\"@type\":\"SearchAction\",\"target\":{\"@type\":\"EntryPoint\",\"urlTemplate\":\"https:\/\/newskyvn.com\/?s={search_term_string}\"},\"query-input\":\"required name=search_term_string\"}],\"inLanguage\":\"en-US\"},{\"@type\":\"ImageObject\",\"@id\":\"https:\/\/newskyvn.com\/product\/acy04-f99-2i-v15\/#primaryimage\",\"inLanguage\":\"en-US\",\"url\":\"https:\/\/newskyvn.com\/wp-content\/uploads\/2021\/09\/b234326a.png\",\"contentUrl\":\"https:\/\/newskyvn.com\/wp-content\/uploads\/2021\/09\/b234326a.png\",\"width\":200,\"height\":220},{\"@type\":\"WebPage\",\"@id\":\"https:\/\/newskyvn.com\/product\/acy04-f99-2i-v15\/#webpage\",\"url\":\"https:\/\/newskyvn.com\/product\/acy04-f99-2i-v15\/\",\"name\":\"ACY04-F99-2I-V15 - NEW SKY CO.,LTD\",\"isPartOf\":{\"@id\":\"https:\/\/newskyvn.com\/#website\"},\"primaryImageOfPage\":{\"@id\":\"https:\/\/newskyvn.com\/product\/acy04-f99-2i-v15\/#primaryimage\"},\"datePublished\":\"2021-09-16T07:54:13+00:00\",\"dateModified\":\"2025-05-21T13:55:27+00:00\",\"breadcrumb\":{\"@id\":\"https:\/\/newskyvn.com\/product\/acy04-f99-2i-v15\/#breadcrumb\"},\"inLanguage\":\"en-US\",\"potentialAction\":[{\"@type\":\"ReadAction\",\"target\":[\"https:\/\/newskyvn.com\/product\/acy04-f99-2i-v15\/\"]}]},{\"@type\":\"BreadcrumbList\",\"@id\":\"https:\/\/newskyvn.com\/product\/acy04-f99-2i-v15\/#breadcrumb\",\"itemListElement\":[{\"@type\":\"ListItem\",\"position\":1,\"name\":\"Product\",\"item\":\"https:\/\/newskyvn.com\/en\/san-pham\/\"},{\"@type\":\"ListItem\",\"position\":2,\"name\":\"ACY04-F99-2I-V15\"}]}]}<\/script>\n<!-- \/ Yoast SEO plugin. -->","_links":{"self":[{"href":"https:\/\/newskyvn.com\/en\/wp-json\/wp\/v2\/product\/1198"}],"collection":[{"href":"https:\/\/newskyvn.com\/en\/wp-json\/wp\/v2\/product"}],"about":[{"href":"https:\/\/newskyvn.com\/en\/wp-json\/wp\/v2\/types\/product"}],"replies":[{"embeddable":true,"href":"https:\/\/newskyvn.com\/en\/wp-json\/wp\/v2\/comments?post=1198"}],"wp:featuredmedia":[{"embeddable":true,"href":"https:\/\/newskyvn.com\/en\/wp-json\/wp\/v2\/media\/1197"}],"wp:attachment":[{"href":"https:\/\/newskyvn.com\/en\/wp-json\/wp\/v2\/media?parent=1198"}],"wp:term":[{"taxonomy":"product_cat","embeddable":true,"href":"https:\/\/newskyvn.com\/en\/wp-json\/wp\/v2\/product_cat?post=1198"},{"taxonomy":"product_tag","embeddable":true,"href":"https:\/\/newskyvn.com\/en\/wp-json\/wp\/v2\/product_tag?post=1198"}],"curies":[{"name":"wp","href":"https:\/\/api.w.org\/{rel}","templated":true}]}}