{"id":1180,"date":"2021-09-16T07:18:25","date_gmt":"2021-09-16T07:18:25","guid":{"rendered":"https:\/\/newskyvn.com\/?post_type=product&#038;p=1180"},"modified":"2021-09-16T07:18:26","modified_gmt":"2021-09-16T07:18:26","slug":"inx360d-f99-b16-v15","status":"publish","type":"product","link":"https:\/\/newskyvn.com\/en\/product\/inx360d-f99-b16-v15\/","title":{"rendered":"INX360D-F99-B16-V15"},"content":{"rendered":"<p>&nbsp;<\/p>\n<p id=\"techdata\"><strong><span style=\"color: #0000ff;\">Datasheet excerpt: Technical data of\u00a0 INX360D-F99-B16-V15<\/span><\/strong><\/p>\n<table class=\"standard enum\">\n<tbody>\n<tr>\n<th colspan=\"3\">General specifications<\/th>\n<\/tr>\n<tr>\n<td colspan=\"2\">Type<\/td>\n<td>Inclination sensor, 1-axis<\/td>\n<\/tr>\n<tr>\n<td colspan=\"2\">Measurement range<\/td>\n<td>0 &#8230; 360 \u00b0<\/td>\n<\/tr>\n<tr>\n<td colspan=\"2\">Absolute accuracy<\/td>\n<td>\u2264 \u00b1 0.5 \u00b0<\/td>\n<\/tr>\n<tr>\n<td colspan=\"2\">Response delay<\/td>\n<td>\u2264 20 ms<\/td>\n<\/tr>\n<tr>\n<td colspan=\"2\">Resolution<\/td>\n<td>\u2264 0.1 \u00b0<\/td>\n<\/tr>\n<tr>\n<td colspan=\"2\">Repeat accuracy<\/td>\n<td>\u2264 \u00b1 0.1 \u00b0<\/td>\n<\/tr>\n<tr>\n<td colspan=\"2\">Temperature influence<\/td>\n<td>\u2264 0.027 \u00b0\/K<\/td>\n<\/tr>\n<tr>\n<th colspan=\"3\">Functional safety related parameters<\/th>\n<\/tr>\n<tr>\n<td colspan=\"2\">MTTF<sub>d<\/sub><\/td>\n<td>300 a<\/td>\n<\/tr>\n<tr>\n<td colspan=\"2\">Mission Time (T<sub>M<\/sub>)<\/td>\n<td>20 a<\/td>\n<\/tr>\n<tr>\n<td colspan=\"2\">Diagnostic Coverage (DC)<\/td>\n<td>0 %<\/td>\n<\/tr>\n<tr>\n<th colspan=\"3\">Indicators\/operating means<\/th>\n<\/tr>\n<tr>\n<td colspan=\"2\">Operation indicator<\/td>\n<td>LED, green<\/td>\n<\/tr>\n<tr>\n<th colspan=\"3\">Electrical specifications<\/th>\n<\/tr>\n<tr>\n<td colspan=\"2\">Operating voltage<\/td>\n<td>10 &#8230; 30 V DC<\/td>\n<\/tr>\n<tr>\n<td colspan=\"2\">No-load supply current<\/td>\n<td>\u2264 50 mA<\/td>\n<\/tr>\n<tr>\n<td colspan=\"2\">Time delay before availability<\/td>\n<td>\u2264 2.5 s<\/td>\n<\/tr>\n<tr>\n<th colspan=\"3\">Interface<\/th>\n<\/tr>\n<tr>\n<td colspan=\"2\">Interface type<\/td>\n<td>CANopen<\/td>\n<\/tr>\n<tr>\n<td colspan=\"2\">Device profile<\/td>\n<td>CiA410, Ver. 1.2<\/td>\n<\/tr>\n<tr>\n<td colspan=\"2\">Data output code<\/td>\n<td>binary code<\/td>\n<\/tr>\n<tr>\n<td colspan=\"2\">Transfer rate<\/td>\n<td>125 kBit\/s , 250 kBit\/s , 500 kBit\/s , 1 MBit\/s , programmable<\/td>\n<\/tr>\n<tr>\n<td colspan=\"2\">Node ID<\/td>\n<td>1 &#8230; 127 , programmable<\/td>\n<\/tr>\n<tr>\n<td colspan=\"2\">Termination<\/td>\n<td>external<\/td>\n<\/tr>\n<tr>\n<td colspan=\"2\">Cycle time<\/td>\n<td>\u2265 20 ms<\/td>\n<\/tr>\n<tr>\n<th colspan=\"3\">Compliance with standards and directives<\/th>\n<\/tr>\n<tr>\n<td colspan=\"2\">Standard conformity<\/td>\n<td><\/td>\n<\/tr>\n<tr>\n<td><\/td>\n<td>Shock and impact resistance<\/td>\n<td class=\"subattribute\">100\u00a0<i>g<\/i>\u00a0according to DIN\u00a0EN\u00a060068-2-27<\/td>\n<\/tr>\n<tr>\n<td><\/td>\n<td>Standards<\/td>\n<td class=\"subattribute\">EN 60947-5-2:2007<br \/>\nIEC 60947-5-2:2007<\/td>\n<\/tr>\n<tr>\n<th colspan=\"3\">Approvals and certificates<\/th>\n<\/tr>\n<tr>\n<td colspan=\"2\">UL approval<\/td>\n<td>cULus Listed, Class 2 Power Source<\/td>\n<\/tr>\n<tr>\n<td colspan=\"2\">CCC approval<\/td>\n<td>CCC approval \/ marking not required for products rated \u226436 V<\/td>\n<\/tr>\n<tr>\n<td colspan=\"2\">E1 Type approval<\/td>\n<td>10R-04<\/td>\n<\/tr>\n<tr>\n<th colspan=\"3\">Ambient conditions<\/th>\n<\/tr>\n<tr>\n<td colspan=\"2\">Ambient temperature<\/td>\n<td>-40 &#8230; 85 \u00b0C (-40 &#8230; 185 \u00b0F)<\/td>\n<\/tr>\n<tr>\n<td colspan=\"2\">Storage temperature<\/td>\n<td>-40 &#8230; 85 \u00b0C (-40 &#8230; 185 \u00b0F)<\/td>\n<\/tr>\n<tr>\n<th colspan=\"3\">Mechanical specifications<\/th>\n<\/tr>\n<tr>\n<td colspan=\"2\">Connection type<\/td>\n<td>5-pin, M12 x 1 connector<\/td>\n<\/tr>\n<tr>\n<td colspan=\"2\">Housing material<\/td>\n<td>PA<\/td>\n<\/tr>\n<tr>\n<td colspan=\"2\">Degree of protection<\/td>\n<td>IP68 \/ IP69K<\/td>\n<\/tr>\n<tr>\n<td colspan=\"2\">Mass<\/td>\n<td>240 g<\/td>\n<\/tr>\n<tr>\n<th colspan=\"3\">Factory settings<\/th>\n<\/tr>\n<tr>\n<td colspan=\"2\">Node ID<\/td>\n<td>1<\/td>\n<\/tr>\n<tr>\n<td colspan=\"2\">Transfer rate<\/td>\n<td>250 kBit\/s<\/td>\n<\/tr>\n<\/tbody>\n<\/table>\n<p>&nbsp;<\/p>\n<p><strong><span style=\"color: #0000ff;\">Classifications<\/span><\/strong><\/p>\n<table class=\"standard enum\">\n<tbody>\n<tr>\n<th>System<\/th>\n<th>Classcode<\/th>\n<\/tr>\n<tr>\n<td>ECLASS 11.0<\/td>\n<td>27271101<\/td>\n<\/tr>\n<tr>\n<td>ECLASS 10.0.1<\/td>\n<td>27271101<\/td>\n<\/tr>\n<tr>\n<td>ECLASS 9.0<\/td>\n<td>27271190<\/td>\n<\/tr>\n<tr>\n<td>ECLASS 8.0<\/td>\n<td>27270790<\/td>\n<\/tr>\n<tr>\n<td>ECLASS 5.1<\/td>\n<td>27270790<\/td>\n<\/tr>\n<tr>\n<td>ETIM 8.0<\/td>\n<td>EC003965<\/td>\n<\/tr>\n<tr>\n<td>ETIM 7.0<\/td>\n<td>EC002544<\/td>\n<\/tr>\n<tr>\n<td>ETIM 6.0<\/td>\n<td>EC002544<\/td>\n<\/tr>\n<tr>\n<td>ETIM 5.0<\/td>\n<td>EC002544<\/td>\n<\/tr>\n<\/tbody>\n<\/table>\n<p><\/p>","protected":false},"excerpt":{"rendered":"<ul id=\"productfeatures\">\n<li>E1-Type approval<\/li>\n<li>Measuring range 0 &#8230; 360\u00b0<\/li>\n<li>High shock resistance<\/li>\n<li>Extended temperature range<br \/>\n-40\u00a0&#8230;\u00a0+85\u00a0\u00b0C<\/li>\n<li>CANopen interface<\/li>\n<li>Increased noise immunity 100 V\/m<\/li>\n<\/ul>\n","protected":false},"featured_media":1182,"comment_status":"open","ping_status":"closed","template":"","meta":[],"product_cat":[32,60],"product_tag":[],"yoast_head":"<!-- This site is optimized with the Yoast SEO plugin v16.6.1 - https:\/\/yoast.com\/wordpress\/plugins\/seo\/ -->\n<title>INX360D-F99-B16-V15 - NEW SKY CO.,LTD<\/title>\n<meta name=\"robots\" content=\"index, follow, max-snippet:-1, max-image-preview:large, max-video-preview:-1\" \/>\n<link rel=\"canonical\" href=\"https:\/\/newskyvn.com\/product\/inx360d-f99-b16-v15\/\" \/>\n<meta property=\"og:locale\" content=\"en_US\" \/>\n<meta property=\"og:type\" content=\"article\" \/>\n<meta property=\"og:title\" content=\"INX360D-F99-B16-V15 - NEW SKY CO.,LTD\" \/>\n<meta property=\"og:description\" content=\"[:vi]  Lo\u1ea1i E1 \u0111\u00e3 \u0111\u01b0\u1ee3c ch\u1ea5p thu\u1eadn  D\u1ea3i \u0111o 0 ... 360 \u00b0  Kh\u1ea3 n\u0103ng ch\u1ed1ng s\u1ed1c cao  D\u1ea3i nhi\u1ec7t \u0111\u1ed9 m\u1edf r\u1ed9ng -40 ... +85 \u00b0 C  Giao di\u1ec7n k\u1ebft n\u1ed1i CANopen  T\u0103ng kh\u1ea3 n\u0103ng ch\u1ed1ng \u1ed3n 100 V \/ m [:en]  E1-Type approval  Measuring range 0 ... 360\u00b0  High shock resistance  Extended temperature range -40\u00a0...\u00a0+85\u00a0\u00b0C  CANopen interface  Increased noise immunity 100 V\/m [:]\" \/>\n<meta property=\"og:url\" content=\"https:\/\/newskyvn.com\/product\/inx360d-f99-b16-v15\/\" \/>\n<meta property=\"og:site_name\" content=\"NEW SKY CO.,LTD\" \/>\n<meta property=\"article:modified_time\" content=\"2021-09-16T07:18:26+00:00\" \/>\n<meta property=\"og:image\" content=\"https:\/\/newskyvn.com\/wp-content\/uploads\/2021\/09\/INX360.jpg\" \/>\n\t<meta property=\"og:image:width\" content=\"500\" \/>\n\t<meta property=\"og:image:height\" content=\"500\" \/>\n<meta name=\"twitter:card\" content=\"summary_large_image\" \/>\n<meta name=\"twitter:label1\" content=\"Est. reading time\" \/>\n\t<meta name=\"twitter:data1\" content=\"2 minutes\" \/>\n<script type=\"application\/ld+json\" class=\"yoast-schema-graph\">{\"@context\":\"https:\/\/schema.org\",\"@graph\":[{\"@type\":\"WebSite\",\"@id\":\"https:\/\/newskyvn.com\/#website\",\"url\":\"https:\/\/newskyvn.com\/\",\"name\":\"NEW SKY CO.,LTD\",\"description\":\"C\\u00f4ng Ty TNHH S\\u1ea3n Xu\\u1ea5t Th\\u01b0\\u01a1ng M\\u1ea1i D\\u1ecbch V\\u1ee5 T\\u00e2n Thi\\u00ean\",\"potentialAction\":[{\"@type\":\"SearchAction\",\"target\":{\"@type\":\"EntryPoint\",\"urlTemplate\":\"https:\/\/newskyvn.com\/?s={search_term_string}\"},\"query-input\":\"required name=search_term_string\"}],\"inLanguage\":\"en-US\"},{\"@type\":\"ImageObject\",\"@id\":\"https:\/\/newskyvn.com\/product\/inx360d-f99-b16-v15\/#primaryimage\",\"inLanguage\":\"en-US\",\"url\":\"https:\/\/newskyvn.com\/wp-content\/uploads\/2021\/09\/INX360.jpg\",\"contentUrl\":\"https:\/\/newskyvn.com\/wp-content\/uploads\/2021\/09\/INX360.jpg\",\"width\":500,\"height\":500},{\"@type\":\"WebPage\",\"@id\":\"https:\/\/newskyvn.com\/product\/inx360d-f99-b16-v15\/#webpage\",\"url\":\"https:\/\/newskyvn.com\/product\/inx360d-f99-b16-v15\/\",\"name\":\"INX360D-F99-B16-V15 - NEW SKY CO.,LTD\",\"isPartOf\":{\"@id\":\"https:\/\/newskyvn.com\/#website\"},\"primaryImageOfPage\":{\"@id\":\"https:\/\/newskyvn.com\/product\/inx360d-f99-b16-v15\/#primaryimage\"},\"datePublished\":\"2021-09-16T07:18:25+00:00\",\"dateModified\":\"2021-09-16T07:18:26+00:00\",\"breadcrumb\":{\"@id\":\"https:\/\/newskyvn.com\/product\/inx360d-f99-b16-v15\/#breadcrumb\"},\"inLanguage\":\"en-US\",\"potentialAction\":[{\"@type\":\"ReadAction\",\"target\":[\"https:\/\/newskyvn.com\/product\/inx360d-f99-b16-v15\/\"]}]},{\"@type\":\"BreadcrumbList\",\"@id\":\"https:\/\/newskyvn.com\/product\/inx360d-f99-b16-v15\/#breadcrumb\",\"itemListElement\":[{\"@type\":\"ListItem\",\"position\":1,\"name\":\"Product\",\"item\":\"https:\/\/newskyvn.com\/en\/san-pham\/\"},{\"@type\":\"ListItem\",\"position\":2,\"name\":\"INX360D-F99-B16-V15\"}]}]}<\/script>\n<!-- \/ Yoast SEO plugin. -->","_links":{"self":[{"href":"https:\/\/newskyvn.com\/en\/wp-json\/wp\/v2\/product\/1180"}],"collection":[{"href":"https:\/\/newskyvn.com\/en\/wp-json\/wp\/v2\/product"}],"about":[{"href":"https:\/\/newskyvn.com\/en\/wp-json\/wp\/v2\/types\/product"}],"replies":[{"embeddable":true,"href":"https:\/\/newskyvn.com\/en\/wp-json\/wp\/v2\/comments?post=1180"}],"wp:featuredmedia":[{"embeddable":true,"href":"https:\/\/newskyvn.com\/en\/wp-json\/wp\/v2\/media\/1182"}],"wp:attachment":[{"href":"https:\/\/newskyvn.com\/en\/wp-json\/wp\/v2\/media?parent=1180"}],"wp:term":[{"taxonomy":"product_cat","embeddable":true,"href":"https:\/\/newskyvn.com\/en\/wp-json\/wp\/v2\/product_cat?post=1180"},{"taxonomy":"product_tag","embeddable":true,"href":"https:\/\/newskyvn.com\/en\/wp-json\/wp\/v2\/product_tag?post=1180"}],"curies":[{"name":"wp","href":"https:\/\/api.w.org\/{rel}","templated":true}]}}