{"id":1158,"date":"2021-09-16T03:08:06","date_gmt":"2021-09-16T03:08:06","guid":{"rendered":"https:\/\/newskyvn.com\/?post_type=product&#038;p=1158"},"modified":"2021-09-16T03:08:06","modified_gmt":"2021-09-16T03:08:06","slug":"pmi14v-f166-u-1m-y215627","status":"publish","type":"product","link":"https:\/\/newskyvn.com\/en\/product\/pmi14v-f166-u-1m-y215627\/","title":{"rendered":"PMI14V-F166-U-1M-Y215627"},"content":{"rendered":"<p>&nbsp;<\/p>\n<p id=\"techdata\"><strong><span style=\"color: #0000ff;\">Datasheet excerpt: Technical data of\u00a0 PMI14V-F166-U-1M-Y215627<\/span><\/strong><\/p>\n<table class=\"standard enum\">\n<tbody>\n<tr>\n<th colspan=\"3\">General specifications<\/th>\n<\/tr>\n<tr>\n<td colspan=\"2\">Switching element function<\/td>\n<td>Analog voltage output<\/td>\n<\/tr>\n<tr>\n<td colspan=\"2\">Object distance<\/td>\n<td>0.5 &#8230; 2 mm<\/td>\n<\/tr>\n<tr>\n<td colspan=\"2\">Measurement range<\/td>\n<td>0 &#8230; 14 mm<\/td>\n<\/tr>\n<tr>\n<th colspan=\"3\">Nominal ratings<\/th>\n<\/tr>\n<tr>\n<td colspan=\"2\">Operating voltage<\/td>\n<td>18 &#8230; 30 V<\/td>\n<\/tr>\n<tr>\n<td colspan=\"2\">Reverse polarity protection<\/td>\n<td>reverse polarity protected<\/td>\n<\/tr>\n<tr>\n<td colspan=\"2\">Linearity error<\/td>\n<td>\u00b1 0.3 mm<\/td>\n<\/tr>\n<tr>\n<td colspan=\"2\">Repeat accuracy<\/td>\n<td>\u00b1 0.05 mm<\/td>\n<\/tr>\n<tr>\n<td colspan=\"2\">Resolution<\/td>\n<td>33 \u00b5m<\/td>\n<\/tr>\n<tr>\n<td colspan=\"2\">Temperature drift<\/td>\n<td>\u00b1 0.4 mm<\/td>\n<\/tr>\n<tr>\n<td colspan=\"2\">No-load supply current<\/td>\n<td>\u2264 20 mA<\/td>\n<\/tr>\n<tr>\n<th colspan=\"3\">Analog output<\/th>\n<\/tr>\n<tr>\n<td colspan=\"2\">Output type<\/td>\n<td>1 voltage output: 0 &#8230; 10 V<\/td>\n<\/tr>\n<tr>\n<td colspan=\"2\">Load resistor<\/td>\n<td>\u2265 1000 \u03a9<\/td>\n<\/tr>\n<tr>\n<td colspan=\"2\">Short-circuit protection<\/td>\n<td>pulsing<\/td>\n<\/tr>\n<tr>\n<th colspan=\"3\">Compliance with standards and directives<\/th>\n<\/tr>\n<tr>\n<td colspan=\"2\">Standard conformity<\/td>\n<td><\/td>\n<\/tr>\n<tr>\n<td><\/td>\n<td>Standards<\/td>\n<td class=\"subattribute\">EN 60947-5-2:2007<br \/>\nIEC 60947-5-2:2007<\/td>\n<\/tr>\n<tr>\n<th colspan=\"3\">Ambient conditions<\/th>\n<\/tr>\n<tr>\n<td colspan=\"2\">Ambient temperature<\/td>\n<td>-10 &#8230; 70 \u00b0C (14 &#8230; 158 \u00b0F)<\/td>\n<\/tr>\n<tr>\n<th colspan=\"3\">Mechanical specifications<\/th>\n<\/tr>\n<tr>\n<td colspan=\"2\">Connection type<\/td>\n<td>1 m, PUR cable<\/td>\n<\/tr>\n<tr>\n<td colspan=\"2\">Core cross-section<\/td>\n<td>5 x 0.25 mm<sup>2<\/sup><\/td>\n<\/tr>\n<tr>\n<td colspan=\"2\">Material<\/td>\n<td><\/td>\n<\/tr>\n<tr>\n<td><\/td>\n<td>Housing<\/td>\n<td class=\"subattribute\">Zinc die-casting, nickel-plated<br \/>\ncover , PBT<\/td>\n<\/tr>\n<tr>\n<td><\/td>\n<td>Target<\/td>\n<td class=\"subattribute\">mild steel, e. g. 1.0037, SR235JR (formerly St37-2)<\/td>\n<\/tr>\n<tr>\n<td colspan=\"2\">Mass<\/td>\n<td>65 g<\/td>\n<\/tr>\n<\/tbody>\n<\/table>\n<p>&nbsp;<\/p>\n<p><strong><span style=\"color: #000080;\">Classifications<\/span><\/strong><\/p>\n<table class=\"standard enum\">\n<tbody>\n<tr>\n<th>System<\/th>\n<th>Classcode<\/th>\n<\/tr>\n<tr>\n<td>ECLASS 11.0<\/td>\n<td>27270702<\/td>\n<\/tr>\n<tr>\n<td>ECLASS 10.0.1<\/td>\n<td>27270702<\/td>\n<\/tr>\n<tr>\n<td>ECLASS 9.0<\/td>\n<td>27270702<\/td>\n<\/tr>\n<tr>\n<td>ECLASS 8.0<\/td>\n<td>27270702<\/td>\n<\/tr>\n<tr>\n<td>ECLASS 5.1<\/td>\n<td>27270702<\/td>\n<\/tr>\n<tr>\n<td>ETIM 8.0<\/td>\n<td>EC001852<\/td>\n<\/tr>\n<tr>\n<td>ETIM 7.0<\/td>\n<td>EC001852<\/td>\n<\/tr>\n<tr>\n<td>ETIM 6.0<\/td>\n<td>EC001852<\/td>\n<\/tr>\n<tr>\n<td>ETIM 5.0<\/td>\n<td>EC001852<\/td>\n<\/tr>\n<tr>\n<td>UNSPSC 12.1<\/td>\n<td>39121550<\/td>\n<\/tr>\n<\/tbody>\n<\/table>\n<p><\/p>","protected":false},"excerpt":{"rendered":"<ul id=\"productfeatures\">\n<li>Analog output 0\u00a0&#8230;\u00a010\u00a0V<\/li>\n<li>Measuring range 0\u00a0&#8230;\u00a014\u00a0mm<\/li>\n<li>Scaleable measurement range programmable via cable<\/li>\n<\/ul>\n","protected":false},"featured_media":1160,"comment_status":"open","ping_status":"closed","template":"","meta":[],"product_cat":[31,56],"product_tag":[],"yoast_head":"<!-- This site is optimized with the Yoast SEO plugin v16.6.1 - https:\/\/yoast.com\/wordpress\/plugins\/seo\/ -->\n<title>PMI14V-F166-U-1M-Y215627 - NEW SKY CO.,LTD<\/title>\n<meta name=\"robots\" content=\"index, follow, max-snippet:-1, max-image-preview:large, max-video-preview:-1\" \/>\n<link rel=\"canonical\" href=\"https:\/\/newskyvn.com\/product\/pmi14v-f166-u-1m-y215627\/\" \/>\n<meta property=\"og:locale\" content=\"en_US\" \/>\n<meta property=\"og:type\" content=\"article\" \/>\n<meta property=\"og:title\" content=\"PMI14V-F166-U-1M-Y215627 - NEW SKY CO.,LTD\" \/>\n<meta property=\"og:description\" content=\"[:vi]  \u0110\u1ea7u ra t\u01b0\u01a1ng t\u1ef1 0 ... 10 V  Ph\u1ea1m vi \u0111o 0 ... 14 mm  Ph\u1ea1m vi \u0111o l\u01b0\u1eddng c\u00f3 th\u1ec3 m\u1edf r\u1ed9ng c\u00f3 th\u1ec3 l\u1eadp tr\u00ecnh th\u00f4ng qua c\u00e1p [:en]  Analog output 0\u00a0...\u00a010\u00a0V  Measuring range 0\u00a0...\u00a014\u00a0mm  Scaleable measurement range programmable via cable [:]\" \/>\n<meta property=\"og:url\" content=\"https:\/\/newskyvn.com\/product\/pmi14v-f166-u-1m-y215627\/\" \/>\n<meta property=\"og:site_name\" content=\"NEW SKY CO.,LTD\" \/>\n<meta property=\"og:image\" content=\"https:\/\/newskyvn.com\/wp-content\/uploads\/2021\/09\/PMI14V.jpg\" \/>\n\t<meta property=\"og:image:width\" content=\"500\" \/>\n\t<meta property=\"og:image:height\" content=\"500\" \/>\n<meta name=\"twitter:card\" content=\"summary_large_image\" \/>\n<meta name=\"twitter:label1\" content=\"Est. reading time\" \/>\n\t<meta name=\"twitter:data1\" content=\"1 minute\" \/>\n<script type=\"application\/ld+json\" class=\"yoast-schema-graph\">{\"@context\":\"https:\/\/schema.org\",\"@graph\":[{\"@type\":\"WebSite\",\"@id\":\"https:\/\/newskyvn.com\/#website\",\"url\":\"https:\/\/newskyvn.com\/\",\"name\":\"NEW SKY CO.,LTD\",\"description\":\"C\\u00f4ng Ty TNHH S\\u1ea3n Xu\\u1ea5t Th\\u01b0\\u01a1ng M\\u1ea1i D\\u1ecbch V\\u1ee5 T\\u00e2n Thi\\u00ean\",\"potentialAction\":[{\"@type\":\"SearchAction\",\"target\":{\"@type\":\"EntryPoint\",\"urlTemplate\":\"https:\/\/newskyvn.com\/?s={search_term_string}\"},\"query-input\":\"required name=search_term_string\"}],\"inLanguage\":\"en-US\"},{\"@type\":\"ImageObject\",\"@id\":\"https:\/\/newskyvn.com\/product\/pmi14v-f166-u-1m-y215627\/#primaryimage\",\"inLanguage\":\"en-US\",\"url\":\"https:\/\/newskyvn.com\/wp-content\/uploads\/2021\/09\/PMI14V.jpg\",\"contentUrl\":\"https:\/\/newskyvn.com\/wp-content\/uploads\/2021\/09\/PMI14V.jpg\",\"width\":500,\"height\":500},{\"@type\":\"WebPage\",\"@id\":\"https:\/\/newskyvn.com\/product\/pmi14v-f166-u-1m-y215627\/#webpage\",\"url\":\"https:\/\/newskyvn.com\/product\/pmi14v-f166-u-1m-y215627\/\",\"name\":\"PMI14V-F166-U-1M-Y215627 - NEW SKY CO.,LTD\",\"isPartOf\":{\"@id\":\"https:\/\/newskyvn.com\/#website\"},\"primaryImageOfPage\":{\"@id\":\"https:\/\/newskyvn.com\/product\/pmi14v-f166-u-1m-y215627\/#primaryimage\"},\"datePublished\":\"2021-09-16T03:08:06+00:00\",\"dateModified\":\"2021-09-16T03:08:06+00:00\",\"breadcrumb\":{\"@id\":\"https:\/\/newskyvn.com\/product\/pmi14v-f166-u-1m-y215627\/#breadcrumb\"},\"inLanguage\":\"en-US\",\"potentialAction\":[{\"@type\":\"ReadAction\",\"target\":[\"https:\/\/newskyvn.com\/product\/pmi14v-f166-u-1m-y215627\/\"]}]},{\"@type\":\"BreadcrumbList\",\"@id\":\"https:\/\/newskyvn.com\/product\/pmi14v-f166-u-1m-y215627\/#breadcrumb\",\"itemListElement\":[{\"@type\":\"ListItem\",\"position\":1,\"name\":\"Product\",\"item\":\"https:\/\/newskyvn.com\/en\/san-pham\/\"},{\"@type\":\"ListItem\",\"position\":2,\"name\":\"PMI14V-F166-U-1M-Y215627\"}]}]}<\/script>\n<!-- \/ Yoast SEO plugin. -->","_links":{"self":[{"href":"https:\/\/newskyvn.com\/en\/wp-json\/wp\/v2\/product\/1158"}],"collection":[{"href":"https:\/\/newskyvn.com\/en\/wp-json\/wp\/v2\/product"}],"about":[{"href":"https:\/\/newskyvn.com\/en\/wp-json\/wp\/v2\/types\/product"}],"replies":[{"embeddable":true,"href":"https:\/\/newskyvn.com\/en\/wp-json\/wp\/v2\/comments?post=1158"}],"wp:featuredmedia":[{"embeddable":true,"href":"https:\/\/newskyvn.com\/en\/wp-json\/wp\/v2\/media\/1160"}],"wp:attachment":[{"href":"https:\/\/newskyvn.com\/en\/wp-json\/wp\/v2\/media?parent=1158"}],"wp:term":[{"taxonomy":"product_cat","embeddable":true,"href":"https:\/\/newskyvn.com\/en\/wp-json\/wp\/v2\/product_cat?post=1158"},{"taxonomy":"product_tag","embeddable":true,"href":"https:\/\/newskyvn.com\/en\/wp-json\/wp\/v2\/product_tag?post=1158"}],"curies":[{"name":"wp","href":"https:\/\/api.w.org\/{rel}","templated":true}]}}