{"id":1135,"date":"2021-09-15T13:12:17","date_gmt":"2021-09-15T13:12:17","guid":{"rendered":"https:\/\/newskyvn.com\/?post_type=product&#038;p=1135"},"modified":"2021-09-15T13:12:17","modified_gmt":"2021-09-15T13:12:17","slug":"eni58il-h","status":"publish","type":"product","link":"https:\/\/newskyvn.com\/en\/product\/eni58il-h\/","title":{"rendered":"ENI58IL-H"},"content":{"rendered":"<p>&nbsp;<\/p>\n<p id=\"techdata\"><strong><span style=\"color: #0000ff;\">Datasheet excerpt: Technical data of\u00a0 ENI58IL-H<\/span><\/strong><\/p>\n<table class=\"standard enum\">\n<tbody>\n<tr>\n<th colspan=\"3\">General specifications<\/th>\n<\/tr>\n<tr>\n<td colspan=\"2\">Detection type<\/td>\n<td>photoelectric sampling<\/td>\n<\/tr>\n<tr>\n<td colspan=\"2\">Linearity error<\/td>\n<td>\u00b1 0.025 \u00b0<\/td>\n<\/tr>\n<tr>\n<td colspan=\"2\">Pulse count<\/td>\n<td>max. 5000<\/td>\n<\/tr>\n<tr>\n<td colspan=\"2\">UL File Number<\/td>\n<td>E223176 &#8220;For use in NFPA 79 Applications only&#8221; , if UL marking is marked on the product.<\/td>\n<\/tr>\n<tr>\n<th colspan=\"3\">Functional safety related parameters<\/th>\n<\/tr>\n<tr>\n<td colspan=\"2\">MTTF<sub>d<\/sub><\/td>\n<td>140 a<\/td>\n<\/tr>\n<tr>\n<td colspan=\"2\">Mission Time (T<sub>M<\/sub>)<\/td>\n<td>20 a<\/td>\n<\/tr>\n<tr>\n<td colspan=\"2\">L<sub>10<\/sub><\/td>\n<td>15 E+9 at 3000 rpm<\/td>\n<\/tr>\n<tr>\n<td colspan=\"2\">Diagnostic Coverage (DC)<\/td>\n<td>0 %<\/td>\n<\/tr>\n<tr>\n<th colspan=\"3\">Electrical specifications<\/th>\n<\/tr>\n<tr>\n<td colspan=\"2\">Operating voltage<\/td>\n<td>4.75 &#8230; 30 V DC<\/td>\n<\/tr>\n<tr>\n<td colspan=\"2\">No-load supply current<\/td>\n<td>max. 50 mA<\/td>\n<\/tr>\n<tr>\n<th colspan=\"3\">Output<\/th>\n<\/tr>\n<tr>\n<td colspan=\"2\">Output type<\/td>\n<td>push-pull or RS422 (universal output driver, output level depending on input voltage)<\/td>\n<\/tr>\n<tr>\n<td colspan=\"2\">Load current<\/td>\n<td>max. per channel 40 mA , short-circuit protected, reverse polarity protected<\/td>\n<\/tr>\n<tr>\n<td colspan=\"2\">Output frequency<\/td>\n<td>max. 400 kHz<\/td>\n<\/tr>\n<tr>\n<td colspan=\"2\">Rise time<\/td>\n<td>300 ns<\/td>\n<\/tr>\n<tr>\n<td colspan=\"2\">Phase position A to B<\/td>\n<td><\/td>\n<\/tr>\n<tr>\n<td><\/td>\n<td>Pulse counts &lt; 3600<\/td>\n<td class=\"subattribute\">90 \u00b0 \u00b1 9 \u00b0 electrical<\/td>\n<\/tr>\n<tr>\n<td><\/td>\n<td>Pulse counts \u2265 3600<\/td>\n<td class=\"subattribute\">90 \u00b0 \u00b1 15 \u00b0 electrical<\/td>\n<\/tr>\n<tr>\n<td colspan=\"2\">Duty cycle<\/td>\n<td>1\/2 \u00b1 10 %<\/td>\n<\/tr>\n<tr>\n<th colspan=\"3\">Connection<\/th>\n<\/tr>\n<tr>\n<td colspan=\"2\">Connector<\/td>\n<td>M12 connector, 8-pin<br \/>\nM12 connector, 5 pin<br \/>\nM23 connector, 12-pin<br \/>\n10-pin MIL connector<br \/>\n7-pin MIL connector<\/td>\n<\/tr>\n<tr>\n<td colspan=\"2\">Cable<\/td>\n<td>\u22056 mm, 4 x 2 x 0.14 mm<sup>2<\/sup><br \/>\nFixed cable with M12 plug. 5-pin<br \/>\nFixed cable with M12 plug. 8-pin<\/td>\n<\/tr>\n<tr>\n<th colspan=\"3\">Standard conformity<\/th>\n<\/tr>\n<tr>\n<td colspan=\"2\">Degree of protection<\/td>\n<td>DIN\u00a0EN\u00a060529, IP65, IP67<\/td>\n<\/tr>\n<tr>\n<td colspan=\"2\">Climatic testing<\/td>\n<td>DIN\u00a0EN\u00a060068-2-78 , no moisture condensation<\/td>\n<\/tr>\n<tr>\n<td colspan=\"2\">Emitted interference<\/td>\n<td>EN\u00a061000-6-4:2007\/A1:2011<\/td>\n<\/tr>\n<tr>\n<td colspan=\"2\">Noise immunity<\/td>\n<td>EN\u00a061000-6-2:2005<\/td>\n<\/tr>\n<tr>\n<td colspan=\"2\">Shock resistance<\/td>\n<td>DIN\u00a0EN\u00a060068-2-27, 300\u00a0<i>g<\/i>, 6\u00a0ms<\/td>\n<\/tr>\n<tr>\n<td colspan=\"2\">Vibration resistance<\/td>\n<td>DIN\u00a0EN\u00a060068-2-6, 30\u00a0<i>g<\/i>, 10\u00a0&#8230;\u00a02000\u00a0Hz<\/td>\n<\/tr>\n<tr>\n<th colspan=\"3\">Approvals and certificates<\/th>\n<\/tr>\n<tr>\n<td colspan=\"2\">UL approval<\/td>\n<td>cULus Listed, General Purpose, Class 2 Power Source, Type 1 enclosure , if UL marking is marked on the product.<br \/>\nadapters providing field wiring on request<\/td>\n<\/tr>\n<tr>\n<td><\/td>\n<td>Maximum permissible ambient temperature<\/td>\n<td class=\"subattribute\">max. 80 \u00b0C (max. 176 \u00b0F)<\/td>\n<\/tr>\n<tr>\n<th colspan=\"3\">Ambient conditions<\/th>\n<\/tr>\n<tr>\n<td colspan=\"2\">Operating temperature<\/td>\n<td>-40 &#8230; 85 \u00b0C (-40 &#8230; 185 \u00b0F) , fixed cable<br \/>\n-5 &#8230; 85 \u00b0C (23 &#8230; 185 \u00b0F) , movable cable<\/td>\n<\/tr>\n<tr>\n<td colspan=\"2\">Storage temperature<\/td>\n<td>-40 &#8230; 85 \u00b0C (-40 &#8230; 185 \u00b0F)<\/td>\n<\/tr>\n<tr>\n<th colspan=\"3\">Mechanical specifications<\/th>\n<\/tr>\n<tr>\n<td colspan=\"2\">Material<\/td>\n<td><\/td>\n<\/tr>\n<tr>\n<td><\/td>\n<td>Housing<\/td>\n<td class=\"subattribute\">3.2315 aluminum (AlMgSi1, saltwater-proof)<\/td>\n<\/tr>\n<tr>\n<td><\/td>\n<td>Flange<\/td>\n<td class=\"subattribute\">3.2315 aluminum (AlMgSi1, saltwater-proof)<\/td>\n<\/tr>\n<tr>\n<td><\/td>\n<td>Shaft<\/td>\n<td class=\"subattribute\">Hollow shaft Stainless steel<\/td>\n<\/tr>\n<tr>\n<td colspan=\"2\">Mass<\/td>\n<td>&lt; 300 g without cable<\/td>\n<\/tr>\n<tr>\n<td colspan=\"2\">Rotational speed<\/td>\n<td>max. 6000 min\u00a0<sup>-1<\/sup>\u00a0for IP65 , max. 3000 min\u00a0<sup>-1<\/sup>\u00a0for IP67<\/td>\n<\/tr>\n<tr>\n<td colspan=\"2\">Moment of inertia<\/td>\n<td>\u2264 70 gcm<sup>2<\/sup><\/td>\n<\/tr>\n<tr>\n<td colspan=\"2\">Starting torque<\/td>\n<td>\u2264 1.5 Ncm for IP65 , \u2264 3 Ncm for IP67<\/td>\n<\/tr>\n<tr>\n<td colspan=\"2\">Shaft load<\/td>\n<td><\/td>\n<\/tr>\n<tr>\n<td><\/td>\n<td>Angle offset<\/td>\n<td class=\"subattribute\">max. 1 \u00b0<\/td>\n<\/tr>\n<tr>\n<td><\/td>\n<td>Axial offset<\/td>\n<td class=\"subattribute\">max. 1 mm<\/td>\n<\/tr>\n<\/tbody>\n<\/table>\n<p>&nbsp;<\/p>\n<p><strong><span style=\"color: #0000ff;\">Classifications<\/span><\/strong><\/p>\n<table class=\"standard enum\">\n<tbody>\n<tr>\n<th>System<\/th>\n<th>Classcode<\/th>\n<\/tr>\n<tr>\n<td>ECLASS 11.0<\/td>\n<td>27270501<\/td>\n<\/tr>\n<tr>\n<td>ECLASS 10.0.1<\/td>\n<td>27270501<\/td>\n<\/tr>\n<tr>\n<td>ECLASS 9.0<\/td>\n<td>27270501<\/td>\n<\/tr>\n<tr>\n<td>ECLASS 8.0<\/td>\n<td>27270501<\/td>\n<\/tr>\n<tr>\n<td>ECLASS 5.1<\/td>\n<td>27270501<\/td>\n<\/tr>\n<tr>\n<td>ETIM 8.0<\/td>\n<td>EC001486<\/td>\n<\/tr>\n<tr>\n<td>ETIM 7.0<\/td>\n<td>EC001486<\/td>\n<\/tr>\n<tr>\n<td>ETIM 6.0<\/td>\n<td>EC001486<\/td>\n<\/tr>\n<tr>\n<td>ETIM 5.0<\/td>\n<td>EC001486<\/td>\n<\/tr>\n<tr>\n<td>UNSPSC 12.1<\/td>\n<td>39121527<\/td>\n<\/tr>\n<\/tbody>\n<\/table>\n<p><\/p>","protected":false},"excerpt":{"rendered":"<ul id=\"productfeatures\">\n<li>Housing\u00a0\u2205 58\u00a0mm<\/li>\n<li>Hollow shaft<\/li>\n<li>Up to 5000 ppr<\/li>\n<li>Universal output driver<\/li>\n<li>BlueBeam technology for ultimate precision<\/li>\n<\/ul>\n","protected":false},"featured_media":1137,"comment_status":"open","ping_status":"closed","template":"","meta":[],"product_cat":[30,53],"product_tag":[],"yoast_head":"<!-- This site is optimized with the Yoast SEO plugin v16.6.1 - https:\/\/yoast.com\/wordpress\/plugins\/seo\/ -->\n<title>ENI58IL-H - NEW SKY CO.,LTD<\/title>\n<meta name=\"robots\" content=\"index, follow, max-snippet:-1, max-image-preview:large, max-video-preview:-1\" \/>\n<link rel=\"canonical\" href=\"https:\/\/newskyvn.com\/product\/eni58il-h\/\" \/>\n<meta property=\"og:locale\" content=\"en_US\" \/>\n<meta property=\"og:type\" content=\"article\" \/>\n<meta property=\"og:title\" content=\"ENI58IL-H - NEW SKY CO.,LTD\" \/>\n<meta property=\"og:description\" content=\"[:vi]  v\u1ecf c\u00f3 k\u00edch th\u01b0\u1edbc \u2205 58 mm  Tr\u1ee5c r\u1ed7ng  L\u00ean \u0111\u1ebfn 5000 ppr  Tr\u00ecnh \u0111i\u1ec1u khi\u1ec3n \u0111\u1ea7u ra \u0111a n\u0103ng  C\u00f4ng ngh\u1ec7 BlueBeam cho \u0111\u1ed9 ch\u00ednh x\u00e1c cao nh\u1ea5t [:en]  Housing\u00a0\u2205 58\u00a0mm  Hollow shaft  Up to 5000 ppr  Universal output driver  BlueBeam technology for ultimate precision [:]\" \/>\n<meta property=\"og:url\" content=\"https:\/\/newskyvn.com\/product\/eni58il-h\/\" \/>\n<meta property=\"og:site_name\" content=\"NEW SKY CO.,LTD\" \/>\n<meta property=\"og:image\" content=\"https:\/\/newskyvn.com\/wp-content\/uploads\/2021\/09\/ENI81L.jpg\" \/>\n\t<meta property=\"og:image:width\" content=\"500\" \/>\n\t<meta property=\"og:image:height\" content=\"500\" \/>\n<meta name=\"twitter:card\" content=\"summary_large_image\" \/>\n<meta name=\"twitter:label1\" content=\"Est. reading time\" \/>\n\t<meta name=\"twitter:data1\" content=\"2 minutes\" \/>\n<script type=\"application\/ld+json\" class=\"yoast-schema-graph\">{\"@context\":\"https:\/\/schema.org\",\"@graph\":[{\"@type\":\"WebSite\",\"@id\":\"https:\/\/newskyvn.com\/#website\",\"url\":\"https:\/\/newskyvn.com\/\",\"name\":\"NEW SKY CO.,LTD\",\"description\":\"C\\u00f4ng Ty TNHH S\\u1ea3n Xu\\u1ea5t Th\\u01b0\\u01a1ng M\\u1ea1i D\\u1ecbch V\\u1ee5 T\\u00e2n Thi\\u00ean\",\"potentialAction\":[{\"@type\":\"SearchAction\",\"target\":{\"@type\":\"EntryPoint\",\"urlTemplate\":\"https:\/\/newskyvn.com\/?s={search_term_string}\"},\"query-input\":\"required name=search_term_string\"}],\"inLanguage\":\"en-US\"},{\"@type\":\"ImageObject\",\"@id\":\"https:\/\/newskyvn.com\/product\/eni58il-h\/#primaryimage\",\"inLanguage\":\"en-US\",\"url\":\"https:\/\/newskyvn.com\/wp-content\/uploads\/2021\/09\/ENI81L.jpg\",\"contentUrl\":\"https:\/\/newskyvn.com\/wp-content\/uploads\/2021\/09\/ENI81L.jpg\",\"width\":500,\"height\":500},{\"@type\":\"WebPage\",\"@id\":\"https:\/\/newskyvn.com\/product\/eni58il-h\/#webpage\",\"url\":\"https:\/\/newskyvn.com\/product\/eni58il-h\/\",\"name\":\"ENI58IL-H - NEW SKY CO.,LTD\",\"isPartOf\":{\"@id\":\"https:\/\/newskyvn.com\/#website\"},\"primaryImageOfPage\":{\"@id\":\"https:\/\/newskyvn.com\/product\/eni58il-h\/#primaryimage\"},\"datePublished\":\"2021-09-15T13:12:17+00:00\",\"dateModified\":\"2021-09-15T13:12:17+00:00\",\"breadcrumb\":{\"@id\":\"https:\/\/newskyvn.com\/product\/eni58il-h\/#breadcrumb\"},\"inLanguage\":\"en-US\",\"potentialAction\":[{\"@type\":\"ReadAction\",\"target\":[\"https:\/\/newskyvn.com\/product\/eni58il-h\/\"]}]},{\"@type\":\"BreadcrumbList\",\"@id\":\"https:\/\/newskyvn.com\/product\/eni58il-h\/#breadcrumb\",\"itemListElement\":[{\"@type\":\"ListItem\",\"position\":1,\"name\":\"Product\",\"item\":\"https:\/\/newskyvn.com\/en\/san-pham\/\"},{\"@type\":\"ListItem\",\"position\":2,\"name\":\"ENI58IL-H\"}]}]}<\/script>\n<!-- \/ Yoast SEO plugin. -->","_links":{"self":[{"href":"https:\/\/newskyvn.com\/en\/wp-json\/wp\/v2\/product\/1135"}],"collection":[{"href":"https:\/\/newskyvn.com\/en\/wp-json\/wp\/v2\/product"}],"about":[{"href":"https:\/\/newskyvn.com\/en\/wp-json\/wp\/v2\/types\/product"}],"replies":[{"embeddable":true,"href":"https:\/\/newskyvn.com\/en\/wp-json\/wp\/v2\/comments?post=1135"}],"wp:featuredmedia":[{"embeddable":true,"href":"https:\/\/newskyvn.com\/en\/wp-json\/wp\/v2\/media\/1137"}],"wp:attachment":[{"href":"https:\/\/newskyvn.com\/en\/wp-json\/wp\/v2\/media?parent=1135"}],"wp:term":[{"taxonomy":"product_cat","embeddable":true,"href":"https:\/\/newskyvn.com\/en\/wp-json\/wp\/v2\/product_cat?post=1135"},{"taxonomy":"product_tag","embeddable":true,"href":"https:\/\/newskyvn.com\/en\/wp-json\/wp\/v2\/product_tag?post=1135"}],"curies":[{"name":"wp","href":"https:\/\/api.w.org\/{rel}","templated":true}]}}