{"id":1132,"date":"2021-09-15T13:01:12","date_gmt":"2021-09-15T13:01:12","guid":{"rendered":"https:\/\/newskyvn.com\/?post_type=product&#038;p=1132"},"modified":"2021-09-15T13:01:13","modified_gmt":"2021-09-15T13:01:13","slug":"eni11hd-h","status":"publish","type":"product","link":"https:\/\/newskyvn.com\/en\/product\/eni11hd-h\/","title":{"rendered":"ENI11HD-H"},"content":{"rendered":"<p>&nbsp;<\/p>\n<p id=\"techdata\"><strong><span style=\"color: #0000ff;\">Datasheet excerpt: Technical data of\u00a0 ENI11HD-H<\/span><\/strong><\/p>\n<table class=\"standard enum\">\n<tbody>\n<tr>\n<th colspan=\"3\">General specifications<\/th>\n<\/tr>\n<tr>\n<td colspan=\"2\">Detection type<\/td>\n<td>photoelectric sampling<\/td>\n<\/tr>\n<tr>\n<td colspan=\"2\">Pulse count<\/td>\n<td>max. 2500<\/td>\n<\/tr>\n<tr>\n<th colspan=\"3\">Functional safety related parameters<\/th>\n<\/tr>\n<tr>\n<td colspan=\"2\">MTTF<sub>d<\/sub><\/td>\n<td>140 a<\/td>\n<\/tr>\n<tr>\n<td colspan=\"2\">Mission Time (T<sub>M<\/sub>)<\/td>\n<td>20 a<\/td>\n<\/tr>\n<tr>\n<td colspan=\"2\">L<sub>10<\/sub><\/td>\n<td>50 E+9 at 1750 rpm<\/td>\n<\/tr>\n<tr>\n<td colspan=\"2\">Diagnostic Coverage (DC)<\/td>\n<td>0 %<\/td>\n<\/tr>\n<tr>\n<th colspan=\"3\">Electrical specifications<\/th>\n<\/tr>\n<tr>\n<td colspan=\"2\">Operating voltage<\/td>\n<td>10 &#8230; 30 V DC or 5 V DC \u00b1 5 % (see &#8220;Output circuit&#8221; in the ordering information)<\/td>\n<\/tr>\n<tr>\n<td colspan=\"2\">No-load supply current<\/td>\n<td>max. 70 mA<\/td>\n<\/tr>\n<tr>\n<th colspan=\"3\">Output<\/th>\n<\/tr>\n<tr>\n<td colspan=\"2\">Output type<\/td>\n<td>push-pull, incremental or RS\u00a0422, incremental<br \/>\n(see &#8220;Output circuit&#8221; in the ordering information)<\/td>\n<\/tr>\n<tr>\n<td colspan=\"2\">Voltage drop<\/td>\n<td>&lt; 2.5 V (push-pull, incremental)<\/td>\n<\/tr>\n<tr>\n<td colspan=\"2\">Load current<\/td>\n<td>max. per channel 40 mA , short-circuit protected, reverse polarity protected (push-pull, incremental)<br \/>\nmax. per channel 20 mA , short-circuit protected, reverse polarity protected (RS\u00a0422, incremental)<\/td>\n<\/tr>\n<tr>\n<td colspan=\"2\">Output frequency<\/td>\n<td>max. 200 kHz<\/td>\n<\/tr>\n<tr>\n<td colspan=\"2\">Rise time<\/td>\n<td>600 ns<\/td>\n<\/tr>\n<tr>\n<td colspan=\"2\">De-energized delay<\/td>\n<td>600 ns<\/td>\n<\/tr>\n<tr>\n<th colspan=\"3\">Connection<\/th>\n<\/tr>\n<tr>\n<td colspan=\"2\">Connector<\/td>\n<td>M23 connector, 12-pin , clockwise rotation<br \/>\nM23 connector, 12-pin , counter clockwise rotation<\/td>\n<\/tr>\n<tr>\n<td colspan=\"2\">Cable<\/td>\n<td>\u22057,5 mm, 6 x 2 x 0,14 mm<sup>2<\/sup><\/td>\n<\/tr>\n<tr>\n<td colspan=\"2\">Terminal compartment<\/td>\n<td>Cable duct for cable diameter \u22054 mm &#8230; 13 mm<\/td>\n<\/tr>\n<tr>\n<th colspan=\"3\">Standard conformity<\/th>\n<\/tr>\n<tr>\n<td colspan=\"2\">Degree of protection<\/td>\n<td>DIN\u00a0EN\u00a060529, IP66, IP67 or IP69K<\/td>\n<\/tr>\n<tr>\n<td colspan=\"2\">Climatic testing<\/td>\n<td>DIN\u00a0EN\u00a060068-2-78 , no moisture condensation<\/td>\n<\/tr>\n<tr>\n<td colspan=\"2\">Emitted interference<\/td>\n<td>EN\u00a061000-6-4:2007\/A1:2011<\/td>\n<\/tr>\n<tr>\n<td colspan=\"2\">Noise immunity<\/td>\n<td>EN\u00a061000-6-2:2005<\/td>\n<\/tr>\n<tr>\n<td colspan=\"2\">Shock resistance<\/td>\n<td>DIN\u00a0EN\u00a060068-2-27, 200\u00a0<i>g<\/i>, 6\u00a0ms<\/td>\n<\/tr>\n<tr>\n<td colspan=\"2\">Vibration resistance<\/td>\n<td>DIN\u00a0EN\u00a060068-2-6, 20\u00a0<i>g<\/i>, 10\u00a0&#8230;\u00a02000\u00a0Hz<\/td>\n<\/tr>\n<tr>\n<th colspan=\"3\">Ambient conditions<\/th>\n<\/tr>\n<tr>\n<td colspan=\"2\">Operating temperature<\/td>\n<td>-40 &#8230; 80 \u00b0C (-40 &#8230; 176 \u00b0F) fixed cable<\/td>\n<\/tr>\n<tr>\n<td colspan=\"2\">Storage temperature<\/td>\n<td>-40 &#8230; 80 \u00b0C (-40 &#8230; 176 \u00b0F)<\/td>\n<\/tr>\n<tr>\n<th colspan=\"3\">Mechanical specifications<\/th>\n<\/tr>\n<tr>\n<td colspan=\"2\">Material<\/td>\n<td><\/td>\n<\/tr>\n<tr>\n<td><\/td>\n<td>Housing<\/td>\n<td class=\"subattribute\">3.2315 aluminum<\/td>\n<\/tr>\n<tr>\n<td><\/td>\n<td>Flange<\/td>\n<td class=\"subattribute\">3.2315 aluminum<\/td>\n<\/tr>\n<tr>\n<td><\/td>\n<td>Shaft<\/td>\n<td class=\"subattribute\">Stainless steel 1.4305 \/ AISI 303<\/td>\n<\/tr>\n<tr>\n<td colspan=\"2\">Mass<\/td>\n<td>approx. 2200 g<\/td>\n<\/tr>\n<tr>\n<td colspan=\"2\">Rotational speed<\/td>\n<td>max. 3000 min\u00a0<sup>-1<\/sup><\/td>\n<\/tr>\n<tr>\n<td colspan=\"2\">Starting torque<\/td>\n<td>\u2264 20 Ncm<\/td>\n<\/tr>\n<tr>\n<td colspan=\"2\">Shaft insulation<\/td>\n<td>max. 2.5 kV (for dielectric strength version)<\/td>\n<\/tr>\n<tr>\n<td colspan=\"2\">Shaft load<\/td>\n<td><\/td>\n<\/tr>\n<tr>\n<td><\/td>\n<td>Axial<\/td>\n<td class=\"subattribute\">\u2264 300 N<\/td>\n<\/tr>\n<tr>\n<td><\/td>\n<td>Radial<\/td>\n<td class=\"subattribute\">\u2264 400 N<\/td>\n<\/tr>\n<tr>\n<td><\/td>\n<td>Angle offset<\/td>\n<td class=\"subattribute\">1 \u00b0<\/td>\n<\/tr>\n<tr>\n<td><\/td>\n<td>Axial offset<\/td>\n<td class=\"subattribute\">max. 1 mm<\/td>\n<\/tr>\n<\/tbody>\n<\/table>\n<p>&nbsp;<\/p>\n<p><strong><span style=\"color: #0000ff;\">Classifications<\/span><\/strong><\/p>\n<table class=\"standard enum\">\n<tbody>\n<tr>\n<th>System<\/th>\n<th>Classcode<\/th>\n<\/tr>\n<tr>\n<td>ECLASS 11.0<\/td>\n<td>27270501<\/td>\n<\/tr>\n<tr>\n<td>ECLASS 10.0.1<\/td>\n<td>27270501<\/td>\n<\/tr>\n<tr>\n<td>ECLASS 9.0<\/td>\n<td>27270501<\/td>\n<\/tr>\n<tr>\n<td>ECLASS 8.0<\/td>\n<td>27270501<\/td>\n<\/tr>\n<tr>\n<td>ECLASS 5.1<\/td>\n<td>27270501<\/td>\n<\/tr>\n<tr>\n<td>ETIM 8.0<\/td>\n<td>EC001486<\/td>\n<\/tr>\n<tr>\n<td>ETIM 7.0<\/td>\n<td>EC001486<\/td>\n<\/tr>\n<tr>\n<td>ETIM 6.0<\/td>\n<td>EC001486<\/td>\n<\/tr>\n<tr>\n<td>ETIM 5.0<\/td>\n<td>EC001486<\/td>\n<\/tr>\n<tr>\n<td>UNSPSC 12.1<\/td>\n<td>39121527<\/td>\n<\/tr>\n<\/tbody>\n<\/table>\n<p><\/p>","protected":false},"excerpt":{"rendered":"<ul id=\"productfeatures\">\n<li>Up to 2500 ppr<\/li>\n<li>Variable hollow shaft up to \u220528 mm<\/li>\n<li>Highly shock and vibration resistant<\/li>\n<li>Degree of protection IP66 \/ IP67 \/ IP69K<\/li>\n<li>Optional: Electrically insulated shaft for a dielectric strength up to 2.5 kV<\/li>\n<li>Variable connection by means of rotating terminal box with plug-in terminals<\/li>\n<li>High bearing loads<\/li>\n<\/ul>\n","protected":false},"featured_media":1133,"comment_status":"open","ping_status":"closed","template":"","meta":[],"product_cat":[30,53],"product_tag":[],"yoast_head":"<!-- This site is optimized with the Yoast SEO plugin v16.6.1 - https:\/\/yoast.com\/wordpress\/plugins\/seo\/ -->\n<title>ENI11HD-H - NEW SKY CO.,LTD<\/title>\n<meta name=\"robots\" content=\"index, follow, max-snippet:-1, max-image-preview:large, max-video-preview:-1\" \/>\n<link rel=\"canonical\" href=\"https:\/\/newskyvn.com\/product\/eni11hd-h\/\" \/>\n<meta property=\"og:locale\" content=\"en_US\" \/>\n<meta property=\"og:type\" content=\"article\" \/>\n<meta property=\"og:title\" content=\"ENI11HD-H - NEW SKY CO.,LTD\" \/>\n<meta property=\"og:description\" content=\"[:vi]  L\u00ean \u0111\u1ebfn 2500 ppr  Tr\u1ee5c r\u1ed7ng c\u00f3 th\u1ec3 thay \u0111\u1ed5i l\u00ean \u0111\u1ebfn \u220528 mm  Ch\u1ed1ng s\u1ed1c v\u00e0 ch\u1ed1ng rung cao  M\u1ee9c \u0111\u1ed9 b\u1ea3o v\u1ec7 IP66 \/ IP67 \/ IP69K  T\u00f9y ch\u1ecdn: Tr\u1ee5c c\u00e1ch \u0111i\u1ec7n \u0111\u1ec3 c\u00f3 \u0111\u1ed9 b\u1ec1n \u0111i\u1ec7n m\u00f4i l\u00ean \u0111\u1ebfn 2,5 kV  K\u1ebft n\u1ed1i c\u00f3 th\u1ec3 thay \u0111\u1ed5i b\u1eb1ng c\u00e1ch xoay h\u1ed9p \u0111\u1ea5u d\u00e2y v\u1edbi c\u00e1c thi\u1ebft b\u1ecb \u0111\u1ea7u cu\u1ed1i c\u1eafm v\u00e0o  Ch\u1ecbu t\u1ea3i cao [:en]  Up to 2500 ppr  Variable hollow shaft up to \u220528 mm  Highly shock and vibration resistant  Degree of protection IP66 \/ IP67 \/ IP69K  Optional: Electrically insulated shaft for a dielectric strength up to 2.5 kV  Variable connection by means of rotating terminal box with plug-in terminals  High bearing loads [:]\" \/>\n<meta property=\"og:url\" content=\"https:\/\/newskyvn.com\/product\/eni11hd-h\/\" \/>\n<meta property=\"og:site_name\" content=\"NEW SKY CO.,LTD\" \/>\n<meta property=\"article:modified_time\" content=\"2021-09-15T13:01:13+00:00\" \/>\n<meta property=\"og:image\" content=\"https:\/\/newskyvn.com\/wp-content\/uploads\/2021\/09\/ENI11H.jpg\" \/>\n\t<meta property=\"og:image:width\" content=\"500\" \/>\n\t<meta property=\"og:image:height\" content=\"500\" \/>\n<meta name=\"twitter:card\" content=\"summary_large_image\" \/>\n<meta name=\"twitter:label1\" content=\"Est. reading time\" \/>\n\t<meta name=\"twitter:data1\" content=\"2 minutes\" \/>\n<script type=\"application\/ld+json\" class=\"yoast-schema-graph\">{\"@context\":\"https:\/\/schema.org\",\"@graph\":[{\"@type\":\"WebSite\",\"@id\":\"https:\/\/newskyvn.com\/#website\",\"url\":\"https:\/\/newskyvn.com\/\",\"name\":\"NEW SKY CO.,LTD\",\"description\":\"C\\u00f4ng Ty TNHH S\\u1ea3n Xu\\u1ea5t Th\\u01b0\\u01a1ng M\\u1ea1i D\\u1ecbch V\\u1ee5 T\\u00e2n Thi\\u00ean\",\"potentialAction\":[{\"@type\":\"SearchAction\",\"target\":{\"@type\":\"EntryPoint\",\"urlTemplate\":\"https:\/\/newskyvn.com\/?s={search_term_string}\"},\"query-input\":\"required name=search_term_string\"}],\"inLanguage\":\"en-US\"},{\"@type\":\"ImageObject\",\"@id\":\"https:\/\/newskyvn.com\/product\/eni11hd-h\/#primaryimage\",\"inLanguage\":\"en-US\",\"url\":\"https:\/\/newskyvn.com\/wp-content\/uploads\/2021\/09\/ENI11H.jpg\",\"contentUrl\":\"https:\/\/newskyvn.com\/wp-content\/uploads\/2021\/09\/ENI11H.jpg\",\"width\":500,\"height\":500},{\"@type\":\"WebPage\",\"@id\":\"https:\/\/newskyvn.com\/product\/eni11hd-h\/#webpage\",\"url\":\"https:\/\/newskyvn.com\/product\/eni11hd-h\/\",\"name\":\"ENI11HD-H - NEW SKY CO.,LTD\",\"isPartOf\":{\"@id\":\"https:\/\/newskyvn.com\/#website\"},\"primaryImageOfPage\":{\"@id\":\"https:\/\/newskyvn.com\/product\/eni11hd-h\/#primaryimage\"},\"datePublished\":\"2021-09-15T13:01:12+00:00\",\"dateModified\":\"2021-09-15T13:01:13+00:00\",\"breadcrumb\":{\"@id\":\"https:\/\/newskyvn.com\/product\/eni11hd-h\/#breadcrumb\"},\"inLanguage\":\"en-US\",\"potentialAction\":[{\"@type\":\"ReadAction\",\"target\":[\"https:\/\/newskyvn.com\/product\/eni11hd-h\/\"]}]},{\"@type\":\"BreadcrumbList\",\"@id\":\"https:\/\/newskyvn.com\/product\/eni11hd-h\/#breadcrumb\",\"itemListElement\":[{\"@type\":\"ListItem\",\"position\":1,\"name\":\"Product\",\"item\":\"https:\/\/newskyvn.com\/en\/san-pham\/\"},{\"@type\":\"ListItem\",\"position\":2,\"name\":\"ENI11HD-H\"}]}]}<\/script>\n<!-- \/ Yoast SEO plugin. -->","_links":{"self":[{"href":"https:\/\/newskyvn.com\/en\/wp-json\/wp\/v2\/product\/1132"}],"collection":[{"href":"https:\/\/newskyvn.com\/en\/wp-json\/wp\/v2\/product"}],"about":[{"href":"https:\/\/newskyvn.com\/en\/wp-json\/wp\/v2\/types\/product"}],"replies":[{"embeddable":true,"href":"https:\/\/newskyvn.com\/en\/wp-json\/wp\/v2\/comments?post=1132"}],"wp:featuredmedia":[{"embeddable":true,"href":"https:\/\/newskyvn.com\/en\/wp-json\/wp\/v2\/media\/1133"}],"wp:attachment":[{"href":"https:\/\/newskyvn.com\/en\/wp-json\/wp\/v2\/media?parent=1132"}],"wp:term":[{"taxonomy":"product_cat","embeddable":true,"href":"https:\/\/newskyvn.com\/en\/wp-json\/wp\/v2\/product_cat?post=1132"},{"taxonomy":"product_tag","embeddable":true,"href":"https:\/\/newskyvn.com\/en\/wp-json\/wp\/v2\/product_tag?post=1132"}],"curies":[{"name":"wp","href":"https:\/\/api.w.org\/{rel}","templated":true}]}}